{"id":9936,"date":"2025-10-16T14:46:46","date_gmt":"2025-10-16T14:46:46","guid":{"rendered":"https:\/\/glossar.travel\/?post_type=product&#038;p=9936"},"modified":"2025-12-16T10:45:37","modified_gmt":"2025-12-16T10:45:37","slug":"ja-lake-view-hotel-resort-5","status":"publish","type":"product","link":"https:\/\/glossar.travel\/ru\/product\/ja-lake-view-hotel-resort-5\/","title":{"rendered":"\u041e\u0442\u0435\u043b\u044c \u0438 \u043a\u0443\u0440\u043e\u0440\u0442 JA Lake View 5* \u0414\u0443\u0431\u0430\u0439"},"content":{"rendered":"<p>\u0420\u043e\u0441\u043a\u043e\u0448\u043d\u044b\u0439 \u043e\u0442\u0435\u043b\u044c JA Lake View Hotel &amp; Resort, \u0440\u0430\u0441\u043f\u043e\u043b\u043e\u0436\u0435\u043d\u043d\u044b\u0439 \u0432 \u0440\u0430\u0439\u043e\u043d\u0435 \u0414\u0435\u0439\u0440\u0430 \u0432 \u0414\u0443\u0431\u0430\u0435, \u041e\u0431\u044a\u0435\u0434\u0438\u043d\u0451\u043d\u043d\u044b\u0435 \u0410\u0440\u0430\u0431\u0441\u043a\u0438\u0435 \u042d\u043c\u0438\u0440\u0430\u0442\u044b, \u043f\u0440\u0435\u0434\u043b\u0430\u0433\u0430\u0435\u0442 \u0443\u043d\u0438\u043a\u0430\u043b\u044c\u043d\u044b\u0439 \u043e\u0442\u0434\u044b\u0445. \u042d\u0442\u043e\u0442 \u043e\u0442\u0435\u043b\u044c, \u043e\u043a\u0440\u0443\u0436\u0451\u043d\u043d\u044b\u0439 \u0436\u0438\u0432\u043e\u043f\u0438\u0441\u043d\u044b\u043c \u043e\u0437\u0435\u0440\u043e\u043c \u0438 \u043f\u043e\u043b\u0435\u043c \u0434\u043b\u044f \u0433\u043e\u043b\u044c\u0444\u0430, \u2014 \u043d\u0430\u0441\u0442\u043e\u044f\u0449\u0438\u0439 \u043e\u0430\u0437\u0438\u0441 \u043f\u043e\u043a\u043e\u044f \u0438 \u0440\u0435\u043b\u0430\u043a\u0441\u0430\u0446\u0438\u0438 \u0441\u0440\u0435\u0434\u0438 \u0433\u043e\u0440\u043e\u0434\u0441\u043a\u043e\u0439 \u0441\u0443\u0435\u0442\u044b.<\/p>\n<p>\u041e\u0442\u0435\u043b\u044c \u043f\u0440\u0435\u0434\u043b\u0430\u0433\u0430\u0435\u0442 \u0441\u0432\u043e\u0438\u043c \u0433\u043e\u0441\u0442\u044f\u043c \u0440\u0430\u0437\u043d\u043e\u043e\u0431\u0440\u0430\u0437\u043d\u044b\u0435 \u043f\u0440\u043e\u0441\u0442\u043e\u0440\u043d\u044b\u0435 \u043d\u043e\u043c\u0435\u0440\u0430 \u0438 \u043b\u044e\u043a\u0441\u044b, \u043e\u0444\u043e\u0440\u043c\u043b\u0435\u043d\u043d\u044b\u0435 \u0432 \u0441\u043e\u0432\u0440\u0435\u043c\u0435\u043d\u043d\u043e\u043c \u0441\u0442\u0438\u043b\u0435 \u0441 \u0430\u0440\u0430\u0431\u0441\u043a\u0438\u043c\u0438 \u0430\u043a\u0446\u0435\u043d\u0442\u0430\u043c\u0438 \u0438 \u0432\u044b\u0434\u0435\u0440\u0436\u0430\u043d\u043d\u044b\u0435 \u0432 \u043d\u0430\u0441\u044b\u0449\u0435\u043d\u043d\u044b\u0445 \u0442\u043e\u043d\u0430\u0445. \u0412\u043e \u0432\u0441\u0435\u0445 \u043d\u043e\u043c\u0435\u0440\u0430\u0445 \u0435\u0441\u0442\u044c \u0442\u0435\u0440\u0440\u0430\u0441\u044b \u0441 \u0432\u0438\u0434\u043e\u043c \u043d\u0430 \u043f\u0430\u0440\u043a, \u0431\u0430\u0441\u0441\u0435\u0439\u043d \u0438\u043b\u0438 \u0432\u043f\u0435\u0447\u0430\u0442\u043b\u044f\u044e\u0449\u0435\u0435 \u043e\u0437\u0435\u0440\u043e.<\/p>\n<p>\u041a\u0443\u0440\u043e\u0440\u0442\u043d\u044b\u0439 \u043a\u043e\u043c\u043f\u043b\u0435\u043a\u0441 \u043f\u0440\u0435\u0434\u043b\u0430\u0433\u0430\u0435\u0442 \u0433\u043e\u0441\u0442\u044f\u043c \u0440\u0430\u0437\u043d\u043e\u043e\u0431\u0440\u0430\u0437\u043d\u044b\u0435 \u0432\u043e\u0437\u043c\u043e\u0436\u043d\u043e\u0441\u0442\u0438 \u0434\u043b\u044f \u0440\u0430\u0437\u0432\u043b\u0435\u0447\u0435\u043d\u0438\u0439 \u0438 \u043e\u0442\u0434\u044b\u0445\u0430. \u041d\u0430 \u0442\u0435\u0440\u0440\u0438\u0442\u043e\u0440\u0438\u0438 \u043a\u0443\u0440\u043e\u0440\u0442\u0430 \u0432\u044b \u043d\u0430\u0439\u0434\u0435\u0442\u0435 \u043d\u0435\u0441\u043a\u043e\u043b\u044c\u043a\u043e \u0431\u0430\u0441\u0441\u0435\u0439\u043d\u043e\u0432, \u0441\u043f\u0430-\u0446\u0435\u043d\u0442\u0440, \u0444\u0438\u0442\u043d\u0435\u0441-\u0446\u0435\u043d\u0442\u0440, \u0434\u0435\u0442\u0441\u043a\u0438\u0439 \u043a\u043b\u0443\u0431, \u0438\u0433\u0440\u043e\u0432\u0443\u044e \u043a\u043e\u043c\u043d\u0430\u0442\u0443, \u0430 \u0442\u0430\u043a\u0436\u0435 \u043c\u043d\u043e\u0436\u0435\u0441\u0442\u0432\u043e \u0440\u0435\u0441\u0442\u043e\u0440\u0430\u043d\u043e\u0432 \u0438 \u0431\u0430\u0440\u043e\u0432, \u0433\u0434\u0435 \u043c\u043e\u0436\u043d\u043e \u043d\u0430\u0441\u043b\u0430\u0434\u0438\u0442\u044c\u0441\u044f \u0440\u0430\u0437\u043d\u043e\u043e\u0431\u0440\u0430\u0437\u043d\u044b\u043c\u0438 \u043a\u0443\u043b\u0438\u043d\u0430\u0440\u043d\u044b\u043c\u0438 \u0438\u0437\u044b\u0441\u043a\u0430\u043c\u0438.<\/p>\n<p>\u041e\u0442\u0435\u043b\u044c \u0440\u0430\u0441\u043f\u043e\u043b\u0430\u0433\u0430\u0435\u0442 \u043f\u0440\u0435\u043a\u0440\u0430\u0441\u043d\u044b\u043c\u0438 \u0441\u043f\u043e\u0440\u0442\u0438\u0432\u043d\u044b\u043c\u0438 \u0441\u043e\u043e\u0440\u0443\u0436\u0435\u043d\u0438\u044f\u043c\u0438, \u0432\u043a\u043b\u044e\u0447\u0430\u044f \u043f\u043e\u043b\u0435 \u0434\u043b\u044f \u0433\u043e\u043b\u044c\u0444\u0430, \u0442\u0435\u043d\u043d\u0438\u0441\u043d\u044b\u0435 \u043a\u043e\u0440\u0442\u044b \u0438 \u0432\u043e\u0434\u043d\u044b\u0435 \u0432\u0438\u0434\u044b \u0441\u043f\u043e\u0440\u0442\u0430. \u041a\u0440\u043e\u043c\u0435 \u0442\u043e\u0433\u043e, \u043a \u0443\u0441\u043b\u0443\u0433\u0430\u043c \u0433\u043e\u0441\u0442\u0435\u0439 \u0447\u0430\u0441\u0442\u043d\u044b\u0439 \u043f\u043b\u044f\u0436, \u0433\u0434\u0435 \u043c\u043e\u0436\u043d\u043e \u043e\u0442\u0434\u043e\u0445\u043d\u0443\u0442\u044c, \u043d\u0430\u0441\u043b\u0430\u0436\u0434\u0430\u044f\u0441\u044c \u0441\u043e\u043b\u043d\u0446\u0435\u043c \u0438 \u043c\u043e\u0440\u0441\u043a\u0438\u043c \u0431\u0440\u0438\u0437\u043e\u043c.<\/p>\n<p>\u0411\u043b\u0430\u0433\u043e\u0434\u0430\u0440\u044f \u0441\u0432\u043e\u0435\u043c\u0443 \u0432\u044b\u0433\u043e\u0434\u043d\u043e\u043c\u0443 \u0440\u0430\u0441\u043f\u043e\u043b\u043e\u0436\u0435\u043d\u0438\u044e \u043e\u0442\u0435\u043b\u044c \u043e\u0431\u0435\u0441\u043f\u0435\u0447\u0438\u0432\u0430\u0435\u0442 \u043b\u0435\u0433\u043a\u0438\u0439 \u0434\u043e\u0441\u0442\u0443\u043f \u043a \u0442\u0430\u043a\u0438\u043c \u0438\u0437\u0432\u0435\u0441\u0442\u043d\u044b\u043c \u0442\u0443\u0440\u0438\u0441\u0442\u0438\u0447\u0435\u0441\u043a\u0438\u043c \u0434\u043e\u0441\u0442\u043e\u043f\u0440\u0438\u043c\u0435\u0447\u0430\u0442\u0435\u043b\u044c\u043d\u043e\u0441\u0442\u044f\u043c \u0440\u0430\u0439\u043e\u043d\u0430, \u043a\u0430\u043a \u0442\u043e\u0440\u0433\u043e\u0432\u044b\u0439 \u0446\u0435\u043d\u0442\u0440 Deira Mall, \u043e\u0441\u0442\u0440\u043e\u0432 \u041f\u0430\u043b\u043c-\u0414\u0436\u0443\u043c\u0435\u0439\u0440\u0430 \u0438 \u043d\u0435\u0431\u043e\u0441\u043a\u0440\u0435\u0431 \u0411\u0443\u0440\u0434\u0436-\u0425\u0430\u043b\u0438\u0444\u0430. \u0414\u0440\u0443\u0436\u0435\u043b\u044e\u0431\u043d\u044b\u0439 \u043f\u0435\u0440\u0441\u043e\u043d\u0430\u043b \u0438 \u0431\u0435\u0437\u0443\u043f\u0440\u0435\u0447\u043d\u044b\u0439 \u0441\u0435\u0440\u0432\u0438\u0441 \u0434\u043e\u043f\u043e\u043b\u043d\u044f\u044e\u0442 \u0432\u043f\u0435\u0447\u0430\u0442\u043b\u0435\u043d\u0438\u044f \u043e\u0442 \u043f\u0440\u0435\u0431\u044b\u0432\u0430\u043d\u0438\u044f \u0432 \u043e\u0442\u0435\u043b\u0435 JA Lake View Hotel &amp; Resort.<\/p>","protected":false},"excerpt":{"rendered":"<p>JA Lake View Hotel &amp; Resort este un hotel luxos situat \u00een Dubai &#8211; Deira, Emiratele Arabe Unite, ce ofer\u0103 o experien\u021b\u0103 de vacan\u021b\u0103 unic\u0103. \u00cenconjurat de frumuse\u021bea natural\u0103 a lacului \u0219i a terenului de golf, acest hotel ofer\u0103 o oaz\u0103 de lini\u0219te \u0219i relaxare \u00een mijlocul agita\u021biei urbane. Hotelul dispune de o varietate de [&hellip;]<\/p>\n","protected":false},"featured_media":9938,"template":"","meta":[],"product_brand":[],"product_cat":[32,28],"product_tag":[],"class_list":{"0":"post-9936","1":"product","2":"type-product","3":"status-publish","4":"has-post-thumbnail","6":"brw_countries-dubai","7":"brw_destinatie-mare","8":"product_cat-children","9":"product_cat-family","11":"first","12":"instock","13":"shipping-taxable","14":"purchasable","15":"product-type-ovabrw_car_rental"},"_links":{"self":[{"href":"https:\/\/glossar.travel\/ru\/wp-json\/wp\/v2\/product\/9936","targetHints":{"allow":["GET"]}}],"collection":[{"href":"https:\/\/glossar.travel\/ru\/wp-json\/wp\/v2\/product"}],"about":[{"href":"https:\/\/glossar.travel\/ru\/wp-json\/wp\/v2\/types\/product"}],"version-history":[{"count":0,"href":"https:\/\/glossar.travel\/ru\/wp-json\/wp\/v2\/product\/9936\/revisions"}],"wp:featuredmedia":[{"embeddable":true,"href":"https:\/\/glossar.travel\/ru\/wp-json\/wp\/v2\/media\/9938"}],"wp:attachment":[{"href":"https:\/\/glossar.travel\/ru\/wp-json\/wp\/v2\/media?parent=9936"}],"wp:term":[{"taxonomy":"product_brand","embeddable":true,"href":"https:\/\/glossar.travel\/ru\/wp-json\/wp\/v2\/product_brand?post=9936"},{"taxonomy":"product_cat","embeddable":true,"href":"https:\/\/glossar.travel\/ru\/wp-json\/wp\/v2\/product_cat?post=9936"},{"taxonomy":"product_tag","embeddable":true,"href":"https:\/\/glossar.travel\/ru\/wp-json\/wp\/v2\/product_tag?post=9936"}],"curies":[{"name":"wp","href":"https:\/\/api.w.org\/{rel}","templated":true}]}}