{"id":11726,"date":"2026-01-30T14:32:53","date_gmt":"2026-01-30T14:32:53","guid":{"rendered":"https:\/\/glossar.travel\/?post_type=product&#038;p=11726"},"modified":"2026-01-30T14:32:53","modified_gmt":"2026-01-30T14:32:53","slug":"papillon-belvil-5-turcia","status":"publish","type":"product","link":"https:\/\/glossar.travel\/ru\/product\/papillon-belvil-5-turcia\/","title":{"rendered":"PAPILLON BELVIL 5* Turcia"},"content":{"rendered":"<p data-start=\"159\" data-end=\"353\">Hotelul <strong data-start=\"167\" data-end=\"186\">Papillon Belvil<\/strong> este un resort de lux situat \u00een sta\u021biunea Belek, Turcia, oferind o gam\u0103 variat\u0103 de facilit\u0103\u021bi \u0219i servicii de \u00eenalt\u0103 calitate pentru o vacan\u021b\u0103 relaxant\u0103 \u0219i memorabil\u0103.<\/p>\n<p data-start=\"355\" data-end=\"545\">Amplasat <strong data-start=\"364\" data-end=\"404\">direct pe plaja privat\u0103 cu nisip fin<\/strong>, hotelul pune la dispozi\u021bia oaspe\u021bilor mai multe tipuri de cazare, de la camere standard confortabile p\u00e2n\u0103 la apartamente \u0219i suite elegante.<\/p>\n<p data-start=\"547\" data-end=\"783\">Camerele sunt <strong data-start=\"561\" data-end=\"612\">spa\u021bioase, luminoase \u0219i decorate \u00een stil modern<\/strong>, \u00een tonuri calde, fiind dotate cu mobilier confortabil \u0219i facilit\u0103\u021bi moderne precum televizor cu ecran plat, minibar, seif \u0219i b\u0103i elegante cu articole de toalet\u0103 premium.<\/p>\n<p data-start=\"785\" data-end=\"1194\">Din punct de vedere culinar, hotelul dispune de un <strong data-start=\"836\" data-end=\"860\">restaurant principal<\/strong> care serve\u0219te preparate din buc\u0103t\u0103ria interna\u021bional\u0103 \u0219i turceasc\u0103, de la mic dejun p\u00e2n\u0103 la cin\u0103. De asemenea, oaspe\u021bii pot savura experien\u021be gastronomice variate \u00een <strong data-start=\"1026\" data-end=\"1054\">restaurantele \u00e0 la carte<\/strong>, cu specific italian \u0219i asiatic. Pentru relaxare, sunt disponibile mai multe baruri, inclusiv baruri la piscin\u0103, bar pe plaj\u0103 \u0219i lobby bar.<\/p>\n<p data-start=\"1196\" data-end=\"1381\">Facilit\u0103\u021bile de agrement includ <strong data-start=\"1228\" data-end=\"1250\">piscine exterioare<\/strong>, un <strong data-start=\"1255\" data-end=\"1296\">centru SPA cu saun\u0103 \u0219i baie turceasc\u0103<\/strong>, sal\u0103 de fitness \u0219i <strong data-start=\"1317\" data-end=\"1338\">club pentru copii<\/strong>, oferind activit\u0103\u021bi pentru toate v\u00e2rstele.<\/p>\n<p data-start=\"1383\" data-end=\"1563\">Pentru cei activi, hotelul ofer\u0103 posibilitatea practic\u0103rii sporturilor precum <strong data-start=\"1461\" data-end=\"1494\">tenis, volei pe plaj\u0103, fotbal<\/strong>, dar \u0219i diverse <strong data-start=\"1511\" data-end=\"1531\">sporturi nautice<\/strong>, inclusiv schi nautic \u0219i canoe.<\/p>\n<p data-start=\"1565\" data-end=\"1735\">Papillon Belvil este alegerea ideal\u0103 pentru o vacan\u021b\u0103 complet\u0103, combin\u00e2nd <strong data-start=\"1639\" data-end=\"1699\">relaxarea pe plaj\u0103, divertismentul \u0219i serviciile premium<\/strong>, \u00eentr-un cadru elegant \u0219i primitor.<\/p>","protected":false},"excerpt":{"rendered":"<p>Hotelul Papillon Belvil este un resort de lux situat \u00een sta\u021biunea Belek, Turcia, oferind o gam\u0103 variat\u0103 de facilit\u0103\u021bi \u0219i servicii de \u00eenalt\u0103 calitate pentru o vacan\u021b\u0103 relaxant\u0103 \u0219i memorabil\u0103. Amplasat direct pe plaja privat\u0103 cu nisip fin, hotelul pune la dispozi\u021bia oaspe\u021bilor mai multe tipuri de cazare, de la camere standard confortabile p\u00e2n\u0103 la [&hellip;]<\/p>\n","protected":false},"featured_media":11727,"template":"","meta":[],"product_brand":[],"product_cat":[28],"product_tag":[],"class_list":{"0":"post-11726","1":"product","2":"type-product","3":"status-publish","4":"has-post-thumbnail","6":"brw_countries-turcia","7":"brw_destinatie-mare","8":"brw_continent-europa","9":"product_cat-family","11":"first","12":"instock","13":"shipping-taxable","14":"purchasable","15":"product-type-ovabrw_car_rental"},"_links":{"self":[{"href":"https:\/\/glossar.travel\/ru\/wp-json\/wp\/v2\/product\/11726","targetHints":{"allow":["GET"]}}],"collection":[{"href":"https:\/\/glossar.travel\/ru\/wp-json\/wp\/v2\/product"}],"about":[{"href":"https:\/\/glossar.travel\/ru\/wp-json\/wp\/v2\/types\/product"}],"version-history":[{"count":1,"href":"https:\/\/glossar.travel\/ru\/wp-json\/wp\/v2\/product\/11726\/revisions"}],"predecessor-version":[{"id":11738,"href":"https:\/\/glossar.travel\/ru\/wp-json\/wp\/v2\/product\/11726\/revisions\/11738"}],"wp:featuredmedia":[{"embeddable":true,"href":"https:\/\/glossar.travel\/ru\/wp-json\/wp\/v2\/media\/11727"}],"wp:attachment":[{"href":"https:\/\/glossar.travel\/ru\/wp-json\/wp\/v2\/media?parent=11726"}],"wp:term":[{"taxonomy":"product_brand","embeddable":true,"href":"https:\/\/glossar.travel\/ru\/wp-json\/wp\/v2\/product_brand?post=11726"},{"taxonomy":"product_cat","embeddable":true,"href":"https:\/\/glossar.travel\/ru\/wp-json\/wp\/v2\/product_cat?post=11726"},{"taxonomy":"product_tag","embeddable":true,"href":"https:\/\/glossar.travel\/ru\/wp-json\/wp\/v2\/product_tag?post=11726"}],"curies":[{"name":"wp","href":"https:\/\/api.w.org\/{rel}","templated":true}]}}