{"id":11717,"date":"2026-01-30T13:59:45","date_gmt":"2026-01-30T13:59:45","guid":{"rendered":"https:\/\/glossar.travel\/?post_type=product&#038;p=11717"},"modified":"2026-01-30T13:59:45","modified_gmt":"2026-01-30T13:59:45","slug":"rixos-sungate-the-land-of-legends-free-access-5-turcia","status":"publish","type":"product","link":"https:\/\/glossar.travel\/ru\/product\/rixos-sungate-the-land-of-legends-free-access-5-turcia\/","title":{"rendered":"Rixos Sungate &#8211; The Land of Legends Free Access 5* Turcia"},"content":{"rendered":"<p>Hotelul Rixos Sungate este situat \u00een sta\u021biunea Beldibi din Turcia \u0219i este o destina\u021bie perfect\u0103 pentru o vacan\u021b\u0103 de lux \u0219i relaxare. Hotelul dispune de o varietate de facilit\u0103\u021bi extraordinare, \u00eencep\u00e2nd de la cele multitudinea de piscine \u00een aer liber \u0219i interioare, p\u00e2n\u0103 la un teren de golf de 18 g\u0103uri.<\/p>\n<p>Cu privire la cazare, hotelul ofer\u0103 camere luxoase \u0219i spa\u021bioase, fiecare dintre ele av\u00e2nd balcon privat cu o vedere spectaculoas\u0103 la Marea Mediteran\u0103 sau la mun\u021bii Taurus. Fiecare camer\u0103 dispune de facilit\u0103\u021bi moderne, precum aer condi\u021bionat, Wi-Fi gratuit, televizor cu ecran plat \u0219i minibar.<\/p>\n<p>Oaspe\u021bii pot savura o gam\u0103 larg\u0103 de preparate culinare \u00een cele 9 restaurante ale hotelului, fiecare dintre ele specializ\u00e2ndu-se \u00een re\u021bete tradi\u021bionale turce\u0219ti \u0219i interna\u021bionale. Exist\u0103, de asemenea, mai multe baruri unde oaspe\u021bii se pot bucura de b\u0103uturi r\u0103coritoare \u0219i b\u0103uturi alcoolice de calitate.<\/p>\n<p>Pentru a r\u0103m\u00e2ne \u00een form\u0103 \u0219i relaxa\u021bi, oaspe\u021bii se pot bucura de activit\u0103\u021bi precum tenis de mas\u0103, volei pe plaj\u0103, terenuri de sport polivalente, sal\u0103 de fitness \u0219i spa complet echipat. Spa-ul dispune de o gam\u0103 larg\u0103 de tratamente \u0219i masaje, precum \u0219i de propria sa piscin\u0103 interioar\u0103.<\/p>\n<p>Pentru copii exist\u0103 un program de anima\u021bie \u0219i divertisment, precum \u0219i o piscin\u0103 pentru copii, o p\u0103dure de copaci a\u0219ezat\u0103 pe plaj\u0103 \u0219i un complex de aventuri pentru copii. Cu at\u00e2t de multe op\u021biuni de distrac\u021bie \u0219i relaxare disponibile, Rixos Sungate este un paradis pentru vacan\u021ba perfect\u0103 \u00een Turcia. Pentru cei mici, exist\u0103 \u00a7i un club unde pot participa la diferite activit\u0103\u021bi potrivite mai multor grupe de v\u00e2rst\u0103, locuri de joac\u0103, piscine \u0219i programe de divertisment.<\/p>\n<p>Cu acces gratuit la parc de distrac\u021bii The Land Of Legends, oaspe\u021bii se pot bucura de numeroase atrac\u021bii \u0219i activit\u0103\u021bi de divertisment pentru \u00eentreaga familie. Hotelul Rixos Sungate Club Diamond este alegerea perfect\u0103 pentru o vacan\u021b\u0103 relaxant\u0103 \u0219i distractiv\u0103 \u00een Turcia.<\/p>","protected":false},"excerpt":{"rendered":"<p>Hotelul Rixos Sungate este situat \u00een sta\u021biunea Beldibi din Turcia \u0219i este o destina\u021bie perfect\u0103 pentru o vacan\u021b\u0103 de lux \u0219i relaxare. Hotelul dispune de o varietate de facilit\u0103\u021bi extraordinare, \u00eencep\u00e2nd de la cele multitudinea de piscine \u00een aer liber \u0219i interioare, p\u00e2n\u0103 la un teren de golf de 18 g\u0103uri. Cu privire la cazare, [&hellip;]<\/p>\n","protected":false},"featured_media":11724,"template":"","meta":[],"product_brand":[],"product_cat":[28],"product_tag":[],"class_list":{"0":"post-11717","1":"product","2":"type-product","3":"status-publish","4":"has-post-thumbnail","6":"brw_countries-turcia","7":"brw_destinatie-mare","8":"product_cat-family","10":"first","11":"instock","12":"shipping-taxable","13":"purchasable","14":"product-type-ovabrw_car_rental"},"_links":{"self":[{"href":"https:\/\/glossar.travel\/ru\/wp-json\/wp\/v2\/product\/11717","targetHints":{"allow":["GET"]}}],"collection":[{"href":"https:\/\/glossar.travel\/ru\/wp-json\/wp\/v2\/product"}],"about":[{"href":"https:\/\/glossar.travel\/ru\/wp-json\/wp\/v2\/types\/product"}],"version-history":[{"count":1,"href":"https:\/\/glossar.travel\/ru\/wp-json\/wp\/v2\/product\/11717\/revisions"}],"predecessor-version":[{"id":11725,"href":"https:\/\/glossar.travel\/ru\/wp-json\/wp\/v2\/product\/11717\/revisions\/11725"}],"wp:featuredmedia":[{"embeddable":true,"href":"https:\/\/glossar.travel\/ru\/wp-json\/wp\/v2\/media\/11724"}],"wp:attachment":[{"href":"https:\/\/glossar.travel\/ru\/wp-json\/wp\/v2\/media?parent=11717"}],"wp:term":[{"taxonomy":"product_brand","embeddable":true,"href":"https:\/\/glossar.travel\/ru\/wp-json\/wp\/v2\/product_brand?post=11717"},{"taxonomy":"product_cat","embeddable":true,"href":"https:\/\/glossar.travel\/ru\/wp-json\/wp\/v2\/product_cat?post=11717"},{"taxonomy":"product_tag","embeddable":true,"href":"https:\/\/glossar.travel\/ru\/wp-json\/wp\/v2\/product_tag?post=11717"}],"curies":[{"name":"wp","href":"https:\/\/api.w.org\/{rel}","templated":true}]}}