{"id":11691,"date":"2026-01-30T10:23:36","date_gmt":"2026-01-30T10:23:36","guid":{"rendered":"https:\/\/glossar.travel\/?post_type=product&#038;p=11691"},"modified":"2026-01-30T10:23:36","modified_gmt":"2026-01-30T10:23:36","slug":"rixos-premium-belek-the-land-of-legends-free-access-5-turcia","status":"publish","type":"product","link":"https:\/\/glossar.travel\/ru\/product\/rixos-premium-belek-the-land-of-legends-free-access-5-turcia\/","title":{"rendered":"RIXOS PREMIUM BELEK &#8211; THE LAND OF LEGENDS FREE ACCESS 5* Turcia"},"content":{"rendered":"<p data-start=\"214\" data-end=\"429\"><strong data-start=\"214\" data-end=\"266\">Rixos Premium Belek \u2013 The Land Of Legends Access<\/strong> este un resort <strong data-start=\"282\" data-end=\"310\">5\u2605 de lux, all-inclusive<\/strong>, amplasat pe coasta Mediteranei, \u00eentr-o zon\u0103 cu plaj\u0103 privat\u0103 \u0219i p\u0103duri de pini.<\/p>\n<p data-start=\"431\" data-end=\"727\">\ud83d\udccd <strong data-start=\"434\" data-end=\"446\">\u0420\u0430\u0441\u043f\u043e\u043b\u043e\u0436\u0435\u043d\u0438\u0435:<\/strong> Belek, provincia Antalya, Turcia<br data-start=\"479\" data-end=\"482\" \/>\ud83c\udf05 La doar ~5 km de centrul Belek \u0219i ~40 km de Aeroportul Interna\u021bional Antalya. <br data-start=\"600\" data-end=\"603\" \/>\ud83c\udfd6\ufe0f Are <strong data-start=\"611\" data-end=\"637\">plaj\u0103 privat\u0103 de nisip<\/strong> lung\u0103 de ~700 m, cu umbrele \u0219i \u0219ezlonguri gratuite.<\/p>\n<hr data-start=\"729\" data-end=\"732\" \/>\n<h2 data-start=\"734\" data-end=\"757\">\ud83d\udecf\ufe0f Camere \u0219i cazare<\/h2>\n<p data-start=\"759\" data-end=\"856\">Hotelul ofer\u0103 un num\u0103r mare de camere \u0219i suite de diferite tipuri, toate cu facilit\u0103\u021bi moderne:<\/p>\n<ul data-start=\"857\" data-end=\"1079\">\n<li data-start=\"857\" data-end=\"885\">\n<p data-start=\"859\" data-end=\"885\">Balcon privat sau teras\u0103<\/p>\n<\/li>\n<li data-start=\"886\" data-end=\"903\">\n<p data-start=\"888\" data-end=\"903\">Wi-Fi gratuit<\/p>\n<\/li>\n<li data-start=\"904\" data-end=\"923\">\n<p data-start=\"906\" data-end=\"923\">\u041a\u043e\u043d\u0434\u0438\u0446\u0438\u043e\u043d\u0435\u0440<\/p>\n<\/li>\n<li data-start=\"924\" data-end=\"944\">\n<p data-start=\"926\" data-end=\"944\">TV cu ecran plat<\/p>\n<\/li>\n<li data-start=\"945\" data-end=\"989\">\n<p data-start=\"947\" data-end=\"989\">Minibar inclus \u00een pachetul all-inclusive<\/p>\n<\/li>\n<li data-start=\"990\" data-end=\"1079\">\n<p data-start=\"992\" data-end=\"1079\">B\u0103i cu articole de toalet\u0103 \u0219i halate confortabile<\/p>\n<\/li>\n<\/ul>\n<p data-start=\"1081\" data-end=\"1208\">Exist\u0103 camere standard, camere mai spa\u021bioase \u0219i suite, ideale pentru cupluri sau familii.<\/p>\n<hr data-start=\"1210\" data-end=\"1213\" \/>\n<h2 data-start=\"1215\" data-end=\"1233\">\ud83c\udf7d\ufe0f Gastronomie<\/h2>\n<p data-start=\"1235\" data-end=\"1287\">\ud83c\udf74 Hotelul are <strong data-start=\"1250\" data-end=\"1284\">multiple restaurante \u0219i baruri<\/strong>:<\/p>\n<ul data-start=\"1288\" data-end=\"1494\">\n<li data-start=\"1288\" data-end=\"1322\">\n<p data-start=\"1290\" data-end=\"1322\">Restaurant principal tip bufet<\/p>\n<\/li>\n<li data-start=\"1323\" data-end=\"1377\">\n<p data-start=\"1325\" data-end=\"1377\">Restaurante a la carte cu buc\u0103t\u0103rii interna\u021bionale<\/p>\n<\/li>\n<li data-start=\"1378\" data-end=\"1428\">\n<p data-start=\"1380\" data-end=\"1428\">Baruri \u0219i lounge-uri pe plaj\u0103 \u0219i l\u00e2ng\u0103 piscin\u0103<\/p>\n<\/li>\n<li data-start=\"1429\" data-end=\"1494\">\n<p data-start=\"1431\" data-end=\"1494\">Gelaterie \u0219i cafenea \ud83c\udf68\u2615\ufe0f<\/p>\n<\/li>\n<\/ul>\n<p data-start=\"1496\" data-end=\"1692\">\u00cen regimul <strong data-start=\"1507\" data-end=\"1524\">All Inclusive<\/strong> sunt incluse: mesele principale \u0219i gust\u0103rile, b\u0103uturile alcoolice \u0219i non-alcoolice locale, minibarul din camer\u0103, \u0219i multe altele.<\/p>\n<hr data-start=\"1694\" data-end=\"1697\" \/>\n<h2 data-start=\"1699\" data-end=\"1732\">\ud83c\udfca\u200d\u2642\ufe0f Facilit\u0103\u021bi \u0219i activit\u0103\u021bi<\/h2>\n<h3 data-start=\"1734\" data-end=\"1764\">\ud83d\udd25 All-Inclusive complet<\/h3>\n<p data-start=\"1765\" data-end=\"1919\">\u2713 Mese \u0219i b\u0103uturi incluse<br data-start=\"1790\" data-end=\"1793\" \/>\u2713 Minibar zilnic aprovizionat<br data-start=\"1822\" data-end=\"1825\" \/>\u2713 \u0218ezlonguri, umbrele \u0219i prosoape pe plaj\u0103 \u0219i la piscin\u0103<\/p>\n<h3 data-start=\"1921\" data-end=\"1946\">\ud83c\udf0a Piscine \u0219i sport<\/h3>\n<p data-start=\"1947\" data-end=\"2199\">\u2022 Piscine exterioare (inclusiv pentru adul\u021bi \u0219i pentru copii)<br data-start=\"2008\" data-end=\"2011\" \/>\u2022 Piscin\u0103 interioar\u0103<br data-start=\"2031\" data-end=\"2034\" \/>\u2022 Sporturi cum ar fi tenis, volei pe plaj\u0103, fitness, yoga, aqua-gym, \u0219i multe alte activit\u0103\u021bi sportive pentru o vacan\u021b\u0103 activ\u0103.<\/p>\n<h3 data-start=\"2201\" data-end=\"2224\">\ud83e\uddd8 Wellness &amp; Spa<\/h3>\n<p data-start=\"2225\" data-end=\"2350\">\u2728 <strong data-start=\"2227\" data-end=\"2241\">Anjana SPA<\/strong> ofer\u0103 masaje, baie turceasc\u0103 (hamam), saun\u0103 \u0219i tratamente de relaxare.<\/p>\n<h3 data-start=\"2352\" data-end=\"2405\">\ud83d\udc68\u200d\ud83d\udc69\u200d\ud83d\udc66 Divertisment &amp; facilit\u0103\u021bi pentru copii<\/h3>\n<p data-start=\"2406\" data-end=\"2588\">\u2022 Program de anima\u021bie \u0219i spectacole live<br data-start=\"2446\" data-end=\"2449\" \/>\u2022 Club pentru copii (Rixy Kids Club)<br data-start=\"2485\" data-end=\"2488\" \/>\u2022 Zone de joac\u0103 \u0219i activit\u0103\u021bi tematice pentru toate v\u00e2rstele<\/p>\n<hr data-start=\"2590\" data-end=\"2593\" \/>\n<h2 data-start=\"2595\" data-end=\"2635\">\ud83c\udfa2 The Land Of Legends \u2013 acces inclus<\/h2>\n<p data-start=\"2637\" data-end=\"2840\">Unul dintre principalele avantaje ale acestui hotel este <strong data-start=\"2694\" data-end=\"2781\">accesul gratuit \u0219i nelimitat pentru oaspe\u021bi la parcul tematic <em data-start=\"2758\" data-end=\"2779\">The Land Of Legends<\/em><\/strong> pe durata \u0219ederii.<\/p>\n<p data-start=\"2842\" data-end=\"3059\">\ud83d\udc49 Parcul include:<br data-start=\"2860\" data-end=\"2863\" \/>\ud83c\udfa0 Atrac\u021bii tematice \u0219i c\u0103l\u0103torii pentru toate v\u00e2rstele<br data-start=\"2918\" data-end=\"2921\" \/>\ud83d\udca6 Water Park cu tobogane \u015fi zone acvatice<br data-start=\"2963\" data-end=\"2966\" \/>\ud83d\udc76 Nickelodeon Land cu personaje \u0219i zone pentru copii<\/p>\n<p data-start=\"3061\" data-end=\"3180\">De regul\u0103 hotelul ofer\u0103 \u0219i <strong data-start=\"3088\" data-end=\"3108\">transfer gratuit<\/strong> spre \u0219i dinspre parcul tematic.<\/p>","protected":false},"excerpt":{"rendered":"<p>Rixos Premium Belek \u2013 The Land Of Legends Access este un resort 5\u2605 de lux, all-inclusive, amplasat pe coasta Mediteranei, \u00eentr-o zon\u0103 cu plaj\u0103 privat\u0103 \u0219i p\u0103duri de pini. \ud83d\udccd Loca\u021bie: Belek, provincia Antalya, Turcia\ud83c\udf05 La doar ~5 km de centrul Belek \u0219i ~40 km de Aeroportul Interna\u021bional Antalya. \ud83c\udfd6\ufe0f Are plaj\u0103 privat\u0103 de nisip [&hellip;]<\/p>\n","protected":false},"featured_media":11697,"template":"","meta":[],"product_brand":[],"product_cat":[59],"product_tag":[],"class_list":{"0":"post-11691","1":"product","2":"type-product","3":"status-publish","4":"has-post-thumbnail","6":"product_cat-eveniment","8":"first","9":"instock","10":"shipping-taxable","11":"purchasable","12":"product-type-ovabrw_car_rental"},"_links":{"self":[{"href":"https:\/\/glossar.travel\/ru\/wp-json\/wp\/v2\/product\/11691","targetHints":{"allow":["GET"]}}],"collection":[{"href":"https:\/\/glossar.travel\/ru\/wp-json\/wp\/v2\/product"}],"about":[{"href":"https:\/\/glossar.travel\/ru\/wp-json\/wp\/v2\/types\/product"}],"version-history":[{"count":1,"href":"https:\/\/glossar.travel\/ru\/wp-json\/wp\/v2\/product\/11691\/revisions"}],"predecessor-version":[{"id":11700,"href":"https:\/\/glossar.travel\/ru\/wp-json\/wp\/v2\/product\/11691\/revisions\/11700"}],"wp:featuredmedia":[{"embeddable":true,"href":"https:\/\/glossar.travel\/ru\/wp-json\/wp\/v2\/media\/11697"}],"wp:attachment":[{"href":"https:\/\/glossar.travel\/ru\/wp-json\/wp\/v2\/media?parent=11691"}],"wp:term":[{"taxonomy":"product_brand","embeddable":true,"href":"https:\/\/glossar.travel\/ru\/wp-json\/wp\/v2\/product_brand?post=11691"},{"taxonomy":"product_cat","embeddable":true,"href":"https:\/\/glossar.travel\/ru\/wp-json\/wp\/v2\/product_cat?post=11691"},{"taxonomy":"product_tag","embeddable":true,"href":"https:\/\/glossar.travel\/ru\/wp-json\/wp\/v2\/product_tag?post=11691"}],"curies":[{"name":"wp","href":"https:\/\/api.w.org\/{rel}","templated":true}]}}