{"id":11681,"date":"2026-01-30T09:35:51","date_gmt":"2026-01-30T09:35:51","guid":{"rendered":"https:\/\/glossar.travel\/?post_type=product&#038;p=11681"},"modified":"2026-01-30T09:35:51","modified_gmt":"2026-01-30T09:35:51","slug":"gural-premier-belek-5-turcia","status":"publish","type":"product","link":"https:\/\/glossar.travel\/ru\/product\/gural-premier-belek-5-turcia\/","title":{"rendered":"Gural Premier Belek 5* Turcia."},"content":{"rendered":"<p>Complexul fabulos Gural Premier Belek este construit pe frumoasa coast\u0103 a Rivierei Turciei. Este un complex de cl\u0103diri cu 2 \u0219i 3 etaje situat pe teritoriul unei uria\u0219e gr\u0103dini botanice cu plante exotice \u0219i conifere.<\/p>\n<p>Gural Premier Belek este un hotel de lux situat \u00een sta\u021biunea Belek, \u00een regiunea Antalya din Turcia. Amplasat pe malul m\u0103rii, acesta ofer\u0103 o panoram\u0103 uimitoare asupra M\u0103rii Mediterane \u0219i a plajelor sale aurii.<\/p>\n<p>Hotelul dispune de 583 de camere \u0219i apartamente, toate amenajate cu gust \u0219i dotate cu facilit\u0103\u021bi moderne, cum ar fi aer condi\u021bionat, televizoare LCD, minibar \u0219i acces gratuit la internet WiFi. Camerele sunt spa\u021bioase \u0219i luminoase, cu un design elegant \u0219i confortabil, oferind o atmosfer\u0103 de relaxare \u0219i confort.<\/p>\n<p>Hotelul are o varietate de op\u021biuni de divertisment, inclusiv o piscin\u0103 exterioar\u0103 cu ap\u0103 dulce \u0219i o piscin\u0103 interioar\u0103, un centru de fitness, terenuri de tenis, sal\u0103 de jocuri \u0219i loc de joac\u0103 pentru copii.<\/p>\n<p>Diversele restaurante ale hotelului ofer\u0103 o gam\u0103 larg\u0103 de m\u00e2nc\u0103ruri delicioase, de la preparate tradi\u021bionale turce\u0219ti p\u00e2n\u0103 la m\u00e2nc\u0103ruri interna\u021bionale. Barurile hotelului ofer\u0103 o selec\u021bie de b\u0103uturi alcoolice \u0219i non-alcoolice, iar spa-ul ofer\u0103 o gam\u0103 larg\u0103 de tratamente de \u00eenfrumuse\u021bare \u0219i terapeutice care v\u0103 fac s\u0103 v\u0103 sim\u021bi\u021bi extrem de relaxa\u021bi \u0219i revigora\u021bi.<\/p>\n<p>Gural Premier Belek este locul ideal pentru turi\u0219tii care caut\u0103 o vacan\u021b\u0103 luxoas\u0103 \u0219i relaxant\u0103, cu o gam\u0103 variat\u0103 de op\u021biuni de divertisment \u0219i servicii de calitate superioar\u0103, \u00eentr-o loca\u021bie pitoreasc\u0103, cu o panoram\u0103 sublim\u0103 asupra M\u0103rii Mediterane.<\/p>","protected":false},"excerpt":{"rendered":"<p>Complexul fabulos Gural Premier Belek este construit pe frumoasa coast\u0103 a Rivierei Turciei. Este un complex de cl\u0103diri cu 2 \u0219i 3 etaje situat pe teritoriul unei uria\u0219e gr\u0103dini botanice cu plante exotice \u0219i conifere. Gural Premier Belek este un hotel de lux situat \u00een sta\u021biunea Belek, \u00een regiunea Antalya din Turcia. Amplasat pe malul [&hellip;]<\/p>\n","protected":false},"featured_media":11683,"template":"","meta":[],"product_brand":[],"product_cat":[28],"product_tag":[],"class_list":{"0":"post-11681","1":"product","2":"type-product","3":"status-publish","4":"has-post-thumbnail","6":"brw_countries-turcia","7":"brw_destinatie-mare","8":"product_cat-family","10":"first","11":"instock","12":"shipping-taxable","13":"purchasable","14":"product-type-ovabrw_car_rental"},"_links":{"self":[{"href":"https:\/\/glossar.travel\/ru\/wp-json\/wp\/v2\/product\/11681","targetHints":{"allow":["GET"]}}],"collection":[{"href":"https:\/\/glossar.travel\/ru\/wp-json\/wp\/v2\/product"}],"about":[{"href":"https:\/\/glossar.travel\/ru\/wp-json\/wp\/v2\/types\/product"}],"version-history":[{"count":2,"href":"https:\/\/glossar.travel\/ru\/wp-json\/wp\/v2\/product\/11681\/revisions"}],"predecessor-version":[{"id":11690,"href":"https:\/\/glossar.travel\/ru\/wp-json\/wp\/v2\/product\/11681\/revisions\/11690"}],"wp:featuredmedia":[{"embeddable":true,"href":"https:\/\/glossar.travel\/ru\/wp-json\/wp\/v2\/media\/11683"}],"wp:attachment":[{"href":"https:\/\/glossar.travel\/ru\/wp-json\/wp\/v2\/media?parent=11681"}],"wp:term":[{"taxonomy":"product_brand","embeddable":true,"href":"https:\/\/glossar.travel\/ru\/wp-json\/wp\/v2\/product_brand?post=11681"},{"taxonomy":"product_cat","embeddable":true,"href":"https:\/\/glossar.travel\/ru\/wp-json\/wp\/v2\/product_cat?post=11681"},{"taxonomy":"product_tag","embeddable":true,"href":"https:\/\/glossar.travel\/ru\/wp-json\/wp\/v2\/product_tag?post=11681"}],"curies":[{"name":"wp","href":"https:\/\/api.w.org\/{rel}","templated":true}]}}