{"id":11649,"date":"2026-01-30T08:00:26","date_gmt":"2026-01-30T08:00:26","guid":{"rendered":"https:\/\/glossar.travel\/?post_type=product&#038;p=11649"},"modified":"2026-01-30T08:00:26","modified_gmt":"2026-01-30T08:00:26","slug":"cullinan-belek-5-turcia","status":"publish","type":"product","link":"https:\/\/glossar.travel\/ru\/product\/cullinan-belek-5-turcia\/","title":{"rendered":"CULLINAN BELEK 5* Turcia"},"content":{"rendered":"<p data-start=\"260\" data-end=\"499\"><strong data-start=\"260\" data-end=\"278\">Cullinan Belek<\/strong> este un resort de lux \u201eall-inclusive\u201d deschis \u00een 2022, situat pe malul M\u0103rii Mediterane, \u00een regiunea turistic\u0103 Belek \u2014 una dintre cele mai populare destina\u021bii de vacan\u021b\u0103 din Antalya.<\/p>\n<ul data-start=\"501\" data-end=\"860\">\n<li data-start=\"501\" data-end=\"645\">\n<p data-start=\"503\" data-end=\"645\">Concept de mas\u0103: <strong data-start=\"520\" data-end=\"543\">Ultra All Inclusive<\/strong> \u2014 mese buffet, gust\u0103ri \u0219i b\u0103uturi incluse pe parcursul zilei.<\/p>\n<\/li>\n<li data-start=\"646\" data-end=\"766\">\n<p data-start=\"648\" data-end=\"766\">Tipuri de sejur: potrivit at\u00e2t pentru cupluri, c\u00e2t \u0219i pentru familii cu copii.<\/p>\n<\/li>\n<li data-start=\"767\" data-end=\"860\">\n<p data-start=\"769\" data-end=\"860\">Plaj\u0103 privat\u0103 cu nisip \u0219i umbrel\u0103\/sezlonguri incluse.<\/p>\n<\/li>\n<\/ul>\n<hr data-start=\"862\" data-end=\"865\" \/>\n<h2 data-start=\"867\" data-end=\"888\">\ud83d\udecf\ufe0f Camere \u0219i vile<\/h2>\n<p data-start=\"889\" data-end=\"1009\">Hotelul are <strong data-start=\"901\" data-end=\"945\">peste 500 de camere \u0219i unit\u0103\u021bi de cazare<\/strong> cu diferite configura\u021bii:<\/p>\n<p data-start=\"1011\" data-end=\"1288\">\u2714 Camere standard \u0219i camere cu vedere la golf sau mare<br data-start=\"1065\" data-end=\"1068\" \/>\u2714 Camere \u201eSwim-up\u201d cu acces direct la piscin\u0103<br data-start=\"1113\" data-end=\"1116\" \/>\u2714 Suite de familie \u0219i camere spa\u021bioase (inclusiv duplex \u0219i jacuzzi)<br data-start=\"1183\" data-end=\"1186\" \/>\u2714 Vile exclusive cu piscin\u0103 privat\u0103 pentru familii mai numeroase<\/p>\n<p data-start=\"1290\" data-end=\"1467\"><strong data-start=\"1290\" data-end=\"1311\">\u0423\u0434\u043e\u0431\u0441\u0442\u0432\u0430 \u0432 \u043d\u043e\u043c\u0435\u0440\u0435:<\/strong> aer condi\u021bionat, Wi-Fi gratuit, TV, minibar, seif, usc\u0103tor de p\u0103r, halate \u0219i papuci, \u0219i facilit\u0103\u021bi pentru ceai\/cafea.<\/p>\n<hr data-start=\"1469\" data-end=\"1472\" \/>\n<h2 data-start=\"1474\" data-end=\"1503\">\ud83c\udf7d\ufe0f Gastronomie \u0219i b\u0103uturi<\/h2>\n<p data-start=\"1504\" data-end=\"1587\">\ud83c\udf1f Conceptul <strong data-start=\"1517\" data-end=\"1540\">Ultra All Inclusive<\/strong> include:<\/p>\n<ul data-start=\"1589\" data-end=\"1970\">\n<li data-start=\"1589\" data-end=\"1643\">\n<p data-start=\"1591\" data-end=\"1643\">Mic dejun, pr\u00e2nz \u0219i cin\u0103 \u00een restaurantul principal<\/p>\n<\/li>\n<li data-start=\"1644\" data-end=\"1721\">\n<p data-start=\"1646\" data-end=\"1721\">Bufet diversificat (incluz\u00e2nd op\u021biuni dietetice, vegetariene\/gluten-free)<\/p>\n<\/li>\n<li data-start=\"1722\" data-end=\"1776\">\n<p data-start=\"1724\" data-end=\"1776\">Snack-uri, gust\u0103ri \u0219i \u00eenghe\u021bat\u0103 pe parcursul zilei<\/p>\n<\/li>\n<li data-start=\"1777\" data-end=\"1830\">\n<p data-start=\"1779\" data-end=\"1830\">B\u0103uturi locale alcoolice \u0219i non-alcoolice incluse<\/p>\n<\/li>\n<li data-start=\"1831\" data-end=\"1970\">\n<p data-start=\"1833\" data-end=\"1970\">Restaurante \u00e0 la carte (turcesc, italian, indian etc. \u2013 cu rezervare \u0219i posibil cost suplimentar)<\/p>\n<\/li>\n<\/ul>\n<hr data-start=\"1972\" data-end=\"1975\" \/>\n<h2 data-start=\"1977\" data-end=\"2010\">\ud83c\udfd6\ufe0f Facilit\u0103\u021bi \u0219i divertisment<\/h2>\n<p data-start=\"2012\" data-end=\"2077\">\u2728 <strong data-start=\"2014\" data-end=\"2035\">Piscine \u0219i plaj\u0103:<\/strong><\/p>\n<ul data-start=\"2078\" data-end=\"2194\">\n<li data-start=\"2078\" data-end=\"2137\">\n<p data-start=\"2080\" data-end=\"2137\">Piscine exterioare \u0219i interioare, inclusiv pentru copii<\/p>\n<\/li>\n<li data-start=\"2138\" data-end=\"2168\">\n<p data-start=\"2140\" data-end=\"2168\">Parcul acvatic cu tobogane<\/p>\n<\/li>\n<li data-start=\"2169\" data-end=\"2194\">\n<p data-start=\"2171\" data-end=\"2194\">Plaj\u0103 privat\u0103 cu ponton<\/p>\n<\/li>\n<\/ul>\n<p data-start=\"2196\" data-end=\"2261\">\ud83d\udc86 <strong data-start=\"2199\" data-end=\"2219\">SPA \u0219i wellness:<\/strong><\/p>\n<ul data-start=\"2262\" data-end=\"2361\">\n<li data-start=\"2262\" data-end=\"2311\">\n<p data-start=\"2264\" data-end=\"2311\">Centru spa cu hamam, saun\u0103, masaje \u0219i jacuzzi<\/p>\n<\/li>\n<li data-start=\"2312\" data-end=\"2361\">\n<p data-start=\"2314\" data-end=\"2361\">Saloane de \u00eenfrumuse\u021bare \u0219i tratamente wellness<\/p>\n<\/li>\n<\/ul>\n<p data-start=\"2363\" data-end=\"2432\">\ud83c\udfc3 <strong data-start=\"2366\" data-end=\"2390\">Activit\u0103\u021bi \u0219i sport:<\/strong><\/p>\n<ul data-start=\"2433\" data-end=\"2659\">\n<li data-start=\"2433\" data-end=\"2451\">\n<p data-start=\"2435\" data-end=\"2451\">Fitness center<\/p>\n<\/li>\n<li data-start=\"2452\" data-end=\"2504\">\n<p data-start=\"2454\" data-end=\"2504\">Teren de golf \u0219i driving range l\u00e2ng\u0103 proprietate<\/p>\n<\/li>\n<li data-start=\"2505\" data-end=\"2554\">\n<p data-start=\"2507\" data-end=\"2554\">Sporturi acvatice, beach-volley, tir cu arcul<\/p>\n<\/li>\n<li data-start=\"2555\" data-end=\"2659\">\n<p data-start=\"2557\" data-end=\"2659\">Bowling, biliard, cluburi pentru copii \u0219i programe de anima\u021bie<\/p>\n<\/li>\n<\/ul>\n<p data-start=\"2661\" data-end=\"2789\">\ud83c\udf89 <strong data-start=\"2664\" data-end=\"2683\">Divertismentul:<\/strong> spectacole de sear\u0103, karaoke \u0219i activit\u0103\u021bi pentru toate v\u00e2rstele.<\/p>\n<hr data-start=\"2791\" data-end=\"2794\" \/>\n<h2 data-start=\"2796\" data-end=\"2825\">\ud83d\udc76 Facilit\u0103\u021bi pentru copii<\/h2>\n<p data-start=\"2826\" data-end=\"2991\">\u2714 Kids club \u0219i piscin\u0103 pentru copii<br data-start=\"2861\" data-end=\"2864\" \/>\u2714 Zone de joac\u0103 \u0219i divertisment pe durata zilei<br data-start=\"2911\" data-end=\"2914\" \/>\u2714 Restaurante \u0219i meniuri pentru copii<\/p>","protected":false},"excerpt":{"rendered":"<p>Cullinan Belek este un resort de lux \u201eall-inclusive\u201d deschis \u00een 2022, situat pe malul M\u0103rii Mediterane, \u00een regiunea turistic\u0103 Belek \u2014 una dintre cele mai populare destina\u021bii de vacan\u021b\u0103 din Antalya. Concept de mas\u0103: Ultra All Inclusive \u2014 mese buffet, gust\u0103ri \u0219i b\u0103uturi incluse pe parcursul zilei. Tipuri de sejur: potrivit at\u00e2t pentru cupluri, c\u00e2t [&hellip;]<\/p>\n","protected":false},"featured_media":11654,"template":"","meta":[],"product_brand":[],"product_cat":[28],"product_tag":[],"class_list":{"0":"post-11649","1":"product","2":"type-product","3":"status-publish","4":"has-post-thumbnail","6":"brw_countries-turcia","7":"brw_destinatie-mare","8":"product_cat-family","10":"first","11":"instock","12":"shipping-taxable","13":"purchasable","14":"product-type-ovabrw_car_rental"},"_links":{"self":[{"href":"https:\/\/glossar.travel\/ru\/wp-json\/wp\/v2\/product\/11649","targetHints":{"allow":["GET"]}}],"collection":[{"href":"https:\/\/glossar.travel\/ru\/wp-json\/wp\/v2\/product"}],"about":[{"href":"https:\/\/glossar.travel\/ru\/wp-json\/wp\/v2\/types\/product"}],"version-history":[{"count":1,"href":"https:\/\/glossar.travel\/ru\/wp-json\/wp\/v2\/product\/11649\/revisions"}],"predecessor-version":[{"id":11650,"href":"https:\/\/glossar.travel\/ru\/wp-json\/wp\/v2\/product\/11649\/revisions\/11650"}],"wp:featuredmedia":[{"embeddable":true,"href":"https:\/\/glossar.travel\/ru\/wp-json\/wp\/v2\/media\/11654"}],"wp:attachment":[{"href":"https:\/\/glossar.travel\/ru\/wp-json\/wp\/v2\/media?parent=11649"}],"wp:term":[{"taxonomy":"product_brand","embeddable":true,"href":"https:\/\/glossar.travel\/ru\/wp-json\/wp\/v2\/product_brand?post=11649"},{"taxonomy":"product_cat","embeddable":true,"href":"https:\/\/glossar.travel\/ru\/wp-json\/wp\/v2\/product_cat?post=11649"},{"taxonomy":"product_tag","embeddable":true,"href":"https:\/\/glossar.travel\/ru\/wp-json\/wp\/v2\/product_tag?post=11649"}],"curies":[{"name":"wp","href":"https:\/\/api.w.org\/{rel}","templated":true}]}}