{"id":11622,"date":"2026-01-29T14:27:01","date_gmt":"2026-01-29T14:27:01","guid":{"rendered":"https:\/\/glossar.travel\/?post_type=product&#038;p=11622"},"modified":"2026-01-29T14:27:01","modified_gmt":"2026-01-29T14:27:01","slug":"patina-maldives-fari-islands-5","status":"publish","type":"product","link":"https:\/\/glossar.travel\/ru\/product\/patina-maldives-fari-islands-5\/","title":{"rendered":"Patina Maldives, Fari Islands 5*"},"content":{"rendered":"<h5 data-start=\"0\" data-end=\"397\"><strong data-start=\"0\" data-end=\"33\">Patina Maldives, Fari Islands<\/strong> \u2014 un resort de lux contemporan situat \u00een <strong data-start=\"75\" data-end=\"95\">North Mal\u00e9 Atoll<\/strong>, Republica Maldive, parte din noua destina\u021bie insular\u0103 <strong data-start=\"151\" data-end=\"167\">Fari Islands<\/strong> (un mic arhipelag de insule artificiale create pentru ospitalitate \u0219i activit\u0103\u021bi culturale \u0219i marine) oferind o combina\u021bie de design modern, sustenabilitate \u0219i experien\u021be creative \u0219i sociale.<\/h5>\n<h5 data-start=\"399\" data-end=\"425\">\ud83c\udf34 <strong data-start=\"406\" data-end=\"425\">Loca\u021bie &amp; Acces<\/strong><\/h5>\n<ul data-start=\"426\" data-end=\"663\">\n<li data-start=\"426\" data-end=\"526\">\n<h5 data-start=\"428\" data-end=\"526\">Situat pe insulele <strong data-start=\"447\" data-end=\"463\">Fari Islands<\/strong>, \u00een Atolul North Mal\u00e9.<\/h5>\n<\/li>\n<li data-start=\"527\" data-end=\"663\">\n<h5 data-start=\"529\" data-end=\"663\">Transfer: aproximativ <strong data-start=\"551\" data-end=\"624\">45 minute cu speedboat-ul de la Aeroportul Interna\u021bional Velana (MLE)<\/strong>.<\/h5>\n<\/li>\n<\/ul>\n<h5 data-start=\"665\" data-end=\"689\">\ud83c\udfe8 <strong data-start=\"672\" data-end=\"689\">Despre resort<\/strong><\/h5>\n<ul data-start=\"690\" data-end=\"1186\">\n<li data-start=\"690\" data-end=\"859\">\n<h5 data-start=\"692\" data-end=\"859\">Resort de <strong data-start=\"702\" data-end=\"713\">5 stele<\/strong> de lux cu design modern minimalist, creat de renumitul arhitect brazilian <strong data-start=\"788\" data-end=\"818\">Marcio Kogan \/ Studio MK27<\/strong>.<\/h5>\n<\/li>\n<li data-start=\"860\" data-end=\"1047\">\n<h5 data-start=\"862\" data-end=\"1047\">Face parte din brandul <strong data-start=\"885\" data-end=\"912\">Patina Hotels &amp; Resorts<\/strong> \u0219i este membru al colec\u021biei <strong data-start=\"941\" data-end=\"959\">Design Hotels\u2122<\/strong>, cu integrare \u00een programul <strong data-start=\"987\" data-end=\"1006\">Marriott Bonvoy<\/strong>.<\/h5>\n<\/li>\n<li data-start=\"1048\" data-end=\"1186\">\n<h5 data-start=\"1050\" data-end=\"1186\">Aproximativ <strong data-start=\"1062\" data-end=\"1087\">110 unit\u0103\u021bi de cazare<\/strong>: 90 vile de plaj\u0103 \u0219i peste ap\u0103, plus 20 de <em data-start=\"1131\" data-end=\"1145\">Fari Studios<\/em>.<\/h5>\n<\/li>\n<\/ul>\n<h5 data-start=\"1188\" data-end=\"1215\">\ud83d\uded6 <strong data-start=\"1195\" data-end=\"1215\">Tipuri de cazare<\/strong><\/h5>\n<ul data-start=\"1216\" data-end=\"1542\">\n<li data-start=\"1216\" data-end=\"1362\">\n<h5 data-start=\"1218\" data-end=\"1362\"><strong data-start=\"1218\" data-end=\"1252\">Beach Pool &amp; Water Pool Villas<\/strong> \u2013 cu piscin\u0103 privat\u0103, interioare luminoase \u0219i deschise spre exterior.<\/h5>\n<\/li>\n<li data-start=\"1363\" data-end=\"1542\">\n<h5 data-start=\"1365\" data-end=\"1542\"><strong data-start=\"1365\" data-end=\"1381\">Fari Studios<\/strong> \u2013 mai aproape de zona animat\u0103 a <em data-start=\"1414\" data-end=\"1435\">Fari Marina Village<\/em>, pentru o experien\u021b\u0103 social\u0103 \u0219i acces u\u0219or la restaurante \u0219i art\u0103.<\/h5>\n<\/li>\n<\/ul>\n<h5 data-start=\"1544\" data-end=\"1567\">\ud83c\udf7d\ufe0f <strong data-start=\"1552\" data-end=\"1567\">Gastronomie<\/strong><\/h5>\n<h5 data-start=\"1568\" data-end=\"1643\">Resortul \u0219i zona Fari Islands ofer\u0103 o varietate mare de op\u021biuni culinare:<\/h5>\n<ul data-start=\"1644\" data-end=\"2155\">\n<li data-start=\"1644\" data-end=\"1775\">\n<h5 data-start=\"1646\" data-end=\"1775\"><strong data-start=\"1646\" data-end=\"1655\">Roots<\/strong> \u2013 restaurant cu filozofie plant-based \u0219i ingrediente locale\/gusturi inovatoare.<\/h5>\n<\/li>\n<li data-start=\"1776\" data-end=\"1868\">\n<h5 data-start=\"1778\" data-end=\"1868\"><strong data-start=\"1778\" data-end=\"1793\">Wok Society<\/strong> \u2013 buc\u0103t\u0103rie pan-asiatic\u0103 creativ\u0103.<\/h5>\n<\/li>\n<li data-start=\"1869\" data-end=\"1974\">\n<h5 data-start=\"1871\" data-end=\"1974\"><strong data-start=\"1871\" data-end=\"1890\">Fari Beach Club<\/strong> \u2013 bar \u0219i lounge pe plaj\u0103 cu vibe relaxat.<\/h5>\n<\/li>\n<li data-start=\"1975\" data-end=\"2155\">\n<h5 data-start=\"1977\" data-end=\"2155\"><strong data-start=\"1977\" data-end=\"1985\">Koen<\/strong>, <strong data-start=\"1987\" data-end=\"1997\">Helios<\/strong>, <strong data-start=\"1999\" data-end=\"2008\">Brasa<\/strong> \u0219i alte loca\u021bii accesibile \u00een <em data-start=\"2039\" data-end=\"2060\">Fari Marina Village<\/em> sau prin sistemul de billing integrat al Fari Islands.<\/h5>\n<\/li>\n<\/ul>\n<h5 data-start=\"2157\" data-end=\"2191\">\ud83c\udf0a <strong data-start=\"2164\" data-end=\"2191\">Experien\u021be &amp; Activit\u0103\u021bi<\/strong><\/h5>\n<ul data-start=\"2192\" data-end=\"2955\">\n<li data-start=\"2192\" data-end=\"2307\">\n<h5 data-start=\"2194\" data-end=\"2307\"><strong data-start=\"2194\" data-end=\"2212\">Wellness &amp; Spa<\/strong> \u2013 FLOW Spa cu tratamente holistice \u0219i piscin\u0103 Watsu.<\/h5>\n<\/li>\n<li data-start=\"2308\" data-end=\"2459\">\n<h5 data-start=\"2310\" data-end=\"2459\"><strong data-start=\"2310\" data-end=\"2331\">Activit\u0103\u021bi marine<\/strong> \u2013 snorkeling \u00een excursii ghidate (insulele Fari nu au un recif natural imediat mare).<\/h5>\n<\/li>\n<li data-start=\"2460\" data-end=\"2630\">\n<h5 data-start=\"2462\" data-end=\"2630\"><strong data-start=\"2462\" data-end=\"2487\">Excursii &amp; evenimente<\/strong> \u2013 picnic pe banc de nisip, cine private, croaziere la apus, expozi\u021bii de art\u0103 \u0219i programe culturale.<\/h5>\n<\/li>\n<li data-start=\"2631\" data-end=\"2809\">\n<h5 data-start=\"2633\" data-end=\"2809\"><strong data-start=\"2633\" data-end=\"2659\">Kids Club \u201eFootprints\u201d<\/strong> \u2013 centru educa\u021bional \u0219i activit\u0103\u021bi pentru copii, complet alimentat cu energie solar\u0103 \u0219i programe ecologice.<\/h5>\n<\/li>\n<li data-start=\"2810\" data-end=\"2955\">\n<h5 data-start=\"2812\" data-end=\"2955\"><strong data-start=\"2812\" data-end=\"2830\">Art\u0103 &amp; cultur\u0103<\/strong> \u2013 instala\u021bii de art\u0103 (ex. <em data-start=\"2857\" data-end=\"2874\">Skyspace Amarta<\/em> de James Turrell) \u0219i ateliere artistice.<\/h5>\n<\/li>\n<\/ul>\n<h5 data-start=\"2957\" data-end=\"2983\">\ud83c\udf31 <strong data-start=\"2964\" data-end=\"2983\">Sustenabilitate<\/strong><\/h5>\n<h5 data-start=\"2984\" data-end=\"3047\">Patina Maldives pune accent puternic pe practici sustenabile:<\/h5>\n<ul data-start=\"3048\" data-end=\"3364\">\n<li data-start=\"3048\" data-end=\"3162\">\n<h5 data-start=\"3050\" data-end=\"3162\">Programe de conservare a coralilor \u0219i educa\u021bie marin\u0103 cu participan\u021bi.<\/h5>\n<\/li>\n<li data-start=\"3163\" data-end=\"3267\">\n<h5 data-start=\"3165\" data-end=\"3267\">Gr\u0103din\u0103 permacultural\u0103 \u0219i minimizarea de\u0219eurilor alimentare.<\/h5>\n<\/li>\n<li data-start=\"3268\" data-end=\"3364\">\n<h5 data-start=\"3270\" data-end=\"3364\">Constructie cu tehnologii eficiente \u0219i panouri solare.<\/h5>\n<\/li>\n<\/ul>","protected":false},"excerpt":{"rendered":"<p>Patina Maldives, Fari Islands \u2014 un resort de lux contemporan situat \u00een North Mal\u00e9 Atoll, Republica Maldive, parte din noua destina\u021bie insular\u0103 Fari Islands (un mic arhipelag de insule artificiale create pentru ospitalitate \u0219i activit\u0103\u021bi culturale \u0219i marine) oferind o combina\u021bie de design modern, sustenabilitate \u0219i experien\u021be creative \u0219i sociale. \ud83c\udf34 Loca\u021bie &amp; Acces Situat [&hellip;]<\/p>\n","protected":false},"featured_media":11631,"template":"","meta":[],"product_brand":[],"product_cat":[28],"product_tag":[],"class_list":{"0":"post-11622","1":"product","2":"type-product","3":"status-publish","4":"has-post-thumbnail","6":"brw_countries-maldive","7":"brw_destinatie-insule","8":"product_cat-family","10":"first","11":"instock","12":"shipping-taxable","13":"purchasable","14":"product-type-ovabrw_car_rental"},"_links":{"self":[{"href":"https:\/\/glossar.travel\/ru\/wp-json\/wp\/v2\/product\/11622","targetHints":{"allow":["GET"]}}],"collection":[{"href":"https:\/\/glossar.travel\/ru\/wp-json\/wp\/v2\/product"}],"about":[{"href":"https:\/\/glossar.travel\/ru\/wp-json\/wp\/v2\/types\/product"}],"version-history":[{"count":1,"href":"https:\/\/glossar.travel\/ru\/wp-json\/wp\/v2\/product\/11622\/revisions"}],"predecessor-version":[{"id":11634,"href":"https:\/\/glossar.travel\/ru\/wp-json\/wp\/v2\/product\/11622\/revisions\/11634"}],"wp:featuredmedia":[{"embeddable":true,"href":"https:\/\/glossar.travel\/ru\/wp-json\/wp\/v2\/media\/11631"}],"wp:attachment":[{"href":"https:\/\/glossar.travel\/ru\/wp-json\/wp\/v2\/media?parent=11622"}],"wp:term":[{"taxonomy":"product_brand","embeddable":true,"href":"https:\/\/glossar.travel\/ru\/wp-json\/wp\/v2\/product_brand?post=11622"},{"taxonomy":"product_cat","embeddable":true,"href":"https:\/\/glossar.travel\/ru\/wp-json\/wp\/v2\/product_cat?post=11622"},{"taxonomy":"product_tag","embeddable":true,"href":"https:\/\/glossar.travel\/ru\/wp-json\/wp\/v2\/product_tag?post=11622"}],"curies":[{"name":"wp","href":"https:\/\/api.w.org\/{rel}","templated":true}]}}