{"id":11613,"date":"2026-01-29T14:17:56","date_gmt":"2026-01-29T14:17:56","guid":{"rendered":"https:\/\/glossar.travel\/?post_type=product&#038;p=11613"},"modified":"2026-01-29T14:17:56","modified_gmt":"2026-01-29T14:17:56","slug":"jumeirah-olhahali-island-maldives-5","status":"publish","type":"product","link":"https:\/\/glossar.travel\/ru\/product\/jumeirah-olhahali-island-maldives-5\/","title":{"rendered":"Jumeirah Olhahali Island Maldives 5*"},"content":{"rendered":"<h5 data-start=\"0\" data-end=\"238\"><strong data-start=\"0\" data-end=\"28\">Jumeirah Olhahali Island<\/strong> este un <em data-start=\"37\" data-end=\"45\">resort<\/em> de lux situat \u00een <strong data-start=\"63\" data-end=\"96\">Atolul North Mal\u00e9 din Maldive<\/strong> \u2014 o insul\u0103 privat\u0103 cu vile moderne, design contemporan \u0219i facilit\u0103\u021bi premium pe malul Oceanului Indian.<\/h5>\n<h5 data-start=\"240\" data-end=\"265\">\ud83c\udf34 Loca\u021bie \u0219i acces<\/h5>\n<h5 data-start=\"266\" data-end=\"582\">\ud83d\udccd Insula Olhahali este parte din <strong data-start=\"300\" data-end=\"320\">North Mal\u00e9 Atoll<\/strong> \u0219i se afl\u0103 \u00een apele cristaline ale Oceanului Indian. <br data-start=\"411\" data-end=\"414\" \/>\ud83d\udea4 Accesul se face din Aeroportul Interna\u021bional Velana (Mal\u00e9) fie cu <strong data-start=\"483\" data-end=\"509\">speedboat (~55 minute)<\/strong>, fie cu <strong data-start=\"518\" data-end=\"543\">seaplane (~15 minute)<\/strong>.<\/h5>\n<h5 data-start=\"584\" data-end=\"615\">\ud83c\udfdd\ufe0f Descrierea resortului<\/h5>\n<h5 data-start=\"616\" data-end=\"757\">\ud83c\udf1f Jumeirah Olhahali Island este un <strong data-start=\"652\" data-end=\"672\">resort all-villa<\/strong> (doar vile) de lux, cu <strong data-start=\"696\" data-end=\"720\">67 de vile spa\u021bioase<\/strong> (pe plaj\u0103 \u0219i peste ap\u0103), fiecare cu:<\/h5>\n<ul data-start=\"758\" data-end=\"1139\">\n<li data-start=\"758\" data-end=\"873\">\n<h5 data-start=\"760\" data-end=\"873\">design contemporan inspirat de via\u021ba nautic\u0103 \u0219i stilul Mediteranean chic;<\/h5>\n<\/li>\n<li data-start=\"874\" data-end=\"1056\">\n<h5 data-start=\"876\" data-end=\"1056\">ferestre mari, terase private \u0219i, pentru prima dat\u0103 \u00een Maldive, <strong data-start=\"940\" data-end=\"958\">rooftop privat<\/strong> pentru relaxare, observare a stelelor sau cine romantice;<\/h5>\n<\/li>\n<li data-start=\"1057\" data-end=\"1139\">\n<h5 data-start=\"1059\" data-end=\"1139\">piscin\u0103 privat\u0103 (\u00een multe tipuri de vile).<\/h5>\n<\/li>\n<\/ul>\n<h5 data-start=\"1141\" data-end=\"1185\">\ud83c\udf7d\ufe0f Gastronomie \u0219i experien\u021be culinare<\/h5>\n<h5 data-start=\"1186\" data-end=\"1255\">\ud83c\udf77 Resortul ofer\u0103 <strong data-start=\"1204\" data-end=\"1252\">6 restaurante \u0219i baruri cu buc\u0103t\u0103rii variate<\/strong>:<\/h5>\n<ul data-start=\"1256\" data-end=\"1637\">\n<li data-start=\"1256\" data-end=\"1334\">\n<h5 data-start=\"1258\" data-end=\"1334\">preparate mediteraneene la Shimmers;<\/h5>\n<\/li>\n<li data-start=\"1335\" data-end=\"1418\">\n<h5 data-start=\"1337\" data-end=\"1418\">buc\u0103t\u0103rie nikkei (Peru-Japonia) la KAYTO;<\/h5>\n<\/li>\n<li data-start=\"1419\" data-end=\"1637\">\n<h5 data-start=\"1421\" data-end=\"1637\">micul dejun maldivian \u0219i meniuri interna\u021bionale la Glow; <br data-start=\"1515\" data-end=\"1518\" \/>De asemenea, se pot organiza cine private pe plaj\u0103 sau pe terasa proprie a vilei.<\/h5>\n<\/li>\n<\/ul>\n<h5 data-start=\"1639\" data-end=\"1670\">\ud83d\udc2c Activit\u0103\u021bi \u0219i relaxare<\/h5>\n<h5 data-start=\"1671\" data-end=\"2310\">\ud83c\udf0a <strong data-start=\"1674\" data-end=\"1694\">Sporturi nautice<\/strong>: snorkelling, kayaking, windsurfing, pedal boats, hidrobiciclete (majoritatea incluse) \u0219i activit\u0103\u021bi premium la cerere. <br data-start=\"1854\" data-end=\"1857\" \/>\ud83e\udd3f <strong data-start=\"1860\" data-end=\"1894\">Scufund\u0103ri \u0219i explor\u0103ri marine<\/strong>: cu centru PADI, scufund\u0103ri organizate \u0219i semi-submarine pentru a observa via\u021ba subacvatic\u0103. <br data-start=\"2027\" data-end=\"2030\" \/>\ud83c\udf3f <strong data-start=\"2033\" data-end=\"2054\">Activit\u0103\u021bi la sol<\/strong>: plimb\u0103ri ghidate \u00een natur\u0103, workshop-uri de plantare de corali \u0219i explorarea florei locale. <br data-start=\"2187\" data-end=\"2190\" \/>\ud83d\udc86\u200d\u2640\ufe0f <strong data-start=\"2196\" data-end=\"2215\">Wellness \u0219i spa<\/strong>: spa de talie mondial\u0103, yoga \u0219i sesiuni de relaxare.<\/h5>\n<h5 data-start=\"2312\" data-end=\"2353\">\ud83d\udc68\u200d\ud83d\udc69\u200d\ud83d\udc67\u200d\ud83d\udc66 Pentru familii \u0219i copii<\/h5>\n<h5 data-start=\"2354\" data-end=\"2543\">\ud83d\udc76 Resortul are <strong data-start=\"2370\" data-end=\"2383\">KiDS Club<\/strong> cu activit\u0103\u021bi educative \u0219i distractive pentru copiii de toate v\u00e2rstele, inclusiv jocuri, art\u0103, sport \u0219i program zilnic.<\/h5>\n<h5 data-start=\"2545\" data-end=\"2578\">\ud83c\udfd6\ufe0f Caracteristici generale<\/h5>\n<ul data-start=\"2579\" data-end=\"2880\">\n<li data-start=\"2579\" data-end=\"2652\">\n<h5 data-start=\"2581\" data-end=\"2652\">conectivitate Wi-Fi gratuit\u0103;<\/h5>\n<\/li>\n<li data-start=\"2653\" data-end=\"2727\">\n<h5 data-start=\"2655\" data-end=\"2727\">sporturi gratuite \u0219i cu plat\u0103;<\/h5>\n<\/li>\n<li data-start=\"2728\" data-end=\"2806\">\n<h5 data-start=\"2730\" data-end=\"2806\">restaurante, baruri \u0219i lounge-uri;<\/h5>\n<\/li>\n<li data-start=\"2807\" data-end=\"2880\">\n<h5 data-start=\"2809\" data-end=\"2880\">centru fitness, spa \u0219i piscine.<\/h5>\n<\/li>\n<\/ul>\n<h5 data-start=\"2882\" data-end=\"2908\">\ud83d\udca1 Atmosfer\u0103 \u0219i stil<\/h5>\n<h5 data-start=\"2909\" data-end=\"3236\">\ud83c\udfdd\ufe0f Resortul combin\u0103 confortul contemporan \u0219i elegan\u021ba modern\u0103 cu priveli\u0219ti spectaculoase c\u0103tre plajele albe \u0219i apele turcoaz. Conceptul vizual este inspirat de <strong data-start=\"3071\" data-end=\"3118\">via\u021ba pe yacht \u0219i rafinamentul Mediteranean<\/strong>, oferind o experien\u021b\u0103 distinct\u0103 fa\u021b\u0103 de resorturile tradi\u021bionale din Maldive.<\/h5>","protected":false},"excerpt":{"rendered":"<p>Jumeirah Olhahali Island este un resort de lux situat \u00een Atolul North Mal\u00e9 din Maldive \u2014 o insul\u0103 privat\u0103 cu vile moderne, design contemporan \u0219i facilit\u0103\u021bi premium pe malul Oceanului Indian. \ud83c\udf34 Loca\u021bie \u0219i acces \ud83d\udccd Insula Olhahali este parte din North Mal\u00e9 Atoll \u0219i se afl\u0103 \u00een apele cristaline ale Oceanului Indian. \ud83d\udea4 Accesul [&hellip;]<\/p>\n","protected":false},"featured_media":11620,"template":"","meta":[],"product_brand":[],"product_cat":[28],"product_tag":[],"class_list":{"0":"post-11613","1":"product","2":"type-product","3":"status-publish","4":"has-post-thumbnail","6":"brw_countries-maldive","7":"brw_destinatie-insule","8":"product_cat-family","10":"first","11":"instock","12":"shipping-taxable","13":"purchasable","14":"product-type-ovabrw_car_rental"},"_links":{"self":[{"href":"https:\/\/glossar.travel\/ru\/wp-json\/wp\/v2\/product\/11613","targetHints":{"allow":["GET"]}}],"collection":[{"href":"https:\/\/glossar.travel\/ru\/wp-json\/wp\/v2\/product"}],"about":[{"href":"https:\/\/glossar.travel\/ru\/wp-json\/wp\/v2\/types\/product"}],"version-history":[{"count":1,"href":"https:\/\/glossar.travel\/ru\/wp-json\/wp\/v2\/product\/11613\/revisions"}],"predecessor-version":[{"id":11621,"href":"https:\/\/glossar.travel\/ru\/wp-json\/wp\/v2\/product\/11613\/revisions\/11621"}],"wp:featuredmedia":[{"embeddable":true,"href":"https:\/\/glossar.travel\/ru\/wp-json\/wp\/v2\/media\/11620"}],"wp:attachment":[{"href":"https:\/\/glossar.travel\/ru\/wp-json\/wp\/v2\/media?parent=11613"}],"wp:term":[{"taxonomy":"product_brand","embeddable":true,"href":"https:\/\/glossar.travel\/ru\/wp-json\/wp\/v2\/product_brand?post=11613"},{"taxonomy":"product_cat","embeddable":true,"href":"https:\/\/glossar.travel\/ru\/wp-json\/wp\/v2\/product_cat?post=11613"},{"taxonomy":"product_tag","embeddable":true,"href":"https:\/\/glossar.travel\/ru\/wp-json\/wp\/v2\/product_tag?post=11613"}],"curies":[{"name":"wp","href":"https:\/\/api.w.org\/{rel}","templated":true}]}}