{"id":11592,"date":"2026-01-29T14:00:37","date_gmt":"2026-01-29T14:00:37","guid":{"rendered":"https:\/\/glossar.travel\/?post_type=product&#038;p=11592"},"modified":"2026-01-29T14:00:37","modified_gmt":"2026-01-29T14:00:37","slug":"huvafen-fushi-maldives-5","status":"publish","type":"product","link":"https:\/\/glossar.travel\/ru\/product\/huvafen-fushi-maldives-5\/","title":{"rendered":"Huvafen Fushi Maldives 5*"},"content":{"rendered":"<h5 data-start=\"274\" data-end=\"298\">Loca\u021bie \u0219i acces<\/h5>\n<ul data-start=\"299\" data-end=\"671\">\n<li data-start=\"299\" data-end=\"472\">\n<h5 data-start=\"301\" data-end=\"472\">Se afl\u0103 \u00een <strong data-start=\"312\" data-end=\"333\">Atolul North Mal\u00e9<\/strong> din Maldive, pe o insul\u0103 privat\u0103 de dimensiuni mici, perfect pentru o evadare intim\u0103 \u0219i lini\u0219tit\u0103.<\/h5>\n<\/li>\n<li data-start=\"473\" data-end=\"604\">\n<h5 data-start=\"475\" data-end=\"604\"><strong data-start=\"475\" data-end=\"510\">Accesul se face cu barc\u0103 rapid\u0103<\/strong> (~30 minute) din Velana International Airport (Male).<\/h5>\n<\/li>\n<li data-start=\"605\" data-end=\"671\">\n<h5 data-start=\"607\" data-end=\"671\">Timp zona este <strong data-start=\"622\" data-end=\"632\">GMT +5<\/strong>.<\/h5>\n<\/li>\n<\/ul>\n<hr data-start=\"673\" data-end=\"676\" \/>\n<h5 data-start=\"678\" data-end=\"698\">\ud83c\udfe8 Cazare \u0219i stil<\/h5>\n<h5 data-start=\"699\" data-end=\"862\">Huvafen Fushi este un resort <strong data-start=\"728\" data-end=\"744\">5\u2605 ultra-lux<\/strong>, renumit pentru designul s\u0103u elegant, servicii impecabile \u0219i intimitate total\u0103.<\/h5>\n<h5 data-start=\"864\" data-end=\"886\">\ud83d\udecf\ufe0f Tipuri de vile<\/h5>\n<h5 data-start=\"887\" data-end=\"939\">Exist\u0103 diverse tipuri de unit\u0103\u021bi de lux, inclusiv:<\/h5>\n<ul data-start=\"940\" data-end=\"1219\">\n<li data-start=\"940\" data-end=\"983\">\n<h5 data-start=\"942\" data-end=\"983\"><strong data-start=\"942\" data-end=\"981\">Lagoon Bungalows cu piscin\u0103 privat\u0103<\/strong><\/h5>\n<\/li>\n<li data-start=\"984\" data-end=\"1018\">\n<h5 data-start=\"986\" data-end=\"1018\"><strong data-start=\"986\" data-end=\"1016\">Ocean Bungalows cu piscin\u0103<\/strong><\/h5>\n<\/li>\n<li data-start=\"1019\" data-end=\"1053\">\n<h5 data-start=\"1021\" data-end=\"1053\"><strong data-start=\"1021\" data-end=\"1051\">Beach Bungalows cu piscin\u0103<\/strong><\/h5>\n<\/li>\n<li data-start=\"1054\" data-end=\"1097\">\n<h5 data-start=\"1056\" data-end=\"1097\"><strong data-start=\"1056\" data-end=\"1095\">Pavilioane (de ex. cu 2 dormitoare)<\/strong><\/h5>\n<\/li>\n<li data-start=\"1098\" data-end=\"1219\">\n<h5 data-start=\"1100\" data-end=\"1219\">Case mari pentru familii sau grupuri, toate cu piscina proprie \u0219i vedere superb\u0103.<\/h5>\n<\/li>\n<\/ul>\n<h5 data-start=\"1221\" data-end=\"1382\">Fiecare vil\u0103 are servicii de lux, un <em data-start=\"1258\" data-end=\"1274\">Thakuru butler<\/em> dedicat, Wi-Fi gratuit, acces direct la lagun\u0103 \u0219i facilit\u0103\u021bi moderne.<\/h5>\n<hr data-start=\"1384\" data-end=\"1387\" \/>\n<h5 data-start=\"1389\" data-end=\"1414\">\ud83d\udc86\u200d\u2642\ufe0f Experien\u021be unice<\/h5>\n<h5 data-start=\"1416\" data-end=\"1459\">\ud83d\udc20 <strong data-start=\"1423\" data-end=\"1459\">Spa subacvatic \u2013 pionier mondial<\/strong><\/h5>\n<h5 data-start=\"1460\" data-end=\"1685\">Huvafen Fushi a introdus <strong data-start=\"1485\" data-end=\"1519\">primul spa subacvatic din lume<\/strong>, unde tratamentele se fac \u00een camere cu pere\u021bi din sticl\u0103, la aproximativ 7 metri sub ap\u0103 \u2014 cu pe\u0219ti \u0219i raze care \u00eenoat\u0103 \u00een jur.<\/h5>\n<h5 data-start=\"1687\" data-end=\"1721\">\ud83c\udf7d\ufe0f Restaurante \u0219i gastronomie<\/h5>\n<h5 data-start=\"1722\" data-end=\"1828\">M\u00e2ncarea este un punct forte al resortului, cu mai multe locuri unde te po\u021bi bucura de preparate rafinate:<\/h5>\n<ul data-start=\"1830\" data-end=\"2351\">\n<li data-start=\"1830\" data-end=\"1938\">\n<h5 data-start=\"1832\" data-end=\"1938\"><strong data-start=\"1832\" data-end=\"1844\">Celsius:<\/strong> restaurant principal pe plaj\u0103, cu priveli\u0219te superb\u0103.<\/h5>\n<\/li>\n<li data-start=\"1939\" data-end=\"2023\">\n<h5 data-start=\"1941\" data-end=\"2023\"><strong data-start=\"1941\" data-end=\"1951\">Forno:<\/strong> pizza \u0219i paste f\u0103cute manual.<\/h5>\n<\/li>\n<li data-start=\"2024\" data-end=\"2124\">\n<h5 data-start=\"2026\" data-end=\"2124\"><strong data-start=\"2026\" data-end=\"2042\">Feeling Koi:<\/strong> buc\u0103t\u0103rie japonez\u0103 cu influen\u021be latino.<\/h5>\n<\/li>\n<li data-start=\"2125\" data-end=\"2230\">\n<h5 data-start=\"2127\" data-end=\"2230\"><strong data-start=\"2127\" data-end=\"2137\">Vinum:<\/strong> primul vinotec subteran din Maldive, cu degust\u0103ri.<\/h5>\n<\/li>\n<li data-start=\"2231\" data-end=\"2351\">\n<h5 data-start=\"2233\" data-end=\"2351\"><strong data-start=\"2233\" data-end=\"2254\">UMBar &amp; Raw Caf\u00e9:<\/strong> baruri \u0219i cafenea relaxante pentru cocktail sau gust\u0103ri.<\/h5>\n<\/li>\n<\/ul>\n<h5 data-start=\"2353\" data-end=\"2498\">Po\u021bi de asemenea opta pentru cin\u0103 romantic\u0103 pe plaj\u0103, pe o banc\u0103 de nisip sau direct \u00een apa pu\u021bin ad\u00e2nc\u0103.<\/h5>\n<hr data-start=\"2500\" data-end=\"2503\" \/>\n<h5 data-start=\"2505\" data-end=\"2533\">\ud83c\udf0a Activit\u0103\u021bi \u0219i sporturi<\/h5>\n<h5 data-start=\"2534\" data-end=\"2594\">Huvafen Fushi ofer\u0103 o gam\u0103 larg\u0103 de activit\u0103\u021bi, incluz\u00e2nd:<\/h5>\n<ul data-start=\"2595\" data-end=\"3053\">\n<li data-start=\"2595\" data-end=\"2702\">\n<h5 data-start=\"2597\" data-end=\"2702\"><strong data-start=\"2597\" data-end=\"2625\">Snorkeling \u0219i scufund\u0103ri<\/strong> cu acces facil la reciful din jur.<\/h5>\n<\/li>\n<li data-start=\"2703\" data-end=\"2822\">\n<h5 data-start=\"2705\" data-end=\"2822\"><strong data-start=\"2705\" data-end=\"2754\">Plimb\u0103ri cu caiacul, paddleboard, windsurfing<\/strong> \u0219i alte sporturi nautice.<\/h5>\n<\/li>\n<li data-start=\"2823\" data-end=\"2957\">\n<h5 data-start=\"2825\" data-end=\"2957\"><strong data-start=\"2825\" data-end=\"2857\">Excursii cu barca la delfini<\/strong>, pescuit, cinema pe plaj\u0103, yoga \u0219i tururi marine ghidate.<\/h5>\n<\/li>\n<li data-start=\"2958\" data-end=\"3053\">\n<h5 data-start=\"2960\" data-end=\"3053\">Centru PADI pentru scufund\u0103ri pentru to\u021bi nivelurile.<\/h5>\n<\/li>\n<\/ul>\n<hr data-start=\"3055\" data-end=\"3058\" \/>\n<h5 data-start=\"3060\" data-end=\"3088\">\ud83e\uddd8\u200d\u2640\ufe0f Wellness &amp; relaxare<\/h5>\n<h5 data-start=\"3089\" data-end=\"3273\">Pe l\u00e2ng\u0103 <strong data-start=\"3098\" data-end=\"3119\">spa-ul subacvatic<\/strong>, resortul ofer\u0103 sesiuni de yoga, medita\u021bie, tratamente holistic pentru minte &amp; corp \u0219i facilit\u0103\u021bi pentru fitness.<\/h5>","protected":false},"excerpt":{"rendered":"<p>Loca\u021bie \u0219i acces Se afl\u0103 \u00een Atolul North Mal\u00e9 din Maldive, pe o insul\u0103 privat\u0103 de dimensiuni mici, perfect pentru o evadare intim\u0103 \u0219i lini\u0219tit\u0103. Accesul se face cu barc\u0103 rapid\u0103 (~30 minute) din Velana International Airport (Male). Timp zona este GMT +5. \ud83c\udfe8 Cazare \u0219i stil Huvafen Fushi este un resort 5\u2605 ultra-lux, renumit [&hellip;]<\/p>\n","protected":false},"featured_media":11599,"template":"","meta":[],"product_brand":[],"product_cat":[28],"product_tag":[],"class_list":{"0":"post-11592","1":"product","2":"type-product","3":"status-publish","4":"has-post-thumbnail","6":"brw_countries-maldive","7":"brw_destinatie-insule","8":"product_cat-family","10":"first","11":"instock","12":"shipping-taxable","13":"purchasable","14":"product-type-ovabrw_car_rental"},"_links":{"self":[{"href":"https:\/\/glossar.travel\/ru\/wp-json\/wp\/v2\/product\/11592","targetHints":{"allow":["GET"]}}],"collection":[{"href":"https:\/\/glossar.travel\/ru\/wp-json\/wp\/v2\/product"}],"about":[{"href":"https:\/\/glossar.travel\/ru\/wp-json\/wp\/v2\/types\/product"}],"version-history":[{"count":1,"href":"https:\/\/glossar.travel\/ru\/wp-json\/wp\/v2\/product\/11592\/revisions"}],"predecessor-version":[{"id":11602,"href":"https:\/\/glossar.travel\/ru\/wp-json\/wp\/v2\/product\/11592\/revisions\/11602"}],"wp:featuredmedia":[{"embeddable":true,"href":"https:\/\/glossar.travel\/ru\/wp-json\/wp\/v2\/media\/11599"}],"wp:attachment":[{"href":"https:\/\/glossar.travel\/ru\/wp-json\/wp\/v2\/media?parent=11592"}],"wp:term":[{"taxonomy":"product_brand","embeddable":true,"href":"https:\/\/glossar.travel\/ru\/wp-json\/wp\/v2\/product_brand?post=11592"},{"taxonomy":"product_cat","embeddable":true,"href":"https:\/\/glossar.travel\/ru\/wp-json\/wp\/v2\/product_cat?post=11592"},{"taxonomy":"product_tag","embeddable":true,"href":"https:\/\/glossar.travel\/ru\/wp-json\/wp\/v2\/product_tag?post=11592"}],"curies":[{"name":"wp","href":"https:\/\/api.w.org\/{rel}","templated":true}]}}