{"id":11579,"date":"2026-01-29T13:52:52","date_gmt":"2026-01-29T13:52:52","guid":{"rendered":"https:\/\/glossar.travel\/?post_type=product&#038;p=11579"},"modified":"2026-01-29T13:52:52","modified_gmt":"2026-01-29T13:52:52","slug":"baros-maldives-5","status":"publish","type":"product","link":"https:\/\/glossar.travel\/ru\/product\/baros-maldives-5\/","title":{"rendered":"Baros Maldives 5*"},"content":{"rendered":"<p data-start=\"125\" data-end=\"386\"><strong data-start=\"125\" data-end=\"143\">Baros Maldives<\/strong> este un resort de lux de 5 stele, situat pe o <strong data-start=\"190\" data-end=\"216\">insul\u0103 mic\u0103 \u0219i privat\u0103<\/strong> din Atolul Mal\u00e9 de Nord, \u00een Maldive. Este unul dintre cele mai vechi \u0219i mai apreciate resorturi din \u021bar\u0103, renumit pentru <strong data-start=\"338\" data-end=\"385\">elegan\u021b\u0103, intimitate \u0219i servicii impecabile<\/strong>.<\/p>\n<hr data-start=\"388\" data-end=\"391\" \/>\n<h2 data-start=\"393\" data-end=\"414\">\ud83d\udccd Loca\u021bie &amp; acces<\/h2>\n<ul data-start=\"415\" data-end=\"600\">\n<li data-start=\"415\" data-end=\"513\">\n<p data-start=\"417\" data-end=\"513\">Situat la aproximativ <strong data-start=\"439\" data-end=\"471\">25 de minute cu barca rapid\u0103<\/strong> de Aeroportul Interna\u021bional Velana (Mal\u00e9)<\/p>\n<\/li>\n<li data-start=\"514\" data-end=\"543\">\n<p data-start=\"516\" data-end=\"543\">Nu este necesar zbor intern<\/p>\n<\/li>\n<li data-start=\"544\" data-end=\"600\">\n<p data-start=\"546\" data-end=\"600\">Transfer rapid \u0219i confortabil, ideal dup\u0103 un zbor lung<\/p>\n<\/li>\n<\/ul>\n<hr data-start=\"602\" data-end=\"605\" \/>\n<h2 data-start=\"607\" data-end=\"629\">\ud83c\udf3a Atmosfer\u0103 &amp; stil<\/h2>\n<ul data-start=\"630\" data-end=\"863\">\n<li data-start=\"630\" data-end=\"677\">\n<p data-start=\"632\" data-end=\"677\">Resort <strong data-start=\"639\" data-end=\"651\">boutique<\/strong>, foarte verde \u0219i lini\u0219tit<\/p>\n<\/li>\n<li data-start=\"678\" data-end=\"715\">\n<p data-start=\"680\" data-end=\"715\">Accent pe <strong data-start=\"690\" data-end=\"715\">romantism \u0219i relaxare<\/strong><\/p>\n<\/li>\n<li data-start=\"716\" data-end=\"780\">\n<p data-start=\"718\" data-end=\"780\">Foarte popular pentru <strong data-start=\"740\" data-end=\"780\">lun\u0103 de miere, anivers\u0103ri \u0219i cupluri<\/strong><\/p>\n<\/li>\n<li data-start=\"781\" data-end=\"863\">\n<p data-start=\"783\" data-end=\"863\">\u00cen general orientat spre adul\u021bi (nu este un resort pentru familii cu copii mici)<\/p>\n<\/li>\n<\/ul>\n<hr data-start=\"865\" data-end=\"868\" \/>\n<h2 data-start=\"870\" data-end=\"882\">\ud83c\udfe1 Cazare<\/h2>\n<p data-start=\"883\" data-end=\"944\">Baros ofer\u0103 vile elegante, construite din materiale naturale:<\/p>\n<ul data-start=\"946\" data-end=\"1192\">\n<li data-start=\"946\" data-end=\"998\">\n<p data-start=\"948\" data-end=\"998\"><strong data-start=\"948\" data-end=\"965\">Vile pe plaj\u0103<\/strong> \u2013 acces direct la nisip \u0219i ocean<\/p>\n<\/li>\n<li data-start=\"999\" data-end=\"1063\">\n<p data-start=\"1001\" data-end=\"1063\"><strong data-start=\"1001\" data-end=\"1017\">Water Villas<\/strong> \u2013 construite deasupra apei, cu teras\u0103 privat\u0103<\/p>\n<\/li>\n<li data-start=\"1064\" data-end=\"1115\">\n<p data-start=\"1066\" data-end=\"1115\"><strong data-start=\"1066\" data-end=\"1093\">Vile cu piscin\u0103 privat\u0103<\/strong> \u2013 pe plaj\u0103 sau pe ap\u0103<\/p>\n<\/li>\n<li data-start=\"1116\" data-end=\"1192\">\n<p data-start=\"1118\" data-end=\"1192\"><strong data-start=\"1118\" data-end=\"1152\">Baros Suites &amp; Baros Residence<\/strong> \u2013 cele mai spa\u021bioase \u0219i luxoase op\u021biuni<\/p>\n<\/li>\n<\/ul>\n<p data-start=\"1194\" data-end=\"1256\">Toate vilele ofer\u0103 mult\u0103 intimitate \u0219i servicii personalizate.<\/p>\n<hr data-start=\"1258\" data-end=\"1261\" \/>\n<h2 data-start=\"1263\" data-end=\"1294\">\ud83c\udf7d\ufe0f Restaurante &amp; facilit\u0103\u021bi<\/h2>\n<ul data-start=\"1295\" data-end=\"1569\">\n<li data-start=\"1295\" data-end=\"1365\">\n<p data-start=\"1297\" data-end=\"1365\">Restaurante gourmet, inclusiv celebrul <strong data-start=\"1336\" data-end=\"1365\">The Lighthouse Restaurant<\/strong><\/p>\n<\/li>\n<li data-start=\"1366\" data-end=\"1392\">\n<p data-start=\"1368\" data-end=\"1392\">Baruri cu vedere la apus<\/p>\n<\/li>\n<li data-start=\"1393\" data-end=\"1409\">\n<p data-start=\"1395\" data-end=\"1409\"><strong data-start=\"1395\" data-end=\"1409\">Spa de lux<\/strong><\/p>\n<\/li>\n<li data-start=\"1410\" data-end=\"1434\">\n<p data-start=\"1412\" data-end=\"1434\">Centru fitness \u0219i yoga<\/p>\n<\/li>\n<li data-start=\"1435\" data-end=\"1466\">\n<p data-start=\"1437\" data-end=\"1466\"><strong data-start=\"1437\" data-end=\"1466\">Centru PADI de scufund\u0103ri<\/strong><\/p>\n<\/li>\n<li data-start=\"1467\" data-end=\"1490\">\n<p data-start=\"1469\" data-end=\"1490\">Biolog marin rezident<\/p>\n<\/li>\n<li data-start=\"1491\" data-end=\"1509\">\n<p data-start=\"1493\" data-end=\"1509\">Piscin\u0103 infinity<\/p>\n<\/li>\n<li data-start=\"1510\" data-end=\"1525\">\n<p data-start=\"1512\" data-end=\"1525\">Wi-Fi gratuit<\/p>\n<\/li>\n<li data-start=\"1526\" data-end=\"1569\">\n<p data-start=\"1528\" data-end=\"1569\">Serviciu personalizat pentru fiecare vil\u0103<\/p>\n<\/li>\n<\/ul>\n<hr data-start=\"1571\" data-end=\"1574\" \/>\n<h2 data-start=\"1576\" data-end=\"1592\">\ud83e\udd3f Activit\u0103\u021bi<\/h2>\n<ul data-start=\"1593\" data-end=\"1820\">\n<li data-start=\"1593\" data-end=\"1643\">\n<p data-start=\"1595\" data-end=\"1643\"><strong data-start=\"1595\" data-end=\"1643\">Snorkeling excelent chiar la reciful insulei<\/strong><\/p>\n<\/li>\n<li data-start=\"1644\" data-end=\"1706\">\n<p data-start=\"1646\" data-end=\"1706\">Scufund\u0103ri \u00een unele dintre cele mai bune loca\u021bii din Maldive<\/p>\n<\/li>\n<li data-start=\"1707\" data-end=\"1756\">\n<p data-start=\"1709\" data-end=\"1756\">Croaziere la apus cu barca tradi\u021bional\u0103 (dhoni)<\/p>\n<\/li>\n<li data-start=\"1757\" data-end=\"1793\">\n<p data-start=\"1759\" data-end=\"1793\">Cine romantice pe bancuri de nisip<\/p>\n<\/li>\n<li data-start=\"1794\" data-end=\"1820\">\n<p data-start=\"1796\" data-end=\"1820\">Excursii private pe mare<\/p>\n<\/li>\n<\/ul>\n<hr data-start=\"1822\" data-end=\"1825\" \/>\n<h2 data-start=\"1827\" data-end=\"1859\">\ud83d\udc91 Pentru cine este potrivit?<\/h2>\n<p data-start=\"1860\" data-end=\"1893\">Baros Maldives este ideal pentru:<\/p>\n<ul data-start=\"1894\" data-end=\"1992\">\n<li data-start=\"1894\" data-end=\"1903\">\n<p data-start=\"1896\" data-end=\"1903\">Cupluri<\/p>\n<\/li>\n<li data-start=\"1904\" data-end=\"1919\">\n<p data-start=\"1906\" data-end=\"1919\">Lun\u0103 de miere<\/p>\n<\/li>\n<li data-start=\"1920\" data-end=\"1939\">\n<p data-start=\"1922\" data-end=\"1939\">Vacan\u021be romantice<\/p>\n<\/li>\n<li data-start=\"1940\" data-end=\"1992\">\n<p data-start=\"1942\" data-end=\"1992\">C\u0103l\u0103tori care caut\u0103 <strong data-start=\"1962\" data-end=\"1992\">lini\u0219te, lux \u0219i intimitate<\/strong><\/p>\n<\/li>\n<\/ul>\n<p data-start=\"1994\" data-end=\"2020\">Nu este recomandat pentru:<\/p>\n<ul data-start=\"2021\" data-end=\"2108\">\n<li data-start=\"2021\" data-end=\"2044\">\n<p data-start=\"2023\" data-end=\"2044\">Familii cu copii mici<\/p>\n<\/li>\n<li data-start=\"2045\" data-end=\"2108\">\n<p data-start=\"2047\" data-end=\"2108\">Persoane care caut\u0103 via\u021b\u0103 de noapte sau activit\u0103\u021bi zgomotoase<\/p>\n<\/li>\n<\/ul>","protected":false},"excerpt":{"rendered":"<p>Baros Maldives este un resort de lux de 5 stele, situat pe o insul\u0103 mic\u0103 \u0219i privat\u0103 din Atolul Mal\u00e9 de Nord, \u00een Maldive. Este unul dintre cele mai vechi \u0219i mai apreciate resorturi din \u021bar\u0103, renumit pentru elegan\u021b\u0103, intimitate \u0219i servicii impecabile. \ud83d\udccd Loca\u021bie &amp; acces Situat la aproximativ 25 de minute cu barca [&hellip;]<\/p>\n","protected":false},"featured_media":11584,"template":"","meta":[],"product_brand":[],"product_cat":[28],"product_tag":[],"class_list":{"0":"post-11579","1":"product","2":"type-product","3":"status-publish","4":"has-post-thumbnail","6":"brw_countries-maldive","7":"brw_destinatie-insule","8":"product_cat-family","10":"first","11":"instock","12":"shipping-taxable","13":"purchasable","14":"product-type-ovabrw_car_rental"},"_links":{"self":[{"href":"https:\/\/glossar.travel\/ru\/wp-json\/wp\/v2\/product\/11579","targetHints":{"allow":["GET"]}}],"collection":[{"href":"https:\/\/glossar.travel\/ru\/wp-json\/wp\/v2\/product"}],"about":[{"href":"https:\/\/glossar.travel\/ru\/wp-json\/wp\/v2\/types\/product"}],"version-history":[{"count":2,"href":"https:\/\/glossar.travel\/ru\/wp-json\/wp\/v2\/product\/11579\/revisions"}],"predecessor-version":[{"id":11591,"href":"https:\/\/glossar.travel\/ru\/wp-json\/wp\/v2\/product\/11579\/revisions\/11591"}],"wp:featuredmedia":[{"embeddable":true,"href":"https:\/\/glossar.travel\/ru\/wp-json\/wp\/v2\/media\/11584"}],"wp:attachment":[{"href":"https:\/\/glossar.travel\/ru\/wp-json\/wp\/v2\/media?parent=11579"}],"wp:term":[{"taxonomy":"product_brand","embeddable":true,"href":"https:\/\/glossar.travel\/ru\/wp-json\/wp\/v2\/product_brand?post=11579"},{"taxonomy":"product_cat","embeddable":true,"href":"https:\/\/glossar.travel\/ru\/wp-json\/wp\/v2\/product_cat?post=11579"},{"taxonomy":"product_tag","embeddable":true,"href":"https:\/\/glossar.travel\/ru\/wp-json\/wp\/v2\/product_tag?post=11579"}],"curies":[{"name":"wp","href":"https:\/\/api.w.org\/{rel}","templated":true}]}}