{"id":11546,"date":"2026-01-29T10:43:03","date_gmt":"2026-01-29T10:43:03","guid":{"rendered":"https:\/\/glossar.travel\/?post_type=product&#038;p=11546"},"modified":"2026-01-29T10:43:03","modified_gmt":"2026-01-29T10:43:03","slug":"four-seasons-resort-maldives-at-kuda-huraa-5","status":"publish","type":"product","link":"https:\/\/glossar.travel\/ru\/product\/four-seasons-resort-maldives-at-kuda-huraa-5\/","title":{"rendered":"Four Seasons Resort Maldives at Kuda Huraa 5*"},"content":{"rendered":"<p>Vibrant de flori tropicale, Four Seasons Resort Maldives at Kuda Huraa este o sta\u021biune \u00een stil gr\u0103din\u0103, amenajat\u0103 ca un sat tradi\u021bional maldivian, pe propria insul\u0103 de corali. La doar 30 de minute de transfer cu barca cu motor de la Aeroportul Interna\u021bional Mal\u00e9, ofer\u0103 locuri pentru a petrece timpul \u00eensorit, a face surf \u0219i a face scufund\u0103ri pe tot parcursul anului. Camerele sunt \u00eenconjurate de flori tropicale sau ofer\u0103 vederi fascinante la ocean. Sunt disponibile un televizor cu ecran plat \u0219i un DVD player. B\u0103ile private spa\u021bioase includ o cad\u0103 interioar\u0103 \u0219i o zon\u0103 de du\u0219, cu un du\u0219 maldivian \u00een aer liber, situat \u00een limitele exotice ale unei gr\u0103dini \u00eemprejmuite cu ziduri. Oaspe\u021bii se pot bucura de activit\u0103\u021bi palpitante, de la surfing la safari cu rechini, de la observarea delfinilor la scufund\u0103ri. Recep\u021bia propriet\u0103\u021bii este deschis\u0103 nonstop. Pute\u021bi juca tenis \u0219i biliard la aceast\u0103 sta\u021biune. Face\u021bi snorkeling \u00een gr\u0103dinile de corali sau naviga\u021bi la The Island Spa pentru tratamente inspirate din ingrediente marine. Patru restaurante \u0219i dou\u0103 baruri sunt completate de op\u021biuni private de luat masa, inclusiv gr\u0103tare pe nisip \u0219i foi\u0219oare private deasupra apei.<\/p>","protected":false},"excerpt":{"rendered":"<p>Vibrant de flori tropicale, Four Seasons Resort Maldives at Kuda Huraa este o sta\u021biune \u00een stil gr\u0103din\u0103, amenajat\u0103 ca un sat tradi\u021bional maldivian, pe propria insul\u0103 de corali. La doar 30 de minute de transfer cu barca cu motor de la Aeroportul Interna\u021bional Mal\u00e9, ofer\u0103 locuri pentru a petrece timpul \u00eensorit, a face surf \u0219i [&hellip;]<\/p>\n","protected":false},"featured_media":11549,"template":"","meta":[],"product_brand":[],"product_cat":[28],"product_tag":[],"class_list":{"0":"post-11546","1":"product","2":"type-product","3":"status-publish","4":"has-post-thumbnail","6":"brw_countries-maldive","7":"brw_destinatie-insule","8":"product_cat-family","10":"first","11":"instock","12":"shipping-taxable","13":"purchasable","14":"product-type-ovabrw_car_rental"},"_links":{"self":[{"href":"https:\/\/glossar.travel\/ru\/wp-json\/wp\/v2\/product\/11546","targetHints":{"allow":["GET"]}}],"collection":[{"href":"https:\/\/glossar.travel\/ru\/wp-json\/wp\/v2\/product"}],"about":[{"href":"https:\/\/glossar.travel\/ru\/wp-json\/wp\/v2\/types\/product"}],"version-history":[{"count":1,"href":"https:\/\/glossar.travel\/ru\/wp-json\/wp\/v2\/product\/11546\/revisions"}],"predecessor-version":[{"id":11555,"href":"https:\/\/glossar.travel\/ru\/wp-json\/wp\/v2\/product\/11546\/revisions\/11555"}],"wp:featuredmedia":[{"embeddable":true,"href":"https:\/\/glossar.travel\/ru\/wp-json\/wp\/v2\/media\/11549"}],"wp:attachment":[{"href":"https:\/\/glossar.travel\/ru\/wp-json\/wp\/v2\/media?parent=11546"}],"wp:term":[{"taxonomy":"product_brand","embeddable":true,"href":"https:\/\/glossar.travel\/ru\/wp-json\/wp\/v2\/product_brand?post=11546"},{"taxonomy":"product_cat","embeddable":true,"href":"https:\/\/glossar.travel\/ru\/wp-json\/wp\/v2\/product_cat?post=11546"},{"taxonomy":"product_tag","embeddable":true,"href":"https:\/\/glossar.travel\/ru\/wp-json\/wp\/v2\/product_tag?post=11546"}],"curies":[{"name":"wp","href":"https:\/\/api.w.org\/{rel}","templated":true}]}}