{"id":11526,"date":"2026-01-29T10:23:15","date_gmt":"2026-01-29T10:23:15","guid":{"rendered":"https:\/\/glossar.travel\/?post_type=product&#038;p=11526"},"modified":"2026-01-29T10:23:15","modified_gmt":"2026-01-29T10:23:15","slug":"hilton-maldives-amingiri-resort-spa-5","status":"publish","type":"product","link":"https:\/\/glossar.travel\/ru\/product\/hilton-maldives-amingiri-resort-spa-5\/","title":{"rendered":"Hilton Maldives Amingiri Resort &amp; Spa 5*"},"content":{"rendered":"<p>Cuib\u0103rit \u00een mijlocul apelor albastre lini\u0219tite ale Atolului Mal\u00e9 de Nord, Hilton Maldives Amingiri Resort &amp; Spa ofer\u0103 cazare pe malul m\u0103rii. U\u0219or accesibil printr-un transfer cu barca cu motor premium de 20 de minute de la Aeroportul Interna\u021bional Velana, hotelul ofer\u0103 diverse facilit\u0103\u021bi, precum restaurante, o piscin\u0103 \u00een aer liber \u0219i un bar. Aceast\u0103 sta\u021biune de 5 stele ofer\u0103 o zon\u0103 de plaj\u0103 privat\u0103 \u0219i un club pentru copii. Unitatea de cazare ofer\u0103 o recep\u021bie deschis\u0103 nonstop, room service \u0219i schimb valutar. Camerele complexului sunt dotate cu aer condi\u021bionat, birou, TV cu ecran plat, baie privat\u0103, lenjerie de pat, prosoape \u0219i teras\u0103 cu vedere la piscin\u0103. Fiecare camer\u0103 este dotat\u0103 cu o cutie de valori \u0219i ofer\u0103 vedere la mare. Toate camerele sunt dotate cu dulap \u0219i fierb\u0103tor. Hilton Maldives Amingiri ofer\u0103 un mic dejun continental sau tip bufet. Unitatea de cazare ofer\u0103 cazare de 5 stele, cu saun\u0103 \u0219i loc de joac\u0103 pentru copii. Oaspe\u021bii de la Hilton Maldives Amingiri Resort &amp; Spa vor putea practica activit\u0103\u021bi \u00een complex \u0219i \u00een \u00eemprejurimi, precum snorkeling. Muzeul Na\u021bional se afl\u0103 la 18 km de complex, iar Parcul Sultan este la 18 km de proprietate.<\/p>","protected":false},"excerpt":{"rendered":"<p>Cuib\u0103rit \u00een mijlocul apelor albastre lini\u0219tite ale Atolului Mal\u00e9 de Nord, Hilton Maldives Amingiri Resort &amp; Spa ofer\u0103 cazare pe malul m\u0103rii. U\u0219or accesibil printr-un transfer cu barca cu motor premium de 20 de minute de la Aeroportul Interna\u021bional Velana, hotelul ofer\u0103 diverse facilit\u0103\u021bi, precum restaurante, o piscin\u0103 \u00een aer liber \u0219i un bar. Aceast\u0103 [&hellip;]<\/p>\n","protected":false},"featured_media":11527,"template":"","meta":[],"product_brand":[],"product_cat":[28],"product_tag":[],"class_list":{"0":"post-11526","1":"product","2":"type-product","3":"status-publish","4":"has-post-thumbnail","6":"brw_countries-maldive","7":"brw_destinatie-insule","8":"product_cat-family","10":"first","11":"instock","12":"shipping-taxable","13":"purchasable","14":"product-type-ovabrw_car_rental"},"_links":{"self":[{"href":"https:\/\/glossar.travel\/ru\/wp-json\/wp\/v2\/product\/11526","targetHints":{"allow":["GET"]}}],"collection":[{"href":"https:\/\/glossar.travel\/ru\/wp-json\/wp\/v2\/product"}],"about":[{"href":"https:\/\/glossar.travel\/ru\/wp-json\/wp\/v2\/types\/product"}],"version-history":[{"count":1,"href":"https:\/\/glossar.travel\/ru\/wp-json\/wp\/v2\/product\/11526\/revisions"}],"predecessor-version":[{"id":11537,"href":"https:\/\/glossar.travel\/ru\/wp-json\/wp\/v2\/product\/11526\/revisions\/11537"}],"wp:featuredmedia":[{"embeddable":true,"href":"https:\/\/glossar.travel\/ru\/wp-json\/wp\/v2\/media\/11527"}],"wp:attachment":[{"href":"https:\/\/glossar.travel\/ru\/wp-json\/wp\/v2\/media?parent=11526"}],"wp:term":[{"taxonomy":"product_brand","embeddable":true,"href":"https:\/\/glossar.travel\/ru\/wp-json\/wp\/v2\/product_brand?post=11526"},{"taxonomy":"product_cat","embeddable":true,"href":"https:\/\/glossar.travel\/ru\/wp-json\/wp\/v2\/product_cat?post=11526"},{"taxonomy":"product_tag","embeddable":true,"href":"https:\/\/glossar.travel\/ru\/wp-json\/wp\/v2\/product_tag?post=11526"}],"curies":[{"name":"wp","href":"https:\/\/api.w.org\/{rel}","templated":true}]}}