{"id":11512,"date":"2026-01-29T09:49:58","date_gmt":"2026-01-29T09:49:58","guid":{"rendered":"https:\/\/glossar.travel\/?post_type=product&#038;p=11512"},"modified":"2026-01-29T09:49:58","modified_gmt":"2026-01-29T09:49:58","slug":"anantara-veli-maldives-resort-5","status":"publish","type":"product","link":"https:\/\/glossar.travel\/ru\/product\/anantara-veli-maldives-resort-5\/","title":{"rendered":"Anantara Veli Maldives Resort 5*"},"content":{"rendered":"<p>Dac\u0103 ave\u021bi nevoie de o insul\u0103 paradisiac\u0103, cu o simplitate \u0219ic, \u00eentr-un cadru tropical fermec\u0103tor, doar pentru adul\u021bi, nisipul alb \u0219i apele azurii ale sta\u021biunii Anantara Veli v\u0103 vor oferi cadrul perfect. Relaxeaz\u0103-te al\u0103turi de persoana iubit\u0103 \u00een bungalourile de deasupra apei, \u00een timp ce o multitudine spectaculoas\u0103 de animale marine \u00eenoat\u0103 \u00een laguna cristalin\u0103 de sub tine. Sta\u021biunea se afl\u0103 la o scurt\u0103 c\u0103l\u0103torie cu barca cu motor de 35 de minute de Aeroportul Interna\u021bional Velana, care func\u021bioneaz\u0103 toat\u0103 ziua. Cele 67 de bungalouri luxoase ale noastre combin\u0103 priveli\u0219ti uimitoare cu facilit\u0103\u021bi moderne pentru un sejur minunat. Alege\u021bi dintre camerele amplasate deasupra apei, cu vedere panoramic\u0103 la lagun\u0103, sau cele situate pe marginea lini\u0219tit\u0103 a unei st\u00e2nci, cu oceanul care v\u0103 lini\u0219te\u0219te \u0219i v\u0103 ajut\u0103 s\u0103 adormi\u021bi. Anantara Veli ofer\u0103 o gam\u0103 larg\u0103 de facilit\u0103\u021bi de 5 stele, precum \u0219i terenuri de tenis \u00een aer liber \u0219i un centru de fitness. Evadeaz\u0103 \u00eentr-un sanctuar natural \u00een \u00eemprejurimile luxuriante ale insulei interioare \u0219i experimenteaz\u0103 o abordare holistic\u0103 a bun\u0103st\u0103rii oferit\u0103 de Balance Wellness Spa by Anantara. Sta\u021biunea se m\u00e2ndre\u0219te \u0219i cu op\u021biuni convenabile de luat masa, cum ar fi seri tematice la 73 Degrees, m\u00e2ncare thailandez\u0103 autentic\u0103 la Baan Huraa \u0219i mese Teppanyaki teatrale \u0219i sushi artizanal la Origami. Seara, ad\u0103uga\u021bi un element de cin\u0103 gourmet cu un meniu unic conceput de dvs. \u0219i de buc\u0103tar, servit pe un banc de nisip pustiu, cu fundalul unui apus de soare uluitor din Maldive. Savureaz\u0103 nisipurile albe imaculate de sub picioare sau prinzi valuri pe o plac\u0103 de surf. Scufund\u0103ri de talie mondial\u0103, scufund\u0103ri libere \u0219i o gam\u0103 larg\u0103 de alte sporturi nautice palpitante v\u0103 a\u0219teapt\u0103.<\/p>","protected":false},"excerpt":{"rendered":"<p>Dac\u0103 ave\u021bi nevoie de o insul\u0103 paradisiac\u0103, cu o simplitate \u0219ic, \u00eentr-un cadru tropical fermec\u0103tor, doar pentru adul\u021bi, nisipul alb \u0219i apele azurii ale sta\u021biunii Anantara Veli v\u0103 vor oferi cadrul perfect. Relaxeaz\u0103-te al\u0103turi de persoana iubit\u0103 \u00een bungalourile de deasupra apei, \u00een timp ce o multitudine spectaculoas\u0103 de animale marine \u00eenoat\u0103 \u00een laguna cristalin\u0103 [&hellip;]<\/p>\n","protected":false},"featured_media":11521,"template":"","meta":[],"product_brand":[],"product_cat":[28],"product_tag":[],"class_list":{"0":"post-11512","1":"product","2":"type-product","3":"status-publish","4":"has-post-thumbnail","6":"brw_countries-maldive","7":"brw_destinatie-insule","8":"product_cat-family","10":"first","11":"instock","12":"shipping-taxable","13":"purchasable","14":"product-type-ovabrw_car_rental"},"_links":{"self":[{"href":"https:\/\/glossar.travel\/ru\/wp-json\/wp\/v2\/product\/11512","targetHints":{"allow":["GET"]}}],"collection":[{"href":"https:\/\/glossar.travel\/ru\/wp-json\/wp\/v2\/product"}],"about":[{"href":"https:\/\/glossar.travel\/ru\/wp-json\/wp\/v2\/types\/product"}],"version-history":[{"count":1,"href":"https:\/\/glossar.travel\/ru\/wp-json\/wp\/v2\/product\/11512\/revisions"}],"predecessor-version":[{"id":11522,"href":"https:\/\/glossar.travel\/ru\/wp-json\/wp\/v2\/product\/11512\/revisions\/11522"}],"wp:featuredmedia":[{"embeddable":true,"href":"https:\/\/glossar.travel\/ru\/wp-json\/wp\/v2\/media\/11521"}],"wp:attachment":[{"href":"https:\/\/glossar.travel\/ru\/wp-json\/wp\/v2\/media?parent=11512"}],"wp:term":[{"taxonomy":"product_brand","embeddable":true,"href":"https:\/\/glossar.travel\/ru\/wp-json\/wp\/v2\/product_brand?post=11512"},{"taxonomy":"product_cat","embeddable":true,"href":"https:\/\/glossar.travel\/ru\/wp-json\/wp\/v2\/product_cat?post=11512"},{"taxonomy":"product_tag","embeddable":true,"href":"https:\/\/glossar.travel\/ru\/wp-json\/wp\/v2\/product_tag?post=11512"}],"curies":[{"name":"wp","href":"https:\/\/api.w.org\/{rel}","templated":true}]}}