{"id":11491,"date":"2026-01-28T15:23:37","date_gmt":"2026-01-28T15:23:37","guid":{"rendered":"https:\/\/glossar.travel\/?post_type=product&#038;p=11491"},"modified":"2026-01-28T15:23:37","modified_gmt":"2026-01-28T15:23:37","slug":"waldorf-astoria-maldives-ithaafushi-5","status":"publish","type":"product","link":"https:\/\/glossar.travel\/ru\/product\/waldorf-astoria-maldives-ithaafushi-5\/","title":{"rendered":"Waldorf Astoria Maldives Ithaafushi 5*"},"content":{"rendered":"<p data-start=\"0\" data-end=\"365\">Situat\u0103 \u00een atolul Mal\u00e9 de Sud, aceast\u0103 sta\u021biune de lux se \u00eentinde pe teritoriul mai multor insule private \u0219i este accesibil\u0103 cu barca rapid\u0103 sau iahtul de la aeroportul interna\u021bional. Proprietatea ofer\u0103 vile amplasate pe plaj\u0103, deasupra lagunei sau pe ap\u0103, multe dintre ele cu piscine private, terase spa\u021bioase \u0219i priveli\u0219ti spectaculoase asupra Oceanului Indian.<\/p>\n<p data-start=\"367\" data-end=\"691\">Componenta culinar\u0103 merit\u0103 o aten\u021bie deosebit\u0103: oaspe\u021bii au la dispozi\u021bie peste zece restaurante \u0219i baruri, inclusiv loca\u021bii elegante pe ap\u0103, \u00een gr\u0103din\u0103 sau cu vedere la mare, printre care un restaurant Grill semnat de un chef renumit, un restaurant-lounge \u0219i mai multe baruri, fiecare cu atmosfer\u0103 \u0219i buc\u0103t\u0103rie distincte.<\/p>\n<p data-start=\"693\" data-end=\"1004\" data-is-last-node=\"\" data-is-only-node=\"\">Pentru petrecerea activ\u0103 a timpului liber sunt disponibile numeroase activit\u0103\u021bi sportive \u0219i acvatice: scufund\u0103ri \u0219i snorkeling la recife, sporturi nautice, plimb\u0103ri cu iahtul, centru de fitness, tenis (\u0219i padel) precum \u0219i o varietate de excursii. De asemenea, sunt prev\u0103zute cluburi pentru copii \u0219i adolescen\u021bi.<\/p>","protected":false},"excerpt":{"rendered":"<p>Situat\u0103 \u00een atolul Mal\u00e9 de Sud, aceast\u0103 sta\u021biune de lux se \u00eentinde pe teritoriul mai multor insule private \u0219i este accesibil\u0103 cu barca rapid\u0103 sau iahtul de la aeroportul interna\u021bional. Proprietatea ofer\u0103 vile amplasate pe plaj\u0103, deasupra lagunei sau pe ap\u0103, multe dintre ele cu piscine private, terase spa\u021bioase \u0219i priveli\u0219ti spectaculoase asupra Oceanului Indian. [&hellip;]<\/p>\n","protected":false},"featured_media":11492,"template":"","meta":[],"product_brand":[],"product_cat":[28],"product_tag":[],"class_list":{"0":"post-11491","1":"product","2":"type-product","3":"status-publish","4":"has-post-thumbnail","6":"brw_countries-maldive","7":"brw_destinatie-insule","8":"product_cat-family","10":"first","11":"instock","12":"shipping-taxable","13":"purchasable","14":"product-type-ovabrw_car_rental"},"_links":{"self":[{"href":"https:\/\/glossar.travel\/ru\/wp-json\/wp\/v2\/product\/11491","targetHints":{"allow":["GET"]}}],"collection":[{"href":"https:\/\/glossar.travel\/ru\/wp-json\/wp\/v2\/product"}],"about":[{"href":"https:\/\/glossar.travel\/ru\/wp-json\/wp\/v2\/types\/product"}],"version-history":[{"count":1,"href":"https:\/\/glossar.travel\/ru\/wp-json\/wp\/v2\/product\/11491\/revisions"}],"predecessor-version":[{"id":11502,"href":"https:\/\/glossar.travel\/ru\/wp-json\/wp\/v2\/product\/11491\/revisions\/11502"}],"wp:featuredmedia":[{"embeddable":true,"href":"https:\/\/glossar.travel\/ru\/wp-json\/wp\/v2\/media\/11492"}],"wp:attachment":[{"href":"https:\/\/glossar.travel\/ru\/wp-json\/wp\/v2\/media?parent=11491"}],"wp:term":[{"taxonomy":"product_brand","embeddable":true,"href":"https:\/\/glossar.travel\/ru\/wp-json\/wp\/v2\/product_brand?post=11491"},{"taxonomy":"product_cat","embeddable":true,"href":"https:\/\/glossar.travel\/ru\/wp-json\/wp\/v2\/product_cat?post=11491"},{"taxonomy":"product_tag","embeddable":true,"href":"https:\/\/glossar.travel\/ru\/wp-json\/wp\/v2\/product_tag?post=11491"}],"curies":[{"name":"wp","href":"https:\/\/api.w.org\/{rel}","templated":true}]}}