{"id":11481,"date":"2026-01-28T14:53:33","date_gmt":"2026-01-28T14:53:33","guid":{"rendered":"https:\/\/glossar.travel\/?post_type=product&#038;p=11481"},"modified":"2026-01-28T14:53:33","modified_gmt":"2026-01-28T14:53:33","slug":"the-ritz-carlton-maldives-5","status":"publish","type":"product","link":"https:\/\/glossar.travel\/ru\/product\/the-ritz-carlton-maldives-5\/","title":{"rendered":"The Ritz-Carlton Maldives 5*"},"content":{"rendered":"<p class=\"b99b6ef58f f1152bae71\" data-testid=\"property-description\">The Ritz-Carlton Maldives, Fari Islands se afl\u0103 pe malul m\u0103rii \u00een North Mal\u00e9 Atoll \u0219i ofer\u0103 cazare de 5 stele, biciclete gratuite, un centru de fitness \u0219i o gr\u0103din\u0103. Printre diversele facilit\u0103\u021bi disponibile la proprietate se num\u0103r\u0103 o zon\u0103 de plaj\u0103 privat\u0103, un lounge comun \u0219i un bar. Proprietatea pune la dispozi\u021bie o saun\u0103, divertisment de sear\u0103 \u0219i un club pentru copii. La acest complex, fiecare camer\u0103 include climatizare, birou, teras\u0103 cu o vedere la mare, baie proprie, televizor cu ecran plat, lenjerie de pat \u0219i prosoape. Baia proprie ofer\u0103 o cad\u0103, articole de toalet\u0103 gratuite \u0219i un usc\u0103tor de p\u0103r. Camerele includ un dulap pentru haine \u0219i o o cafetier\u0103. Oaspe\u021bii caza\u021bi la The Ritz-Carlton Maldives, Fari Islands au la dispozi\u021bie un mic dejun tip bufet. The Ritz-Carlton Maldives, Fari Islands are un restaurant care serve\u0219te m\u00e2nc\u0103ruri din buc\u0103t\u0103ria cantonez\u0103, indian\u0103 \u0219i italian\u0103. La cerere, sunt disponibile \u0219i preparate vegetariene, f\u0103r\u0103 lactate \u0219i halal. Acest complex ofer\u0103 o cad\u0103 cu hidromasaj. La The Ritz-Carlton Maldives, Fari Islands pute\u021bi juca tenis de mas\u0103 \u0219i tenis, iar zona este popular\u0103 pentru caiac-canoe \u0219i ciclism. Personalul de la recep\u021bie vorbe\u0219te limbile englez\u0103 britanic\u0103, spaniol\u0103, portughez\u0103 \u0219i rus\u0103.<\/p>\n<p class=\"\" data-testid=\"property-description-location-score-trans\">Cuplurile apreciaz\u0103 \u00een mod deosebit aceast\u0103 loca\u021bie. I-au dat scorul\u00a0<b>9,5<\/b>\u00a0pentru un sejur pentru 2 persoane.<\/p>","protected":false},"excerpt":{"rendered":"<p>The Ritz-Carlton Maldives, Fari Islands se afl\u0103 pe malul m\u0103rii \u00een North Mal\u00e9 Atoll \u0219i ofer\u0103 cazare de 5 stele, biciclete gratuite, un centru de fitness \u0219i o gr\u0103din\u0103. Printre diversele facilit\u0103\u021bi disponibile la proprietate se num\u0103r\u0103 o zon\u0103 de plaj\u0103 privat\u0103, un lounge comun \u0219i un bar. Proprietatea pune la dispozi\u021bie o saun\u0103, divertisment [&hellip;]<\/p>\n","protected":false},"featured_media":11482,"template":"","meta":[],"product_brand":[],"product_cat":[28],"product_tag":[],"class_list":{"0":"post-11481","1":"product","2":"type-product","3":"status-publish","4":"has-post-thumbnail","6":"brw_countries-maldive","7":"brw_destinatie-insule","8":"product_cat-family","10":"first","11":"instock","12":"shipping-taxable","13":"purchasable","14":"product-type-ovabrw_car_rental"},"_links":{"self":[{"href":"https:\/\/glossar.travel\/ru\/wp-json\/wp\/v2\/product\/11481","targetHints":{"allow":["GET"]}}],"collection":[{"href":"https:\/\/glossar.travel\/ru\/wp-json\/wp\/v2\/product"}],"about":[{"href":"https:\/\/glossar.travel\/ru\/wp-json\/wp\/v2\/types\/product"}],"version-history":[{"count":1,"href":"https:\/\/glossar.travel\/ru\/wp-json\/wp\/v2\/product\/11481\/revisions"}],"predecessor-version":[{"id":11490,"href":"https:\/\/glossar.travel\/ru\/wp-json\/wp\/v2\/product\/11481\/revisions\/11490"}],"wp:featuredmedia":[{"embeddable":true,"href":"https:\/\/glossar.travel\/ru\/wp-json\/wp\/v2\/media\/11482"}],"wp:attachment":[{"href":"https:\/\/glossar.travel\/ru\/wp-json\/wp\/v2\/media?parent=11481"}],"wp:term":[{"taxonomy":"product_brand","embeddable":true,"href":"https:\/\/glossar.travel\/ru\/wp-json\/wp\/v2\/product_brand?post=11481"},{"taxonomy":"product_cat","embeddable":true,"href":"https:\/\/glossar.travel\/ru\/wp-json\/wp\/v2\/product_cat?post=11481"},{"taxonomy":"product_tag","embeddable":true,"href":"https:\/\/glossar.travel\/ru\/wp-json\/wp\/v2\/product_tag?post=11481"}],"curies":[{"name":"wp","href":"https:\/\/api.w.org\/{rel}","templated":true}]}}