{"id":11469,"date":"2026-01-28T14:20:56","date_gmt":"2026-01-28T14:20:56","guid":{"rendered":"https:\/\/glossar.travel\/?post_type=product&#038;p=11469"},"modified":"2026-01-28T14:20:56","modified_gmt":"2026-01-28T14:20:56","slug":"one-only-reethi-rah-5-maldive-atolul-male-de-nord","status":"publish","type":"product","link":"https:\/\/glossar.travel\/ru\/product\/one-only-reethi-rah-5-maldive-atolul-male-de-nord\/","title":{"rendered":"One &amp; Only Reethi Rah, 5* Maldive, Atolul Male de Nord"},"content":{"rendered":"<div class=\"Y3BBE\" data-sfc-cp=\"\" data-hveid=\"CAIQAA\" data-processed=\"true\" data-complete=\"true\">One&amp;Only Reethi Rah este o sta\u021biune de lux de cinci stele, situat\u0103 pe o insul\u0103 privat\u0103 din Atolul Mal\u00e9 Nord, Maldive, renumit\u0103 pentru designul s\u0103u rafinat, vilele spa\u021bioase \u0219i gama larg\u0103 de facilit\u0103\u021bi.<span class=\"uJ19be notranslate\" data-wiz-uids=\"nL90r_d,nL90r_e\" data-complete=\"true\"><span class=\"vKEkVd\" data-animation-atomic=\"\" data-wiz-attrbind=\"class=nL90r_c\/TKHnVd\" data-sae=\"\">\u00a0<\/span><\/span><\/div>\n<div class=\"otQkpb\" role=\"heading\" data-animation-nesting=\"\" data-sfc-cp=\"\" data-sae=\"\" data-complete=\"true\">Caracteristici Principale.<\/div>\n<ul class=\"KsbFXc U6u95\" data-processed=\"true\" data-complete=\"true\">\n<li data-hveid=\"CAQQAA\" data-sae=\"\" data-complete=\"true\"><span class=\"T286Pc\" data-sfc-cp=\"\" data-complete=\"true\"><strong class=\"Yjhzub\" data-complete=\"true\">Localizare \u0219i Transfer<\/strong>: Complexul este situat pe o insul\u0103 pitoreasc\u0103, \u00eenconjurat\u0103 de lagune azurii \u0219i 12 plaje private cu nisip auriu. Transferul de la Aeroportul Interna\u021bional Velana (Mal\u00e9) dureaz\u0103 aproximativ 75 de minute cu un iaht de lux sau 20-45 de minute cu un hidroavion privat.<\/span><\/li>\n<li data-hveid=\"CAQQAQ\" data-sae=\"\" data-complete=\"true\"><span class=\"T286Pc\" data-sfc-cp=\"\" data-complete=\"true\"><strong class=\"Yjhzub\" data-complete=\"true\">Vile Elegante<\/strong>: Cazarea const\u0103 \u00een vile luxoase, deasupra apei (Water Villas) sau pe plaj\u0103 (Beach Villas), cu acoperi\u0219uri de paie \u0219i tavane \u00eenalte. Toate vilele beneficiaz\u0103 de un serviciu de concierge personalizat disponibil 24 de ore din 24 \u0219i dou\u0103 biciclete alocate fiec\u0103rei vile pentru explorarea insulei. Unele op\u021biuni includ piscine private sau zone extinse de plaj\u0103 privat\u0103.<\/span><\/li>\n<li data-hveid=\"CAQQAg\" data-sae=\"\" data-complete=\"true\"><span class=\"T286Pc\" data-sfc-cp=\"\" data-complete=\"true\"><strong class=\"Yjhzub\" data-complete=\"true\">Facilit\u0103\u021bi \u0219i Activit\u0103\u021bi<\/strong>: Oaspe\u021bii au acces la o gam\u0103 variat\u0103 de facilit\u0103\u021bi, inclusiv:<\/span>\n<ul class=\"KsbFXc U6u95\" data-complete=\"true\">\n<li data-hveid=\"CAQQAw\" data-sae=\"\" data-complete=\"true\"><span class=\"T286Pc\" data-sfc-cp=\"\" data-complete=\"true\"><strong class=\"Yjhzub\" data-complete=\"true\">\u0411\u0430\u0441\u0441\u0435\u0439\u043d\u044b<\/strong>: Multiple piscine, inclusiv o piscin\u0103 infinit\u0103 cu vedere la Oceanul Indian.<\/span><\/li>\n<li data-hveid=\"CAQQBA\" data-sae=\"\" data-complete=\"true\"><span class=\"T286Pc\" data-sfc-cp=\"\" data-complete=\"true\"><strong class=\"Yjhzub\" data-complete=\"true\">Divertisment<\/strong>: Activit\u0103\u021bi precum tenis, excursii cu bicicleta, scufund\u0103ri \u0219i un centru spa de talie mondial\u0103.<\/span><\/li>\n<li data-hveid=\"CAQQBQ\" data-sae=\"\" data-complete=\"true\"><span class=\"T286Pc\" data-sfc-cp=\"\" data-complete=\"true\"><strong class=\"Yjhzub\" data-complete=\"true\">Plaj\u0103 Privat\u0103<\/strong>: Acces la o plaj\u0103 privat\u0103 \u0219i lini\u0219tit\u0103, ideal\u0103 pentru relaxare.<\/span><\/li>\n<\/ul>\n<\/li>\n<li data-hveid=\"CAQQBg\" data-sae=\"\" data-complete=\"true\"><span class=\"T286Pc\" data-sfc-cp=\"\" data-complete=\"true\"><strong class=\"Yjhzub\" data-complete=\"true\">Restaurante<\/strong>: Exist\u0103 mai multe op\u021biuni de luat masa, inclusiv restaurantul principal Reethi, care ofer\u0103 o selec\u021bie larg\u0103 de preparate, \u0219i alte restaurante specializate, cum ar fi un restaurant thailandez.<\/span><\/li>\n<\/ul>","protected":false},"excerpt":{"rendered":"<p>One&amp;Only Reethi Rah este o sta\u021biune de lux de cinci stele, situat\u0103 pe o insul\u0103 privat\u0103 din Atolul Mal\u00e9 Nord, Maldive, renumit\u0103 pentru designul s\u0103u rafinat, vilele spa\u021bioase \u0219i gama larg\u0103 de facilit\u0103\u021bi.\u00a0 Caracteristici Principale. Localizare \u0219i Transfer: Complexul este situat pe o insul\u0103 pitoreasc\u0103, \u00eenconjurat\u0103 de lagune azurii \u0219i 12 plaje private cu nisip [&hellip;]<\/p>\n","protected":false},"featured_media":11470,"template":"","meta":[],"product_brand":[],"product_cat":[28],"product_tag":[],"class_list":{"0":"post-11469","1":"product","2":"type-product","3":"status-publish","4":"has-post-thumbnail","6":"brw_countries-maldive","7":"brw_destinatie-insule","8":"product_cat-family","10":"first","11":"instock","12":"shipping-taxable","13":"purchasable","14":"product-type-ovabrw_car_rental"},"_links":{"self":[{"href":"https:\/\/glossar.travel\/ru\/wp-json\/wp\/v2\/product\/11469","targetHints":{"allow":["GET"]}}],"collection":[{"href":"https:\/\/glossar.travel\/ru\/wp-json\/wp\/v2\/product"}],"about":[{"href":"https:\/\/glossar.travel\/ru\/wp-json\/wp\/v2\/types\/product"}],"version-history":[{"count":1,"href":"https:\/\/glossar.travel\/ru\/wp-json\/wp\/v2\/product\/11469\/revisions"}],"predecessor-version":[{"id":11480,"href":"https:\/\/glossar.travel\/ru\/wp-json\/wp\/v2\/product\/11469\/revisions\/11480"}],"wp:featuredmedia":[{"embeddable":true,"href":"https:\/\/glossar.travel\/ru\/wp-json\/wp\/v2\/media\/11470"}],"wp:attachment":[{"href":"https:\/\/glossar.travel\/ru\/wp-json\/wp\/v2\/media?parent=11469"}],"wp:term":[{"taxonomy":"product_brand","embeddable":true,"href":"https:\/\/glossar.travel\/ru\/wp-json\/wp\/v2\/product_brand?post=11469"},{"taxonomy":"product_cat","embeddable":true,"href":"https:\/\/glossar.travel\/ru\/wp-json\/wp\/v2\/product_cat?post=11469"},{"taxonomy":"product_tag","embeddable":true,"href":"https:\/\/glossar.travel\/ru\/wp-json\/wp\/v2\/product_tag?post=11469"}],"curies":[{"name":"wp","href":"https:\/\/api.w.org\/{rel}","templated":true}]}}