{"id":11441,"date":"2026-01-16T09:42:40","date_gmt":"2026-01-16T09:42:40","guid":{"rendered":"https:\/\/glossar.travel\/?post_type=product&#038;p=11441"},"modified":"2026-01-16T09:42:41","modified_gmt":"2026-01-16T09:42:41","slug":"jw-marriott-maldives-5","status":"publish","type":"product","link":"https:\/\/glossar.travel\/ru\/product\/jw-marriott-maldives-5\/","title":{"rendered":"JW Marriott Maldives 5 *"},"content":{"rendered":"<p>JW Marriott Maldives Resort &amp; Spa este un nou hotel de lux situat pe insula pitoreasc\u0103 Vagaru din atolul Shaviyani. Oaspe\u021bilor li se ofer\u0103 aici o gam\u0103 complet\u0103 de servicii de prim\u0103 clas\u0103 &#8211; de la vile de lux cu piscine private \u0219i restaurante elegante care ofer\u0103 preparate din diferite \u021b\u0103ri, p\u00e2n\u0103 la un magnific centru Spa, club pentru copii, scufund\u0103ri, sport \u0219i alte tipuri de divertisment JW Marriott Maldives Resort &amp; Spa combin\u0103 serviciile exclusive ale unui brand de hotel faimos \u00een lume cu farmecul unei insule tropicale \u00eendep\u0103rtate.<\/p>","protected":false},"excerpt":{"rendered":"<p>JW Marriott Maldives Resort &amp; Spa este un nou hotel de lux situat pe insula pitoreasc\u0103 Vagaru din atolul Shaviyani. Oaspe\u021bilor li se ofer\u0103 aici o gam\u0103 complet\u0103 de servicii de prim\u0103 clas\u0103 &#8211; de la vile de lux cu piscine private \u0219i restaurante elegante care ofer\u0103 preparate din diferite \u021b\u0103ri, p\u00e2n\u0103 la un magnific [&hellip;]<\/p>\n","protected":false},"featured_media":11449,"template":"","meta":[],"product_brand":[],"product_cat":[28],"product_tag":[],"class_list":{"0":"post-11441","1":"product","2":"type-product","3":"status-publish","4":"has-post-thumbnail","6":"brw_countries-maldive","7":"brw_destinatie-insule","8":"product_cat-family","10":"first","11":"instock","12":"shipping-taxable","13":"purchasable","14":"product-type-ovabrw_car_rental"},"_links":{"self":[{"href":"https:\/\/glossar.travel\/ru\/wp-json\/wp\/v2\/product\/11441","targetHints":{"allow":["GET"]}}],"collection":[{"href":"https:\/\/glossar.travel\/ru\/wp-json\/wp\/v2\/product"}],"about":[{"href":"https:\/\/glossar.travel\/ru\/wp-json\/wp\/v2\/types\/product"}],"version-history":[{"count":0,"href":"https:\/\/glossar.travel\/ru\/wp-json\/wp\/v2\/product\/11441\/revisions"}],"wp:featuredmedia":[{"embeddable":true,"href":"https:\/\/glossar.travel\/ru\/wp-json\/wp\/v2\/media\/11449"}],"wp:attachment":[{"href":"https:\/\/glossar.travel\/ru\/wp-json\/wp\/v2\/media?parent=11441"}],"wp:term":[{"taxonomy":"product_brand","embeddable":true,"href":"https:\/\/glossar.travel\/ru\/wp-json\/wp\/v2\/product_brand?post=11441"},{"taxonomy":"product_cat","embeddable":true,"href":"https:\/\/glossar.travel\/ru\/wp-json\/wp\/v2\/product_cat?post=11441"},{"taxonomy":"product_tag","embeddable":true,"href":"https:\/\/glossar.travel\/ru\/wp-json\/wp\/v2\/product_tag?post=11441"}],"curies":[{"name":"wp","href":"https:\/\/api.w.org\/{rel}","templated":true}]}}