{"id":11428,"date":"2026-01-16T09:21:12","date_gmt":"2026-01-16T09:21:12","guid":{"rendered":"https:\/\/glossar.travel\/?post_type=product&#038;p=11428"},"modified":"2026-01-16T09:23:33","modified_gmt":"2026-01-16T09:23:33","slug":"kagi-maldives-spa-island-5","status":"publish","type":"product","link":"https:\/\/glossar.travel\/ru\/product\/kagi-maldives-spa-island-5\/","title":{"rendered":"Kagi Maldives Spa Island 5"},"content":{"rendered":"<p>Kagi Maldives Spa Island Resort este situat \u00een atolul Male de Nord. La proprietate exist\u0103 un restaurant, un bar \u0219i un lounge comun. Se ofer\u0103 room service, serviciu de concierge \u0219i Wi-Fi gratuit \u00een \u00eentreaga proprietate. Ofer\u0103 o piscin\u0103 \u00een aer liber, centru de fitness, divertisment de sear\u0103 \u0219i o recep\u021bie deschis\u0103 nonstop. Toate camerele sunt dotate cu aer condi\u021bionat, TV cu ecran plat cu canale prin satelit, ceainic, du\u0219, usc\u0103tor de p\u0103r \u0219i birou. Baia privat\u0103 are cad\u0103 \u0219i articole de toalet\u0103 gratuite. Ferestrele au vedere la piscin\u0103. Fiecare camer\u0103 de la Kagi Maldives Spa Island Resort are zon\u0103 de relaxare. Oaspe\u021bii se pot bucura de un mic dejun continental sau tip bufet. Kagi Maldives Spa Island Resort are o teras\u0103. Pute\u021bi juca tenis de mas\u0103 la complex. O insul\u0103 umil\u0103 fermec\u0103toare pentru cei care caut\u0103 o leg\u0103tur\u0103 natural\u0103 \u00eentre wellness \u0219i relaxare. Insula Kagi Maldives Spa face parte din faimosul concept maldivian de \u201eOne Island &#8211; One Resort\u201d. Cel mai apropiat aeroport este Aeroportul Interna\u021bional Male, situat la 10 km de Kagi Maldives Spa Island Resort. Un serviciu de transfer de la\/la aeroport poate fi aranjat la un cost suplimentar.<\/p>","protected":false},"excerpt":{"rendered":"<p>Kagi Maldives Spa Island Resort este situat \u00een atolul Male de Nord. La proprietate exist\u0103 un restaurant, un bar \u0219i un lounge comun. Se ofer\u0103 room service, serviciu de concierge \u0219i Wi-Fi gratuit \u00een \u00eentreaga proprietate. Ofer\u0103 o piscin\u0103 \u00een aer liber, centru de fitness, divertisment de sear\u0103 \u0219i o recep\u021bie deschis\u0103 nonstop. Toate camerele [&hellip;]<\/p>\n","protected":false},"featured_media":11439,"template":"","meta":[],"product_brand":[],"product_cat":[28],"product_tag":[],"class_list":{"0":"post-11428","1":"product","2":"type-product","3":"status-publish","4":"has-post-thumbnail","6":"brw_countries-maldive","7":"brw_destinatie-insule","8":"product_cat-family","10":"first","11":"instock","12":"shipping-taxable","13":"purchasable","14":"product-type-ovabrw_car_rental"},"_links":{"self":[{"href":"https:\/\/glossar.travel\/ru\/wp-json\/wp\/v2\/product\/11428","targetHints":{"allow":["GET"]}}],"collection":[{"href":"https:\/\/glossar.travel\/ru\/wp-json\/wp\/v2\/product"}],"about":[{"href":"https:\/\/glossar.travel\/ru\/wp-json\/wp\/v2\/types\/product"}],"version-history":[{"count":0,"href":"https:\/\/glossar.travel\/ru\/wp-json\/wp\/v2\/product\/11428\/revisions"}],"wp:featuredmedia":[{"embeddable":true,"href":"https:\/\/glossar.travel\/ru\/wp-json\/wp\/v2\/media\/11439"}],"wp:attachment":[{"href":"https:\/\/glossar.travel\/ru\/wp-json\/wp\/v2\/media?parent=11428"}],"wp:term":[{"taxonomy":"product_brand","embeddable":true,"href":"https:\/\/glossar.travel\/ru\/wp-json\/wp\/v2\/product_brand?post=11428"},{"taxonomy":"product_cat","embeddable":true,"href":"https:\/\/glossar.travel\/ru\/wp-json\/wp\/v2\/product_cat?post=11428"},{"taxonomy":"product_tag","embeddable":true,"href":"https:\/\/glossar.travel\/ru\/wp-json\/wp\/v2\/product_tag?post=11428"}],"curies":[{"name":"wp","href":"https:\/\/api.w.org\/{rel}","templated":true}]}}