{"id":11394,"date":"2026-01-05T09:12:26","date_gmt":"2026-01-05T09:12:26","guid":{"rendered":"https:\/\/glossar.travel\/?post_type=product&#038;p=11394"},"modified":"2026-01-05T09:12:26","modified_gmt":"2026-01-05T09:12:26","slug":"citrus-waskaduwa-5-sri-lanka-kalutara","status":"publish","type":"product","link":"https:\/\/glossar.travel\/ru\/product\/citrus-waskaduwa-5-sri-lanka-kalutara\/","title":{"rendered":"Citrus Waskaduwa 5*, Sri Lanka , Kalutara"},"content":{"rendered":"<p>Hotelul Citrus Waskaduwa este un resort luxos de 5 stele amplasat pe malul oceanului \u00een partea de vest a Kalutarei, \u00een Sri Lanka.<br \/>\nCu o arhitectur\u0103 modern\u0103 \u0219i elegant\u0103, hotelul ofer\u0103 oaspe\u021bilor s\u0103i o experien\u021b\u0103 cu adev\u0103rat romantic\u0103 \u0219i relaxant\u0103, \u00eentr-un cadru natural deosebit.<br \/>\nCamerele sunt spa\u021bioase, confortabile \u0219i decorate cu gust, dotate cu toate facilit\u0103\u021bile necesare pentru a v\u0103 asigura un sejur c\u00e2t mai pl\u0103cut. Fiecare camer\u0103 dispune de aer condi\u021bionat, televizor cu ecran plat, minibar, baie privat\u0103 cu du\u0219, usc\u0103tor de p\u0103r \u0219i articole de toalet\u0103 gratuite. De asemenea, majoritatea camerele ofer\u0103 o priveli\u0219te uimitoare la ocean.<br \/>\nHotelul Citrus Waskaduwa ofer\u0103 o mul\u021bime de op\u021biuni pentru activit\u0103\u021bi de divertisment \u0219i recreere: o piscin\u0103 \u00een aer liber, un centru fitness, sporturi acvatice (contra cost), precum caiacul sau scufund\u0103rile.<br \/>\nRestaurantul principal al hotelului, Lotus, ofer\u0103 preparate delicioase din buc\u0103t\u0103ria interna\u021bional\u0103, precum \u0219i specialit\u0103\u021bi din Sri Lanka. De asemenea, hotelul are mai multe baruri, inclusiv un bar \u00een piscin\u0103, perfect pentru a v\u0103 rehidrata dup\u0103 o zi intens\u0103 de plaj\u0103.<\/p>","protected":false},"excerpt":{"rendered":"<p>Hotelul Citrus Waskaduwa este un resort luxos de 5 stele amplasat pe malul oceanului \u00een partea de vest a Kalutarei, \u00een Sri Lanka. Cu o arhitectur\u0103 modern\u0103 \u0219i elegant\u0103, hotelul ofer\u0103 oaspe\u021bilor s\u0103i o experien\u021b\u0103 cu adev\u0103rat romantic\u0103 \u0219i relaxant\u0103, \u00eentr-un cadru natural deosebit. Camerele sunt spa\u021bioase, confortabile \u0219i decorate cu gust, dotate cu toate [&hellip;]<\/p>\n","protected":false},"featured_media":11397,"template":"","meta":[],"product_brand":[],"product_cat":[28],"product_tag":[],"class_list":{"0":"post-11394","1":"product","2":"type-product","3":"status-publish","4":"has-post-thumbnail","6":"brw_countries-sri-lanka","7":"brw_destinatie-mare","8":"product_cat-family","10":"first","11":"instock","12":"shipping-taxable","13":"purchasable","14":"product-type-ovabrw_car_rental"},"_links":{"self":[{"href":"https:\/\/glossar.travel\/ru\/wp-json\/wp\/v2\/product\/11394","targetHints":{"allow":["GET"]}}],"collection":[{"href":"https:\/\/glossar.travel\/ru\/wp-json\/wp\/v2\/product"}],"about":[{"href":"https:\/\/glossar.travel\/ru\/wp-json\/wp\/v2\/types\/product"}],"version-history":[{"count":0,"href":"https:\/\/glossar.travel\/ru\/wp-json\/wp\/v2\/product\/11394\/revisions"}],"wp:featuredmedia":[{"embeddable":true,"href":"https:\/\/glossar.travel\/ru\/wp-json\/wp\/v2\/media\/11397"}],"wp:attachment":[{"href":"https:\/\/glossar.travel\/ru\/wp-json\/wp\/v2\/media?parent=11394"}],"wp:term":[{"taxonomy":"product_brand","embeddable":true,"href":"https:\/\/glossar.travel\/ru\/wp-json\/wp\/v2\/product_brand?post=11394"},{"taxonomy":"product_cat","embeddable":true,"href":"https:\/\/glossar.travel\/ru\/wp-json\/wp\/v2\/product_cat?post=11394"},{"taxonomy":"product_tag","embeddable":true,"href":"https:\/\/glossar.travel\/ru\/wp-json\/wp\/v2\/product_tag?post=11394"}],"curies":[{"name":"wp","href":"https:\/\/api.w.org\/{rel}","templated":true}]}}