{"id":11384,"date":"2026-01-05T08:59:06","date_gmt":"2026-01-05T08:59:06","guid":{"rendered":"https:\/\/glossar.travel\/?post_type=product&#038;p=11384"},"modified":"2026-01-14T11:08:29","modified_gmt":"2026-01-14T11:08:29","slug":"shangri-la-hambantota-resort-spa-5-sri-lanka-hambantota","status":"publish","type":"product","link":"https:\/\/glossar.travel\/ru\/product\/shangri-la-hambantota-resort-spa-5-sri-lanka-hambantota\/","title":{"rendered":"Shangri-La Hambantota Resort &amp; Spa 5* Sri Lanka , Hambantota"},"content":{"rendered":"<p>Hotelul Shangri-La&#8217;s Hambantota Resort &amp; Spa este situat \u00een sud-vestul Sri Lank\u0103i, \u00een ora\u0219ul Hambantota. Acesta este inconjurat de o plaj\u0103 idilic\u0103 cu nisip fin \u0219i de gr\u0103dini luxuriante, oferind oaspe\u021bilor o ambian\u021b\u0103 lini\u0219tit\u0103 \u0219i relaxant\u0103.<\/p>\n<p>Cu un design modern \u0219i elegant, complexul dispune de 300 de camere \u0219i suite luxoase, fiecare cu balcon privat sau teras\u0103, cu vedere la mare, la gr\u0103din\u0103 sau la piscin\u0103. Mobilierul este elegant \u0219i confortabil, iar fiecare camer\u0103 este dotat\u0103 cu toate facilit\u0103\u021bile moderne, inclusiv acces WiFi, televizor cu ecran plat, mini-bar \u0219i facilit\u0103\u021bi pentru prepararea de ceai \u0219i cafea.<\/p>\n<p>Restaurantul principal al hotelului ofer\u0103 o varietate de delicii asiatice \u0219i interna\u021bionale, iar oaspe\u021bii pot alege, de asemenea, s\u0103 ia masa \u00een aer liber, la unul dintre cele dou\u0103 restaurante a-la-carte aflate \u00een interiorul complexului. Lounge-ul elegant ofer\u0103 un mediu relaxant unde oaspe\u021bii pot savura b\u0103uturile preferate \u0219i socializa cu prietenii.<\/p>\n<p>Activit\u0103\u021bile de agrement includ o piscin\u0103 mare, o sal\u0103 de fitness modern\u0103 \u0219i un centru de spa complet echipat, unde oaspe\u021bii pot alege dintr-o gam\u0103 larg\u0103 de tratamente \u0219i masaje.<\/p>\n<p>Probabil cel mai impresionant aspect al acestui hotel de cinci stele este vederea uimitoare la p\u0103durea tropical\u0103, la plajele de nisip fin \u0219i la oceanul indian.<\/p>","protected":false},"excerpt":{"rendered":"<p>Hotelul Shangri-La&#8217;s Hambantota Resort &amp; Spa este situat \u00een sud-vestul Sri Lank\u0103i, \u00een ora\u0219ul Hambantota. Acesta este inconjurat de o plaj\u0103 idilic\u0103 cu nisip fin \u0219i de gr\u0103dini luxuriante, oferind oaspe\u021bilor o ambian\u021b\u0103 lini\u0219tit\u0103 \u0219i relaxant\u0103. Cu un design modern \u0219i elegant, complexul dispune de 300 de camere \u0219i suite luxoase, fiecare cu balcon privat [&hellip;]<\/p>\n","protected":false},"featured_media":11387,"template":"","meta":[],"product_brand":[],"product_cat":[28],"product_tag":[],"class_list":{"0":"post-11384","1":"product","2":"type-product","3":"status-publish","4":"has-post-thumbnail","6":"brw_countries-sri-lanka","7":"brw_destinatie-mare","8":"product_cat-family","10":"first","11":"instock","12":"sale","13":"shipping-taxable","14":"purchasable","15":"product-type-ovabrw_car_rental"},"_links":{"self":[{"href":"https:\/\/glossar.travel\/ru\/wp-json\/wp\/v2\/product\/11384","targetHints":{"allow":["GET"]}}],"collection":[{"href":"https:\/\/glossar.travel\/ru\/wp-json\/wp\/v2\/product"}],"about":[{"href":"https:\/\/glossar.travel\/ru\/wp-json\/wp\/v2\/types\/product"}],"version-history":[{"count":0,"href":"https:\/\/glossar.travel\/ru\/wp-json\/wp\/v2\/product\/11384\/revisions"}],"wp:featuredmedia":[{"embeddable":true,"href":"https:\/\/glossar.travel\/ru\/wp-json\/wp\/v2\/media\/11387"}],"wp:attachment":[{"href":"https:\/\/glossar.travel\/ru\/wp-json\/wp\/v2\/media?parent=11384"}],"wp:term":[{"taxonomy":"product_brand","embeddable":true,"href":"https:\/\/glossar.travel\/ru\/wp-json\/wp\/v2\/product_brand?post=11384"},{"taxonomy":"product_cat","embeddable":true,"href":"https:\/\/glossar.travel\/ru\/wp-json\/wp\/v2\/product_cat?post=11384"},{"taxonomy":"product_tag","embeddable":true,"href":"https:\/\/glossar.travel\/ru\/wp-json\/wp\/v2\/product_tag?post=11384"}],"curies":[{"name":"wp","href":"https:\/\/api.w.org\/{rel}","templated":true}]}}