{"id":11366,"date":"2026-01-05T08:27:50","date_gmt":"2026-01-05T08:27:50","guid":{"rendered":"https:\/\/glossar.travel\/?post_type=product&#038;p=11366"},"modified":"2026-01-14T10:56:28","modified_gmt":"2026-01-14T10:56:28","slug":"royal-palms-beach-5-sri-lanka-kalutara","status":"publish","type":"product","link":"https:\/\/glossar.travel\/ru\/product\/royal-palms-beach-5-sri-lanka-kalutara\/","title":{"rendered":"Royal Palms Beach 5*, Sri Lanka , Kalutara"},"content":{"rendered":"<p>Hotelul Royal Palms Beach este o oaz\u0103 de relaxare \u0219i confort situat\u0103 \u00een West West &#8211; Kalutara, Sri Lanka. Cu servicii impecabile \u0219i facilit\u0103\u021bi de lux, acesta este locul perfect pentru a v\u0103 bucura de vacan\u021ba pe plaj\u0103.<\/p>\n<p>Camerele elegante \u0219i spa\u021bioase ofer\u0103 vedere la mare sau la gr\u0103din\u0103 \u0219i sunt dotate cu aer condi\u021bionat, televizoare cu ecran plat, minibar \u0219i facilit\u0103\u021bi pentru prepararea de ceai\/cafea.<\/p>\n<p>Oaspe\u021bii se pot relaxa la piscin\u0103 sau pe plaja privat\u0103 cu nisip fin \u0219i ap\u0103 cristalin\u0103. Hotelul ofer\u0103 \u0219i un centru de fitness \u0219i un centru spa, unde se pot bucura de tratamente de masaj \u0219i \u00eenfrumuse\u021bare.<\/p>\n<p>Restaurantul hotelului ofer\u0103 o gam\u0103 larg\u0103 de preparate culinare interna\u021bionale \u0219i locale, iar barul de la piscin\u0103 este locul perfect pentru a v\u0103 bucura de o b\u0103utur\u0103 r\u0103coritoare \u00een timp ce admira\u021bi apusul de soare de pe plaj\u0103.<\/p>","protected":false},"excerpt":{"rendered":"<p>Hotelul Royal Palms Beach este o oaz\u0103 de relaxare \u0219i confort situat\u0103 \u00een West West &#8211; Kalutara, Sri Lanka. Cu servicii impecabile \u0219i facilit\u0103\u021bi de lux, acesta este locul perfect pentru a v\u0103 bucura de vacan\u021ba pe plaj\u0103. Camerele elegante \u0219i spa\u021bioase ofer\u0103 vedere la mare sau la gr\u0103din\u0103 \u0219i sunt dotate cu aer condi\u021bionat, [&hellip;]<\/p>\n","protected":false},"featured_media":11372,"template":"","meta":[],"product_brand":[],"product_cat":[28],"product_tag":[],"class_list":{"0":"post-11366","1":"product","2":"type-product","3":"status-publish","4":"has-post-thumbnail","6":"brw_countries-sri-lanka","7":"brw_destinatie-mare","8":"product_cat-family","10":"first","11":"instock","12":"shipping-taxable","13":"purchasable","14":"product-type-ovabrw_car_rental"},"_links":{"self":[{"href":"https:\/\/glossar.travel\/ru\/wp-json\/wp\/v2\/product\/11366","targetHints":{"allow":["GET"]}}],"collection":[{"href":"https:\/\/glossar.travel\/ru\/wp-json\/wp\/v2\/product"}],"about":[{"href":"https:\/\/glossar.travel\/ru\/wp-json\/wp\/v2\/types\/product"}],"version-history":[{"count":0,"href":"https:\/\/glossar.travel\/ru\/wp-json\/wp\/v2\/product\/11366\/revisions"}],"wp:featuredmedia":[{"embeddable":true,"href":"https:\/\/glossar.travel\/ru\/wp-json\/wp\/v2\/media\/11372"}],"wp:attachment":[{"href":"https:\/\/glossar.travel\/ru\/wp-json\/wp\/v2\/media?parent=11366"}],"wp:term":[{"taxonomy":"product_brand","embeddable":true,"href":"https:\/\/glossar.travel\/ru\/wp-json\/wp\/v2\/product_brand?post=11366"},{"taxonomy":"product_cat","embeddable":true,"href":"https:\/\/glossar.travel\/ru\/wp-json\/wp\/v2\/product_cat?post=11366"},{"taxonomy":"product_tag","embeddable":true,"href":"https:\/\/glossar.travel\/ru\/wp-json\/wp\/v2\/product_tag?post=11366"}],"curies":[{"name":"wp","href":"https:\/\/api.w.org\/{rel}","templated":true}]}}