{"id":11358,"date":"2026-01-05T08:07:52","date_gmt":"2026-01-05T08:07:52","guid":{"rendered":"https:\/\/glossar.travel\/?post_type=product&#038;p=11358"},"modified":"2026-01-14T10:53:59","modified_gmt":"2026-01-14T10:53:59","slug":"amaya-beach-passikudah-5-sri-lanka","status":"publish","type":"product","link":"https:\/\/glossar.travel\/ru\/product\/amaya-beach-passikudah-5-sri-lanka\/","title":{"rendered":"Amaya Beach Passikudah 5 * Sri Lanka"},"content":{"rendered":"<p>Hotelul Amaya Beach Passikudah se afl\u0103 pe plaja Pasikuda din regiunea de nord-est a Sri Lank\u0103i.<br \/>\nHotelul dispune de camere spa\u021bioase \u0219i confortabile, decorate \u00een tonuri calde, cu podea din piatr\u0103 natural\u0103 \u0219i dotate cu aer condi\u021bionat \u0219i TV cu ecran plat. Fiecare camer\u0103 are o teras\u0103 sau o balcon cu vedere impresionant\u0103 la ocean.<br \/>\nLa Amaya Beach Passikudah ve\u021bi g\u0103si o piscin\u0103 \u00een aer liber \u00eenconjurat\u0103 de \u015fezlonguri \u015fi umbrele de soare, un centru de fitness, un centru SPA \u0219i de wellness, locuri de joac\u0103 pentru copii \u015fi terenuri de sport.<br \/>\nRestaurantul hotelului serve\u015fte o varietate de preparate tradi\u021bionale \u0219i interna\u021bionale, iar turi\u0219tii pot savura o b\u0103utur\u0103 relaxant\u0103 la barul de la piscin\u0103 sau la barul de pe plaj\u0103.<\/p>","protected":false},"excerpt":{"rendered":"<p>Hotelul Amaya Beach Passikudah se afl\u0103 pe plaja Pasikuda din regiunea de nord-est a Sri Lank\u0103i. Hotelul dispune de camere spa\u021bioase \u0219i confortabile, decorate \u00een tonuri calde, cu podea din piatr\u0103 natural\u0103 \u0219i dotate cu aer condi\u021bionat \u0219i TV cu ecran plat. Fiecare camer\u0103 are o teras\u0103 sau o balcon cu vedere impresionant\u0103 la ocean. [&hellip;]<\/p>\n","protected":false},"featured_media":11359,"template":"","meta":[],"product_brand":[],"product_cat":[28],"product_tag":[],"class_list":{"0":"post-11358","1":"product","2":"type-product","3":"status-publish","4":"has-post-thumbnail","6":"brw_countries-sri-lanka","7":"brw_destinatie-mare","8":"product_cat-family","10":"first","11":"instock","12":"shipping-taxable","13":"purchasable","14":"product-type-ovabrw_car_rental"},"_links":{"self":[{"href":"https:\/\/glossar.travel\/ru\/wp-json\/wp\/v2\/product\/11358","targetHints":{"allow":["GET"]}}],"collection":[{"href":"https:\/\/glossar.travel\/ru\/wp-json\/wp\/v2\/product"}],"about":[{"href":"https:\/\/glossar.travel\/ru\/wp-json\/wp\/v2\/types\/product"}],"version-history":[{"count":0,"href":"https:\/\/glossar.travel\/ru\/wp-json\/wp\/v2\/product\/11358\/revisions"}],"wp:featuredmedia":[{"embeddable":true,"href":"https:\/\/glossar.travel\/ru\/wp-json\/wp\/v2\/media\/11359"}],"wp:attachment":[{"href":"https:\/\/glossar.travel\/ru\/wp-json\/wp\/v2\/media?parent=11358"}],"wp:term":[{"taxonomy":"product_brand","embeddable":true,"href":"https:\/\/glossar.travel\/ru\/wp-json\/wp\/v2\/product_brand?post=11358"},{"taxonomy":"product_cat","embeddable":true,"href":"https:\/\/glossar.travel\/ru\/wp-json\/wp\/v2\/product_cat?post=11358"},{"taxonomy":"product_tag","embeddable":true,"href":"https:\/\/glossar.travel\/ru\/wp-json\/wp\/v2\/product_tag?post=11358"}],"curies":[{"name":"wp","href":"https:\/\/api.w.org\/{rel}","templated":true}]}}