{"id":11244,"date":"2025-11-21T14:31:21","date_gmt":"2025-11-21T14:31:21","guid":{"rendered":"https:\/\/glossar.travel\/?post_type=product&#038;p=11244"},"modified":"2026-01-14T10:09:18","modified_gmt":"2026-01-14T10:09:18","slug":"crowne-plaza-phu-quoc-starbay-vietnam-5-vietnam","status":"publish","type":"product","link":"https:\/\/glossar.travel\/ru\/product\/crowne-plaza-phu-quoc-starbay-vietnam-5-vietnam\/","title":{"rendered":"Crowne Plaza Phu Quoc Starbay Vietnam 5* \u0412\u044c\u0435\u0442\u043d\u0430\u043c"},"content":{"rendered":"<p>Crowne Plaza Phu Quoc Starbay, an IHG Hotel se afl\u0103 pe malul m\u0103rii in Phu Quoc \u0219i ofer\u0103 cazare de 5 stele, o piscin\u0103 in aer liber, un centru de fitness \u0219i o gr\u0103din\u0103. Proprietatea ofer\u0103 o zon\u0103 de plaj\u0103 privat\u0103 \u0219i facilit\u0103\u021bi pentru sporturi acvatice, precum \u0219i un lounge comun \u0219i o teras\u0103. Proprietatea pune la dispozi\u021bie o recep\u021bie deschis\u0103 non-stop, servicii de transfer de la\/la aeroport, un club pentru copii \u0219i WiFi gratuit.<\/p>\n<p>Acest complex pune la dispozi\u021bie camere cu aer condi\u021bionat, un birou, o cafetier\u0103, un frigider, un minibar, o cutie de valori, un televizor cu ecran plat, un balcon \u0219i o baie proprie cu du\u0219. Baia proprie ofer\u0103 articole de toalet\u0103 gratuite. La Crowne Plaza Phu Quoc Starbay, an IHG Hotel, fiecare camer\u0103 are lenjerie de pat \u0219i prosoape.<\/p>\n<p>Oaspe\u021bii caza\u021bi la Crowne Plaza Phu Quoc Starbay, an IHG Hotel au la dispozi\u021bie un mic dejun tip bufet sau continental. Acest complex are un restaurant care serve\u0219te manc\u0103ruri din buc\u0103t\u0103ria vietnamez\u0103, asiatic\u0103 \u0219i international\u0103. La cerere, sunt disponibile \u0219i preparate vegetariene, f\u0103r\u0103 lactate \u0219i vegane.<\/p>\n<p>Crowne Plaza Phu Quoc Starbay, an IHG Hotel pune la dispozi\u021bie un teren de joac\u0103 pentru copii.<\/p>\n<p>Crowne Plaza Phu Quoc Starbay, an IHG Hotel se afl\u0103 la 17 minute de mers pe jos de Plaja Bai Dai \u0219i la 3,3 km de Vinpearl Land Phu Quoc. Aeroportul International Phu Quoc se afl\u0103 la 28 km.<\/p>\n<h2>Despre\u00a0<b>Crowne Plaza Phu Quoc Starbay An Ihg Hotel<\/b>, Vietnam \u2013 prezentare hotel, facilitati si servicii oferite<\/h2>\n<p>Crowne Plaza Phu Quoc Starbay, an IHG Hotel se afl\u0103 pe malul m\u0103rii in Phu Quoc \u0219i ofer\u0103 cazare de 5 stele, o piscin\u0103 in aer liber, un centru de fitness \u0219i o gr\u0103din\u0103. Proprietatea ofer\u0103 o zon\u0103 de plaj\u0103 privat\u0103 \u0219i facilit\u0103\u021bi pentru sporturi acvatice, precum \u0219i un lounge comun \u0219i o teras\u0103. Proprietatea pune la dispozi\u021bie o recep\u021bie deschis\u0103 non-stop, servicii de transfer de la\/la aeroport, un club pentru copii \u0219i WiFi gratuit.Acest complex pune la dispozi\u021bie camere cu aer condi\u021bionat, un birou, o cafetier\u0103, un frigider, un minibar, o cutie de valori, un televizor cu ecran plat, un balcon \u0219i o baie proprie cu du\u0219. Baia proprie ofer\u0103 articole de toalet\u0103 gratuite. La Crowne Plaza Phu Quoc Starbay, an IHG Hotel, fiecare camer\u0103 are lenjerie de pat \u0219i prosoape.<\/p>\n<p>Oaspe\u021bii caza\u021bi la Crowne Plaza Phu Quoc Starbay, an IHG Hotel au la dispozi\u021bie un mic dejun tip bufet sau continental. Acest complex are un restaurant care serve\u0219te manc\u0103ruri din buc\u0103t\u0103ria vietnamez\u0103, asiatic\u0103 \u0219i international\u0103. La cerere, sunt disponibile \u0219i preparate vegetariene, f\u0103r\u0103 lactate \u0219i vegane.<\/p>\n<p>Crowne Plaza Phu Quoc Starbay, an IHG Hotel pune la dispozi\u021bie un teren de joac\u0103 pentru copii.<\/p>\n<p>Crowne Plaza Phu Quoc Starbay, an IHG Hotel se afl\u0103 la 17 minute de mers pe jos de Plaja Bai Dai \u0219i la 3,3 km de Vinpearl Land Phu Quoc. Aeroportul International Phu Quoc se afl\u0103 la 28 km.<\/p>\n<p>&nbsp;<\/p>\n<p>&nbsp;<\/p>\n<div><\/div>","protected":false},"excerpt":{"rendered":"<p>Crowne Plaza Phu Quoc Starbay, an IHG Hotel se afl\u0103 pe malul m\u0103rii in Phu Quoc \u0219i ofer\u0103 cazare de 5 stele, o piscin\u0103 in aer liber, un centru de fitness \u0219i o gr\u0103din\u0103. Proprietatea ofer\u0103 o zon\u0103 de plaj\u0103 privat\u0103 \u0219i facilit\u0103\u021bi pentru sporturi acvatice, precum \u0219i un lounge comun \u0219i o teras\u0103. Proprietatea [&hellip;]<\/p>\n","protected":false},"featured_media":11255,"template":"","meta":[],"product_brand":[],"product_cat":[28],"product_tag":[],"class_list":{"0":"post-11244","1":"product","2":"type-product","3":"status-publish","4":"has-post-thumbnail","6":"brw_countries-vietnam","7":"brw_destinatie-insule","8":"product_cat-family","10":"first","11":"instock","12":"sale","13":"shipping-taxable","14":"purchasable","15":"product-type-ovabrw_car_rental"},"_links":{"self":[{"href":"https:\/\/glossar.travel\/ru\/wp-json\/wp\/v2\/product\/11244","targetHints":{"allow":["GET"]}}],"collection":[{"href":"https:\/\/glossar.travel\/ru\/wp-json\/wp\/v2\/product"}],"about":[{"href":"https:\/\/glossar.travel\/ru\/wp-json\/wp\/v2\/types\/product"}],"version-history":[{"count":0,"href":"https:\/\/glossar.travel\/ru\/wp-json\/wp\/v2\/product\/11244\/revisions"}],"wp:featuredmedia":[{"embeddable":true,"href":"https:\/\/glossar.travel\/ru\/wp-json\/wp\/v2\/media\/11255"}],"wp:attachment":[{"href":"https:\/\/glossar.travel\/ru\/wp-json\/wp\/v2\/media?parent=11244"}],"wp:term":[{"taxonomy":"product_brand","embeddable":true,"href":"https:\/\/glossar.travel\/ru\/wp-json\/wp\/v2\/product_brand?post=11244"},{"taxonomy":"product_cat","embeddable":true,"href":"https:\/\/glossar.travel\/ru\/wp-json\/wp\/v2\/product_cat?post=11244"},{"taxonomy":"product_tag","embeddable":true,"href":"https:\/\/glossar.travel\/ru\/wp-json\/wp\/v2\/product_tag?post=11244"}],"curies":[{"name":"wp","href":"https:\/\/api.w.org\/{rel}","templated":true}]}}