{"id":11185,"date":"2025-11-07T15:41:38","date_gmt":"2025-11-07T15:41:38","guid":{"rendered":"https:\/\/glossar.travel\/?post_type=product&#038;p=11185"},"modified":"2026-01-14T09:49:41","modified_gmt":"2026-01-14T09:49:41","slug":"ngalawa-hotel-resort-5-zanzibar","status":"publish","type":"product","link":"https:\/\/glossar.travel\/ru\/product\/ngalawa-hotel-resort-5-zanzibar\/","title":{"rendered":"Ngalawa Hotel &amp; Resort 5* \u0417\u0430\u043d\u0437\u0438\u0431\u0430\u0440"},"content":{"rendered":"<p>Ngalawa Hotel &amp; Resort \u2014 \u044d\u0442\u043e 5-\u0437\u0432\u0435\u0437\u0434\u043e\u0447\u043d\u044b\u0439 \u043e\u0442\u0435\u043b\u044c \u0441 56 \u043d\u043e\u043c\u0435\u0440\u0430\u043c\u0438. \u041a\u0443\u0440\u043e\u0440\u0442 Ngalawa \u0440\u0430\u0441\u043f\u043e\u043b\u043e\u0436\u0435\u043d \u0432 \u0446\u0435\u043d\u0442\u0440\u0435 \u0411\u0443\u0431\u0443\u0431\u0443, \u0432 15 \u043c\u0438\u043d\u0443\u0442\u0430\u0445 \u0435\u0437\u0434\u044b \u043e\u0442 \u0446\u0435\u043d\u0442\u0440\u0430 \u0417\u0430\u043d\u0437\u0438\u0431\u0430\u0440\u0430. \u041a \u0443\u0441\u043b\u0443\u0433\u0430\u043c \u0433\u043e\u0441\u0442\u0435\u0439 \u043e\u0442\u043a\u0440\u044b\u0442\u044b\u0439 \u0431\u0430\u0441\u0441\u0435\u0439\u043d, \u0442\u0440\u0435\u043d\u0430\u0436\u0435\u0440\u043d\u044b\u0439 \u0437\u0430\u043b, \u0441\u0430\u0443\u043d\u0430, \u0441\u043f\u0430-\u0446\u0435\u043d\u0442\u0440, \u0447\u0430\u0441\u0442\u043d\u044b\u0439 \u043f\u043b\u044f\u0436, \u0440\u0435\u0441\u0442\u043e\u0440\u0430\u043d \u0438 \u0431\u0430\u0440. \u041f\u0440\u0435\u0434\u043e\u0441\u0442\u0430\u0432\u043b\u044f\u0435\u0442\u0441\u044f \u0431\u0435\u0441\u043f\u043b\u0430\u0442\u043d\u0430\u044f \u0447\u0430\u0441\u0442\u043d\u0430\u044f \u043f\u0430\u0440\u043a\u043e\u0432\u043a\u0430.<br \/>\n\u041d\u043e\u043c\u0435\u0440\u0430 \u043e\u0441\u043d\u0430\u0449\u0435\u043d\u044b \u0442\u0435\u043b\u0435\u0432\u0438\u0437\u043e\u0440\u043e\u043c \u0441 \u043f\u043b\u043e\u0441\u043a\u0438\u043c \u044d\u043a\u0440\u0430\u043d\u043e\u043c \u0438 \u0441\u043f\u0443\u0442\u043d\u0438\u043a\u043e\u0432\u044b\u043c\u0438 \u043a\u0430\u043d\u0430\u043b\u0430\u043c\u0438. \u0412 \u043d\u0435\u043a\u043e\u0442\u043e\u0440\u044b\u0445 \u043d\u043e\u043c\u0435\u0440\u0430\u0445 \u0435\u0441\u0442\u044c \u0433\u043e\u0441\u0442\u0438\u043d\u044b\u0439 \u0443\u0433\u043e\u043b\u043e\u043a \u0438 \u043c\u0438\u043d\u0438-\u043a\u0443\u0445\u043d\u044f. \u0418\u0437 \u043e\u043a\u043e\u043d \u043e\u0442\u043a\u0440\u044b\u0432\u0430\u0435\u0442\u0441\u044f \u0432\u0438\u0434 \u043d\u0430 \u0431\u0430\u0441\u0441\u0435\u0439\u043d. \u0412 \u0441\u043e\u0431\u0441\u0442\u0432\u0435\u043d\u043d\u043e\u0439 \u0432\u0430\u043d\u043d\u043e\u0439 \u043a\u043e\u043c\u043d\u0430\u0442\u0435 \u0441 \u0432\u0430\u043d\u043d\u043e\u0439 \u043f\u0440\u0435\u0434\u043e\u0441\u0442\u0430\u0432\u043b\u044f\u044e\u0442\u0441\u044f \u0445\u0430\u043b\u0430\u0442\u044b \u0438 \u0442\u0430\u043f\u043e\u0447\u043a\u0438.<br \/>\n\u041e\u0442\u0435\u043b\u044c \u043d\u0430\u0445\u043e\u0434\u0438\u0442\u0441\u044f \u043d\u0435\u0434\u0430\u043b\u0435\u043a\u043e \u043e\u0442 \u0442\u0430\u043a\u0438\u0445 \u0434\u043e\u0441\u0442\u043e\u043f\u0440\u0438\u043c\u0435\u0447\u0430\u0442\u0435\u043b\u044c\u043d\u043e\u0441\u0442\u0435\u0439, \u043a\u0430\u043a \u041a\u043e \u0427\u0430\u043d\u0433 \u0438 \u0441\u043a\u0430\u043b\u0430 \u0427\u0438\u0442\u0430\u0445\u0441. \u041f\u043e \u0437\u0430\u043f\u0440\u043e\u0441\u0443 \u043f\u0440\u043e\u0432\u043e\u0434\u044f\u0442\u0441\u044f \u043a\u0443\u043b\u0438\u043d\u0430\u0440\u043d\u044b\u0435 \u043c\u0430\u0441\u0442\u0435\u0440-\u043a\u043b\u0430\u0441\u0441\u044b \u043f\u043e \u043f\u0440\u0438\u0433\u043e\u0442\u043e\u0432\u043b\u0435\u043d\u0438\u044e \u0431\u043b\u044e\u0434 \u0441\u0443\u0430\u0445\u0438\u043b\u0438.<\/p>","protected":false},"excerpt":{"rendered":"<p>Ngalawa Hotel &amp; Resort este un hotel de 5 stele cu 56 de camere. Ngalawa Resort este situat \u00een centrul ora\u0219ului Bububu, la 15 minute de mers cu ma\u0219ina de centrul ora\u0219ului Zanzibar. Are o piscin\u0103 \u00een aer liber, sal\u0103 de sport, saun\u0103, spa, plaj\u0103 privat\u0103, restaurant \u0219i bar. Este disponibil\u0103 o parcare privat\u0103 gratuit\u0103. [&hellip;]<\/p>\n","protected":false},"featured_media":11191,"template":"","meta":[],"product_brand":[],"product_cat":[28],"product_tag":[],"class_list":{"0":"post-11185","1":"product","2":"type-product","3":"status-publish","4":"has-post-thumbnail","6":"brw_countries-zanzibar","7":"brw_destinatie-insule","8":"product_cat-family","10":"first","11":"instock","12":"sale","13":"shipping-taxable","14":"purchasable","15":"product-type-ovabrw_car_rental"},"_links":{"self":[{"href":"https:\/\/glossar.travel\/ru\/wp-json\/wp\/v2\/product\/11185","targetHints":{"allow":["GET"]}}],"collection":[{"href":"https:\/\/glossar.travel\/ru\/wp-json\/wp\/v2\/product"}],"about":[{"href":"https:\/\/glossar.travel\/ru\/wp-json\/wp\/v2\/types\/product"}],"version-history":[{"count":0,"href":"https:\/\/glossar.travel\/ru\/wp-json\/wp\/v2\/product\/11185\/revisions"}],"wp:featuredmedia":[{"embeddable":true,"href":"https:\/\/glossar.travel\/ru\/wp-json\/wp\/v2\/media\/11191"}],"wp:attachment":[{"href":"https:\/\/glossar.travel\/ru\/wp-json\/wp\/v2\/media?parent=11185"}],"wp:term":[{"taxonomy":"product_brand","embeddable":true,"href":"https:\/\/glossar.travel\/ru\/wp-json\/wp\/v2\/product_brand?post=11185"},{"taxonomy":"product_cat","embeddable":true,"href":"https:\/\/glossar.travel\/ru\/wp-json\/wp\/v2\/product_cat?post=11185"},{"taxonomy":"product_tag","embeddable":true,"href":"https:\/\/glossar.travel\/ru\/wp-json\/wp\/v2\/product_tag?post=11185"}],"curies":[{"name":"wp","href":"https:\/\/api.w.org\/{rel}","templated":true}]}}