{"id":11124,"date":"2025-11-06T13:01:34","date_gmt":"2025-11-06T13:01:34","guid":{"rendered":"https:\/\/glossar.travel\/?post_type=product&#038;p=11124"},"modified":"2026-01-14T12:32:00","modified_gmt":"2026-01-14T12:32:00","slug":"royal-island-resort-spa-5-maldive","status":"publish","type":"product","link":"https:\/\/glossar.travel\/ru\/product\/royal-island-resort-spa-5-maldive\/","title":{"rendered":"Royal Island Resort &amp; Spa 5* \u041c\u0430\u043b\u044c\u0434\u0438\u0432\u044b"},"content":{"rendered":"<p>\u0421\u0440\u0435\u0434\u0438 \u043f\u044b\u0448\u043d\u043e\u0439 \u0442\u0440\u043e\u043f\u0438\u0447\u0435\u0441\u043a\u043e\u0439 \u0437\u0435\u043b\u0435\u043d\u0438, \u0440\u0430\u0441\u043a\u0438\u0434\u0438\u0441\u0442\u044b\u0445 \u043f\u0430\u043b\u044c\u043c \u0438 \u0438\u043d\u0434\u0438\u0439\u0441\u043a\u043e\u0433\u043e \u0438\u043d\u0436\u0438\u0440\u0430, \u0440\u044f\u0434\u043e\u043c \u0441 \u043f\u0440\u043e\u0437\u0440\u0430\u0447\u043d\u044b\u043c\u0438 \u0432\u043e\u0434\u0430\u043c\u0438 \u043b\u0430\u0433\u0443\u043d\u044b \u0441 \u0431\u043e\u0433\u0430\u0442\u044b\u043c \u043f\u043e\u0434\u0432\u043e\u0434\u043d\u044b\u043c \u043c\u0438\u0440\u043e\u043c \u0440\u0430\u0441\u043f\u043e\u043b\u043e\u0436\u0438\u043b\u0438\u0441\u044c \u043a\u043e\u043c\u0444\u043e\u0440\u0442\u0430\u0431\u0435\u043b\u044c\u043d\u044b\u0435 \u0432\u0438\u043b\u043b\u044b \u043a\u0443\u0440\u043e\u0440\u0442\u043d\u043e\u0433\u043e \u0441\u043f\u0430-\u043e\u0442\u0435\u043b\u044f Royal Island. \u041d\u043e\u043c\u0435\u0440\u0430 \u043e\u0442\u043b\u0438\u0447\u0430\u044e\u0442\u0441\u044f \u044d\u043b\u0435\u0433\u0430\u043d\u0442\u043d\u044b\u043c \u0438\u043d\u0442\u0435\u0440\u044c\u0435\u0440\u043e\u043c \u0441 \u0438\u0441\u043f\u043e\u043b\u044c\u0437\u043e\u0432\u0430\u043d\u0438\u0435\u043c \u0440\u0435\u0434\u043a\u043e\u0433\u043e \u0434\u0435\u0440\u0435\u0432\u0430 \u043c\u0435\u0440\u0431\u0430\u0443, \u044d\u043b\u0435\u0433\u0430\u043d\u0442\u043d\u043e\u0439 \u043c\u0435\u0431\u0435\u043b\u044c\u044e, \u0438\u0437\u044b\u0441\u043a\u0430\u043d\u043d\u044b\u043c \u0434\u0435\u043a\u043e\u0440\u043e\u043c \u0432 \u043c\u0430\u043b\u044c\u0434\u0438\u0432\u0441\u043a\u043e\u043c \u0441\u0442\u0438\u043b\u0435 \u0438 \u043f\u0440\u0435\u043a\u0440\u0430\u0441\u043d\u044b\u043c \u0432\u0438\u0434\u043e\u043c \u043d\u0430 \u043e\u043a\u0435\u0430\u043d \u0441 \u0442\u0435\u0440\u0440\u0430\u0441. \u0412 \u043e\u0442\u0435\u043b\u0435 \u0440\u0430\u0441\u043f\u043e\u043b\u043e\u0436\u0435\u043d \u0441\u043f\u0430-\u0446\u0435\u043d\u0442\u0440 Araamu, \u043e\u043a\u0440\u0443\u0436\u0435\u043d\u043d\u044b\u0439 \u043f\u044b\u0448\u043d\u044b\u043c \u0442\u0440\u043e\u043f\u0438\u0447\u0435\u0441\u043a\u0438\u043c \u0441\u0430\u0434\u043e\u043c \u0441 \u0434\u0435\u043a\u043e\u0440\u0430\u0442\u0438\u0432\u043d\u044b\u043c\u0438 \u043f\u0440\u0443\u0434\u0430\u043c\u0438. \u0417\u0434\u0435\u0441\u044c \u043f\u0440\u0435\u0434\u043b\u0430\u0433\u0430\u0435\u0442\u0441\u044f \u0448\u0438\u0440\u043e\u043a\u0438\u0439 \u0432\u044b\u0431\u043e\u0440 \u043c\u0430\u0441\u0441\u0430\u0436\u0435\u0439 \u0438 \u0441\u043f\u0430-\u043f\u0440\u043e\u0446\u0435\u0434\u0443\u0440, \u043e\u0441\u043d\u043e\u0432\u0430\u043d\u043d\u044b\u0445 \u043d\u0430 \u0442\u0440\u0430\u0434\u0438\u0446\u0438\u043e\u043d\u043d\u044b\u0445 \u043c\u0435\u0442\u043e\u0434\u0438\u043a\u0430\u0445 \u0422\u0430\u0438\u043b\u0430\u043d\u0434\u0430, \u0418\u043d\u0434\u0438\u0438, \u0418\u043d\u0434\u043e\u043d\u0435\u0437\u0438\u0438, \u041c\u0430\u043b\u044c\u0434\u0438\u0432 \u0438 \u0413\u0430\u0432\u0430\u0439\u0441\u043a\u0438\u0445 \u043e\u0441\u0442\u0440\u043e\u0432\u043e\u0432. \u041d\u0430 \u0442\u0435\u0440\u0440\u0438\u0442\u043e\u0440\u0438\u0438 \u043a\u0443\u0440\u043e\u0440\u0442\u043d\u043e\u0433\u043e \u0441\u043f\u0430-\u043e\u0442\u0435\u043b\u044f Royal Island Resort &amp; Spa \u0440\u0430\u0441\u043f\u043e\u043b\u043e\u0436\u0435\u043d\u044b: \u0431\u0430\u0441\u0441\u0435\u0439\u043d, 2 \u0442\u0435\u043d\u043d\u0438\u0441\u043d\u044b\u0445 \u043a\u043e\u0440\u0442\u0430, \u043f\u043b\u043e\u0449\u0430\u0434\u043a\u0430 \u0434\u043b\u044f \u0438\u0433\u0440\u044b \u0432 \u0441\u043a\u0432\u043e\u0448, \u0446\u0435\u043d\u0442\u0440 \u0432\u043e\u0434\u043d\u044b\u0445 \u0432\u0438\u0434\u043e\u0432 \u0441\u043f\u043e\u0440\u0442\u0430, \u0434\u0430\u0439\u0432\u0438\u043d\u0433-\u0446\u0435\u043d\u0442\u0440 Delphis, \u0437\u0430\u043d\u044f\u0442\u0438\u044f \u0430\u044d\u0440\u043e\u0431\u0438\u043a\u043e\u0439, \u043f\u0440\u043e\u0433\u0443\u043b\u043a\u0438 \u043d\u0430 \u043b\u043e\u0434\u043a\u0430\u0445, \u0432 \u0442\u043e\u043c \u0447\u0438\u0441\u043b\u0435 \u0441 \u043f\u0440\u043e\u0437\u0440\u0430\u0447\u043d\u044b\u043c \u0434\u043d\u043e\u043c, \u0440\u044b\u0431\u0430\u043b\u043a\u0430, \u0431\u0438\u043b\u044c\u044f\u0440\u0434, \u044d\u043a\u0441\u043a\u0443\u0440\u0441\u0438\u043e\u043d\u043d\u044b\u0435 \u0438 \u0440\u0430\u0437\u0432\u043b\u0435\u043a\u0430\u0442\u0435\u043b\u044c\u043d\u044b\u0435 \u043f\u0440\u043e\u0433\u0440\u0430\u043c\u043c\u044b. \u0412 \u0440\u0435\u0441\u0442\u043e\u0440\u0430\u043d\u0435 Maakana \u0441 \u0437\u0430\u0445\u0432\u0430\u0442\u044b\u0432\u0430\u044e\u0449\u0438\u043c \u0432\u0438\u0434\u043e\u043c \u043d\u0430 \u043e\u043a\u0435\u0430\u043d \u043f\u043e\u0434\u0430\u044e\u0442 \u0440\u0430\u0437\u043d\u043e\u043e\u0431\u0440\u0430\u0437\u043d\u044b\u0435 \u0431\u043b\u044e\u0434\u0430 \u043c\u0435\u0441\u0442\u043d\u043e\u0439 \u0438 \u0438\u043d\u0442\u0435\u0440\u043d\u0430\u0446\u0438\u043e\u043d\u0430\u043b\u044c\u043d\u043e\u0439 \u043a\u0443\u0445\u043d\u0438. \u0412 \u0440\u0435\u0441\u0442\u043e\u0440\u0430\u043d\u0435 Raabondhi \u043f\u043e\u0434\u0430\u044e\u0442 \u0441\u0432\u0435\u0436\u0438\u0435 \u043c\u043e\u0440\u0435\u043f\u0440\u043e\u0434\u0443\u043a\u0442\u044b, \u0431\u043b\u044e\u0434\u0430 \u043d\u0430 \u0433\u0440\u0438\u043b\u0435 \u0438 \u0442\u0435\u043c\u0430\u0442\u0438\u0447\u0435\u0441\u043a\u0438\u0435 \u0443\u0436\u0438\u043d\u044b. \u0411\u0430\u0440 Boli \u2014 \u043f\u0440\u0438\u044f\u0442\u043d\u043e\u0435 \u043c\u0435\u0441\u0442\u043e \u0434\u043b\u044f \u043e\u0442\u0434\u044b\u0445\u0430 \u0438 \u0438\u0433\u0440\u044b \u0432 \u0431\u0438\u043b\u044c\u044f\u0440\u0434, \u0432 \u043f\u0430\u0431\u0435 Fun Pub \u043f\u0440\u0435\u0434\u043b\u0430\u0433\u0430\u0435\u0442\u0441\u044f \u0448\u0438\u0440\u043e\u043a\u0438\u0439 \u0430\u0441\u0441\u043e\u0440\u0442\u0438\u043c\u0435\u043d\u0442 \u043d\u0430\u043f\u0438\u0442\u043a\u043e\u0432, \u0437\u0434\u0435\u0441\u044c \u0443\u0441\u0442\u0440\u0430\u0438\u0432\u0430\u044e\u0442\u0441\u044f \u0434\u0438\u0441\u043a\u043e\u0442\u0435\u043a\u0438 \u0438 \u0432\u0435\u0447\u0435\u0440\u0430 \u043a\u0430\u0440\u0430\u043e\u043a\u0435, \u0432 \u0431\u0430\u0440\u0435 \u0443 \u0431\u0430\u0441\u0441\u0435\u0439\u043d\u0430 \u043f\u043e\u0434\u0430\u044e\u0442 \u0432\u0441\u0435\u0432\u043e\u0437\u043c\u043e\u0436\u043d\u044b\u0435 \u043e\u0441\u0432\u0435\u0436\u0430\u044e\u0449\u0438\u0435 \u043a\u043e\u043a\u0442\u0435\u0439\u043b\u0438, \u0441\u043e\u043a\u0438, \u043f\u0438\u0432\u043e \u0438 \u0432\u0438\u043d\u043e, \u0430 \u0432 \u0431\u0430\u0440\u0435 Palm Terrace \u2014 \u0440\u0430\u0437\u043d\u043e\u043e\u0431\u0440\u0430\u0437\u043d\u044b\u0435 \u043d\u0430\u043f\u0438\u0442\u043a\u0438, \u043b\u0451\u0433\u043a\u0438\u0435 \u0437\u0430\u043a\u0443\u0441\u043a\u0438 \u0438 \u043f\u043e\u0441\u043b\u0435\u043e\u0431\u0435\u0434\u0435\u043d\u043d\u044b\u0439 \u0447\u0430\u0439. \u041a\u0443\u0440\u043e\u0440\u0442\u043d\u044b\u0439 \u0441\u043f\u0430-\u043e\u0442\u0435\u043b\u044c Royal Island Resort &amp; Spa \u043f\u0440\u0435\u0434\u043b\u0430\u0433\u0430\u0435\u0442 \u043f\u0440\u0435\u043a\u0440\u0430\u0441\u043d\u044b\u0435 \u0443\u0441\u043b\u043e\u0432\u0438\u044f \u0434\u043b\u044f \u043a\u043e\u043c\u0444\u043e\u0440\u0442\u043d\u043e\u0433\u043e \u0438 \u043f\u0440\u0438\u044f\u0442\u043d\u043e\u0433\u043e \u043e\u0442\u0434\u044b\u0445\u0430 \u043d\u0430 \u0431\u0435\u0440\u0435\u0433\u0443 \u0418\u043d\u0434\u0438\u0439\u0441\u043a\u043e\u0433\u043e \u043e\u043a\u0435\u0430\u043d\u0430.<\/p>","protected":false},"excerpt":{"rendered":"<p>Printre verdea\u021ba tropical\u0103 luxuriant\u0103, palmierii \u00eentin\u0219i \u0219i smochinii indieni, l\u00e2ng\u0103 apele limpezi ale lagunei cu via\u021b\u0103 subacvatic\u0103 bogat\u0103, vilele confortabile ale Royal Island Resort &amp; Spa. Camerele au interioare elegante cu lemn de merbau rar, mobilier elegant, decora\u021biuni rafinate \u00een stil maldivian \u0219i vederi minunate la ocean de pe terase. Hotelul dispune de Centrul Spa [&hellip;]<\/p>\n","protected":false},"featured_media":11125,"template":"","meta":[],"product_brand":[],"product_cat":[28],"product_tag":[],"class_list":{"0":"post-11124","1":"product","2":"type-product","3":"status-publish","4":"has-post-thumbnail","6":"brw_countries-maldive","7":"brw_destinatie-insule","8":"product_cat-family","10":"first","11":"instock","12":"shipping-taxable","13":"purchasable","14":"product-type-ovabrw_car_rental"},"_links":{"self":[{"href":"https:\/\/glossar.travel\/ru\/wp-json\/wp\/v2\/product\/11124","targetHints":{"allow":["GET"]}}],"collection":[{"href":"https:\/\/glossar.travel\/ru\/wp-json\/wp\/v2\/product"}],"about":[{"href":"https:\/\/glossar.travel\/ru\/wp-json\/wp\/v2\/types\/product"}],"version-history":[{"count":0,"href":"https:\/\/glossar.travel\/ru\/wp-json\/wp\/v2\/product\/11124\/revisions"}],"wp:featuredmedia":[{"embeddable":true,"href":"https:\/\/glossar.travel\/ru\/wp-json\/wp\/v2\/media\/11125"}],"wp:attachment":[{"href":"https:\/\/glossar.travel\/ru\/wp-json\/wp\/v2\/media?parent=11124"}],"wp:term":[{"taxonomy":"product_brand","embeddable":true,"href":"https:\/\/glossar.travel\/ru\/wp-json\/wp\/v2\/product_brand?post=11124"},{"taxonomy":"product_cat","embeddable":true,"href":"https:\/\/glossar.travel\/ru\/wp-json\/wp\/v2\/product_cat?post=11124"},{"taxonomy":"product_tag","embeddable":true,"href":"https:\/\/glossar.travel\/ru\/wp-json\/wp\/v2\/product_tag?post=11124"}],"curies":[{"name":"wp","href":"https:\/\/api.w.org\/{rel}","templated":true}]}}