{"id":11022,"date":"2025-11-05T10:35:33","date_gmt":"2025-11-05T10:35:33","guid":{"rendered":"https:\/\/glossar.travel\/?post_type=product&#038;p=11022"},"modified":"2026-01-05T09:44:13","modified_gmt":"2026-01-05T09:44:13","slug":"coral-sea-imperial-sensatori-5-sharm-el-sheikh-egipt","status":"publish","type":"product","link":"https:\/\/glossar.travel\/ru\/product\/coral-sea-imperial-sensatori-5-sharm-el-sheikh-egipt\/","title":{"rendered":"Coral Sea Imperial Sensatori 5* \u0428\u0430\u0440\u043c-\u044d\u043b\u044c-\u0428\u0435\u0439\u0445, \u0415\u0433\u0438\u043f\u0435\u0442"},"content":{"rendered":"<p>\u0421\u0430\u043c\u044b\u0439 \u0440\u043e\u0441\u043a\u043e\u0448\u043d\u044b\u0439 \u043e\u0442\u0435\u043b\u044c \u0441\u0435\u0442\u0438 Coral Sea \u0440\u0430\u0441\u043f\u043e\u043b\u043e\u0436\u0435\u043d \u0432 \u0428\u0430\u0440\u043c-\u044d\u043b\u044c-\u0428\u0435\u0439\u0445\u0435, \u043e\u0442\u043a\u0443\u0434\u0430 \u043b\u0435\u0433\u043a\u043e \u0434\u043e\u0431\u0440\u0430\u0442\u044c\u0441\u044f \u0434\u043e \u043c\u043d\u043e\u0433\u043e\u0447\u0438\u0441\u043b\u0435\u043d\u043d\u044b\u0445 \u043a\u0443\u043b\u044c\u0442\u0443\u0440\u043d\u044b\u0445 \u0438 \u0442\u0443\u0440\u0438\u0441\u0442\u0438\u0447\u0435\u0441\u043a\u0438\u0445 \u0434\u043e\u0441\u0442\u043e\u043f\u0440\u0438\u043c\u0435\u0447\u0430\u0442\u0435\u043b\u044c\u043d\u043e\u0441\u0442\u0435\u0439. \u041e\u043d \u0441\u043e\u0441\u0442\u043e\u0438\u0442 \u0438\u0437 \u0433\u043b\u0430\u0432\u043d\u043e\u0433\u043e \u0437\u0434\u0430\u043d\u0438\u044f \u0438 \u043a\u043e\u043c\u043f\u043b\u0435\u043a\u0441\u0430 \u0437\u0434\u0430\u043d\u0438\u0439, \u0441\u043f\u0443\u0441\u043a\u0430\u044e\u0449\u0438\u0445\u0441\u044f \u043a \u043c\u043e\u0440\u044e. \u041a \u0443\u0441\u043b\u0443\u0433\u0430\u043c \u0433\u043e\u0441\u0442\u0435\u0439 \u043d\u043e\u043c\u0435\u0440\u0430 \u0441\u043e \u0432\u0441\u0435\u043c\u0438 \u043d\u0435\u043e\u0431\u0445\u043e\u0434\u0438\u043c\u044b\u043c\u0438 \u0443\u0434\u043e\u0431\u0441\u0442\u0432\u0430\u043c\u0438 \u0434\u043b\u044f \u043a\u043e\u043c\u0444\u043e\u0440\u0442\u043d\u043e\u0433\u043e \u043e\u0442\u0434\u044b\u0445\u0430. \u041e\u0441\u043e\u0431\u043e\u0433\u043e \u0432\u043d\u0438\u043c\u0430\u043d\u0438\u044f \u0437\u0430\u0441\u043b\u0443\u0436\u0438\u0432\u0430\u044e\u0442 \u043d\u043e\u043c\u0435\u0440\u0430 Swim Up \u0441 \u0431\u0430\u0441\u0441\u0435\u0439\u043d\u043e\u043c, \u0434\u043e\u0441\u0442\u0443\u043f\u043d\u044b\u0435 \u0442\u043e\u043b\u044c\u043a\u043e \u0432 \u044d\u0442\u043e\u0439 \u043a\u0430\u0442\u0435\u0433\u043e\u0440\u0438\u0438, \u0438 \u043d\u043e\u043c\u0435\u0440\u0430 \u0441 \u0434\u0436\u0430\u043a\u0443\u0437\u0438 \u043d\u0430 \u0431\u0430\u043b\u043a\u043e\u043d\u0435. \u0412 \u043e\u0442\u0435\u043b\u0435 \u0435\u0441\u0442\u044c \u0440\u0435\u0441\u0442\u043e\u0440\u0430\u043d\u044b \u0438 \u0431\u0430\u0440\u044b, \u043f\u0440\u0435\u0434\u043b\u0430\u0433\u0430\u044e\u0449\u0438\u0435 \u0448\u0438\u0440\u043e\u043a\u0438\u0439 \u0432\u044b\u0431\u043e\u0440 \u0431\u043b\u044e\u0434 \u0438 \u043d\u0430\u043f\u0438\u0442\u043a\u043e\u0432. \u041e\u0442\u0435\u043b\u044c \u0442\u0430\u043a\u0436\u0435 \u043f\u0440\u0435\u0434\u043b\u0430\u0433\u0430\u0435\u0442 \u0441\u043f\u0430-\u0446\u0435\u043d\u0442\u0440 \u0438 \u0438\u043d\u0442\u0435\u0440\u0435\u0441\u043d\u044b\u0435 \u0441\u043f\u0435\u0446\u0438\u0430\u043b\u044c\u043d\u044b\u0435 \u043f\u0440\u0435\u0434\u043b\u043e\u0436\u0435\u043d\u0438\u044f \u0434\u043b\u044f \u043c\u043e\u043b\u043e\u0434\u043e\u0436\u0435\u043d\u043e\u0432. \u041f\u043e\u0434\u0445\u043e\u0434\u0438\u0442 \u0434\u043b\u044f \u0441\u0435\u043c\u0435\u0439\u043d\u043e\u0433\u043e \u043e\u0442\u0434\u044b\u0445\u0430.<\/p>","protected":false},"excerpt":{"rendered":"<p>Cel mai luxos hotel din lan\u021bul Coral Sea este situat \u00een Sharm El Sheikh, oferind acces facil la numeroase atrac\u021bii culturale \u0219i turistice. Este format dintr-o cl\u0103dire principal\u0103 \u0219i un complex de cl\u0103diri care coboar\u0103 spre mare. Ofer\u0103 camere cu toate facilit\u0103\u021bile necesare pentru un sejur confortabil. De remarcat \u00een mod special sunt camerele Swim [&hellip;]<\/p>\n","protected":false},"featured_media":11027,"template":"","meta":[],"product_brand":[],"product_cat":[28],"product_tag":[],"class_list":{"0":"post-11022","1":"product","2":"type-product","3":"status-publish","4":"has-post-thumbnail","6":"brw_countries-egipt","7":"brw_destinatie-mare","8":"product_cat-family","10":"first","11":"instock","12":"shipping-taxable","13":"purchasable","14":"product-type-ovabrw_car_rental"},"_links":{"self":[{"href":"https:\/\/glossar.travel\/ru\/wp-json\/wp\/v2\/product\/11022","targetHints":{"allow":["GET"]}}],"collection":[{"href":"https:\/\/glossar.travel\/ru\/wp-json\/wp\/v2\/product"}],"about":[{"href":"https:\/\/glossar.travel\/ru\/wp-json\/wp\/v2\/types\/product"}],"version-history":[{"count":0,"href":"https:\/\/glossar.travel\/ru\/wp-json\/wp\/v2\/product\/11022\/revisions"}],"wp:featuredmedia":[{"embeddable":true,"href":"https:\/\/glossar.travel\/ru\/wp-json\/wp\/v2\/media\/11027"}],"wp:attachment":[{"href":"https:\/\/glossar.travel\/ru\/wp-json\/wp\/v2\/media?parent=11022"}],"wp:term":[{"taxonomy":"product_brand","embeddable":true,"href":"https:\/\/glossar.travel\/ru\/wp-json\/wp\/v2\/product_brand?post=11022"},{"taxonomy":"product_cat","embeddable":true,"href":"https:\/\/glossar.travel\/ru\/wp-json\/wp\/v2\/product_cat?post=11022"},{"taxonomy":"product_tag","embeddable":true,"href":"https:\/\/glossar.travel\/ru\/wp-json\/wp\/v2\/product_tag?post=11022"}],"curies":[{"name":"wp","href":"https:\/\/api.w.org\/{rel}","templated":true}]}}