{"id":10952,"date":"2025-11-04T10:10:54","date_gmt":"2025-11-04T10:10:54","guid":{"rendered":"https:\/\/glossar.travel\/?post_type=product&#038;p=10952"},"modified":"2026-01-14T12:10:28","modified_gmt":"2026-01-14T12:10:28","slug":"lux-south-ari-atoll-5-maldive","status":"publish","type":"product","link":"https:\/\/glossar.travel\/ru\/product\/lux-south-ari-atoll-5-maldive\/","title":{"rendered":"\u0420\u043e\u0441\u043a\u043e\u0448\u043d\u044b\u0439 \u042e\u0436\u043d\u044b\u0439 \u0410\u0440\u0438 \u0410\u0442\u043e\u043b\u043b 5* \u041c\u0430\u043b\u044c\u0434\u0438\u0432\u044b"},"content":{"rendered":"<div class=\"hotel_short_description\">\u041e\u0442\u0435\u043b\u044c \u0434\u043b\u044f \u0443\u0435\u0434\u0438\u043d\u0451\u043d\u043d\u043e\u0433\u043e \u043e\u0442\u0434\u044b\u0445\u0430 \u043d\u0430 \u043f\u0435\u0441\u0447\u0430\u043d\u043e\u043c \u0431\u0435\u0440\u0435\u0433\u0443 \u0438\u043b\u0438 \u0443 \u0431\u0430\u0441\u0441\u0435\u0439\u043d\u0430. \u0413\u043e\u0441\u0442\u044f\u043c \u043f\u0440\u0435\u0434\u043b\u0430\u0433\u0430\u044e\u0442\u0441\u044f \u0432\u043e\u0434\u043d\u044b\u0435 \u0432\u0438\u0434\u044b \u0441\u043f\u043e\u0440\u0442\u0430, \u0434\u0430\u0439\u0432\u0438\u043d\u0433 \u0438 \u043c\u043d\u043e\u0433\u043e\u0435 \u0434\u0440\u0443\u0433\u043e\u0435. \u0412 \u043e\u0442\u0435\u043b\u0435 \u0435\u0441\u0442\u044c \u043d\u0435\u0441\u043a\u043e\u043b\u044c\u043a\u043e \u0440\u0435\u0441\u0442\u043e\u0440\u0430\u043d\u043e\u0432 \u0438 \u0431\u0430\u0440\u043e\u0432 \u0441 \u0431\u043b\u044e\u0434\u0430\u043c\u0438 \u0438\u043d\u0442\u0435\u0440\u043d\u0430\u0446\u0438\u043e\u043d\u0430\u043b\u044c\u043d\u043e\u0439 \u043a\u0443\u0445\u043d\u0438 \u0438 \u043d\u0430\u043f\u0438\u0442\u043a\u0430\u043c\u0438. \u041b\u044e\u0431\u0438\u0442\u0435\u043b\u0438 \u0437\u0434\u043e\u0440\u043e\u0432\u043e\u0433\u043e \u043e\u0431\u0440\u0430\u0437\u0430 \u0436\u0438\u0437\u043d\u0438 \u0438 \u043f\u043e\u0434\u0434\u0435\u0440\u0436\u0430\u043d\u0438\u044f \u043a\u0440\u0430\u0441\u043e\u0442\u044b \u043c\u043e\u0433\u0443\u0442 \u0432\u043e\u0441\u043f\u043e\u043b\u044c\u0437\u043e\u0432\u0430\u0442\u044c\u0441\u044f \u0443\u0441\u043b\u0443\u0433\u0430\u043c\u0438 \u0444\u0438\u0442\u043d\u0435\u0441-\u0446\u0435\u043d\u0442\u0440\u0430 \u0438 \u0441\u043f\u0430-\u0446\u0435\u043d\u0442\u0440\u0430.<\/div>\n<div class=\"hotel_general_info\"><\/div>","protected":false},"excerpt":{"rendered":"<p>Un hotel pentru o vacan\u021b\u0103 retras\u0103 pe malul nisipos sau l\u00e2ng\u0103 piscin\u0103. Oaspe\u021bii sunt invita\u021bi s\u0103 practice sporturi nautice, s\u0103 exploreze lumea subacvatic\u0103 cu scufund\u0103ri \u0219i multe altele. Hotelul are mai multe restaurante \u0219i baruri cu buc\u0103t\u0103rie interna\u021bional\u0103 \u0219i b\u0103uturi. Fanii unui stil de via\u021b\u0103 s\u0103n\u0103tos \u0219i ai men\u021binerii frumuse\u021bii pot folosi serviciile centrului de [&hellip;]<\/p>\n","protected":false},"featured_media":10954,"template":"","meta":[],"product_brand":[],"product_cat":[28],"product_tag":[],"class_list":{"0":"post-10952","1":"product","2":"type-product","3":"status-publish","4":"has-post-thumbnail","6":"brw_countries-maldive","7":"brw_destinatie-insule","8":"product_cat-family","10":"first","11":"instock","12":"sale","13":"shipping-taxable","14":"purchasable","15":"product-type-ovabrw_car_rental"},"_links":{"self":[{"href":"https:\/\/glossar.travel\/ru\/wp-json\/wp\/v2\/product\/10952","targetHints":{"allow":["GET"]}}],"collection":[{"href":"https:\/\/glossar.travel\/ru\/wp-json\/wp\/v2\/product"}],"about":[{"href":"https:\/\/glossar.travel\/ru\/wp-json\/wp\/v2\/types\/product"}],"version-history":[{"count":0,"href":"https:\/\/glossar.travel\/ru\/wp-json\/wp\/v2\/product\/10952\/revisions"}],"wp:featuredmedia":[{"embeddable":true,"href":"https:\/\/glossar.travel\/ru\/wp-json\/wp\/v2\/media\/10954"}],"wp:attachment":[{"href":"https:\/\/glossar.travel\/ru\/wp-json\/wp\/v2\/media?parent=10952"}],"wp:term":[{"taxonomy":"product_brand","embeddable":true,"href":"https:\/\/glossar.travel\/ru\/wp-json\/wp\/v2\/product_brand?post=10952"},{"taxonomy":"product_cat","embeddable":true,"href":"https:\/\/glossar.travel\/ru\/wp-json\/wp\/v2\/product_cat?post=10952"},{"taxonomy":"product_tag","embeddable":true,"href":"https:\/\/glossar.travel\/ru\/wp-json\/wp\/v2\/product_tag?post=10952"}],"curies":[{"name":"wp","href":"https:\/\/api.w.org\/{rel}","templated":true}]}}