{"id":10933,"date":"2025-11-03T15:42:52","date_gmt":"2025-11-03T15:42:52","guid":{"rendered":"https:\/\/glossar.travel\/?post_type=product&#038;p=10933"},"modified":"2026-01-14T12:05:55","modified_gmt":"2026-01-14T12:05:55","slug":"veligandu-island-resort-5-maldive","status":"publish","type":"product","link":"https:\/\/glossar.travel\/ru\/product\/veligandu-island-resort-5-maldive\/","title":{"rendered":"\u041a\u0443\u0440\u043e\u0440\u0442 Veligandu Island 5* \u041c\u0430\u043b\u044c\u0434\u0438\u0432\u044b"},"content":{"rendered":"<p>\u041a\u0443\u0440\u043e\u0440\u0442\u043d\u044b\u0439 \u0441\u043f\u0430-\u043e\u0442\u0435\u043b\u044c Veligandu Island \u2014 \u0436\u0435\u043c\u0447\u0443\u0436\u0438\u043d\u0430 \u0418\u043d\u0434\u0438\u0439\u0441\u043a\u043e\u0433\u043e \u043e\u043a\u0435\u0430\u043d\u0430. \u041d\u0435\u043e\u0431\u044b\u043a\u043d\u043e\u0432\u0435\u043d\u043d\u044b\u0439 \u0442\u0440\u043e\u043f\u0438\u0447\u0435\u0441\u043a\u0438\u0439 \u0440\u0430\u0439 \u0441 \u043a\u043e\u043b\u044b\u0448\u0443\u0449\u0438\u043c\u0438\u0441\u044f \u043f\u0430\u043b\u044c\u043c\u0430\u043c\u0438, \u043f\u0435\u0441\u0447\u0430\u043d\u044b\u043c\u0438 \u043f\u043b\u044f\u0436\u0430\u043c\u0438, \u043a\u0440\u0438\u0441\u0442\u0430\u043b\u044c\u043d\u043e \u0447\u0438\u0441\u0442\u043e\u0439 \u0432\u043e\u0434\u043e\u0439 \u0438 \u0432\u0435\u043b\u0438\u043a\u043e\u043b\u0435\u043f\u043d\u044b\u043c\u0438 \u043a\u043e\u0440\u0430\u043b\u043b\u043e\u0432\u044b\u043c\u0438 \u0440\u0438\u0444\u0430\u043c\u0438, \u043a\u0438\u0448\u0430\u0449\u0438\u043c\u0438 \u0431\u043e\u0433\u0430\u0442\u043e\u0439 \u043c\u043e\u0440\u0441\u043a\u043e\u0439 \u0436\u0438\u0437\u043d\u044c\u044e. \u042d\u0442\u043e\u0442 \u0440\u043e\u0441\u043a\u043e\u0448\u043d\u044b\u0439 \u043e\u0441\u0442\u0440\u043e\u0432 \u043f\u0440\u0435\u0434\u043b\u0430\u0433\u0430\u0435\u0442 \u0443\u0435\u0434\u0438\u043d\u0435\u043d\u0438\u0435 \u0438 \u0441\u043f\u043e\u043a\u043e\u0439\u0441\u0442\u0432\u0438\u0435, \u043a\u043e\u0442\u043e\u0440\u044b\u0435 \u043d\u0430\u043f\u043e\u043b\u043d\u044f\u044e\u0442 \u0432\u0430\u0448\u0443 \u0436\u0438\u0437\u043d\u044c. \u041e\u043a\u0440\u0443\u0436\u0435\u043d\u043d\u044b\u0439 \u043f\u0440\u0435\u043a\u0440\u0430\u0441\u043d\u043e\u0439 \u043b\u0430\u0433\u0443\u043d\u043e\u0439, \u043e\u0441\u0442\u0440\u043e\u0432 \u0434\u043b\u0438\u043d\u043e\u0439 600 \u043c\u0435\u0442\u0440\u043e\u0432 \u0438 \u0448\u0438\u0440\u0438\u043d\u043e\u0439 150 \u043c\u0435\u0442\u0440\u043e\u0432 \u0437\u0430\u043d\u0438\u043c\u0430\u0435\u0442 \u043f\u043b\u043e\u0449\u0430\u0434\u044c \u043e\u043a\u043e\u043b\u043e 22 \u0430\u043a\u0440\u043e\u0432 (9 \u0433\u0435\u043a\u0442\u0430\u0440\u043e\u0432). \u0413\u043e\u0441\u0442\u0438 \u0434\u043e\u0431\u0438\u0440\u0430\u044e\u0442\u0441\u044f \u0434\u043e \u043e\u0442\u0435\u043b\u044f \u043d\u0430 \u0433\u0438\u0434\u0440\u043e\u0441\u0430\u043c\u043e\u043b\u0435\u0442\u0435, \u0447\u0442\u043e \u0437\u0430\u043d\u0438\u043c\u0430\u0435\u0442 \u043e\u043a\u043e\u043b\u043e 25 \u043c\u0438\u043d\u0443\u0442 \u043e\u0442 \u043c\u0435\u0436\u0434\u0443\u043d\u0430\u0440\u043e\u0434\u043d\u043e\u0433\u043e \u0430\u044d\u0440\u043e\u043f\u043e\u0440\u0442\u0430 \u0412\u0435\u043b\u0430\u043d\u0430. \u0422\u0438\u0448\u0438\u043d\u0430 \u0438 \u043f\u043e\u043a\u043e\u0439 \u043f\u0440\u0438\u0432\u043b\u0435\u043a\u0430\u044e\u0442 \u043e\u0442\u0435\u043b\u044c Veligandu, \u043d\u0430 \u043a\u0440\u0430\u0441\u0438\u0432\u0435\u0439\u0448\u0435\u0439 \u0442\u0435\u0440\u0440\u0438\u0442\u043e\u0440\u0438\u0438 \u043a\u043e\u0442\u043e\u0440\u043e\u0433\u043e \u0440\u0430\u0441\u043f\u043e\u043b\u043e\u0436\u0435\u043d\u043e \u0432\u0441\u0435\u0433\u043e 91 \u0432\u0438\u043b\u043b\u0430. \u0412 \u043f\u0435\u0440\u0435\u0440\u044b\u0432\u0430\u0445 \u043c\u0435\u0436\u0434\u0443 \u043e\u0442\u0434\u044b\u0445\u043e\u043c \u0433\u043e\u0441\u0442\u0438 \u043c\u043e\u0433\u0443\u0442 \u043d\u0430\u0441\u043b\u0430\u0434\u0438\u0442\u044c\u0441\u044f \u043d\u0435\u0442\u043e\u0440\u043e\u043f\u043b\u0438\u0432\u044b\u043c \u043e\u0442\u0434\u044b\u0445\u043e\u043c \u0438 \u0443\u0435\u0434\u0438\u043d\u0435\u043d\u0438\u0435\u043c. \u0414\u043b\u044f \u0440\u0430\u0437\u043c\u0435\u0449\u0435\u043d\u0438\u044f \u043e\u0442\u0435\u043b\u044c \u043f\u0440\u0435\u0434\u043b\u0430\u0433\u0430\u0435\u0442 20 \u0432\u0438\u043b\u043b Sunset Jacuzzi Water Villa, 34 \u0432\u0438\u043b\u043b\u044b Jacuzzi Water Villa, 10 \u0432\u0438\u043b\u043b Water Villa, 10 \u0432\u0438\u043b\u043b Jacuzzi Beach Villa, 6 \u0432\u0438\u043b\u043b Sunset Jacuzzi Beach Villa \u0438 11 \u0432\u0438\u043b\u043b Beach Villa. \u0412\u0441\u0435 \u043d\u043e\u043c\u0435\u0440\u0430 \u043e\u0444\u043e\u0440\u043c\u043b\u0435\u043d\u044b \u0432 \u0442\u0440\u043e\u043f\u0438\u0447\u0435\u0441\u043a\u043e\u043c \u0441\u0442\u0438\u043b\u0435. \u0412 \u043a\u0430\u0436\u0434\u043e\u043c \u043d\u043e\u043c\u0435\u0440\u0435 \u0435\u0441\u0442\u044c \u043a\u0440\u043e\u0432\u0430\u0442\u044c \u0440\u0430\u0437\u043c\u0435\u0440\u0430 \u201eking-size\u201d, \u0434\u0435\u0440\u0435\u0432\u044f\u043d\u043d\u044b\u0439 \u0438\u043b\u0438 \u043a\u0430\u0444\u0435\u043b\u044c\u043d\u044b\u0439 \u043f\u043e\u043b, \u0441\u043e\u0431\u0441\u0442\u0432\u0435\u043d\u043d\u0430\u044f \u043c\u0435\u0431\u043b\u0438\u0440\u043e\u0432\u0430\u043d\u043d\u0430\u044f \u0432\u0435\u0440\u0430\u043d\u0434\u0430, \u043a\u043e\u043d\u0434\u0438\u0446\u0438\u043e\u043d\u0435\u0440, \u043f\u043e\u0442\u043e\u043b\u043e\u0447\u043d\u044b\u0439 \u0432\u0435\u043d\u0442\u0438\u043b\u044f\u0442\u043e\u0440, \u0433\u043e\u0441\u0442\u0438\u043d\u0430\u044f \u0437\u043e\u043d\u0430, \u043c\u0438\u043d\u0438-\u0431\u0430\u0440 \u0441 \u0445\u043e\u043b\u043e\u0434\u0438\u043b\u044c\u043d\u0438\u043a\u043e\u043c, \u0431\u0435\u0441\u043f\u043b\u0430\u0442\u043d\u044b\u0439 \u0447\u0430\u0439\/\u043a\u043e\u0444\u0435, \u043a\u043e\u0444\u0435\u043c\u0430\u0448\u0438\u043d\u0430 \u044d\u0441\u043f\u0440\u0435\u0441\u0441\u043e, \u0442\u0435\u043b\u0435\u0444\u043e\u043d \u0441 \u043c\u0435\u0436\u0434\u0443\u043d\u0430\u0440\u043e\u0434\u043d\u043e\u0439 \u043b\u0438\u043d\u0438\u0435\u0439, 40-\u0434\u044e\u0439\u043c\u043e\u0432\u044b\u0439 \u0442\u0435\u043b\u0435\u0432\u0438\u0437\u043e\u0440 \u0441 \u043f\u043b\u043e\u0441\u043a\u0438\u043c \u044d\u043a\u0440\u0430\u043d\u043e\u043c \u0438 \u043f\u043e\u0434\u043a\u043b\u044e\u0447\u0435\u043d\u0438\u0435\u043c IPTV, DVD\/CD-\u043f\u043b\u0435\u0435\u0440, \u0434\u043e\u043a-\u0441\u0442\u0430\u043d\u0446\u0438\u044f \u0434\u043b\u044f iPod, \u0431\u0435\u0441\u043f\u043b\u0430\u0442\u043d\u044b\u0439 Wi-Fi, \u0441\u0435\u0439\u0444, \u043f\u043e\u043b\u0443\u043e\u0442\u043a\u0440\u044b\u0442\u0430\u044f \u0432\u0430\u043d\u043d\u0430\u044f \u043a\u043e\u043c\u043d\u0430\u0442\u0430 \u0441 \u0442\u0440\u043e\u043f\u0438\u0447\u0435\u0441\u043a\u0438\u043c \u0434\u0443\u0448\u0435\u043c, \u0434\u0432\u043e\u0439\u043d\u043e\u0439 \u0440\u0430\u043a\u043e\u0432\u0438\u043d\u043e\u0439, \u0442\u0443\u0430\u043b\u0435\u0442\u043d\u044b\u043c\u0438 \u043f\u0440\u0438\u043d\u0430\u0434\u043b\u0435\u0436\u043d\u043e\u0441\u0442\u044f\u043c\u0438, \u0444\u0435\u043d\u043e\u043c, \u0445\u0430\u043b\u0430\u0442\u0430\u043c\u0438, \u0432\u0435\u0447\u0435\u0440\u043d\u044f\u044f \u043f\u043e\u0434\u0433\u043e\u0442\u043e\u0432\u043a\u0430 \u043d\u043e\u043c\u0435\u0440\u0430 \u043a\u043e \u0441\u043d\u0443 \u0438 \u0431\u0435\u0441\u043f\u043b\u0430\u0442\u043d\u043e\u0435 \u043f\u043e\u043b\u044c\u0437\u043e\u0432\u0430\u043d\u0438\u0435 \u0448\u0435\u0437\u043b\u043e\u043d\u0433\u0430\u043c\u0438 \u0438 \u043f\u043b\u044f\u0436\u043d\u044b\u043c\u0438 \u043f\u043e\u043b\u043e\u0442\u0435\u043d\u0446\u0430\u043c\u0438 \u043d\u0430 \u043f\u043b\u044f\u0436\u0435 \u0438 \u0443 \u0431\u0430\u0441\u0441\u0435\u0439\u043d\u0430. \u042d\u043b\u0435\u043a\u0442\u0440\u0438\u0447\u0435\u0441\u0442\u0432\u043e 220 \u0412, 50 \u0413\u0446 \u0441\u043e \u0441\u0442\u0430\u043d\u0434\u0430\u0440\u0442\u043d\u044b\u043c\u0438 \u0431\u0440\u0438\u0442\u0430\u043d\u0441\u043a\u0438\u043c\u0438 \u0440\u043e\u0437\u0435\u0442\u043a\u0430\u043c\u0438. \u041a\u0443\u0440\u043e\u0440\u0442 Veligandu Island Resort \u2014 \u043e\u0442\u043b\u0438\u0447\u043d\u044b\u0439 \u0432\u044b\u0431\u043e\u0440 \u043a\u0430\u043a \u0434\u043b\u044f \u043e\u0442\u0434\u044b\u0445\u0430\u044e\u0449\u0438\u0445, \u0442\u0430\u043a \u0438 \u0434\u043b\u044f \u0434\u0435\u043b\u043e\u0432\u044b\u0445 \u043f\u0443\u0442\u0435\u0448\u0435\u0441\u0442\u0432\u0435\u043d\u043d\u0438\u043a\u043e\u0432 \u0432\u043e \u0432\u0440\u0435\u043c\u044f \u0438\u0445 \u0432\u0438\u0437\u0438\u0442\u0430 \u043d\u0430 \u041c\u0430\u043b\u044c\u0434\u0438\u0432\u044b. \u0412 \u043e\u0442\u0435\u043b\u0435 \u0446\u0430\u0440\u0438\u0442 \u0441\u043f\u043e\u043a\u043e\u0439\u043d\u0430\u044f, \u043a\u043e\u043c\u0444\u043e\u0440\u0442\u043d\u0430\u044f \u0430\u0442\u043c\u043e\u0441\u0444\u0435\u0440\u0430. \u0422\u0430\u043a\u043e\u0439 \u043e\u0442\u0434\u044b\u0445 \u043f\u043e\u043d\u0440\u0430\u0432\u0438\u0442\u0441\u044f \u0442\u0435\u043c, \u043a\u0442\u043e \u043f\u0440\u0438\u0435\u0445\u0430\u043b \u043f\u0440\u043e\u0441\u0442\u043e \u0440\u0430\u0441\u0441\u043b\u0430\u0431\u0438\u0442\u044c\u0441\u044f, \u043f\u043e\u0437\u0430\u0433\u043e\u0440\u0430\u0442\u044c \u043d\u0430 \u043f\u043b\u044f\u0436\u0435, \u043f\u043e\u043f\u043b\u0430\u0432\u0430\u0442\u044c \u0432 \u043b\u0430\u0433\u0443\u043d\u0435 \u0438\u043b\u0438 \u043d\u0430 \u00ab\u0434\u043e\u043c\u0430\u0448\u043d\u0435\u043c\u00bb \u0440\u0438\u0444\u0435 \u0438 \u043f\u0440\u043e\u0432\u0435\u0441\u0442\u0438 \u043f\u0440\u0438\u044f\u0442\u043d\u044b\u0439 \u0432\u0435\u0447\u0435\u0440 \u0432 \u0431\u0430\u0440\u0435.<\/p>","protected":false},"excerpt":{"rendered":"<p>Veligandu Island Resort &amp; Spa este perla Oceanului Indian. Un paradis tropical extraordinar cu palmieri leg\u0103n\u0103tori, plaje cu nisip, ape cristaline \u0219i recife de corali magnifice pline de via\u021b\u0103 marin\u0103 bogat\u0103. Aceast\u0103 insul\u0103 luxoas\u0103 ofer\u0103 intimitate \u0219i lini\u0219te care v\u0103 umple via\u021ba. \u00cenconjurat\u0103 de o lagun\u0103 frumoas\u0103, insula are 600 de metri lungime \u0219i 150 [&hellip;]<\/p>\n","protected":false},"featured_media":10942,"template":"","meta":[],"product_brand":[],"product_cat":[28],"product_tag":[],"class_list":{"0":"post-10933","1":"product","2":"type-product","3":"status-publish","4":"has-post-thumbnail","6":"brw_countries-maldive","7":"brw_destinatie-insule","8":"product_cat-family","10":"first","11":"instock","12":"shipping-taxable","13":"purchasable","14":"product-type-ovabrw_car_rental"},"_links":{"self":[{"href":"https:\/\/glossar.travel\/ru\/wp-json\/wp\/v2\/product\/10933","targetHints":{"allow":["GET"]}}],"collection":[{"href":"https:\/\/glossar.travel\/ru\/wp-json\/wp\/v2\/product"}],"about":[{"href":"https:\/\/glossar.travel\/ru\/wp-json\/wp\/v2\/types\/product"}],"version-history":[{"count":0,"href":"https:\/\/glossar.travel\/ru\/wp-json\/wp\/v2\/product\/10933\/revisions"}],"wp:featuredmedia":[{"embeddable":true,"href":"https:\/\/glossar.travel\/ru\/wp-json\/wp\/v2\/media\/10942"}],"wp:attachment":[{"href":"https:\/\/glossar.travel\/ru\/wp-json\/wp\/v2\/media?parent=10933"}],"wp:term":[{"taxonomy":"product_brand","embeddable":true,"href":"https:\/\/glossar.travel\/ru\/wp-json\/wp\/v2\/product_brand?post=10933"},{"taxonomy":"product_cat","embeddable":true,"href":"https:\/\/glossar.travel\/ru\/wp-json\/wp\/v2\/product_cat?post=10933"},{"taxonomy":"product_tag","embeddable":true,"href":"https:\/\/glossar.travel\/ru\/wp-json\/wp\/v2\/product_tag?post=10933"}],"curies":[{"name":"wp","href":"https:\/\/api.w.org\/{rel}","templated":true}]}}