{"id":10889,"date":"2025-11-03T13:58:58","date_gmt":"2025-11-03T13:58:58","guid":{"rendered":"https:\/\/glossar.travel\/?post_type=product&#038;p=10889"},"modified":"2025-12-16T12:07:50","modified_gmt":"2025-12-16T12:07:50","slug":"canal-central-business-bay-5-dubai","status":"publish","type":"product","link":"https:\/\/glossar.travel\/ru\/product\/canal-central-business-bay-5-dubai\/","title":{"rendered":"\u041a\u0430\u043d\u0430\u043b \u0426\u0435\u043d\u0442\u0440\u0430\u043b \u0411\u0438\u0437\u043d\u0435\u0441 \u0411\u044d\u0439 5* \u0414\u0443\u0431\u0430\u0439"},"content":{"rendered":"<p>\u041e\u0442\u0435\u043b\u044c Canal Central \u0440\u0430\u0441\u043f\u043e\u043b\u043e\u0436\u0435\u043d \u0432 \u0440\u0430\u0439\u043e\u043d\u0435 \u0411\u0438\u0437\u043d\u0435\u0441-\u0411\u044d\u0439 \u0432 \u0414\u0443\u0431\u0430\u0435, \u0432 1,8 \u043a\u043c \u043e\u0442 \u0414\u0443\u0431\u0430\u0439\u0441\u043a\u043e\u0439 \u043e\u043f\u0435\u0440\u044b \u0438 \u0432 1,9 \u043a\u043c \u043e\u0442 \u0444\u043e\u043d\u0442\u0430\u043d\u0430 \u0414\u0443\u0431\u0430\u0439. \u041a \u0443\u0441\u043b\u0443\u0433\u0430\u043c \u0433\u043e\u0441\u0442\u0435\u0439 \u0444\u0438\u0442\u043d\u0435\u0441-\u0446\u0435\u043d\u0442\u0440, \u043e\u0442\u043a\u0440\u044b\u0442\u044b\u0439 \u0431\u0430\u0441\u0441\u0435\u0439\u043d, \u0431\u0435\u0441\u043f\u043b\u0430\u0442\u043d\u044b\u0439 Wi-Fi \u0438 \u0441\u043f\u0430-\u0446\u0435\u043d\u0442\u0440 \u0441 \u0441\u0430\u0443\u043d\u043e\u0439.<br \/>\n\u0412 \u043d\u043e\u043c\u0435\u0440\u0430\u0445 \u0435\u0441\u0442\u044c \u0447\u0430\u0439\u043d\u0438\u043a, \u0433\u043e\u0441\u0442\u0438\u043d\u044b\u0439 \u0443\u0433\u043e\u043b\u043e\u043a \u0438 \u0441\u043e\u0431\u0441\u0442\u0432\u0435\u043d\u043d\u0430\u044f \u0432\u0430\u043d\u043d\u0430\u044f \u043a\u043e\u043c\u043d\u0430\u0442\u0430 \u0441 \u0432\u0430\u043d\u043d\u043e\u0439. \u0418\u0437 \u043d\u0435\u043a\u043e\u0442\u043e\u0440\u044b\u0445 \u043d\u043e\u043c\u0435\u0440\u043e\u0432 \u043e\u0442\u0435\u043b\u044f Canal Central \u043e\u0442\u043a\u0440\u044b\u0432\u0430\u0435\u0442\u0441\u044f \u0432\u0438\u0434 \u043d\u0430 \u043e\u0437\u0435\u0440\u043e.<br \/>\n\u041f\u043e \u0443\u0442\u0440\u0430\u043c \u0433\u043e\u0441\u0442\u0438 \u043c\u043e\u0433\u0443\u0442 \u0432\u044b\u0431\u0440\u0430\u0442\u044c \u043a\u043e\u043d\u0442\u0438\u043d\u0435\u043d\u0442\u0430\u043b\u044c\u043d\u044b\u0439 \u0437\u0430\u0432\u0442\u0440\u0430\u043a \u0438\u043b\u0438 \u0437\u0430\u0432\u0442\u0440\u0430\u043a \u00ab\u0448\u0432\u0435\u0434\u0441\u043a\u0438\u0439 \u0441\u0442\u043e\u043b\u00bb. \u0412 \u0440\u0435\u0441\u0442\u043e\u0440\u0430\u043d\u0435 \u043e\u0442\u0435\u043b\u044f \u043f\u043e\u0434\u0430\u044e\u0442 \u0431\u043b\u044e\u0434\u0430 \u0438\u043d\u0442\u0435\u0440\u043d\u0430\u0446\u0438\u043e\u043d\u0430\u043b\u044c\u043d\u043e\u0439, \u043a\u0430\u0434\u0436\u0443\u043d\u0441\u043a\u043e\u0439\/\u043a\u0440\u0435\u043e\u043b\u044c\u0441\u043a\u043e\u0439 \u043a\u0443\u0445\u043d\u0438, \u0430 \u0442\u0430\u043a\u0436\u0435 \u0431\u043b\u044e\u0434\u0430 \u0431\u0435\u0437 \u0433\u043b\u044e\u0442\u0435\u043d\u0430.<br \/>\n\u0413\u043e\u0441\u0442\u0438 \u043e\u0442\u0435\u043b\u044f Canal Central \u043c\u043e\u0433\u0443\u0442 \u043e\u0442\u0434\u043e\u0445\u043d\u0443\u0442\u044c \u043d\u0430 \u0442\u0435\u0440\u0440\u0430\u0441\u0435.<br \/>\n\u0421\u043e\u0442\u0440\u0443\u0434\u043d\u0438\u043a\u0438 \u043a\u0440\u0443\u0433\u043b\u043e\u0441\u0443\u0442\u043e\u0447\u043d\u043e\u0439 \u0441\u0442\u043e\u0439\u043a\u0438 \u0440\u0435\u0433\u0438\u0441\u0442\u0440\u0430\u0446\u0438\u0438 \u043c\u043e\u0433\u0443\u0442 \u043f\u0440\u0435\u0434\u043e\u0441\u0442\u0430\u0432\u0438\u0442\u044c \u0442\u0443\u0440\u0438\u0441\u0442\u0438\u0447\u0435\u0441\u043a\u0443\u044e \u0438\u043d\u0444\u043e\u0440\u043c\u0430\u0446\u0438\u044e.<br \/>\n\u0412\u0430\u0436\u043d\u043e: \u0442\u0440\u0435\u0431\u0443\u0435\u0442\u0441\u044f \u0432\u043d\u0435\u0441\u0435\u043d\u0438\u0435 \u0437\u0430\u043b\u043e\u0433\u0430 \u043d\u0430\u043b\u0438\u0447\u043d\u044b\u043c\u0438 \u0438\u043b\u0438 \u043a\u0440\u0435\u0434\u0438\u0442\u043d\u043e\u0439 \u043a\u0430\u0440\u0442\u043e\u0439.<\/p>","protected":false},"excerpt":{"rendered":"<p>Oferind un centru de fitness, piscin\u0103 \u00een aer liber, WiFi gratuit \u0219i un centru spa cu saun\u0103, Hotelul Canal Central este situat \u00een cartierul Business Bay din Dubai, la 1,8 km de Opera din Dubai \u0219i la 1,9 km de F\u00e2nt\u00e2na Dubai. Camerele sunt dotate cu fierb\u0103tor, zon\u0103 de relaxare \u0219i baie privat\u0103 cu cad\u0103. [&hellip;]<\/p>\n","protected":false},"featured_media":10890,"template":"","meta":[],"product_brand":[],"product_cat":[28],"product_tag":[],"class_list":{"0":"post-10889","1":"product","2":"type-product","3":"status-publish","4":"has-post-thumbnail","6":"brw_countries-dubai","7":"brw_destinatie-mare","8":"product_cat-family","10":"first","11":"instock","12":"shipping-taxable","13":"purchasable","14":"product-type-ovabrw_car_rental"},"_links":{"self":[{"href":"https:\/\/glossar.travel\/ru\/wp-json\/wp\/v2\/product\/10889","targetHints":{"allow":["GET"]}}],"collection":[{"href":"https:\/\/glossar.travel\/ru\/wp-json\/wp\/v2\/product"}],"about":[{"href":"https:\/\/glossar.travel\/ru\/wp-json\/wp\/v2\/types\/product"}],"version-history":[{"count":0,"href":"https:\/\/glossar.travel\/ru\/wp-json\/wp\/v2\/product\/10889\/revisions"}],"wp:featuredmedia":[{"embeddable":true,"href":"https:\/\/glossar.travel\/ru\/wp-json\/wp\/v2\/media\/10890"}],"wp:attachment":[{"href":"https:\/\/glossar.travel\/ru\/wp-json\/wp\/v2\/media?parent=10889"}],"wp:term":[{"taxonomy":"product_brand","embeddable":true,"href":"https:\/\/glossar.travel\/ru\/wp-json\/wp\/v2\/product_brand?post=10889"},{"taxonomy":"product_cat","embeddable":true,"href":"https:\/\/glossar.travel\/ru\/wp-json\/wp\/v2\/product_cat?post=10889"},{"taxonomy":"product_tag","embeddable":true,"href":"https:\/\/glossar.travel\/ru\/wp-json\/wp\/v2\/product_tag?post=10889"}],"curies":[{"name":"wp","href":"https:\/\/api.w.org\/{rel}","templated":true}]}}