{"id":10812,"date":"2025-10-30T12:27:00","date_gmt":"2025-10-30T12:27:00","guid":{"rendered":"https:\/\/glossar.travel\/?post_type=product&#038;p=10812"},"modified":"2025-11-13T10:47:28","modified_gmt":"2025-11-13T10:47:28","slug":"coral-sea-holiday-resort-5-sharm-el-sheikh-egipt","status":"publish","type":"product","link":"https:\/\/glossar.travel\/ru\/product\/coral-sea-holiday-resort-5-sharm-el-sheikh-egipt\/","title":{"rendered":"Coral Sea Holiday Resort 5* \u0428\u0430\u0440\u043c-\u044d\u043b\u044c-\u0428\u0435\u0439\u0445, \u0415\u0433\u0438\u043f\u0435\u0442"},"content":{"rendered":"<p>Coral Sea Holiday Resort &amp; Aqua Park \u2014 \u044d\u0442\u043e\u00a0<mark class=\"HxTRcb\">5-\u0437\u0432\u0435\u0437\u0434\u043e\u0447\u043d\u044b\u0439 \u043e\u0442\u0435\u043b\u044c \u0432 \u0428\u0430\u0440\u043c-\u044d\u043b\u044c-\u0428\u0435\u0439\u0445\u0435, \u0415\u0433\u0438\u043f\u0435\u0442<\/mark>, \u0440\u0430\u0441\u043f\u043e\u043b\u043e\u0436\u0435\u043d\u043d\u044b\u0439 \u043d\u0430 320-\u043c\u0435\u0442\u0440\u043e\u0432\u043e\u043c \u0447\u0430\u0441\u0442\u043d\u043e\u043c \u043f\u043b\u044f\u0436\u0435 \u0432 \u0440\u0430\u0439\u043e\u043d\u0435 \u041d\u0430\u0431\u043a. \u041a \u0443\u0441\u043b\u0443\u0433\u0430\u043c \u0433\u043e\u0441\u0442\u0435\u0439 \u044d\u043b\u0435\u0433\u0430\u043d\u0442\u043d\u044b\u0435 \u043d\u043e\u043c\u0435\u0440\u0430, 6 \u0440\u0435\u0441\u0442\u043e\u0440\u0430\u043d\u043e\u0432, 7 \u0431\u0430\u0440\u043e\u0432, 4 \u043e\u0442\u043a\u0440\u044b\u0442\u044b\u0445 \u0431\u0430\u0441\u0441\u0435\u0439\u043d\u0430 (2 \u0438\u0437 \u043a\u043e\u0442\u043e\u0440\u044b\u0445 \u043f\u043e\u0434\u043e\u0433\u0440\u0435\u0432\u0430\u044e\u0442\u0441\u044f \u0437\u0438\u043c\u043e\u0439), \u0441\u043f\u0430-\u0446\u0435\u043d\u0442\u0440, 6 \u0447\u0430\u0441\u0442\u043d\u044b\u0445 \u0431\u0430\u0441\u0441\u0435\u0439\u043d\u043e\u0432 \u0441 \u043f\u0440\u044f\u043c\u044b\u043c \u0432\u044b\u0445\u043e\u0434\u043e\u043c \u0438\u0437 \u043d\u043e\u043c\u0435\u0440\u043e\u0432, \u0434\u0435\u0442\u0441\u043a\u0438\u0439 \u043a\u043b\u0443\u0431, \u0441\u043f\u043e\u0440\u0442\u0438\u0432\u043d\u044b\u0435 \u043f\u043b\u043e\u0449\u0430\u0434\u043a\u0438, \u0442\u0435\u043d\u043d\u0438\u0441\u043d\u044b\u0439 \u043a\u043e\u0440\u0442 \u0438 Wi-Fi. \u041e\u0442\u0435\u043b\u044c \u043e\u0442\u043a\u0440\u044b\u043b\u0441\u044f \u0432 2007 \u0433\u043e\u0434\u0443 \u0438 \u0431\u044b\u043b \u043e\u0442\u0440\u0435\u043c\u043e\u043d\u0442\u0438\u0440\u043e\u0432\u0430\u043d, \u0447\u0442\u043e \u0434\u0435\u043b\u0430\u0435\u0442 \u0435\u0433\u043e \u043f\u043e\u0434\u0445\u043e\u0434\u044f\u0449\u0438\u043c \u043a\u0430\u043a \u0434\u043b\u044f \u0441\u0435\u043c\u0435\u0439\u043d\u043e\u0433\u043e, \u0442\u0430\u043a \u0438 \u0434\u043b\u044f \u043c\u043e\u043b\u043e\u0434\u0435\u0436\u043d\u043e\u0433\u043e \u043e\u0442\u0434\u044b\u0445\u0430.<span class=\"uJ19be notranslate\" data-wiz-uids=\"riRpde_c,riRpde_d\"><span class=\"vKEkVd\" data-animation-atomic=\"\">\u00a0<\/span><\/span><\/p>","protected":false},"excerpt":{"rendered":"<p>Coral Sea Holiday Resort &amp; Aqua Park este\u00a0un hotel de 5 stele din Sharm El Sheikh, Egipt, situat pe o plaj\u0103 privat\u0103 de 320 de metri \u00een zona Nabq. Ofer\u0103 camere elegante, 6 restaurante, 7 baruri, 4 piscine \u00een aer liber (dintre care 2 \u00eenc\u0103lzite iarna), un centru spa, 6 piscine private cu acces direct [&hellip;]<\/p>\n","protected":false},"featured_media":10819,"template":"","meta":[],"product_brand":[],"product_cat":[28],"product_tag":[],"class_list":{"0":"post-10812","1":"product","2":"type-product","3":"status-publish","4":"has-post-thumbnail","6":"brw_countries-egipt","7":"brw_destinatie-mare","8":"product_cat-family","10":"first","11":"instock","12":"shipping-taxable","13":"purchasable","14":"product-type-ovabrw_car_rental"},"_links":{"self":[{"href":"https:\/\/glossar.travel\/ru\/wp-json\/wp\/v2\/product\/10812","targetHints":{"allow":["GET"]}}],"collection":[{"href":"https:\/\/glossar.travel\/ru\/wp-json\/wp\/v2\/product"}],"about":[{"href":"https:\/\/glossar.travel\/ru\/wp-json\/wp\/v2\/types\/product"}],"version-history":[{"count":0,"href":"https:\/\/glossar.travel\/ru\/wp-json\/wp\/v2\/product\/10812\/revisions"}],"wp:featuredmedia":[{"embeddable":true,"href":"https:\/\/glossar.travel\/ru\/wp-json\/wp\/v2\/media\/10819"}],"wp:attachment":[{"href":"https:\/\/glossar.travel\/ru\/wp-json\/wp\/v2\/media?parent=10812"}],"wp:term":[{"taxonomy":"product_brand","embeddable":true,"href":"https:\/\/glossar.travel\/ru\/wp-json\/wp\/v2\/product_brand?post=10812"},{"taxonomy":"product_cat","embeddable":true,"href":"https:\/\/glossar.travel\/ru\/wp-json\/wp\/v2\/product_cat?post=10812"},{"taxonomy":"product_tag","embeddable":true,"href":"https:\/\/glossar.travel\/ru\/wp-json\/wp\/v2\/product_tag?post=10812"}],"curies":[{"name":"wp","href":"https:\/\/api.w.org\/{rel}","templated":true}]}}