{"id":10802,"date":"2025-10-30T12:13:04","date_gmt":"2025-10-30T12:13:04","guid":{"rendered":"https:\/\/glossar.travel\/?post_type=product&#038;p=10802"},"modified":"2025-11-13T10:45:05","modified_gmt":"2025-11-13T10:45:05","slug":"jaz-fanara-resort-residence-4-sharm-el-sheikh-egipt","status":"publish","type":"product","link":"https:\/\/glossar.travel\/ru\/product\/jaz-fanara-resort-residence-4-sharm-el-sheikh-egipt\/","title":{"rendered":"Jaz Fanara Resort &amp; Residence 4* \u0428\u0430\u0440\u043c-\u044d\u043b\u044c-\u0428\u0435\u0439\u0445, \u0415\u0433\u0438\u043f\u0435\u0442"},"content":{"rendered":"<p>Jaz Fanara Resort &amp; Residence (ex. Iberotel Club Fanara) 4* \u2014 \u0441\u043e\u0432\u0440\u0435\u043c\u0435\u043d\u043d\u044b\u0439 \u043e\u0442\u0435\u043b\u044c, \u0440\u0430\u0441\u043f\u043e\u043b\u043e\u0436\u0435\u043d\u043d\u044b\u0439 \u043d\u0430 \u043f\u043e\u0442\u0440\u044f\u0441\u0430\u044e\u0449\u0435\u043c \u043f\u043b\u044f\u0436\u0435 \u043c\u044b\u0441\u0430 \u041f\u0430\u0441-\u0423\u043c-\u042d\u043b\u044c-\u0421\u0438\u0434 \u0432 \u044e\u0433\u043e-\u0437\u0430\u043f\u0430\u0434\u043d\u043e\u0439 \u0447\u0430\u0441\u0442\u0438 \u043a\u0443\u0440\u043e\u0440\u0442\u0430. \u041d\u0435\u0431\u043e\u043b\u044c\u0448\u0430\u044f \u0431\u0443\u0445\u0442\u0430 \u043f\u0440\u0435\u043a\u0440\u0430\u0441\u043d\u043e \u0437\u0430\u0449\u0438\u0449\u0435\u043d\u0430 \u043e\u0442 \u0432\u0435\u0442\u0440\u0430 \u0438 \u0441\u043e\u0447\u0435\u0442\u0430\u0435\u0442 \u0432 \u0441\u0435\u0431\u0435 \u043f\u0435\u0441\u0447\u0430\u043d\u043e\u0435 \u043f\u043e\u0431\u0435\u0440\u0435\u0436\u044c\u0435 \u0438 \u043d\u0430\u043b\u0438\u0447\u0438\u0435 \u0441\u043e\u0431\u0441\u0442\u0432\u0435\u043d\u043d\u043e\u0433\u043e \u043a\u043e\u0440\u0430\u043b\u043b\u043e\u0432\u043e\u0433\u043e \u0440\u0438\u0444\u0430. \u041d\u0435\u043f\u0440\u0435\u0432\u0437\u043e\u0439\u0434\u0435\u043d\u043d\u044b\u0435 \u0432\u0438\u0434\u044b \u043d\u0430 \u0431\u0438\u0440\u044e\u0437\u043e\u0432\u044b\u0435 \u0432\u043e\u0434\u044b \u041a\u0440\u0430\u0441\u043d\u043e\u0433\u043e \u043c\u043e\u0440\u044f \u0438 \u0437\u0430\u0445\u0432\u0430\u0442\u044b\u0432\u0430\u044e\u0449\u0438\u0435 \u0434\u0443\u0445 \u0437\u0430\u043a\u0430\u0442\u044b \u043d\u0435 \u043e\u0441\u0442\u0430\u0432\u044f\u0442 \u0440\u0430\u0432\u043d\u043e\u0434\u0443\u0448\u043d\u044b\u043c\u0438 \u043d\u0438\u043a\u043e\u0433\u043e. \u041b\u044e\u0431\u0438\u0442\u0435\u043b\u0438 \u0430\u043a\u0442\u0438\u0432\u043d\u043e\u0433\u043e \u043e\u0442\u0434\u044b\u0445\u0430 \u043f\u043e \u0434\u043e\u0441\u0442\u043e\u0438\u043d\u0441\u0442\u0432\u0443 \u043e\u0446\u0435\u043d\u044f\u0442 \u0440\u0430\u0437\u0432\u043b\u0435\u0447\u0435\u043d\u0438\u044f, \u043a\u043e\u0442\u043e\u0440\u044b\u0435 \u0430\u043d\u0438\u043c\u0430\u0446\u0438\u043e\u043d\u043d\u0430\u044f \u0433\u0440\u0443\u043f\u043f\u0430 \u043f\u0440\u043e\u0432\u043e\u0434\u0438\u0442 \u0432 \u0442\u0435\u0447\u0435\u043d\u0438\u0435 \u0432\u0441\u0435\u0433\u043e \u0434\u043d\u044f.<br \/>\n\u041e\u0442\u0435\u043b\u044c \u0431\u044b\u043b \u043e\u0442\u043a\u0440\u044b\u0442 \u0432 2000 \u0433\u043e\u0434\u0443. \u0420\u0435\u043d\u043e\u0432\u0430\u0446\u0438\u044f 2017 \u0433\u043e\u0434\u0430 \u2014 \u0432\u0441\u0435 \u043d\u043e\u043c\u0435\u0440\u0430 \u0432 \u0433\u043b\u0430\u0432\u043d\u043e\u043c \u0437\u0434\u0430\u043d\u0438\u0438 \u0438 \u0437\u043e\u043d\u0435 \u0432\u0438\u043b\u043b; \u0432 2019\u20132020 \u0433\u043e\u0434\u0430\u0445 \u2014 \u0432\u0441\u0435 \u043d\u043e\u043c\u0435\u0440\u0430 \u0432 \u0437\u043e\u043d\u0435 \u0440\u0435\u0437\u0438\u0434\u0435\u043d\u0446\u0438\u0439. \u041e\u043d \u0441\u043e\u0441\u0442\u043e\u0438\u0442 \u0438\u0437 \u0442\u0440\u0435\u0445\u044d\u0442\u0430\u0436\u043d\u043e\u0433\u043e \u0433\u043b\u0430\u0432\u043d\u043e\u0433\u043e \u0437\u0434\u0430\u043d\u0438\u044f, \u043a\u043e\u0442\u043e\u0440\u043e\u0435 \u0438\u043c\u0435\u0435\u0442 \u0434\u0432\u0430 \u043a\u0440\u044b\u043b\u0430 (\u043f\u0440\u0438\u043c\u043e\u0440\u0441\u043a\u0430\u044f \u0437\u043e\u043d\u0430) \u0438 \u043a\u043e\u043c\u043f\u043b\u0435\u043a\u0441\u0430 \u0438\u0437 30 \u0434\u0432\u0443\u0445\u044d\u0442\u0430\u0436\u043d\u044b\u0445 \u0437\u0434\u0430\u043d\u0438\u0439: \u0432\u0438\u043b\u043b\u044b (\u043a\u043e\u0440\u043f\u0443\u0441\u0430 AQ) \u0438 \u0440\u0435\u0437\u0438\u0434\u0435\u043d\u0446\u0438\u0438. \u0412\u0441\u0435\u0433\u043e \u0432 \u043e\u0442\u0435\u043b\u0435 378 \u043d\u043e\u043c\u0435\u0440\u043e\u0432 \u0440\u0430\u0437\u043b\u0438\u0447\u043d\u044b\u0445 \u043a\u0430\u0442\u0435\u0433\u043e\u0440\u0438\u0439. \u0412 \u0433\u043b\u0430\u0432\u043d\u043e\u043c \u0437\u0434\u0430\u043d\u0438\u0438 \u0440\u0430\u0441\u043f\u043e\u043b\u043e\u0436\u0435\u043d\u044b \u043d\u043e\u043c\u0435\u0440\u0430 \u043a\u0430\u0442\u0435\u0433\u043e\u0440\u0438\u0439 Superior Room, Superior Room with Sea View, Junior Suite. \u0412 \u0434\u0432\u0443\u0445\u044d\u0442\u0430\u0436\u043d\u044b\u0445 \u0437\u0434\u0430\u043d\u0438\u044f\u0445 \u0432 \u0437\u043e\u043d\u0435 \u0432\u0438\u043b\u043b \u2014 Standard Rooms, Deluxe Family Rooms. \u0412 \u0434\u0432\u0443\u0445\u044d\u0442\u0430\u0436\u043d\u044b\u0445 \u0437\u0434\u0430\u043d\u0438\u044f\u0445 \u0432 \u0437\u043e\u043d\u0435 \u0440\u0435\u0437\u0438\u0434\u0435\u043d\u0446\u0438\u0439 \u2014 Standard Rooms, Deluxe Family Rooms, Family Suite.<\/p>","protected":false},"excerpt":{"rendered":"<p>Jaz Fanara Resort &amp; Residence (ex. Iberotel Club Fanara) 4* este un hotel modern situat pe uimitoarea plaj\u0103 a Capului Pac Um El Sid \u00een cel mai sud-vest al sta\u021biunii. Un mic golf este perfect protejat de v\u00e2nt \u0219i combin\u0103 at\u00e2t coasta nisipoas\u0103, c\u00e2t \u0219i prezen\u021ba propriului recif de corali. Vederi de neegalat asupra apelor [&hellip;]<\/p>\n","protected":false},"featured_media":10810,"template":"","meta":[],"product_brand":[],"product_cat":[28],"product_tag":[],"class_list":{"0":"post-10802","1":"product","2":"type-product","3":"status-publish","4":"has-post-thumbnail","6":"brw_countries-egipt","7":"brw_destinatie-mare","8":"product_cat-family","10":"first","11":"instock","12":"shipping-taxable","13":"purchasable","14":"product-type-ovabrw_car_rental"},"_links":{"self":[{"href":"https:\/\/glossar.travel\/ru\/wp-json\/wp\/v2\/product\/10802","targetHints":{"allow":["GET"]}}],"collection":[{"href":"https:\/\/glossar.travel\/ru\/wp-json\/wp\/v2\/product"}],"about":[{"href":"https:\/\/glossar.travel\/ru\/wp-json\/wp\/v2\/types\/product"}],"version-history":[{"count":0,"href":"https:\/\/glossar.travel\/ru\/wp-json\/wp\/v2\/product\/10802\/revisions"}],"wp:featuredmedia":[{"embeddable":true,"href":"https:\/\/glossar.travel\/ru\/wp-json\/wp\/v2\/media\/10810"}],"wp:attachment":[{"href":"https:\/\/glossar.travel\/ru\/wp-json\/wp\/v2\/media?parent=10802"}],"wp:term":[{"taxonomy":"product_brand","embeddable":true,"href":"https:\/\/glossar.travel\/ru\/wp-json\/wp\/v2\/product_brand?post=10802"},{"taxonomy":"product_cat","embeddable":true,"href":"https:\/\/glossar.travel\/ru\/wp-json\/wp\/v2\/product_cat?post=10802"},{"taxonomy":"product_tag","embeddable":true,"href":"https:\/\/glossar.travel\/ru\/wp-json\/wp\/v2\/product_tag?post=10802"}],"curies":[{"name":"wp","href":"https:\/\/api.w.org\/{rel}","templated":true}]}}