{"id":10759,"date":"2025-10-30T10:05:46","date_gmt":"2025-10-30T10:05:46","guid":{"rendered":"https:\/\/glossar.travel\/?post_type=product&#038;p=10759"},"modified":"2026-01-05T09:31:08","modified_gmt":"2026-01-05T09:31:08","slug":"movenpick-sharm-5-sharm-el-sheikh-egipt","status":"publish","type":"product","link":"https:\/\/glossar.travel\/ru\/product\/movenpick-sharm-5-sharm-el-sheikh-egipt\/","title":{"rendered":"Movenpick Sharm 5* \u0428\u0430\u0440\u043c-\u044d\u043b\u044c-\u0428\u0435\u0439\u0445, \u0415\u0433\u0438\u043f\u0435\u0442"},"content":{"rendered":"<p>Movenpick Sharm \u2013 \u0434\u043e\u0441\u0442\u043e\u0439\u043d\u044b\u0439 \u043f\u0440\u0435\u0434\u0441\u0442\u0430\u0432\u0438\u0442\u0435\u043b\u044c \u0437\u043d\u0430\u043c\u0435\u043d\u0438\u0442\u043e\u0439 \u0441\u0435\u0442\u0438 \u043e\u0442\u0435\u043b\u0435\u0439 \u043d\u0430 \u043f\u043e\u0431\u0435\u0440\u0435\u0436\u044c\u0435 \u041a\u0440\u0430\u0441\u043d\u043e\u0433\u043e \u043c\u043e\u0440\u044f. \u041e\u0442\u0435\u043b\u044c \u0440\u0430\u0441\u043f\u043e\u043b\u043e\u0436\u0435\u043d \u043d\u0430 \u0445\u043e\u043b\u043c\u0435 \u0432 \u0441\u0435\u0432\u0435\u0440\u043d\u043e\u0439 \u0447\u0430\u0441\u0442\u0438 \u0437\u0430\u043b\u0438\u0432\u0430 \u041d\u0430\u0430\u043c\u0430-\u0411\u0435\u0439. \u0417\u0434\u0430\u043d\u0438\u044f \u043e\u0442\u0435\u043b\u044f \u0430\u043c\u0444\u0438\u0442\u0435\u0430\u0442\u0440\u043e\u043c \u0441\u043f\u0443\u0441\u043a\u0430\u044e\u0442\u0441\u044f \u043a \u043c\u043e\u0440\u0441\u043a\u043e\u043c\u0443 \u0431\u0435\u0440\u0435\u0433\u0443, \u0447\u0442\u043e \u043e\u0431\u0435\u0441\u043f\u0435\u0447\u0438\u0432\u0430\u0435\u0442 \u043f\u0440\u0435\u043a\u0440\u0430\u0441\u043d\u044b\u0439 \u0432\u0438\u0434 \u0438\u0437 \u0432\u0441\u0435\u0445 \u043d\u043e\u043c\u0435\u0440\u043e\u0432. \u0412\u0435\u043b\u0438\u043a\u043e\u043b\u0435\u043f\u043d\u0430\u044f \u0432\u043e\u0441\u0442\u043e\u0447\u043d\u0430\u044f \u0430\u0440\u0445\u0438\u0442\u0435\u043a\u0442\u0443\u0440\u0430 \u0431\u0435\u043b\u043e\u0441\u043d\u0435\u0436\u043d\u044b\u0445 \u0437\u0434\u0430\u043d\u0438\u0439 \u0441 \u043a\u0443\u043f\u043e\u043b\u0430\u043c\u0438, \u0430\u0440\u043a\u0430\u043c\u0438, \u0438\u0441\u043f\u043e\u043b\u044c\u0437\u043e\u0432\u0430\u043d\u0438\u0435 \u043c\u043e\u0437\u0430\u0438\u043a\u0438, \u043a\u043e\u0432\u043a\u0438, \u0432\u043e\u0441\u0442\u043e\u0447\u043d\u043e\u0433\u043e \u0432\u044f\u0437\u0430\u043d\u0438\u044f, \u043c\u0430\u0448\u0440\u0430\u0431\u0435\u0438 \u0432 \u043e\u0442\u0434\u0435\u043b\u043a\u0435 \u0438\u043d\u0442\u0435\u0440\u044c\u0435\u0440\u0430 \u2013 \u043f\u043e\u0433\u0440\u0443\u0436\u0430\u0435\u0442 \u0432\u0430\u0441 \u0432 \u0441\u043a\u0430\u0437\u043a\u0443 \u0441 \u043f\u0435\u0440\u0432\u044b\u0445 \u043c\u0438\u043d\u0443\u0442 \u043f\u0440\u0435\u0431\u044b\u0432\u0430\u043d\u0438\u044f. \u0412\u044b\u0441\u043e\u043a\u0438\u0439 \u0443\u0440\u043e\u0432\u0435\u043d\u044c \u0441\u0435\u0440\u0432\u0438\u0441\u0430, \u0432\u0435\u043b\u0438\u043a\u043e\u043b\u0435\u043f\u043d\u0430\u044f \u043a\u0443\u0445\u043d\u044f, \u043a\u043e\u043c\u0444\u043e\u0440\u0442\u0430\u0431\u0435\u043b\u044c\u043d\u044b\u0435 \u043d\u043e\u043c\u0435\u0440\u0430, \u0443\u0445\u043e\u0436\u0435\u043d\u043d\u0430\u044f \u0437\u0435\u043b\u0435\u043d\u0430\u044f \u0442\u0435\u0440\u0440\u0438\u0442\u043e\u0440\u0438\u044f \u2013 \u0432\u0441\u0451 \u0441\u043f\u043e\u0441\u043e\u0431\u0441\u0442\u0432\u0443\u0435\u0442 \u0441\u043f\u043e\u043a\u043e\u0439\u043d\u043e\u043c\u0443 \u0438 \u0440\u0430\u0437\u043c\u0435\u0440\u0435\u043d\u043d\u043e\u043c\u0443 \u043e\u0442\u0434\u044b\u0445\u0443. \u0410 \u0434\u043b\u044f \u043b\u044e\u0431\u0438\u0442\u0435\u043b\u0435\u0439 \u0430\u043a\u0442\u0438\u0432\u043d\u043e\u0433\u043e \u043e\u0442\u0434\u044b\u0445\u0430 \u2013 \u0442\u0435\u043d\u043d\u0438\u0441\u043d\u044b\u0435 \u043a\u043e\u0440\u0442\u044b, \u043a\u043e\u043d\u044e\u0448\u043d\u044f \u043e\u0442\u0435\u043b\u044f \u0438 \u0432\u0435\u0441\u044c \u0441\u043f\u0435\u043a\u0442\u0440 \u0440\u0430\u0437\u0432\u043b\u0435\u0447\u0435\u043d\u0438\u0439 \u041d\u0430\u0430\u043c\u0430-\u0411\u0435\u0439. \u041e\u0442 \u043e\u0442\u0435\u043b\u044f \u043d\u0430\u0447\u0438\u043d\u0430\u0435\u0442\u0441\u044f \u043f\u0440\u043e\u043c\u0435\u043d\u0430\u0434 \u0432\u0434\u043e\u043b\u044c \u043f\u043e\u0431\u0435\u0440\u0435\u0436\u044c\u044f \u0437\u0430\u043b\u0438\u0432\u0430 \u0441 \u043c\u043d\u043e\u0436\u0435\u0441\u0442\u0432\u043e\u043c \u0431\u0430\u0440\u043e\u0432, \u0440\u0435\u0441\u0442\u043e\u0440\u0430\u043d\u043e\u0432 \u0438 \u043a\u0430\u043b\u044c\u044f\u043d\u043d\u044b\u0445.<\/p>","protected":false},"excerpt":{"rendered":"<p>Movenpick Sharm este un reprezentant demn al celebrului lan\u021b hotelier de pe coasta M\u0103rii Ro\u0219ii. Hotelul este situat pe un deal \u00een partea de nord a Golfului Naama. Cl\u0103dirile coboar\u0103 amfiteatru p\u00e2n\u0103 la malul m\u0103rii, ceea ce ofer\u0103 o priveli\u0219te minunat\u0103 din toate camerele. Arhitectura oriental\u0103 magnific\u0103 a cl\u0103dirilor albe cu cupole, arcade, folosirea mozaicurilor, [&hellip;]<\/p>\n","protected":false},"featured_media":10762,"template":"","meta":[],"product_brand":[],"product_cat":[28],"product_tag":[],"class_list":{"0":"post-10759","1":"product","2":"type-product","3":"status-publish","4":"has-post-thumbnail","6":"brw_countries-egipt","7":"brw_destinatie-mare","8":"product_cat-family","10":"first","11":"instock","12":"shipping-taxable","13":"purchasable","14":"product-type-ovabrw_car_rental"},"_links":{"self":[{"href":"https:\/\/glossar.travel\/ru\/wp-json\/wp\/v2\/product\/10759","targetHints":{"allow":["GET"]}}],"collection":[{"href":"https:\/\/glossar.travel\/ru\/wp-json\/wp\/v2\/product"}],"about":[{"href":"https:\/\/glossar.travel\/ru\/wp-json\/wp\/v2\/types\/product"}],"version-history":[{"count":0,"href":"https:\/\/glossar.travel\/ru\/wp-json\/wp\/v2\/product\/10759\/revisions"}],"wp:featuredmedia":[{"embeddable":true,"href":"https:\/\/glossar.travel\/ru\/wp-json\/wp\/v2\/media\/10762"}],"wp:attachment":[{"href":"https:\/\/glossar.travel\/ru\/wp-json\/wp\/v2\/media?parent=10759"}],"wp:term":[{"taxonomy":"product_brand","embeddable":true,"href":"https:\/\/glossar.travel\/ru\/wp-json\/wp\/v2\/product_brand?post=10759"},{"taxonomy":"product_cat","embeddable":true,"href":"https:\/\/glossar.travel\/ru\/wp-json\/wp\/v2\/product_cat?post=10759"},{"taxonomy":"product_tag","embeddable":true,"href":"https:\/\/glossar.travel\/ru\/wp-json\/wp\/v2\/product_tag?post=10759"}],"curies":[{"name":"wp","href":"https:\/\/api.w.org\/{rel}","templated":true}]}}