{"id":10750,"date":"2025-10-30T09:55:32","date_gmt":"2025-10-30T09:55:32","guid":{"rendered":"https:\/\/glossar.travel\/?post_type=product&#038;p=10750"},"modified":"2026-01-05T09:28:48","modified_gmt":"2026-01-05T09:28:48","slug":"iberotel-palace-adult-only-16only-5-sharm-el-sheikh-egipt","status":"publish","type":"product","link":"https:\/\/glossar.travel\/ru\/product\/iberotel-palace-adult-only-16only-5-sharm-el-sheikh-egipt\/","title":{"rendered":"Iberotel Palace Adult Only 16+(\u0442\u043e\u043b\u044c\u043a\u043e) 5* \u0428\u0430\u0440\u043c-\u044d\u043b\u044c-\u0428\u0435\u0439\u0445 \u0415\u0433\u0438\u043f\u0435\u0442"},"content":{"rendered":"<p>\u041e\u0442\u0435\u043b\u044c, \u0440\u0430\u0431\u043e\u0442\u0430\u044e\u0449\u0438\u0439 \u043f\u043e \u043a\u043e\u043d\u0446\u0435\u043f\u0446\u0438\u0438 \u201e\u0442\u043e\u043b\u044c\u043a\u043e \u0434\u043b\u044f \u0432\u0437\u0440\u043e\u0441\u043b\u044b\u0445\u201d, \u0440\u0430\u0441\u043f\u043e\u043b\u043e\u0436\u0435\u043d \u043d\u0430 \u043a\u0443\u0440\u043e\u0440\u0442\u0435 \u0428\u0430\u0440\u043c-\u044d\u043b\u044c-\u0428\u0435\u0439\u0445 \u0438 \u044f\u0432\u043b\u044f\u0435\u0442\u0441\u044f \u043d\u0430\u0441\u0442\u043e\u044f\u0449\u0438\u043c \u0443\u043a\u0440\u0430\u0448\u0435\u043d\u0438\u0435\u043c \u0437\u0430\u043b\u0438\u0432\u0430 \u0428\u0430\u0440\u043c-\u044d\u043b\u044c-\u041c\u0430\u0439\u044f. \u0423\u0434\u043e\u0431\u043d\u043e\u0435 \u0440\u0430\u0441\u043f\u043e\u043b\u043e\u0436\u0435\u043d\u0438\u0435 \u0434\u0435\u043b\u0430\u0435\u0442 \u0435\u0433\u043e \u0434\u043e\u0441\u0442\u0443\u043f\u043d\u044b\u043c \u0434\u043b\u044f \u043f\u043e\u0441\u0435\u0449\u0435\u043d\u0438\u044f \u0440\u0430\u0437\u043b\u0438\u0447\u043d\u044b\u0445 \u0442\u0443\u0440\u0438\u0441\u0442\u0438\u0447\u0435\u0441\u043a\u0438\u0445 \u0434\u043e\u0441\u0442\u043e\u043f\u0440\u0438\u043c\u0435\u0447\u0430\u0442\u0435\u043b\u044c\u043d\u043e\u0441\u0442\u0435\u0439, \u0442\u0430\u043a\u0438\u0445 \u043a\u0430\u043a \u0421\u0442\u0430\u0440\u044b\u0439 \u0433\u043e\u0440\u043e\u0434, \u0447\u0442\u043e \u043f\u043e\u0437\u0432\u043e\u043b\u044f\u0435\u0442 \u043f\u043e\u043b\u043d\u043e\u0441\u0442\u044c\u044e \u043f\u043e\u0433\u0440\u0443\u0437\u0438\u0442\u044c\u0441\u044f \u0432 \u043c\u0435\u0441\u0442\u043d\u044b\u0439 \u043a\u043e\u043b\u043e\u0440\u0438\u0442 \u0438 \u043e\u0449\u0443\u0442\u0438\u0442\u044c \u0435\u0433\u043e \u0430\u0442\u043c\u043e\u0441\u0444\u0435\u0440\u0443. \u041d\u043e\u043c\u0435\u0440\u0430 \u043e\u0441\u043d\u0430\u0449\u0435\u043d\u044b \u0432\u0441\u0435\u043c\u0438 \u043d\u0435\u043e\u0431\u0445\u043e\u0434\u0438\u043c\u044b\u043c\u0438 \u0443\u0434\u043e\u0431\u0441\u0442\u0432\u0430\u043c\u0438 \u0434\u043b\u044f \u043f\u0440\u043e\u0436\u0438\u0432\u0430\u043d\u0438\u044f. \u041d\u0430 \u0442\u0435\u0440\u0440\u0438\u0442\u043e\u0440\u0438\u0438 \u043e\u0442\u0435\u043b\u044f \u0440\u0430\u0441\u043f\u043e\u043b\u043e\u0436\u0435\u043d\u044b \u0440\u0435\u0441\u0442\u043e\u0440\u0430\u043d\u044b \u0438 \u0431\u0430\u0440\u044b \u0441 \u0448\u0438\u0440\u043e\u043a\u0438\u043c \u0432\u044b\u0431\u043e\u0440\u043e\u043c \u0431\u043b\u044e\u0434 \u0438 \u043d\u0430\u043f\u0438\u0442\u043a\u043e\u0432. \u041e\u0442\u0435\u043b\u044c \u0442\u0430\u043a\u0436\u0435 \u043c\u043e\u0436\u0435\u0442 \u043f\u043e\u0445\u0432\u0430\u0441\u0442\u0430\u0442\u044c\u0441\u044f \u043a\u0440\u0430\u0441\u0438\u0432\u043e\u0439 \u0437\u0435\u043b\u0435\u043d\u043e\u0439 \u0442\u0435\u0440\u0440\u0438\u0442\u043e\u0440\u0438\u0435\u0439, \u0437\u0430\u043c\u0435\u0447\u0430\u0442\u0435\u043b\u044c\u043d\u044b\u043c \u043f\u0435\u0441\u0447\u0430\u043d\u044b\u043c \u043f\u043b\u044f\u0436\u0435\u043c \u0438 \u0432\u044b\u0441\u043e\u043a\u0438\u043c \u0443\u0440\u043e\u0432\u043d\u0435\u043c \u043e\u0431\u0441\u043b\u0443\u0436\u0438\u0432\u0430\u043d\u0438\u044f. \u041f\u043e\u0434\u0445\u043e\u0434\u0438\u0442 \u043a\u0430\u043a \u0434\u043b\u044f \u0430\u043a\u0442\u0438\u0432\u043d\u043e\u0433\u043e, \u0442\u0430\u043a \u0438 \u0434\u043b\u044f \u0441\u043f\u043e\u043a\u043e\u0439\u043d\u043e\u0433\u043e \u043e\u0442\u0434\u044b\u0445\u0430.<\/p>\n<p>\u0412 \u043e\u0442\u0435\u043b\u0435 \u043f\u0440\u0438 \u043d\u0435\u043e\u0431\u0445\u043e\u0434\u0438\u043c\u043e\u0441\u0442\u0438 \u043f\u0440\u043e\u0432\u043e\u0434\u0438\u0442\u0441\u044f \u043a\u043e\u0441\u043c\u0435\u0442\u0438\u0447\u0435\u0441\u043a\u0438\u0439 \u0440\u0435\u043c\u043e\u043d\u0442.<br \/>\n\u041e\u043d \u0441\u043e\u0441\u0442\u043e\u0438\u0442 \u0438\u0437 \u0447\u0435\u0442\u044b\u0440\u0435\u0445 \u0437\u0434\u0430\u043d\u0438\u0439 \u043f\u043e 2-3 \u044d\u0442\u0430\u0436\u0430.<br \/>\n\u0412 \u043e\u0442\u0435\u043b\u0435 \u0432\u0441\u0435\u0433\u043e 263 \u043d\u043e\u043c\u0435\u0440\u0430: \u0443\u043b\u0443\u0447\u0448\u0435\u043d\u043d\u044b\u0439 \u043d\u043e\u043c\u0435\u0440 \u0441 \u0432\u0438\u0434\u043e\u043c \u043d\u0430 \u0441\u0430\u0434, \u0443\u043b\u0443\u0447\u0448\u0435\u043d\u043d\u044b\u0439 \u043d\u043e\u043c\u0435\u0440 \u0441 \u0431\u043e\u043a\u043e\u0432\u044b\u043c \u0432\u0438\u0434\u043e\u043c \u043d\u0430 \u043c\u043e\u0440\u0435, \u043f\u0440\u0435\u0434\u0441\u0442\u0430\u0432\u0438\u0442\u0435\u043b\u044c\u0441\u043a\u0438\u0439 \u043b\u044e\u043a\u0441 \u0441 \u0432\u0438\u0434\u043e\u043c \u043d\u0430 \u043c\u043e\u0440\u0435, \u043f\u0440\u0435\u0434\u0441\u0442\u0430\u0432\u0438\u0442\u0435\u043b\u044c\u0441\u043a\u0438\u0439 \u043b\u044e\u043a\u0441 \u0441 \u0432\u0438\u0434\u043e\u043c \u043d\u0430 \u0441\u0430\u0434, \u043f\u043e\u043b\u0443\u043b\u044e\u043a\u0441, \u043a\u043e\u0440\u043e\u043b\u0435\u0432\u0441\u043a\u0438\u0439 \u043b\u044e\u043a\u0441.<br \/>\n\u041d\u0430\u043b\u0438\u0447\u0438\u0435 \u043d\u043e\u043c\u0435\u0440\u043e\u0432 \u0434\u043b\u044f \u043b\u044e\u0434\u0435\u0439 \u0441 \u043e\u0433\u0440\u0430\u043d\u0438\u0447\u0435\u043d\u043d\u044b\u043c\u0438 \u0432\u043e\u0437\u043c\u043e\u0436\u043d\u043e\u0441\u0442\u044f\u043c\u0438 \u2013 2 \u043d\u043e\u043c\u0435\u0440\u0430 (\u043f\u043e \u043f\u0440\u0435\u0434\u0432\u0430\u0440\u0438\u0442\u0435\u043b\u044c\u043d\u043e\u043c\u0443 \u0437\u0430\u043f\u0440\u043e\u0441\u0443).<br \/>\n\u0418\u043c\u0435\u044e\u0442\u0441\u044f \u0441\u043c\u0435\u0436\u043d\u044b\u0435 \u043d\u043e\u043c\u0435\u0440\u0430 (\u043f\u043e \u043f\u0440\u0435\u0434\u0432\u0430\u0440\u0438\u0442\u0435\u043b\u044c\u043d\u043e\u043c\u0443 \u0437\u0430\u043f\u0440\u043e\u0441\u0443).<\/p>","protected":false},"excerpt":{"rendered":"<p>Hotelul, care func\u021bioneaz\u0103 sub conceptul de \u201edoar pentru adul\u021bi\u201d, este situat \u00een sta\u021biunea Sharm el-Sheikh \u0219i este o adev\u0103rat\u0103 decora\u021biune a golfului Sharm el-Maya. Loca\u021bia sa convenabil\u0103 \u00eel face accesibil pentru vizitarea diverselor atrac\u021bii turistice, cum ar fi Ora\u0219ul Vechi, ceea ce v\u0103 permite s\u0103 v\u0103 cufunda\u021bi complet \u0219i s\u0103 v\u0103 bucura\u021bi de aroma local\u0103. [&hellip;]<\/p>\n","protected":false},"featured_media":10752,"template":"","meta":[],"product_brand":[],"product_cat":[28],"product_tag":[],"class_list":{"0":"post-10750","1":"product","2":"type-product","3":"status-publish","4":"has-post-thumbnail","6":"brw_countries-egipt","7":"brw_destinatie-mare","8":"product_cat-family","10":"first","11":"instock","12":"shipping-taxable","13":"purchasable","14":"product-type-ovabrw_car_rental"},"_links":{"self":[{"href":"https:\/\/glossar.travel\/ru\/wp-json\/wp\/v2\/product\/10750","targetHints":{"allow":["GET"]}}],"collection":[{"href":"https:\/\/glossar.travel\/ru\/wp-json\/wp\/v2\/product"}],"about":[{"href":"https:\/\/glossar.travel\/ru\/wp-json\/wp\/v2\/types\/product"}],"version-history":[{"count":0,"href":"https:\/\/glossar.travel\/ru\/wp-json\/wp\/v2\/product\/10750\/revisions"}],"wp:featuredmedia":[{"embeddable":true,"href":"https:\/\/glossar.travel\/ru\/wp-json\/wp\/v2\/media\/10752"}],"wp:attachment":[{"href":"https:\/\/glossar.travel\/ru\/wp-json\/wp\/v2\/media?parent=10750"}],"wp:term":[{"taxonomy":"product_brand","embeddable":true,"href":"https:\/\/glossar.travel\/ru\/wp-json\/wp\/v2\/product_brand?post=10750"},{"taxonomy":"product_cat","embeddable":true,"href":"https:\/\/glossar.travel\/ru\/wp-json\/wp\/v2\/product_cat?post=10750"},{"taxonomy":"product_tag","embeddable":true,"href":"https:\/\/glossar.travel\/ru\/wp-json\/wp\/v2\/product_tag?post=10750"}],"curies":[{"name":"wp","href":"https:\/\/api.w.org\/{rel}","templated":true}]}}