{"id":10708,"date":"2025-10-28T14:41:24","date_gmt":"2025-10-28T14:41:24","guid":{"rendered":"https:\/\/glossar.travel\/?post_type=product&#038;p=10708"},"modified":"2026-01-14T11:30:20","modified_gmt":"2026-01-14T11:30:20","slug":"dusitd2-feydhoo-maldives-5","status":"publish","type":"product","link":"https:\/\/glossar.travel\/ru\/product\/dusitd2-feydhoo-maldives-5\/","title":{"rendered":"Dusitd2 Feydhoo Maldives 5*"},"content":{"rendered":"<p>Dusitd2 Feydhoo Maldives Hotel Male se afl\u0103 la 4.4 km de Mulee Aage \u0219i are o piscin\u0103 \u00een aer liber \u0219i un centru de fitness. La aceast\u0103 sta\u021biune, oaspe\u021bii pot descoperi zona de plaj\u0103, bine cunoscut\u0103 pentru atrac\u021biile culturale, cum ar fi National Museum, care se afl\u0103 la 4.3 km distan\u021b\u0103.<\/p>\n<p>Dusitd2 Feydhoo Maldives Hotel ofer\u0103 camere cu o zon\u0103 de relaxare cu facilit\u0103\u021bi de c\u0103lcat, fier de c\u0103lcat \u0219i mas\u0103 de c\u0103lcat, climatizare, precum \u0219i un TV cu ecran plat cu canale prin satelit \u0219i un televizor cu mai multe canale. Cu ferestre izolate fonic, camerele au, de asemenea, un mini-frigider-bar, echipamente de preparate a ceaiului \u0219i a cafelei. Dotate cu facilit\u0103\u021bi precum un usc\u0103tor de p\u0103r \u0219i prosoape de baie, b\u0103ile au, de asemenea, un bideu, o cad\u0103 \u0219i du\u0219uri.<\/p>","protected":false},"excerpt":{"rendered":"<p>Dusitd2 Feydhoo Maldives Hotel Male se afl\u0103 la 4.4 km de Mulee Aage \u0219i are o piscin\u0103 \u00een aer liber \u0219i un centru de fitness. La aceast\u0103 sta\u021biune, oaspe\u021bii pot descoperi zona de plaj\u0103, bine cunoscut\u0103 pentru atrac\u021biile culturale, cum ar fi National Museum, care se afl\u0103 la 4.3 km distan\u021b\u0103. Dusitd2 Feydhoo Maldives Hotel [&hellip;]<\/p>\n","protected":false},"featured_media":10709,"template":"","meta":[],"product_brand":[],"product_cat":[28],"product_tag":[],"class_list":{"0":"post-10708","1":"product","2":"type-product","3":"status-publish","4":"has-post-thumbnail","6":"brw_countries-maldive","7":"brw_destinatie-insule","8":"product_cat-family","10":"first","11":"instock","12":"shipping-taxable","13":"purchasable","14":"product-type-ovabrw_car_rental"},"_links":{"self":[{"href":"https:\/\/glossar.travel\/ru\/wp-json\/wp\/v2\/product\/10708","targetHints":{"allow":["GET"]}}],"collection":[{"href":"https:\/\/glossar.travel\/ru\/wp-json\/wp\/v2\/product"}],"about":[{"href":"https:\/\/glossar.travel\/ru\/wp-json\/wp\/v2\/types\/product"}],"version-history":[{"count":0,"href":"https:\/\/glossar.travel\/ru\/wp-json\/wp\/v2\/product\/10708\/revisions"}],"wp:featuredmedia":[{"embeddable":true,"href":"https:\/\/glossar.travel\/ru\/wp-json\/wp\/v2\/media\/10709"}],"wp:attachment":[{"href":"https:\/\/glossar.travel\/ru\/wp-json\/wp\/v2\/media?parent=10708"}],"wp:term":[{"taxonomy":"product_brand","embeddable":true,"href":"https:\/\/glossar.travel\/ru\/wp-json\/wp\/v2\/product_brand?post=10708"},{"taxonomy":"product_cat","embeddable":true,"href":"https:\/\/glossar.travel\/ru\/wp-json\/wp\/v2\/product_cat?post=10708"},{"taxonomy":"product_tag","embeddable":true,"href":"https:\/\/glossar.travel\/ru\/wp-json\/wp\/v2\/product_tag?post=10708"}],"curies":[{"name":"wp","href":"https:\/\/api.w.org\/{rel}","templated":true}]}}