{"id":10665,"date":"2025-10-27T13:54:50","date_gmt":"2025-10-27T13:54:50","guid":{"rendered":"https:\/\/glossar.travel\/?post_type=product&#038;p=10665"},"modified":"2025-12-16T10:52:58","modified_gmt":"2025-12-16T10:52:58","slug":"sofitel-the-palm-dubai-5","status":"publish","type":"product","link":"https:\/\/glossar.travel\/ru\/product\/sofitel-the-palm-dubai-5\/","title":{"rendered":"Sofitel The Palm, \u0414\u0443\u0431\u0430\u0439 5*"},"content":{"rendered":"<p>\u041e\u0442\u0435\u043b\u044c Sofitel The Palm \u0432 \u0414\u0443\u0431\u0430\u0435 \u2014 \u044d\u0442\u043e \u043e\u0430\u0437\u0438\u0441 \u0440\u043e\u0441\u043a\u043e\u0448\u0438 \u0438 \u043a\u043e\u043c\u0444\u043e\u0440\u0442\u0430, \u0440\u0430\u0441\u043f\u043e\u043b\u043e\u0436\u0435\u043d\u043d\u044b\u0439 \u043d\u0430 \u0438\u0441\u043a\u0443\u0441\u0441\u0442\u0432\u0435\u043d\u043d\u043e\u043c \u043e\u0441\u0442\u0440\u043e\u0432\u0435 \u041f\u0430\u043b\u043c-\u0414\u0436\u0443\u043c\u0435\u0439\u0440\u0430. \u042d\u0442\u043e\u0442 \u043e\u0442\u0435\u043b\u044c \u0441 \u0432\u043f\u0435\u0447\u0430\u0442\u043b\u044f\u044e\u0449\u0435\u0439 \u0430\u0440\u0445\u0438\u0442\u0435\u043a\u0442\u0443\u0440\u043e\u0439 \u0438 \u0432\u0438\u0434\u043e\u043c \u043d\u0430 \u041f\u0435\u0440\u0441\u0438\u0434\u0441\u043a\u0438\u0439 \u0437\u0430\u043b\u0438\u0432 \u043f\u0440\u0435\u0434\u043b\u0430\u0433\u0430\u0435\u0442 \u0448\u0438\u0440\u043e\u043a\u0438\u0439 \u0441\u043f\u0435\u043a\u0442\u0440 \u0443\u0434\u043e\u0431\u0441\u0442\u0432 \u0438 \u0443\u0441\u043b\u0443\u0433, \u043a\u043e\u0442\u043e\u0440\u044b\u0435 \u0441\u0434\u0435\u043b\u0430\u044e\u0442 \u0432\u0430\u0448\u0435 \u043f\u0440\u0435\u0431\u044b\u0432\u0430\u043d\u0438\u0435 \u043d\u0435\u0437\u0430\u0431\u044b\u0432\u0430\u0435\u043c\u044b\u043c.<\/p>\n<p>\u042d\u043b\u0435\u0433\u0430\u043d\u0442\u043d\u044b\u0435 \u0438 \u043f\u0440\u043e\u0441\u0442\u043e\u0440\u043d\u044b\u0435 \u043d\u043e\u043c\u0435\u0440\u0430 \u043e\u0442\u0435\u043b\u044f \u043e\u0444\u043e\u0440\u043c\u043b\u0435\u043d\u044b \u0432 \u0441\u043e\u0432\u0440\u0435\u043c\u0435\u043d\u043d\u043e\u043c \u0441\u0442\u0438\u043b\u0435 \u0441 \u0444\u0440\u0430\u043d\u0446\u0443\u0437\u0441\u043a\u0438\u043c\u0438 \u043c\u043e\u0442\u0438\u0432\u0430\u043c\u0438. \u0418\u0437 \u0432\u0441\u0435\u0445 \u043d\u043e\u043c\u0435\u0440\u043e\u0432 \u043e\u0442\u043a\u0440\u044b\u0432\u0430\u0435\u0442\u0441\u044f \u0432\u0438\u0434 \u043d\u0430 \u043c\u043e\u0440\u0435 \u0438\u043b\u0438 \u043f\u044b\u0448\u043d\u044b\u0435 \u0441\u0430\u0434\u044b \u043e\u0442\u0435\u043b\u044f. \u0415\u0436\u0435\u0434\u043d\u0435\u0432\u043d\u0430\u044f \u0443\u0431\u043e\u0440\u043a\u0430 \u043e\u0431\u0435\u0441\u043f\u0435\u0447\u0438\u0432\u0430\u0435\u0442 \u043a\u043e\u043c\u0444\u043e\u0440\u0442 \u0438 \u0433\u0438\u0433\u0438\u0435\u043d\u0443.<\/p>\n<p>\u041d\u0430 \u0442\u0435\u0440\u0440\u0438\u0442\u043e\u0440\u0438\u0438 \u043a\u0443\u0440\u043e\u0440\u0442\u0430 \u0435\u0441\u0442\u044c \u0447\u0430\u0441\u0442\u043d\u044b\u0439 \u043f\u043b\u044f\u0436, \u043d\u0435\u0441\u043a\u043e\u043b\u044c\u043a\u043e \u043e\u0442\u043a\u0440\u044b\u0442\u044b\u0445 \u0438 \u043a\u0440\u044b\u0442\u044b\u0445 \u0431\u0430\u0441\u0441\u0435\u0439\u043d\u043e\u0432, \u0430 \u0442\u0430\u043a\u0436\u0435 \u0441\u043e\u0432\u0440\u0435\u043c\u0435\u043d\u043d\u044b\u0439 \u0444\u0438\u0442\u043d\u0435\u0441-\u0446\u0435\u043d\u0442\u0440. \u0414\u043b\u044f \u043b\u044e\u0431\u0438\u0442\u0435\u043b\u0435\u0439 \u0430\u043a\u0442\u0438\u0432\u043d\u043e\u0433\u043e \u043e\u0442\u0434\u044b\u0445\u0430 \u0435\u0441\u0442\u044c \u0442\u0435\u043d\u043d\u0438\u0441\u043d\u044b\u0435 \u043a\u043e\u0440\u0442\u044b \u0438 \u043a\u043e\u0440\u0442\u044b \u0434\u043b\u044f \u0441\u043a\u0432\u043e\u0448\u0430, \u0430 \u0442\u0430\u043a\u0436\u0435 \u0432\u043e\u0437\u043c\u043e\u0436\u043d\u043e\u0441\u0442\u044c \u0437\u0430\u043d\u044f\u0442\u044c\u0441\u044f \u0432\u043e\u0434\u043d\u044b\u043c\u0438 \u0432\u0438\u0434\u0430\u043c\u0438 \u0441\u043f\u043e\u0440\u0442\u0430.<\/p>\n<p>\u0412 \u043e\u0442\u0435\u043b\u0435 \u0442\u0430\u043a\u0436\u0435 \u0435\u0441\u0442\u044c \u0448\u0438\u0440\u043e\u043a\u0438\u0439 \u0432\u044b\u0431\u043e\u0440 \u0437\u0430\u0432\u0435\u0434\u0435\u043d\u0438\u0439 \u043e\u0431\u0449\u0435\u0441\u0442\u0432\u0435\u043d\u043d\u043e\u0433\u043e \u043f\u0438\u0442\u0430\u043d\u0438\u044f: \u043e\u0442 \u0438\u0437\u044b\u0441\u043a\u0430\u043d\u043d\u044b\u0445 \u0440\u0435\u0441\u0442\u043e\u0440\u0430\u043d\u043e\u0432 \u0434\u043e \u0443\u044e\u0442\u043d\u044b\u0445 \u0431\u0430\u0440\u043e\u0432 \u0438 \u043a\u0430\u0444\u0435. \u0425\u043e\u0442\u0438\u0442\u0435 \u043b\u0438 \u0432\u044b \u043d\u0430\u0441\u043b\u0430\u0434\u0438\u0442\u044c\u0441\u044f \u0440\u043e\u043c\u0430\u043d\u0442\u0438\u0447\u0435\u0441\u043a\u0438\u043c \u0443\u0436\u0438\u043d\u043e\u043c \u0432 \u0448\u0438\u043a\u0430\u0440\u043d\u043e\u043c \u0440\u0435\u0441\u0442\u043e\u0440\u0430\u043d\u0435 \u0438\u043b\u0438 \u0432\u044b\u043f\u0438\u0442\u044c \u044d\u043a\u0437\u043e\u0442\u0438\u0447\u0435\u0441\u043a\u0438\u0439 \u043a\u043e\u043a\u0442\u0435\u0439\u043b\u044c \u0432 \u0431\u0430\u0440\u0435 \u0443 \u0431\u0430\u0441\u0441\u0435\u0439\u043d\u0430, \u0432\u044b \u043e\u0431\u044f\u0437\u0430\u0442\u0435\u043b\u044c\u043d\u043e \u043d\u0430\u0439\u0434\u0435\u0442\u0435 \u0447\u0442\u043e-\u0442\u043e \u043f\u043e \u0432\u043a\u0443\u0441\u0443.<\/p>\n<p>Sofitel The Palm \u0432 \u0414\u0443\u0431\u0430\u0435 \u043f\u0440\u0435\u0434\u043b\u0430\u0433\u0430\u0435\u0442 \u043f\u043e-\u043d\u0430\u0441\u0442\u043e\u044f\u0449\u0435\u043c\u0443 \u0440\u043e\u0441\u043a\u043e\u0448\u043d\u044b\u0439 \u043e\u0442\u0434\u044b\u0445 \u0432 \u0438\u0434\u0438\u043b\u043b\u0438\u0447\u0435\u0441\u043a\u043e\u0439 \u043e\u0431\u0441\u0442\u0430\u043d\u043e\u0432\u043a\u0435 \u0438 \u044f\u0432\u043b\u044f\u0435\u0442\u0441\u044f \u0438\u0434\u0435\u0430\u043b\u044c\u043d\u044b\u043c \u043c\u0435\u0441\u0442\u043e\u043c \u0434\u043b\u044f \u043d\u0435\u0437\u0430\u0431\u044b\u0432\u0430\u0435\u043c\u043e\u0433\u043e \u043e\u0442\u0434\u044b\u0445\u0430 \u0438\u043b\u0438 \u0434\u0435\u043b\u043e\u0432\u044b\u0445 \u043c\u0435\u0440\u043e\u043f\u0440\u0438\u044f\u0442\u0438\u0439.<\/p>","protected":false},"excerpt":{"rendered":"<p>Hotelul Sofitel The Palm din Dubai este o oaz\u0103 de lux \u0219i confort a\u0219ezat\u0103 pe insula artificial\u0103 Palm Jumeirah. Cu o arhitectur\u0103 impresionant\u0103 \u0219i cu vedere la Golful Persic, acest hotel ofer\u0103 o gam\u0103 larg\u0103 de facilit\u0103\u021bi \u0219i servicii, pentru a face \u0219ederea o experien\u021b\u0103 memorabil\u0103. Camerele hotelului sunt elegante \u0219i spa\u021bioase, cu design modern [&hellip;]<\/p>\n","protected":false},"featured_media":10668,"template":"","meta":[],"product_brand":[],"product_cat":[28],"product_tag":[],"class_list":{"0":"post-10665","1":"product","2":"type-product","3":"status-publish","4":"has-post-thumbnail","6":"brw_countries-dubai","7":"brw_destinatie-mare","8":"product_cat-family","10":"first","11":"instock","12":"shipping-taxable","13":"purchasable","14":"product-type-ovabrw_car_rental"},"_links":{"self":[{"href":"https:\/\/glossar.travel\/ru\/wp-json\/wp\/v2\/product\/10665","targetHints":{"allow":["GET"]}}],"collection":[{"href":"https:\/\/glossar.travel\/ru\/wp-json\/wp\/v2\/product"}],"about":[{"href":"https:\/\/glossar.travel\/ru\/wp-json\/wp\/v2\/types\/product"}],"version-history":[{"count":0,"href":"https:\/\/glossar.travel\/ru\/wp-json\/wp\/v2\/product\/10665\/revisions"}],"wp:featuredmedia":[{"embeddable":true,"href":"https:\/\/glossar.travel\/ru\/wp-json\/wp\/v2\/media\/10668"}],"wp:attachment":[{"href":"https:\/\/glossar.travel\/ru\/wp-json\/wp\/v2\/media?parent=10665"}],"wp:term":[{"taxonomy":"product_brand","embeddable":true,"href":"https:\/\/glossar.travel\/ru\/wp-json\/wp\/v2\/product_brand?post=10665"},{"taxonomy":"product_cat","embeddable":true,"href":"https:\/\/glossar.travel\/ru\/wp-json\/wp\/v2\/product_cat?post=10665"},{"taxonomy":"product_tag","embeddable":true,"href":"https:\/\/glossar.travel\/ru\/wp-json\/wp\/v2\/product_tag?post=10665"}],"curies":[{"name":"wp","href":"https:\/\/api.w.org\/{rel}","templated":true}]}}