{"id":10611,"date":"2025-10-27T11:53:08","date_gmt":"2025-10-27T11:53:08","guid":{"rendered":"https:\/\/glossar.travel\/?post_type=product&#038;p=10611"},"modified":"2025-12-04T09:36:40","modified_gmt":"2025-12-04T09:36:40","slug":"orlovetz-hotel-5-pamporovo-bulgaria","status":"publish","type":"product","link":"https:\/\/glossar.travel\/ru\/product\/orlovetz-hotel-5-pamporovo-bulgaria\/","title":{"rendered":"\u041e\u0442\u0435\u043b\u044c \u041e\u0440\u043b\u043e\u0432\u0435\u0446 5* \u041f\u0430\u043c\u043f\u043e\u0440\u043e\u0432\u043e, \u0411\u043e\u043b\u0433\u0430\u0440\u0438\u044f"},"content":{"rendered":"<p>\u041e\u0442\u0435\u043b\u044c Orlovetz \u0443\u0434\u043e\u0431\u043d\u043e \u0440\u0430\u0441\u043f\u043e\u043b\u043e\u0436\u0435\u043d \u0432 \u0446\u0435\u043d\u0442\u0440\u0435 \u043f\u043e\u043f\u0443\u043b\u044f\u0440\u043d\u043e\u0433\u043e \u0433\u043e\u0440\u043d\u043e\u043b\u044b\u0436\u043d\u043e\u0433\u043e \u043a\u0443\u0440\u043e\u0440\u0442\u0430 \u041f\u0430\u043c\u043f\u043e\u0440\u043e\u0432\u043e \u0438 \u043f\u0440\u0435\u0434\u043b\u0430\u0433\u0430\u0435\u0442 \u0445\u043e\u0440\u043e\u0448\u043e \u043e\u0431\u043e\u0440\u0443\u0434\u043e\u0432\u0430\u043d\u043d\u044b\u0435 \u043d\u043e\u043c\u0435\u0440\u0430 \u0441 \u0437\u0430\u0445\u0432\u0430\u0442\u044b\u0432\u0430\u044e\u0449\u0438\u043c \u0432\u0438\u0434\u043e\u043c \u043d\u0430 \u0433\u043e\u0440\u044b \u0420\u043e\u0434\u043e\u043f\u044b.<\/p>\n<p>\u041d\u0430\u0441\u043b\u0430\u0436\u0434\u0430\u0439\u0442\u0435\u0441\u044c \u043a\u043e\u043c\u0444\u043e\u0440\u0442\u043e\u043c, \u043f\u043e\u043a\u043e\u0435\u043c \u0438 \u0443\u0435\u0434\u0438\u043d\u0435\u043d\u0438\u0435\u043c \u0441\u043e\u0431\u0441\u0442\u0432\u0435\u043d\u043d\u043e\u0433\u043e \u043d\u043e\u043c\u0435\u0440\u0430 \u0438 \u043f\u043e\u0441\u0435\u0442\u0438\u0442\u0435 \u0446\u0435\u043d\u0442\u0440 \u0440\u0435\u043b\u0430\u043a\u0441\u0430\u0446\u0438\u0438 \u0441 \u043f\u043e\u0434\u043e\u0433\u0440\u0435\u0432\u0430\u0435\u043c\u044b\u043c \u0431\u0430\u0441\u0441\u0435\u0439\u043d\u043e\u043c, \u0433\u0438\u0434\u0440\u043e\u043c\u0430\u0441\u0441\u0430\u0436\u043d\u043e\u0439 \u0432\u0430\u043d\u043d\u043e\u0439 \u0438 \u0442\u0440\u0430\u0432\u044f\u043d\u044b\u043c\u0438 \u0441\u0430\u0443\u043d\u0430\u043c\u0438. \u0420\u0430\u0437\u0432\u043b\u0435\u043a\u0430\u0439\u0442\u0435\u0441\u044c \u0432 \u0431\u043e\u0443\u043b\u0438\u043d\u0433\u0435, \u043d\u0430 \u0442\u0435\u043d\u043d\u0438\u0441\u043d\u043e\u043c \u043a\u043e\u0440\u0442\u0435 \u0438\u043b\u0438 \u0432 \u0434\u0435\u0442\u0441\u043a\u043e\u0439 \u043a\u043e\u043c\u043d\u0430\u0442\u0435.<\/p>\n<p>\u041d\u0430\u0441\u043b\u0430\u0434\u0438\u0442\u0435\u0441\u044c \u0438\u0437\u044b\u0441\u043a\u0430\u043d\u043d\u044b\u043c\u0438 \u0431\u043b\u044e\u0434\u0430\u043c\u0438 \u0432 \u0433\u043b\u0430\u0432\u043d\u043e\u043c \u0440\u0435\u0441\u0442\u043e\u0440\u0430\u043d\u0435 \u0441 \u043e\u0431\u0441\u043b\u0443\u0436\u0438\u0432\u0430\u043d\u0438\u0435\u043c \u043f\u043e \u043c\u0435\u043d\u044e \u0438 \u043d\u0430\u0441\u043b\u0430\u0434\u0438\u0442\u0435\u0441\u044c \u043b\u044e\u0431\u0438\u043c\u044b\u043c \u043d\u0430\u043f\u0438\u0442\u043a\u043e\u043c \u0432 \u043b\u043e\u0431\u0431\u0438-\u0431\u0430\u0440\u0435. \u041a \u0443\u0441\u043b\u0443\u0433\u0430\u043c \u0433\u043e\u0441\u0442\u0435\u0439 \u0442\u0430\u043a\u0436\u0435 \u043f\u0440\u0435\u0432\u043e\u0441\u0445\u043e\u0434\u043d\u044b\u0439 \u0437\u0430\u043b \u0434\u043b\u044f \u0437\u0430\u0432\u0442\u0440\u0430\u043a\u043e\u0432, \u0431\u0435\u0441\u043f\u043b\u0430\u0442\u043d\u044b\u0439 Wi-Fi \u0438 \u043e\u0431\u0441\u043b\u0443\u0436\u0438\u0432\u0430\u043d\u0438\u0435 \u043d\u043e\u043c\u0435\u0440\u043e\u0432.<\/p>\n<p>\u0417\u0438\u043c\u043e\u0439 \u043a \u0432\u0430\u0448\u0438\u043c \u0443\u0441\u043b\u0443\u0433\u0430\u043c \u0431\u0435\u0441\u043f\u043b\u0430\u0442\u043d\u044b\u0439 \u0442\u0440\u0430\u043d\u0441\u0444\u0435\u0440 \u0438 \u043f\u043e\u043c\u0435\u0449\u0435\u043d\u0438\u0435 \u0434\u043b\u044f \u0445\u0440\u0430\u043d\u0435\u043d\u0438\u044f \u043b\u044b\u0436. \u0421\u043a\u0438-\u043f\u0430\u0441\u0441\u044b, \u043f\u0440\u043e\u043a\u0430\u0442 \u043b\u044b\u0436 \u0438 \u0443\u0440\u043e\u043a\u0438 \u043a\u0430\u0442\u0430\u043d\u0438\u044f \u043d\u0430 \u043b\u044b\u0436\u0430\u0445 \u043f\u0440\u0435\u0434\u043e\u0441\u0442\u0430\u0432\u043b\u044f\u044e\u0442\u0441\u044f \u0437\u0430 \u0434\u043e\u043f\u043e\u043b\u043d\u0438\u0442\u0435\u043b\u044c\u043d\u0443\u044e \u043f\u043b\u0430\u0442\u0443.<\/p>\n<p>\u041e\u0442\u043a\u0440\u044b\u0442\u0430\u044f \u043f\u0430\u0440\u043a\u043e\u0432\u043a\u0430 \u043f\u0440\u0435\u0434\u043e\u0441\u0442\u0430\u0432\u043b\u044f\u0435\u0442\u0441\u044f \u0431\u0435\u0441\u043f\u043b\u0430\u0442\u043d\u043e, \u0430 \u0434\u0432\u0443\u0445\u0443\u0440\u043e\u0432\u043d\u0435\u0432\u044b\u0439 \u0433\u0430\u0440\u0430\u0436 \u0434\u043e\u0441\u0442\u0443\u043f\u0435\u043d \u0433\u043e\u0441\u0442\u044f\u043c \u0437\u0430 \u0434\u043e\u043f\u043e\u043b\u043d\u0438\u0442\u0435\u043b\u044c\u043d\u0443\u044e \u043f\u043b\u0430\u0442\u0443.<\/p>\n<p>\u042d\u0442\u043e \u043c\u0435\u0441\u0442\u043e \u043e\u0441\u043e\u0431\u0435\u043d\u043d\u043e \u043d\u0440\u0430\u0432\u0438\u0442\u0441\u044f \u0441\u0435\u043c\u044c\u044f\u043c. \u041e\u043d\u0438 \u043e\u0446\u0435\u043d\u0438\u043b\u0438 \u0435\u0433\u043e \u043d\u0430 8,7 \u0431\u0430\u043b\u043b\u0430 \u0437\u0430 \u043f\u0440\u043e\u0436\u0438\u0432\u0430\u043d\u0438\u0435 \u0441 \u0434\u0435\u0442\u044c\u043c\u0438.<\/p>","protected":false},"excerpt":{"rendered":"<p>Hotelul Orlovetz se bucur\u0103 de o amplasare central\u0103 \u00een populara sta\u021biune de schi Pamporovo, oferind camere bine echipate, cu vedere spectaculoas\u0103 la Mun\u021bii Rodopi. Bucura\u021bi-v\u0103 de confortul, lini\u0219tea \u0219i intimitatea propriei unit\u0103\u021bi de cazare \u0219i beneficia\u021bi de centrul de relaxare cu piscin\u0103 \u00eenc\u0103lzit\u0103, cad\u0103 spa \u0219i saune pe baz\u0103 de plante. Distra\u021bi-v\u0103 la bowling, la [&hellip;]<\/p>\n","protected":false},"featured_media":10613,"template":"","meta":[],"product_brand":[],"product_cat":[28],"product_tag":[],"class_list":{"0":"post-10611","1":"product","2":"type-product","3":"status-publish","4":"has-post-thumbnail","6":"brw_countries-bulgaria","7":"brw_destinatie-munte","8":"product_cat-family","10":"first","11":"instock","12":"shipping-taxable","13":"purchasable","14":"product-type-ovabrw_car_rental"},"_links":{"self":[{"href":"https:\/\/glossar.travel\/ru\/wp-json\/wp\/v2\/product\/10611","targetHints":{"allow":["GET"]}}],"collection":[{"href":"https:\/\/glossar.travel\/ru\/wp-json\/wp\/v2\/product"}],"about":[{"href":"https:\/\/glossar.travel\/ru\/wp-json\/wp\/v2\/types\/product"}],"version-history":[{"count":0,"href":"https:\/\/glossar.travel\/ru\/wp-json\/wp\/v2\/product\/10611\/revisions"}],"wp:featuredmedia":[{"embeddable":true,"href":"https:\/\/glossar.travel\/ru\/wp-json\/wp\/v2\/media\/10613"}],"wp:attachment":[{"href":"https:\/\/glossar.travel\/ru\/wp-json\/wp\/v2\/media?parent=10611"}],"wp:term":[{"taxonomy":"product_brand","embeddable":true,"href":"https:\/\/glossar.travel\/ru\/wp-json\/wp\/v2\/product_brand?post=10611"},{"taxonomy":"product_cat","embeddable":true,"href":"https:\/\/glossar.travel\/ru\/wp-json\/wp\/v2\/product_cat?post=10611"},{"taxonomy":"product_tag","embeddable":true,"href":"https:\/\/glossar.travel\/ru\/wp-json\/wp\/v2\/product_tag?post=10611"}],"curies":[{"name":"wp","href":"https:\/\/api.w.org\/{rel}","templated":true}]}}