{"id":10493,"date":"2025-10-24T09:04:11","date_gmt":"2025-10-24T09:04:11","guid":{"rendered":"https:\/\/glossar.travel\/?post_type=product&#038;p=10493"},"modified":"2026-01-05T09:15:33","modified_gmt":"2026-01-05T09:15:33","slug":"baron-resort-5-sharm-el-sheikh-egypt","status":"publish","type":"product","link":"https:\/\/glossar.travel\/ru\/product\/baron-resort-5-sharm-el-sheikh-egypt\/","title":{"rendered":"BARON RESORT 5* \u0428\u0410\u0420\u041c-\u042d\u041b\u042c-\u0428\u0415\u0419\u0425, \u0415\u0413\u0418\u041f\u0415\u0422"},"content":{"rendered":"<p>\u041f\u0440\u0435\u043a\u0440\u0430\u0441\u043d\u044b\u0439 \u043e\u0442\u0435\u043b\u044c \u0434\u043b\u044f \u0432\u0437\u044b\u0441\u043a\u0430\u0442\u0435\u043b\u044c\u043d\u044b\u0445 \u0442\u0443\u0440\u0438\u0441\u0442\u043e\u0432 \u0440\u0430\u0441\u043f\u043e\u043b\u043e\u0436\u0435\u043d \u043d\u0430 \u043a\u0443\u0440\u043e\u0440\u0442\u0435 \u0428\u0430\u0440\u043c-\u044d\u043b\u044c-\u0428\u0435\u0439\u0445, \u0447\u0442\u043e \u0434\u0435\u043b\u0430\u0435\u0442 \u0435\u0433\u043e \u0434\u043e\u0441\u0442\u0443\u043f\u043d\u044b\u043c \u0434\u043b\u044f \u043f\u043e\u0441\u0435\u0449\u0435\u043d\u0438\u044f \u0440\u0430\u0437\u043b\u0438\u0447\u043d\u044b\u0445 \u0442\u0443\u0440\u0438\u0441\u0442\u0438\u0447\u0435\u0441\u043a\u0438\u0445 \u0434\u043e\u0441\u0442\u043e\u043f\u0440\u0438\u043c\u0435\u0447\u0430\u0442\u0435\u043b\u044c\u043d\u043e\u0441\u0442\u0435\u0439. \u041a \u0443\u0441\u043b\u0443\u0433\u0430\u043c \u0433\u043e\u0441\u0442\u0435\u0439 \u043d\u043e\u043c\u0435\u0440\u0430 \u0441\u043e \u0432\u0441\u0435\u043c \u043d\u0435\u043e\u0431\u0445\u043e\u0434\u0438\u043c\u044b\u043c, \u0431\u043e\u043b\u044c\u0448\u0438\u043d\u0441\u0442\u0432\u043e \u0438\u0437 \u043a\u043e\u0442\u043e\u0440\u044b\u0445 \u0438\u043c\u0435\u044e\u0442 \u0432\u0438\u0434 \u043d\u0430 \u043c\u043e\u0440\u0435. \u041d\u0430 \u0442\u0435\u0440\u0440\u0438\u0442\u043e\u0440\u0438\u0438 \u043e\u0442\u0435\u043b\u044f \u0435\u0441\u0442\u044c \u0440\u0435\u0441\u0442\u043e\u0440\u0430\u043d\u044b \u0438 \u0431\u0430\u0440\u044b \u0441 \u0448\u0438\u0440\u043e\u043a\u0438\u043c \u0430\u0441\u0441\u043e\u0440\u0442\u0438\u043c\u0435\u043d\u0442\u043e\u043c \u0431\u043b\u044e\u0434 \u0438 \u043d\u0430\u043f\u0438\u0442\u043a\u043e\u0432. \u041e\u0442\u0435\u043b\u044c \u043e\u0442\u043b\u0438\u0447\u0430\u0435\u0442\u0441\u044f \u0432\u044b\u0441\u043e\u043a\u0438\u043c \u0443\u0440\u043e\u0432\u043d\u0435\u043c \u043e\u0431\u0441\u043b\u0443\u0436\u0438\u0432\u0430\u043d\u0438\u044f, \u043a\u0440\u0430\u0441\u0438\u0432\u043e\u0439 \u0438 \u0431\u043b\u0430\u0433\u043e\u0443\u0441\u0442\u0440\u043e\u0435\u043d\u043d\u043e\u0439 \u0442\u0435\u0440\u0440\u0438\u0442\u043e\u0440\u0438\u0435\u0439 \u0441 \u043b\u0430\u043d\u0434\u0448\u0430\u0444\u0442\u043d\u044b\u043c \u0434\u0438\u0437\u0430\u0439\u043d\u043e\u043c, \u0431\u0443\u043b\u044c\u0432\u0430\u0440\u043e\u043c \u0441 \u043c\u0430\u0433\u0430\u0437\u0438\u043d\u0430\u043c\u0438, \u0430 \u0442\u0430\u043a\u0436\u0435 \u043f\u043e\u0442\u0440\u044f\u0441\u0430\u044e\u0449\u0438\u043c \u0432\u0438\u0434\u043e\u043c \u043d\u0430 \u041a\u0440\u0430\u0441\u043d\u043e\u0435 \u043c\u043e\u0440\u0435 \u0441 \u0443\u0434\u0438\u0432\u0438\u0442\u0435\u043b\u044c\u043d\u044b\u043c\u0438 \u043a\u043e\u0440\u0430\u043b\u043b\u043e\u0432\u044b\u043c\u0438 \u0440\u0438\u0444\u0430\u043c\u0438 \u0437\u0430\u043b\u0438\u0432\u0430 \u0420\u0430\u0441-\u041d\u0430\u0441\u0440\u0430\u043d\u0438. \u041a \u0443\u0441\u043b\u0443\u0433\u0430\u043c \u0433\u043e\u0441\u0442\u0435\u0439 \u0431\u0430\u0441\u0441\u0435\u0439\u043d\u044b, \u0441\u043f\u043e\u0440\u0442\u0438\u0432\u043d\u044b\u0435 \u043c\u0435\u0440\u043e\u043f\u0440\u0438\u044f\u0442\u0438\u044f, \u0430\u043d\u0438\u043c\u0430\u0446\u0438\u043e\u043d\u043d\u044b\u0435 \u043f\u0440\u043e\u0433\u0440\u0430\u043c\u043c\u044b, \u0434\u0435\u0442\u0441\u043a\u0438\u0439 \u043a\u043b\u0443\u0431 \u0438 \u043c\u043d\u043e\u0433\u043e\u0435 \u0434\u0440\u0443\u0433\u043e\u0435. \u041f\u043e\u0434\u0445\u043e\u0434\u0438\u0442 \u0434\u043b\u044f \u0441\u0435\u043c\u0435\u0439\u043d\u043e\u0433\u043e \u043e\u0442\u0434\u044b\u0445\u0430 \u0441 \u0443\u0434\u043e\u0431\u0441\u0442\u0432\u0430\u043c\u0438 \u0438 \u0440\u0430\u0437\u0432\u043b\u0435\u0447\u0435\u043d\u0438\u044f\u043c\u0438.<\/p>\n<p>\u0418\u043d\u0444\u043e\u0440\u043c\u0430\u0446\u0438\u044f \u043e \u0441\u0442\u0440\u0443\u043a\u0442\u0443\u0440\u0435 \u0433\u043e\u0441\u0442\u0438\u043d\u0438\u0446\u044b \u0438 \u043a\u043e\u043b\u0438\u0447\u0435\u0441\u0442\u0432\u0435 \u043d\u043e\u043c\u0435\u0440\u043e\u0432:<br \/>\n\u041e\u0442\u0435\u043b\u044c \u0441\u043e\u0441\u0442\u043e\u0438\u0442 \u0438\u0437 \u0442\u0440\u0451\u0445\u044d\u0442\u0430\u0436\u043d\u043e\u0433\u043e \u0437\u0434\u0430\u043d\u0438\u044f. \u0412 \u043e\u0442\u0435\u043b\u0435 357 \u043d\u043e\u043c\u0435\u0440\u043e\u0432 \u0440\u0430\u0437\u043b\u0438\u0447\u043d\u044b\u0445 \u043a\u0430\u0442\u0435\u0433\u043e\u0440\u0438\u0439. \u041d\u0430\u043b\u0438\u0447\u0438\u0435 \u043d\u043e\u043c\u0435\u0440\u043e\u0432 \u0434\u043b\u044f \u043b\u044e\u0434\u0435\u0439 \u0441 \u043e\u0433\u0440\u0430\u043d\u0438\u0447\u0435\u043d\u043d\u044b\u043c\u0438 \u0432\u043e\u0437\u043c\u043e\u0436\u043d\u043e\u0441\u0442\u044f\u043c\u0438: \u0434\u0430 (\u043f\u043e \u043f\u0440\u0435\u0434\u0432\u0430\u0440\u0438\u0442\u0435\u043b\u044c\u043d\u043e\u043c\u0443 \u0437\u0430\u043f\u0440\u043e\u0441\u0443). \u041d\u0430\u043b\u0438\u0447\u0438\u0435 \u0441\u043c\u0435\u0436\u043d\u044b\u0445 \u043d\u043e\u043c\u0435\u0440\u043e\u0432: \u0434\u0430.<\/p>","protected":false},"excerpt":{"rendered":"<p>Un hotel minunat pentru turi\u0219tii exigen\u021bi este situat \u00een sta\u021biunea Sharm el-Sheikh, ceea ce \u00eel face accesibil pentru vizitarea diverselor atrac\u021bii turistice. Ofer\u0103 camere cu o gam\u0103 complet\u0103 de facilit\u0103\u021bi, majoritatea av\u00e2nd vedere la mare. Exist\u0103 restaurante \u0219i baruri la fa\u021ba locului care ofer\u0103 o gam\u0103 larg\u0103 de preparate \u0219i b\u0103uturi. Hotelul are un nivel [&hellip;]<\/p>\n","protected":false},"featured_media":10507,"template":"","meta":[],"product_brand":[],"product_cat":[28],"product_tag":[],"class_list":{"0":"post-10493","1":"product","2":"type-product","3":"status-publish","4":"has-post-thumbnail","6":"brw_countries-egipt","7":"brw_destinatie-mare","8":"product_cat-family","10":"first","11":"instock","12":"shipping-taxable","13":"purchasable","14":"product-type-ovabrw_car_rental"},"_links":{"self":[{"href":"https:\/\/glossar.travel\/ru\/wp-json\/wp\/v2\/product\/10493","targetHints":{"allow":["GET"]}}],"collection":[{"href":"https:\/\/glossar.travel\/ru\/wp-json\/wp\/v2\/product"}],"about":[{"href":"https:\/\/glossar.travel\/ru\/wp-json\/wp\/v2\/types\/product"}],"version-history":[{"count":0,"href":"https:\/\/glossar.travel\/ru\/wp-json\/wp\/v2\/product\/10493\/revisions"}],"wp:featuredmedia":[{"embeddable":true,"href":"https:\/\/glossar.travel\/ru\/wp-json\/wp\/v2\/media\/10507"}],"wp:attachment":[{"href":"https:\/\/glossar.travel\/ru\/wp-json\/wp\/v2\/media?parent=10493"}],"wp:term":[{"taxonomy":"product_brand","embeddable":true,"href":"https:\/\/glossar.travel\/ru\/wp-json\/wp\/v2\/product_brand?post=10493"},{"taxonomy":"product_cat","embeddable":true,"href":"https:\/\/glossar.travel\/ru\/wp-json\/wp\/v2\/product_cat?post=10493"},{"taxonomy":"product_tag","embeddable":true,"href":"https:\/\/glossar.travel\/ru\/wp-json\/wp\/v2\/product_tag?post=10493"}],"curies":[{"name":"wp","href":"https:\/\/api.w.org\/{rel}","templated":true}]}}