{"id":10424,"date":"2025-10-23T07:50:38","date_gmt":"2025-10-23T07:50:38","guid":{"rendered":"https:\/\/glossar.travel\/?post_type=product&#038;p=10424"},"modified":"2026-01-14T09:31:40","modified_gmt":"2026-01-14T09:31:40","slug":"senseana-sea-side-resort-spa-5-grecia","status":"publish","type":"product","link":"https:\/\/glossar.travel\/ru\/product\/senseana-sea-side-resort-spa-5-grecia\/","title":{"rendered":"SENSEANA SEA SIDE RESORT &amp; SPA 5* \u0413\u0440\u0435\u0446\u0438\u044f"},"content":{"rendered":"<p>\u041d\u0435\u0434\u0430\u0432\u043d\u043e \u043e\u0442\u0440\u0435\u043c\u043e\u043d\u0442\u0438\u0440\u043e\u0432\u0430\u043d\u043d\u044b\u0439 \u043a\u0443\u0440\u043e\u0440\u0442\u043d\u044b\u0439 \u043e\u0442\u0435\u043b\u044c Senseana Sea Side \u0440\u0430\u0441\u043f\u043e\u043b\u043e\u0436\u0435\u043d \u0432 \u0442\u0438\u0445\u043e\u043c \u043f\u0440\u0438\u043c\u043e\u0440\u0441\u043a\u043e\u043c \u043f\u043e\u0441\u0435\u043b\u043a\u0435 \u0410\u043d\u0430\u043b\u0438\u043f\u0441\u0438\u0441, \u0432\u0441\u0435\u0433\u043e \u0432 \u043d\u0435\u0441\u043a\u043e\u043b\u044c\u043a\u0438\u0445 \u0448\u0430\u0433\u0430\u0445 \u043e\u0442 \u043f\u043b\u044f\u0436\u0430. \u041d\u0430 \u0442\u0435\u0440\u0440\u0438\u0442\u043e\u0440\u0438\u0438 \u0435\u0441\u0442\u044c \u0431\u0430\u0441\u0441\u0435\u0439\u043d\u044b \u0434\u043b\u044f \u0432\u0437\u0440\u043e\u0441\u043b\u044b\u0445 \u0438 \u0434\u0435\u0442\u0435\u0439, \u0440\u0435\u0441\u0442\u043e\u0440\u0430\u043d\u044b \u0438 \u0431\u0430\u0440\u044b. \u0414\u043b\u044f \u043b\u044e\u0431\u0438\u0442\u0435\u043b\u0435\u0439 \u0441\u043f\u043e\u0440\u0442\u0430 \u0435\u0441\u0442\u044c \u0442\u0440\u0435\u043d\u0430\u0436\u0435\u0440\u043d\u044b\u0439 \u0437\u0430\u043b.<\/p>\n<p>\u041d\u0430 \u0442\u0435\u0440\u0440\u0438\u0442\u043e\u0440\u0438\u0438 \u043e\u0442\u0435\u043b\u044f \u0442\u0430\u043a\u0436\u0435 \u0435\u0441\u0442\u044c \u0441\u043f\u0430-\u0446\u0435\u043d\u0442\u0440 \u0441\u043e \u0432\u0441\u0435\u043c\u0438 \u043d\u0435\u043e\u0431\u0445\u043e\u0434\u0438\u043c\u044b\u043c\u0438 \u0443\u0441\u043b\u0443\u0433\u0430\u043c\u0438 \u0434\u043b\u044f \u0440\u0435\u043b\u0430\u043a\u0441\u0430\u0446\u0438\u0438. \u0414\u043b\u044f \u043c\u0430\u043b\u0435\u043d\u044c\u043a\u0438\u0445 \u0433\u043e\u0441\u0442\u0435\u0439 \u0435\u0441\u0442\u044c \u0434\u0435\u0442\u0441\u043a\u0438\u0439 \u043a\u043b\u0443\u0431, \u043a\u0440\u044b\u0442\u0430\u044f \u0438\u0433\u0440\u043e\u0432\u0430\u044f \u043f\u043b\u043e\u0449\u0430\u0434\u043a\u0430 \u0438 \u0430\u043a\u0432\u0430\u043f\u0430\u0440\u043a. \u041d\u0430 \u0432\u0441\u0435\u0439 \u0442\u0435\u0440\u0440\u0438\u0442\u043e\u0440\u0438\u0438 \u043e\u0442\u0435\u043b\u044f \u043f\u0440\u0435\u0434\u043e\u0441\u0442\u0430\u0432\u043b\u044f\u0435\u0442\u0441\u044f \u0431\u0435\u0441\u043f\u043b\u0430\u0442\u043d\u044b\u0439 Wi-Fi. \u041f\u043e \u0432\u0435\u0447\u0435\u0440\u0430\u043c \u0434\u043b\u044f \u0432\u0437\u0440\u043e\u0441\u043b\u044b\u0445 \u043f\u0440\u043e\u0432\u043e\u0434\u044f\u0442\u0441\u044f \u0430\u043d\u0438\u043c\u0430\u0446\u0438\u043e\u043d\u043d\u044b\u0435 \u043f\u0440\u043e\u0433\u0440\u0430\u043c\u043c\u044b.<\/p>","protected":false},"excerpt":{"rendered":"<p>Recent renovat, Senseana Sea Side Resort este situat \u00een satul lini\u0219tit de pe malul m\u0103rii Analipsis, la doar c\u00e2\u021biva pa\u0219i de plaj\u0103. Pe teritoriu exist\u0103 piscine pentru adul\u021bi \u0219i copii, restaurante \u0219i baruri. Pentru iubitorii de sport exist\u0103 o sal\u0103 de gimnastic\u0103. De asemenea, pe site exist\u0103 un centru spa cu toate serviciile de relaxare. [&hellip;]<\/p>\n","protected":false},"featured_media":10430,"template":"","meta":[],"product_brand":[],"product_cat":[28],"product_tag":[],"class_list":{"0":"post-10424","1":"product","2":"type-product","3":"status-publish","4":"has-post-thumbnail","6":"brw_countries-grecia","7":"brw_destinatie-mare","8":"product_cat-family","10":"first","11":"instock","12":"sale","13":"shipping-taxable","14":"purchasable","15":"product-type-ovabrw_car_rental"},"_links":{"self":[{"href":"https:\/\/glossar.travel\/ru\/wp-json\/wp\/v2\/product\/10424","targetHints":{"allow":["GET"]}}],"collection":[{"href":"https:\/\/glossar.travel\/ru\/wp-json\/wp\/v2\/product"}],"about":[{"href":"https:\/\/glossar.travel\/ru\/wp-json\/wp\/v2\/types\/product"}],"version-history":[{"count":0,"href":"https:\/\/glossar.travel\/ru\/wp-json\/wp\/v2\/product\/10424\/revisions"}],"wp:featuredmedia":[{"embeddable":true,"href":"https:\/\/glossar.travel\/ru\/wp-json\/wp\/v2\/media\/10430"}],"wp:attachment":[{"href":"https:\/\/glossar.travel\/ru\/wp-json\/wp\/v2\/media?parent=10424"}],"wp:term":[{"taxonomy":"product_brand","embeddable":true,"href":"https:\/\/glossar.travel\/ru\/wp-json\/wp\/v2\/product_brand?post=10424"},{"taxonomy":"product_cat","embeddable":true,"href":"https:\/\/glossar.travel\/ru\/wp-json\/wp\/v2\/product_cat?post=10424"},{"taxonomy":"product_tag","embeddable":true,"href":"https:\/\/glossar.travel\/ru\/wp-json\/wp\/v2\/product_tag?post=10424"}],"curies":[{"name":"wp","href":"https:\/\/api.w.org\/{rel}","templated":true}]}}