{"id":10409,"date":"2025-10-23T07:23:53","date_gmt":"2025-10-23T07:23:53","guid":{"rendered":"https:\/\/glossar.travel\/?post_type=product&#038;p=10409"},"modified":"2026-01-14T09:20:17","modified_gmt":"2026-01-14T09:20:17","slug":"lyttos-beach-hotel-5-grecia","status":"publish","type":"product","link":"https:\/\/glossar.travel\/ru\/product\/lyttos-beach-hotel-5-grecia\/","title":{"rendered":"\u041e\u0442\u0435\u043b\u044c Lyttos Beach 5* \u0413\u0440\u0435\u0446\u0438\u044f"},"content":{"rendered":"<p>\u0420\u043e\u0441\u043a\u043e\u0448\u043d\u044b\u0439 \u043a\u0443\u0440\u043e\u0440\u0442 \u0432 \u0410\u043d\u0430\u043b\u0438\u043f\u0441\u0438, \u0418\u0440\u0430\u043a\u043b\u0438\u043e\u043d, \u0413\u0440\u0435\u0446\u0438\u044f. \u041e\u0442\u0435\u043b\u044c \u0440\u0430\u0441\u043f\u043e\u043b\u043e\u0436\u0435\u043d \u043d\u0430 \u0434\u043b\u0438\u043d\u043d\u043e\u043c \u043f\u0435\u0441\u0447\u0430\u043d\u043e\u043c \u043f\u043b\u044f\u0436\u0435 \u0438 \u043f\u0440\u0435\u0434\u043b\u0430\u0433\u0430\u0435\u0442 \u043f\u0440\u043e\u0441\u0442\u043e\u0440\u043d\u044b\u0435 \u0438 \u043a\u043e\u043c\u0444\u043e\u0440\u0442\u0430\u0431\u0435\u043b\u044c\u043d\u044b\u0435 \u043d\u043e\u043c\u0435\u0440\u0430 \u0441 \u0432\u0438\u0434\u043e\u043c \u043d\u0430 \u043c\u043e\u0440\u0435, \u0431\u0430\u0441\u0441\u0435\u0439\u043d \u0438\u043b\u0438 \u0441\u0430\u0434. \u041a \u0443\u0441\u043b\u0443\u0433\u0430\u043c \u0433\u043e\u0441\u0442\u0435\u0439 \u0448\u0438\u0440\u043e\u043a\u0438\u0439 \u0432\u044b\u0431\u043e\u0440 \u0443\u0434\u043e\u0431\u0441\u0442\u0432 \u0438 \u0440\u0430\u0437\u0432\u043b\u0435\u0447\u0435\u043d\u0438\u0439, \u0432\u043a\u043b\u044e\u0447\u0430\u044f \u043d\u0435\u0441\u043a\u043e\u043b\u044c\u043a\u043e \u0431\u0430\u0441\u0441\u0435\u0439\u043d\u043e\u0432, \u0432\u043e\u0434\u043d\u044b\u0435 \u0433\u043e\u0440\u043a\u0438, \u043f\u043b\u044f\u0436\u043d\u044b\u0439 \u0432\u043e\u043b\u0435\u0439\u0431\u043e\u043b, \u0442\u0435\u043d\u043d\u0438\u0441\u043d\u044b\u0435 \u043a\u043e\u0440\u0442\u044b, \u0444\u0438\u0442\u043d\u0435\u0441-\u0446\u0435\u043d\u0442\u0440, \u0441\u043f\u0430-\u0446\u0435\u043d\u0442\u0440 \u0438 \u043c\u043d\u043e\u0433\u043e\u0435 \u0434\u0440\u0443\u0433\u043e\u0435. \u0412 \u043e\u0442\u0435\u043b\u0435 \u0442\u0430\u043a\u0436\u0435 \u0435\u0441\u0442\u044c \u043c\u043d\u043e\u0436\u0435\u0441\u0442\u0432\u043e \u0440\u0435\u0441\u0442\u043e\u0440\u0430\u043d\u043e\u0432 \u0438 \u0431\u0430\u0440\u043e\u0432, \u0433\u0434\u0435 \u043f\u043e\u0434\u0430\u044e\u0442 \u0438\u0437\u044b\u0441\u043a\u0430\u043d\u043d\u044b\u0435 \u0431\u043b\u044e\u0434\u0430 \u043d\u0430\u0441\u0442\u043e\u044f\u0449\u0435\u0439 \u0433\u0440\u0435\u0447\u0435\u0441\u043a\u043e\u0439 \u043a\u0443\u0445\u043d\u0438. \u0418\u0434\u0435\u0430\u043b\u044c\u043d\u043e \u043f\u043e\u0434\u0445\u043e\u0434\u0438\u0442 \u043a\u0430\u043a \u0434\u043b\u044f \u0441\u043f\u043e\u043a\u043e\u0439\u043d\u043e\u0433\u043e \u043f\u043b\u044f\u0436\u043d\u043e\u0433\u043e \u043e\u0442\u0434\u044b\u0445\u0430, \u0442\u0430\u043a \u0438 \u0434\u043b\u044f \u0430\u043a\u0442\u0438\u0432\u043d\u043e\u0433\u043e \u043e\u0442\u0434\u044b\u0445\u0430.<\/p>","protected":false},"excerpt":{"rendered":"<p>Un complex de lux situat \u00een Analipsi, Heraklion, Grecia. Situat pe o plaj\u0103 lung\u0103 de nisip, hotelul ofer\u0103 camere spa\u021bioase \u0219i confortabile, cu vedere la mare, la piscin\u0103 sau la gr\u0103din\u0103. Oaspe\u021bii se pot bucura de o gam\u0103 larg\u0103 de facilit\u0103\u021bi \u0219i activit\u0103\u021bi, inclusiv mai multe piscine, tobogane cu ap\u0103, volei pe plaj\u0103, terenuri de [&hellip;]<\/p>\n","protected":false},"featured_media":10415,"template":"","meta":[],"product_brand":[],"product_cat":[28],"product_tag":[],"class_list":{"0":"post-10409","1":"product","2":"type-product","3":"status-publish","4":"has-post-thumbnail","6":"brw_countries-grecia","7":"brw_destinatie-mare","8":"product_cat-family","10":"first","11":"instock","12":"shipping-taxable","13":"purchasable","14":"product-type-ovabrw_car_rental"},"_links":{"self":[{"href":"https:\/\/glossar.travel\/ru\/wp-json\/wp\/v2\/product\/10409","targetHints":{"allow":["GET"]}}],"collection":[{"href":"https:\/\/glossar.travel\/ru\/wp-json\/wp\/v2\/product"}],"about":[{"href":"https:\/\/glossar.travel\/ru\/wp-json\/wp\/v2\/types\/product"}],"version-history":[{"count":0,"href":"https:\/\/glossar.travel\/ru\/wp-json\/wp\/v2\/product\/10409\/revisions"}],"wp:featuredmedia":[{"embeddable":true,"href":"https:\/\/glossar.travel\/ru\/wp-json\/wp\/v2\/media\/10415"}],"wp:attachment":[{"href":"https:\/\/glossar.travel\/ru\/wp-json\/wp\/v2\/media?parent=10409"}],"wp:term":[{"taxonomy":"product_brand","embeddable":true,"href":"https:\/\/glossar.travel\/ru\/wp-json\/wp\/v2\/product_brand?post=10409"},{"taxonomy":"product_cat","embeddable":true,"href":"https:\/\/glossar.travel\/ru\/wp-json\/wp\/v2\/product_cat?post=10409"},{"taxonomy":"product_tag","embeddable":true,"href":"https:\/\/glossar.travel\/ru\/wp-json\/wp\/v2\/product_tag?post=10409"}],"curies":[{"name":"wp","href":"https:\/\/api.w.org\/{rel}","templated":true}]}}