{"id":10399,"date":"2025-10-23T07:07:38","date_gmt":"2025-10-23T07:07:38","guid":{"rendered":"https:\/\/glossar.travel\/?post_type=product&#038;p=10399"},"modified":"2026-01-14T09:17:37","modified_gmt":"2026-01-14T09:17:37","slug":"mirabello-bay-luxury-resort-5-crete-grecia","status":"publish","type":"product","link":"https:\/\/glossar.travel\/ru\/product\/mirabello-bay-luxury-resort-5-crete-grecia\/","title":{"rendered":"Mirabello Bay Luxury Resort 5* \u041a\u0440\u0438\u0442, \u0413\u0440\u0435\u0446\u0438\u044f"},"content":{"rendered":"<p>\u041e\u0442\u0435\u043b\u044c Wyndham Grand Crete Mirabello Bay, \u043e\u043a\u0440\u0443\u0436\u0435\u043d\u043d\u044b\u0439 \u0437\u0435\u043b\u0435\u043d\u044b\u043c\u0438 \u0441\u043a\u043b\u043e\u043d\u0430\u043c\u0438 \u041b\u0430\u0441\u0441\u0438\u0442\u0438 \u0438 \u043b\u0430\u0437\u0443\u0440\u043d\u044b\u043c\u0438 \u0432\u043e\u0434\u0430\u043c\u0438 \u041a\u0440\u0438\u0442\u0441\u043a\u043e\u0433\u043e \u043c\u043e\u0440\u044f, \u2014 \u044d\u0442\u043e \u0438\u0441\u043a\u043b\u044e\u0447\u0438\u0442\u0435\u043b\u044c\u043d\u043e\u0435 \u043c\u0435\u0441\u0442\u043e \u0434\u043b\u044f \u043e\u0442\u0434\u044b\u0445\u0430. \u0413\u043e\u0441\u0442\u0438 \u0441\u043c\u043e\u0433\u0443\u0442 \u043e\u0449\u0443\u0442\u0438\u0442\u044c \u043f\u043e\u0434\u043b\u0438\u043d\u043d\u043e\u0435 \u043a\u0440\u0438\u0442\u0441\u043a\u043e\u0435 \u0433\u043e\u0441\u0442\u0435\u043f\u0440\u0438\u0438\u043c\u0441\u0442\u0432\u043e, \u043e\u0441\u0442\u0430\u043d\u043e\u0432\u0438\u0432\u0448\u0438\u0441\u044c \u0432 \u043d\u043e\u043c\u0435\u0440\u0430\u0445 \u0438 \u0431\u0443\u043d\u0433\u0430\u043b\u043e \u043e\u0442\u0435\u043b\u044f, \u043f\u043e\u0441\u0442\u0440\u043e\u0435\u043d\u043d\u044b\u0445 \u0441 \u0443\u0447\u0435\u0442\u043e\u043c \u043f\u0440\u0438\u0440\u043e\u0434\u043d\u044b\u0445 \u043e\u0441\u043e\u0431\u0435\u043d\u043d\u043e\u0441\u0442\u0435\u0439 \u0438 \u0441 \u043e\u0441\u043e\u0431\u044b\u043c \u0430\u043a\u0446\u0435\u043d\u0442\u043e\u043c \u043d\u0430 \u043a\u043e\u043c\u0444\u043e\u0440\u0442 \u0438 \u0440\u043e\u0441\u043a\u043e\u0448\u044c. \u041e\u0442\u0435\u043b\u044c \u043e\u0442\u043b\u0438\u0447\u0430\u0435\u0442\u0441\u044f \u0441\u043e\u0432\u0440\u0435\u043c\u0435\u043d\u043d\u044b\u043c \u0434\u0435\u043a\u043e\u0440\u043e\u043c, \u0440\u043e\u0441\u043a\u043e\u0448\u043d\u043e\u0439 \u043c\u0435\u0431\u0435\u043b\u044c\u044e \u0438 \u0438\u0437\u044b\u0441\u043a\u0430\u043d\u043d\u044b\u043c\u0438 \u044d\u043b\u0435\u043c\u0435\u043d\u0442\u0430\u043c\u0438 \u044d\u043a\u0441\u0442\u0440\u0430\u0432\u0430\u0433\u0430\u043d\u0442\u043d\u043e\u0441\u0442\u0438, \u0430 \u0442\u0430\u043a\u0436\u0435 \u0437\u0430\u0445\u0432\u0430\u0442\u044b\u0432\u0430\u044e\u0449\u0438\u043c\u0438 \u0432\u0438\u0434\u0430\u043c\u0438 \u043d\u0430 \u043c\u043e\u0440\u0435, \u0441\u0430\u0434\u044b \u0438\u043b\u0438 \u0436\u0438\u0432\u043e\u043f\u0438\u0441\u043d\u044b\u0439 \u0433\u043e\u0440\u043e\u0434 \u0410\u0433\u0438\u043e\u0441 \u041d\u0438\u043a\u043e\u043b\u0430\u043e\u0441. \u0412 \u0441\u043f\u0430- \u0438 \u0444\u0438\u0442\u043d\u0435\u0441-\u0446\u0435\u043d\u0442\u0440\u0435 \u043a\u043e\u043c\u0430\u043d\u0434\u0430 \u043f\u0440\u043e\u0444\u0435\u0441\u0441\u0438\u043e\u043d\u0430\u043b\u043e\u0432 \u043f\u0440\u0435\u0434\u043b\u043e\u0436\u0438\u0442 \u0433\u043e\u0441\u0442\u044f\u043c \u0440\u0430\u0437\u043b\u0438\u0447\u043d\u044b\u0435 \u0432\u0438\u0434\u044b \u043c\u0430\u0441\u0441\u0430\u0436\u0430, \u043f\u0440\u043e\u0446\u0435\u0434\u0443\u0440\u044b \u043f\u043e \u0443\u0445\u043e\u0434\u0443 \u0437\u0430 \u043b\u0438\u0446\u043e\u043c \u0438 \u0442\u0435\u043b\u043e\u043c, \u0431\u0430\u0441\u0441\u0435\u0439\u043d \u0441 \u043f\u043e\u0434\u043e\u0433\u0440\u0435\u0432\u043e\u043c, \u0441\u0430\u0443\u043d\u0443 \u0438 \u0434\u0436\u0430\u043a\u0443\u0437\u0438, \u0430 \u0442\u0430\u043a\u0436\u0435 \u0441\u043e\u0432\u0440\u0435\u043c\u0435\u043d\u043d\u044b\u0439 \u0442\u0440\u0435\u043d\u0430\u0436\u0435\u0440\u043d\u044b\u0439 \u0437\u0430\u043b. \u041b\u044e\u0431\u0438\u0442\u0435\u043b\u0438 \u0430\u043a\u0442\u0438\u0432\u043d\u043e\u0433\u043e \u043e\u0442\u0434\u044b\u0445\u0430 \u043c\u043e\u0433\u0443\u0442 \u0437\u0430\u043d\u044f\u0442\u044c\u0441\u044f \u0432\u043e\u0434\u043d\u044b\u043c\u0438 \u0432\u0438\u0434\u0430\u043c\u0438 \u0441\u043f\u043e\u0440\u0442\u0430, \u0442\u0435\u043d\u043d\u0438\u0441\u043e\u043c, \u043f\u043b\u044f\u0436\u043d\u044b\u043c \u0432\u043e\u043b\u0435\u0439\u0431\u043e\u043b\u043e\u043c \u0438\u043b\u0438 \u0430\u043a\u0432\u0430\u0430\u044d\u0440\u043e\u0431\u0438\u043a\u043e\u0439. \u0414\u043b\u044f \u0434\u0435\u0442\u0435\u0439 \u0432 \u043e\u0442\u0435\u043b\u0435 \u043f\u0440\u0435\u0434\u0443\u0441\u043c\u043e\u0442\u0440\u0435\u043d\u044b \u0434\u0435\u0442\u0441\u043a\u0438\u0435 \u0431\u0430\u0441\u0441\u0435\u0439\u043d\u044b \u0441 \u043c\u043e\u0440\u0441\u043a\u043e\u0439 \u0432\u043e\u0434\u043e\u0439, \u0438\u0433\u0440\u043e\u0432\u0430\u044f \u043f\u043b\u043e\u0449\u0430\u0434\u043a\u0430, \u0434\u0435\u0442\u0441\u043a\u0438\u0439 \u043a\u043b\u0443\u0431, \u0440\u0430\u0437\u043d\u043e\u043e\u0431\u0440\u0430\u0437\u043d\u044b\u0435 \u0440\u0430\u0437\u0432\u043b\u0435\u043a\u0430\u0442\u0435\u043b\u044c\u043d\u044b\u0435 \u0438 \u0440\u0430\u0437\u0432\u0438\u0432\u0430\u044e\u0449\u0438\u0435 \u043c\u0435\u0440\u043e\u043f\u0440\u0438\u044f\u0442\u0438\u044f, \u0430 \u0442\u0430\u043a\u0436\u0435 \u043c\u0438\u043d\u0438-\u0434\u0438\u0441\u043a\u043e\u0442\u0435\u043a\u0430. \u041a\u0440\u043e\u043c\u0435 \u0442\u043e\u0433\u043e, \u043e\u0442\u0435\u043b\u044c \u043f\u0440\u0435\u0434\u043b\u0430\u0433\u0430\u0435\u0442 \u043c\u043d\u043e\u0436\u0435\u0441\u0442\u0432\u043e \u0432\u043e\u0437\u043c\u043e\u0436\u043d\u043e\u0441\u0442\u0435\u0439 \u0434\u043b\u044f \u043e\u0440\u0433\u0430\u043d\u0438\u0437\u0430\u0446\u0438\u0438 \u043c\u0435\u0440\u043e\u043f\u0440\u0438\u044f\u0442\u0438\u0439 \u0441\u0430\u043c\u043e\u0433\u043e \u0440\u0430\u0437\u043d\u043e\u0433\u043e \u0444\u043e\u0440\u043c\u0430\u0442\u0430: \u043e\u0442 \u0434\u0435\u043b\u043e\u0432\u044b\u0445 \u0432\u0441\u0442\u0440\u0435\u0447 \u0438 \u043a\u043e\u043d\u0444\u0435\u0440\u0435\u043d\u0446\u0438\u0439 \u0434\u043e \u043f\u0440\u0430\u0437\u0434\u043d\u043e\u0432\u0430\u043d\u0438\u044f \u0440\u043e\u043c\u0430\u043d\u0442\u0438\u0447\u0435\u0441\u043a\u0438\u0445 \u0441\u043e\u0431\u044b\u0442\u0438\u0439.<\/p>","protected":false},"excerpt":{"rendered":"<p>\u00cenconjurat de versan\u021bii verzi ai Lassithi \u0219i de apele azurii ale M\u0103rii Cretei, Wyndham Grand Crete Mirabello Bay este un loc excep\u021bional pentru relaxare. Oaspe\u021bii vor experimenta ospitalitatea cretan\u0103 autentic\u0103 caz\u00e2nd \u00eentr-una dintre camerele \u0219i bungalourile hotelului, care sunt construite av\u00e2nd \u00een vedere mediul natural \u00eenconjur\u0103tor \u0219i cu accent deosebit pe confort \u0219i lux. Hotelul [&hellip;]<\/p>\n","protected":false},"featured_media":10404,"template":"","meta":[],"product_brand":[],"product_cat":[28],"product_tag":[],"class_list":{"0":"post-10399","1":"product","2":"type-product","3":"status-publish","4":"has-post-thumbnail","6":"brw_countries-grecia","7":"brw_destinatie-mare","8":"product_cat-family","10":"first","11":"instock","12":"shipping-taxable","13":"purchasable","14":"product-type-ovabrw_car_rental"},"_links":{"self":[{"href":"https:\/\/glossar.travel\/ru\/wp-json\/wp\/v2\/product\/10399","targetHints":{"allow":["GET"]}}],"collection":[{"href":"https:\/\/glossar.travel\/ru\/wp-json\/wp\/v2\/product"}],"about":[{"href":"https:\/\/glossar.travel\/ru\/wp-json\/wp\/v2\/types\/product"}],"version-history":[{"count":0,"href":"https:\/\/glossar.travel\/ru\/wp-json\/wp\/v2\/product\/10399\/revisions"}],"wp:featuredmedia":[{"embeddable":true,"href":"https:\/\/glossar.travel\/ru\/wp-json\/wp\/v2\/media\/10404"}],"wp:attachment":[{"href":"https:\/\/glossar.travel\/ru\/wp-json\/wp\/v2\/media?parent=10399"}],"wp:term":[{"taxonomy":"product_brand","embeddable":true,"href":"https:\/\/glossar.travel\/ru\/wp-json\/wp\/v2\/product_brand?post=10399"},{"taxonomy":"product_cat","embeddable":true,"href":"https:\/\/glossar.travel\/ru\/wp-json\/wp\/v2\/product_cat?post=10399"},{"taxonomy":"product_tag","embeddable":true,"href":"https:\/\/glossar.travel\/ru\/wp-json\/wp\/v2\/product_tag?post=10399"}],"curies":[{"name":"wp","href":"https:\/\/api.w.org\/{rel}","templated":true}]}}