{"id":10317,"date":"2025-10-21T09:58:25","date_gmt":"2025-10-21T09:58:25","guid":{"rendered":"https:\/\/glossar.travel\/?post_type=product&#038;p=10317"},"modified":"2026-01-14T10:36:30","modified_gmt":"2026-01-14T10:36:30","slug":"vikingen-infinity-resort-spa-5-alanya-turcia","status":"publish","type":"product","link":"https:\/\/glossar.travel\/ru\/product\/vikingen-infinity-resort-spa-5-alanya-turcia\/","title":{"rendered":"Vikingen Infinity Resort &amp; Spa 5* \u0410\u043b\u0430\u043d\u044c\u044f \u0422\u0443\u0440\u0446\u0438\u044f"},"content":{"rendered":"<p>Vikingen Infinity Resort Spa \u2014 \u0432\u0435\u043b\u0438\u043a\u043e\u043b\u0435\u043f\u043d\u044b\u0439 \u043e\u0442\u0435\u043b\u044c \u0432 \u0410\u043b\u0430\u043d\u044c\u0435, \u0422\u0443\u0440\u0446\u0438\u044f. \u041e\u043d \u043e\u0442\u043b\u0438\u0447\u0430\u0435\u0442\u0441\u044f \u0441\u043e\u0432\u0440\u0435\u043c\u0435\u043d\u043d\u043e\u0439 \u0430\u0440\u0445\u0438\u0442\u0435\u043a\u0442\u0443\u0440\u043e\u0439 \u0438 \u043f\u0440\u0435\u043a\u0440\u0430\u0441\u043d\u044b\u043c \u0432\u0438\u0434\u043e\u043c \u043d\u0430 \u043c\u043e\u0440\u0435.<\/p>\n<p>\u041e\u0442\u0435\u043b\u044c \u043f\u0440\u0435\u0434\u043b\u0430\u0433\u0430\u0435\u0442 \u0448\u0438\u0440\u043e\u043a\u0438\u0439 \u0432\u044b\u0431\u043e\u0440 \u043f\u0440\u043e\u0441\u0442\u043e\u0440\u043d\u044b\u0445 \u0438 \u043a\u043e\u043c\u0444\u043e\u0440\u0442\u0430\u0431\u0435\u043b\u044c\u043d\u044b\u0445 \u043d\u043e\u043c\u0435\u0440\u043e\u0432, \u043e\u0441\u043d\u0430\u0449\u0435\u043d\u043d\u044b\u0445 \u0432\u0441\u0435\u043c\u0438 \u0441\u043e\u0432\u0440\u0435\u043c\u0435\u043d\u043d\u044b\u043c\u0438 \u0443\u0434\u043e\u0431\u0441\u0442\u0432\u0430\u043c\u0438, \u0432\u043a\u043b\u044e\u0447\u0430\u044f \u0442\u0435\u043b\u0435\u0432\u0438\u0437\u043e\u0440 \u0441 \u043f\u043b\u043e\u0441\u043a\u0438\u043c \u044d\u043a\u0440\u0430\u043d\u043e\u043c, \u043a\u043e\u043d\u0434\u0438\u0446\u0438\u043e\u043d\u0435\u0440, \u043c\u0438\u043d\u0438-\u0431\u0430\u0440 \u0438 \u0441\u043e\u0431\u0441\u0442\u0432\u0435\u043d\u043d\u044b\u0439 \u0431\u0430\u043b\u043a\u043e\u043d \u0441 \u0432\u0438\u0434\u043e\u043c \u043d\u0430 \u043c\u043e\u0440\u0435 \u0438\u043b\u0438 \u0441\u0430\u0434. \u0412\u0441\u0435 \u043d\u043e\u043c\u0435\u0440\u0430 \u043e\u0444\u043e\u0440\u043c\u043b\u0435\u043d\u044b \u0432 \u0441\u043e\u0432\u0440\u0435\u043c\u0435\u043d\u043d\u043e\u043c \u044d\u043b\u0435\u0433\u0430\u043d\u0442\u043d\u043e\u043c \u0441\u0442\u0438\u043b\u0435 \u0438 \u0440\u0430\u0441\u043f\u043e\u043b\u0430\u0433\u0430\u044e\u0442 \u0441\u043e\u0431\u0441\u0442\u0432\u0435\u043d\u043d\u043e\u0439 \u0432\u0430\u043d\u043d\u043e\u0439 \u043a\u043e\u043c\u043d\u0430\u0442\u043e\u0439.<\/p>\n<p>\u0412 \u043a\u0443\u0440\u043e\u0440\u0442\u043d\u043e\u043c \u0441\u043f\u0430-\u043e\u0442\u0435\u043b\u0435 Vikingen Infinity Resort Spa \u043a \u0443\u0441\u043b\u0443\u0433\u0430\u043c \u0433\u043e\u0441\u0442\u0435\u0439 \u043d\u0435\u0441\u043a\u043e\u043b\u044c\u043a\u043e \u0440\u0435\u0441\u0442\u043e\u0440\u0430\u043d\u043e\u0432, \u0432\u043a\u043b\u044e\u0447\u0430\u044f \u0440\u0435\u0441\u0442\u043e\u0440\u0430\u043d\u044b \u0441\u0440\u0435\u0434\u0438\u0437\u0435\u043c\u043d\u043e\u043c\u043e\u0440\u0441\u043a\u043e\u0439 \u0438 \u0438\u043d\u0442\u0435\u0440\u043d\u0430\u0446\u0438\u043e\u043d\u0430\u043b\u044c\u043d\u043e\u0439 \u043a\u0443\u0445\u043d\u0438, \u0440\u0430\u0431\u043e\u0442\u0430\u044e\u0449\u0438\u0435 \u043f\u043e \u0441\u0438\u0441\u0442\u0435\u043c\u0435 \u00ab\u0448\u0432\u0435\u0434\u0441\u043a\u0438\u0439 \u0441\u0442\u043e\u043b\u00bb \u0438 \u043f\u043e \u043c\u0435\u043d\u044e. \u041d\u0430 \u0442\u0435\u0440\u0440\u0438\u0442\u043e\u0440\u0438\u0438 \u043e\u0442\u0435\u043b\u044f \u0442\u0430\u043a\u0436\u0435 \u0435\u0441\u0442\u044c \u043d\u0435\u0441\u043a\u043e\u043b\u044c\u043a\u043e \u0431\u0430\u0440\u043e\u0432, \u0433\u0434\u0435 \u0433\u043e\u0441\u0442\u0438 \u043c\u043e\u0433\u0443\u0442 \u043e\u0442\u0434\u043e\u0445\u043d\u0443\u0442\u044c \u0438 \u043d\u0430\u0441\u043b\u0430\u0434\u0438\u0442\u044c\u0441\u044f \u0438\u0437\u044b\u0441\u043a\u0430\u043d\u043d\u044b\u043c\u0438 \u043d\u0430\u043f\u0438\u0442\u043a\u0430\u043c\u0438 \u0438 \u043a\u043e\u043a\u0442\u0435\u0439\u043b\u044f\u043c\u0438.<\/p>\n<p>\u041a \u0443\u0441\u043b\u0443\u0433\u0430\u043c \u0433\u043e\u0441\u0442\u0435\u0439 \u043e\u0442\u0435\u043b\u044f \u043e\u0442\u043a\u0440\u044b\u0442\u044b\u0439 \u0431\u0430\u0441\u0441\u0435\u0439\u043d, \u043a\u0440\u044b\u0442\u044b\u0439 \u0431\u0430\u0441\u0441\u0435\u0439\u043d \u0441 \u043f\u043e\u0434\u043e\u0433\u0440\u0435\u0432\u043e\u043c, \u0442\u0435\u043d\u043d\u0438\u0441\u043d\u044b\u0435 \u043a\u043e\u0440\u0442\u044b, \u0444\u0438\u0442\u043d\u0435\u0441-\u0446\u0435\u043d\u0442\u0440, \u0430 \u0442\u0430\u043a\u0436\u0435 \u043a\u043b\u0443\u0431 \u0437\u0434\u043e\u0440\u043e\u0432\u044c\u044f \u0438 \u043a\u0440\u0430\u0441\u043e\u0442\u044b, \u043f\u0440\u0435\u0434\u043b\u0430\u0433\u0430\u044e\u0449\u0438\u0439 \u0448\u0438\u0440\u043e\u043a\u0438\u0439 \u0441\u043f\u0435\u043a\u0442\u0440 \u0441\u043f\u0430-\u043f\u0440\u043e\u0446\u0435\u0434\u0443\u0440 \u0438 \u0438\u043d\u0444\u0440\u0430\u043a\u0440\u0430\u0441\u043d\u043e\u0439 \u0442\u0435\u0440\u0430\u043f\u0438\u0438.<\/p>\n<p>\u0420\u0430\u0441\u043f\u043e\u043b\u043e\u0436\u0435\u043d\u043d\u044b\u0439 \u0432\u0441\u0435\u0433\u043e \u0432 \u043d\u0435\u0441\u043a\u043e\u043b\u044c\u043a\u0438\u0445 \u043c\u0438\u043d\u0443\u0442\u0430\u0445 \u0445\u043e\u0434\u044c\u0431\u044b \u043e\u0442 \u043f\u043b\u044f\u0436\u0430 \u041a\u043b\u0435\u043e\u043f\u0430\u0442\u0440\u044b \u0438 \u0446\u0435\u043d\u0442\u0440\u0430 \u0433\u043e\u0440\u043e\u0434\u0430 \u0410\u043b\u0430\u043d\u044c\u044f, \u0430 \u0442\u0430\u043a\u0436\u0435 \u0432 \u043d\u0435\u0441\u043a\u043e\u043b\u044c\u043a\u0438\u0445 \u043c\u0438\u043d\u0443\u0442\u0430\u0445 \u0435\u0437\u0434\u044b \u043e\u0442 \u043c\u0435\u0436\u0434\u0443\u043d\u0430\u0440\u043e\u0434\u043d\u043e\u0433\u043e \u0430\u044d\u0440\u043e\u043f\u043e\u0440\u0442\u0430 \u0410\u043d\u0442\u0430\u043b\u044c\u0438, \u043a\u0443\u0440\u043e\u0440\u0442\u043d\u044b\u0439 \u0441\u043f\u0430-\u043e\u0442\u0435\u043b\u044c Vikingen Infinity \u0441\u0442\u0430\u043d\u0435\u0442 \u043e\u0442\u043b\u0438\u0447\u043d\u044b\u043c \u0432\u044b\u0431\u043e\u0440\u043e\u043c \u0434\u043b\u044f \u0433\u043e\u0441\u0442\u0435\u0439, \u0438\u0449\u0443\u0449\u0438\u0445 \u0441\u043f\u043e\u043a\u043e\u0439\u043d\u044b\u0439 \u0438 \u043a\u043e\u043c\u0444\u043e\u0440\u0442\u043d\u044b\u0439 \u043e\u0442\u0434\u044b\u0445 \u0432 \u0422\u0443\u0440\u0446\u0438\u0438.<\/p>","protected":false},"excerpt":{"rendered":"<p>Vikingen Infinity Resort Spa este un hotel superb situat \u00een Alanya, Turcia. Acesta are o arhitectur\u0103 modern\u0103 \u0219i ofer\u0103 o priveli\u0219te frumoas\u0103 la mare. Hotelul ofer\u0103 o varietate de camere spa\u021bioase \u0219i confortabile, echipate cu toate facilit\u0103\u021bile moderne, inclusiv televizor cu ecran plat, aer condi\u021bionat, minibar \u0219i balcon privat cu vedere la mare sau la [&hellip;]<\/p>\n","protected":false},"featured_media":10322,"template":"","meta":[],"product_brand":[],"product_cat":[28],"product_tag":[],"class_list":{"0":"post-10317","1":"product","2":"type-product","3":"status-publish","4":"has-post-thumbnail","6":"brw_countries-turcia","7":"brw_destinatie-mare","8":"product_cat-family","10":"first","11":"instock","12":"shipping-taxable","13":"purchasable","14":"product-type-ovabrw_car_rental"},"_links":{"self":[{"href":"https:\/\/glossar.travel\/ru\/wp-json\/wp\/v2\/product\/10317","targetHints":{"allow":["GET"]}}],"collection":[{"href":"https:\/\/glossar.travel\/ru\/wp-json\/wp\/v2\/product"}],"about":[{"href":"https:\/\/glossar.travel\/ru\/wp-json\/wp\/v2\/types\/product"}],"version-history":[{"count":1,"href":"https:\/\/glossar.travel\/ru\/wp-json\/wp\/v2\/product\/10317\/revisions"}],"predecessor-version":[{"id":10706,"href":"https:\/\/glossar.travel\/ru\/wp-json\/wp\/v2\/product\/10317\/revisions\/10706"}],"wp:featuredmedia":[{"embeddable":true,"href":"https:\/\/glossar.travel\/ru\/wp-json\/wp\/v2\/media\/10322"}],"wp:attachment":[{"href":"https:\/\/glossar.travel\/ru\/wp-json\/wp\/v2\/media?parent=10317"}],"wp:term":[{"taxonomy":"product_brand","embeddable":true,"href":"https:\/\/glossar.travel\/ru\/wp-json\/wp\/v2\/product_brand?post=10317"},{"taxonomy":"product_cat","embeddable":true,"href":"https:\/\/glossar.travel\/ru\/wp-json\/wp\/v2\/product_cat?post=10317"},{"taxonomy":"product_tag","embeddable":true,"href":"https:\/\/glossar.travel\/ru\/wp-json\/wp\/v2\/product_tag?post=10317"}],"curies":[{"name":"wp","href":"https:\/\/api.w.org\/{rel}","templated":true}]}}