{"id":10307,"date":"2025-10-21T09:27:15","date_gmt":"2025-10-21T09:27:15","guid":{"rendered":"https:\/\/glossar.travel\/?post_type=product&#038;p=10307"},"modified":"2026-01-14T10:34:34","modified_gmt":"2026-01-14T10:34:34","slug":"concorde-de-luxe-resort-5-antalya-turcia","status":"publish","type":"product","link":"https:\/\/glossar.travel\/ru\/product\/concorde-de-luxe-resort-5-antalya-turcia\/","title":{"rendered":"Concorde De Luxe Resort 5* \u0410\u043d\u0442\u0430\u043b\u044c\u044f \u0422\u0443\u0440\u0446\u0438\u044f"},"content":{"rendered":"<p>\u041e\u0442\u0435\u043b\u044c Concorde De Luxe Resort \u0432 \u041b\u0430\u0440\u0435, \u0422\u0443\u0440\u0446\u0438\u044f, \u2014 \u044d\u0442\u043e \u0440\u043e\u0441\u043a\u043e\u0448\u043d\u043e\u0435 \u043c\u0435\u0441\u0442\u043e \u0434\u043b\u044f \u0442\u0435\u0445, \u043a\u0442\u043e \u0445\u043e\u0447\u0435\u0442 \u043f\u0440\u043e\u0432\u0435\u0441\u0442\u0438 \u0438\u0441\u043a\u043b\u044e\u0447\u0438\u0442\u0435\u043b\u044c\u043d\u044b\u0439 \u043e\u0442\u043f\u0443\u0441\u043a.<\/p>\n<p>\u042d\u0442\u043e\u0442 \u043e\u0442\u0435\u043b\u044c \u0438\u0434\u0435\u0430\u043b\u044c\u043d\u043e \u0440\u0430\u0441\u043f\u043e\u043b\u043e\u0436\u0435\u043d \u043d\u0430 \u0431\u0435\u0440\u0435\u0433\u0443 \u043c\u043e\u0440\u044f \u0438 \u0440\u0430\u0441\u043f\u043e\u043b\u0430\u0433\u0430\u0435\u0442 \u043f\u0440\u043e\u0441\u0442\u043e\u0440\u043d\u044b\u043c\u0438 \u0438 \u043a\u043e\u043c\u0444\u043e\u0440\u0442\u0430\u0431\u0435\u043b\u044c\u043d\u044b\u043c\u0438 \u043d\u043e\u043c\u0435\u0440\u0430\u043c\u0438, \u043a\u0430\u0436\u0434\u044b\u0439 \u0438\u0437 \u043a\u043e\u0442\u043e\u0440\u044b\u0445 \u043e\u0444\u043e\u0440\u043c\u043b\u0435\u043d \u0432 \u0441\u043e\u0432\u0440\u0435\u043c\u0435\u043d\u043d\u043e\u043c \u043c\u0438\u043d\u0438\u043c\u0430\u043b\u0438\u0441\u0442\u0441\u043a\u043e\u043c \u0441\u0442\u0438\u043b\u0435.<\/p>\n<p>\u0412 \u043a\u0430\u0436\u0434\u043e\u043c \u043d\u043e\u043c\u0435\u0440\u0435 \u0435\u0441\u0442\u044c \u043a\u043e\u043d\u0434\u0438\u0446\u0438\u043e\u043d\u0435\u0440, \u0441\u043f\u0443\u0442\u043d\u0438\u043a\u043e\u0432\u043e\u0435 \u0442\u0435\u043b\u0435\u0432\u0438\u0434\u0435\u043d\u0438\u0435, \u043c\u0438\u043d\u0438-\u0431\u0430\u0440 \u0438 \u0441\u043e\u0431\u0441\u0442\u0432\u0435\u043d\u043d\u044b\u0439 \u0431\u0430\u043b\u043a\u043e\u043d \u0441 \u0432\u0438\u0434\u043e\u043c \u043d\u0430 \u0431\u0430\u0441\u0441\u0435\u0439\u043d \u0438\u043b\u0438 \u0432\u043d\u0443\u0442\u0440\u0435\u043d\u043d\u0438\u0439 \u0441\u0430\u0434.<\/p>\n<p>\u0412 \u044d\u0442\u043e\u043c \u043e\u0442\u0435\u043b\u0435 \u0442\u0443\u0440\u0438\u0441\u0442\u0430\u043c \u043f\u0440\u0435\u0434\u043b\u0430\u0433\u0430\u0435\u0442\u0441\u044f \u0448\u0438\u0440\u043e\u043a\u0438\u0439 \u0441\u043f\u0435\u043a\u0442\u0440 \u0443\u0434\u043e\u0431\u0441\u0442\u0432, \u0442\u0430\u043a\u0438\u0445 \u043a\u0430\u043a \u0434\u0432\u0430 \u043e\u0442\u043a\u0440\u044b\u0442\u044b\u0445 \u0431\u0430\u0441\u0441\u0435\u0439\u043d\u0430 \u0441 \u043f\u043b\u044f\u0436\u043d\u044b\u043c \u0431\u0430\u0440\u043e\u043c, \u0442\u0440\u0438 \u0432\u043e\u0434\u043d\u044b\u0435 \u0433\u043e\u0440\u043a\u0438 \u0432 \u043f\u0430\u0440\u043a\u0435, \u0434\u0435\u0442\u0441\u043a\u0438\u0439 \u0431\u0430\u0441\u0441\u0435\u0439\u043d, \u0444\u0438\u0442\u043d\u0435\u0441-\u0446\u0435\u043d\u0442\u0440, \u0441\u043f\u0430- \u0438 \u0432\u0435\u043b\u043d\u0435\u0441-\u0446\u0435\u043d\u0442\u0440 \u0441 \u0441\u0430\u0443\u043d\u043e\u0439, \u043f\u0430\u0440\u043e\u0432\u043e\u0439 \u0431\u0430\u043d\u0435\u0439 \u0438 \u0434\u0436\u0430\u043a\u0443\u0437\u0438.<\/p>\n<p>\u0414\u043b\u044f \u0442\u0443\u0440\u0438\u0441\u0442\u043e\u0432, \u043f\u0443\u0442\u0435\u0448\u0435\u0441\u0442\u0432\u0443\u044e\u0449\u0438\u0445 \u0441 \u0434\u0435\u0442\u044c\u043c\u0438, \u0432 \u044d\u0442\u043e\u043c \u043e\u0442\u0435\u043b\u0435 \u043f\u0440\u0435\u0434\u0443\u0441\u043c\u043e\u0442\u0440\u0435\u043d\u044b \u0440\u0430\u0437\u043d\u043e\u043e\u0431\u0440\u0430\u0437\u043d\u044b\u0435 \u0434\u0435\u0442\u0441\u043a\u0438\u0435 \u043c\u0435\u0440\u043e\u043f\u0440\u0438\u044f\u0442\u0438\u044f: \u0434\u0435\u0442\u0441\u043a\u0438\u0439 \u043a\u043b\u0443\u0431 \u0441 \u0431\u043e\u043b\u044c\u0448\u0438\u043c \u0432\u044b\u0431\u043e\u0440\u043e\u043c \u0437\u0430\u043d\u044f\u0442\u0438\u0439, \u0434\u0435\u0442\u0441\u043a\u0438\u0439 \u0431\u0430\u0441\u0441\u0435\u0439\u043d \u0438 \u0438\u0433\u0440\u043e\u0432\u0430\u044f \u043f\u043b\u043e\u0449\u0430\u0434\u043a\u0430.<\/p>\n<p>\u041e\u0442\u0435\u043b\u044c \u0442\u0430\u043a\u0436\u0435 \u043f\u0440\u0435\u0434\u043b\u0430\u0433\u0430\u0435\u0442 \u0448\u0438\u0440\u043e\u043a\u0438\u0439 \u0432\u044b\u0431\u043e\u0440 \u0440\u0435\u0441\u0442\u043e\u0440\u0430\u043d\u043e\u0432 \u0438 \u0431\u0430\u0440\u043e\u0432: \u043e\u0442 \u0440\u0435\u0441\u0442\u043e\u0440\u0430\u043d\u043e\u0432 a la carte, \u0441\u043f\u0435\u0446\u0438\u0430\u043b\u0438\u0437\u0438\u0440\u0443\u044e\u0449\u0438\u0445\u0441\u044f \u043d\u0430 \u0431\u043b\u044e\u0434\u0430\u0445 \u0442\u0443\u0440\u0435\u0446\u043a\u043e\u0439, \u0438\u0442\u0430\u043b\u044c\u044f\u043d\u0441\u043a\u043e\u0439 \u0438 \u0430\u0437\u0438\u0430\u0442\u0441\u043a\u043e\u0439 \u043a\u0443\u0445\u043d\u0438, \u0434\u043e \u0431\u0430\u0440\u043e\u0432 \u0443 \u0431\u0430\u0441\u0441\u0435\u0439\u043d\u043e\u0432 \u0438 \u043d\u0430 \u043f\u043b\u044f\u0436\u0435.<\/p>\n<p>\u041e\u0442\u0435\u043b\u044c Concorde De Luxe Resort \u0432 \u0422\u0443\u0440\u0446\u0438\u0438 \u0441 \u0435\u0433\u043e \u043f\u0435\u0440\u0432\u043e\u043a\u043b\u0430\u0441\u0441\u043d\u044b\u043c \u043e\u0431\u0441\u043b\u0443\u0436\u0438\u0432\u0430\u043d\u0438\u0435\u043c, \u0440\u043e\u0441\u043a\u043e\u0448\u043d\u044b\u043c\u0438 \u0443\u0434\u043e\u0431\u0441\u0442\u0432\u0430\u043c\u0438 \u0438 \u0438\u0434\u0435\u0430\u043b\u044c\u043d\u044b\u043c \u0440\u0430\u0441\u043f\u043e\u043b\u043e\u0436\u0435\u043d\u0438\u0435\u043c \u043e\u0431\u0435\u0449\u0430\u0435\u0442 \u043d\u0435\u0437\u0430\u0431\u044b\u0432\u0430\u0435\u043c\u044b\u0439 \u043e\u0442\u0434\u044b\u0445.<\/p>","protected":false},"excerpt":{"rendered":"<p>Hotelul Concorde De Luxe Resort din Lara, Turkey este o destina\u021bie de lux pentru cei care doresc s\u0103 petreac\u0103 o vacan\u021b\u0103 excep\u021bional\u0103. Cu o loca\u021bie ideal\u0103 la malul m\u0103rii, acest hotel are camere spa\u021bioase \u0219i confortabile, fiecare \u00een stilul modern minimalist. Fiecare camer\u0103 este echipat\u0103 cu aer condi\u021bionat, TV prin satelit, minibar \u0219i balcon privat [&hellip;]<\/p>\n","protected":false},"featured_media":10309,"template":"","meta":[],"product_brand":[],"product_cat":[28],"product_tag":[],"class_list":{"0":"post-10307","1":"product","2":"type-product","3":"status-publish","4":"has-post-thumbnail","6":"brw_countries-turcia","7":"brw_destinatie-mare","8":"product_cat-family","10":"first","11":"instock","12":"shipping-taxable","13":"purchasable","14":"product-type-ovabrw_car_rental"},"_links":{"self":[{"href":"https:\/\/glossar.travel\/ru\/wp-json\/wp\/v2\/product\/10307","targetHints":{"allow":["GET"]}}],"collection":[{"href":"https:\/\/glossar.travel\/ru\/wp-json\/wp\/v2\/product"}],"about":[{"href":"https:\/\/glossar.travel\/ru\/wp-json\/wp\/v2\/types\/product"}],"version-history":[{"count":0,"href":"https:\/\/glossar.travel\/ru\/wp-json\/wp\/v2\/product\/10307\/revisions"}],"wp:featuredmedia":[{"embeddable":true,"href":"https:\/\/glossar.travel\/ru\/wp-json\/wp\/v2\/media\/10309"}],"wp:attachment":[{"href":"https:\/\/glossar.travel\/ru\/wp-json\/wp\/v2\/media?parent=10307"}],"wp:term":[{"taxonomy":"product_brand","embeddable":true,"href":"https:\/\/glossar.travel\/ru\/wp-json\/wp\/v2\/product_brand?post=10307"},{"taxonomy":"product_cat","embeddable":true,"href":"https:\/\/glossar.travel\/ru\/wp-json\/wp\/v2\/product_cat?post=10307"},{"taxonomy":"product_tag","embeddable":true,"href":"https:\/\/glossar.travel\/ru\/wp-json\/wp\/v2\/product_tag?post=10307"}],"curies":[{"name":"wp","href":"https:\/\/api.w.org\/{rel}","templated":true}]}}