{"id":10275,"date":"2025-10-21T08:56:50","date_gmt":"2025-10-21T08:56:50","guid":{"rendered":"https:\/\/glossar.travel\/?post_type=product&#038;p=10275"},"modified":"2026-01-14T10:26:39","modified_gmt":"2026-01-14T10:26:39","slug":"rubi-platinum-spa-resortsuites-5-alanya-turcia","status":"publish","type":"product","link":"https:\/\/glossar.travel\/ru\/product\/rubi-platinum-spa-resortsuites-5-alanya-turcia\/","title":{"rendered":"RUBI PLATINUM SPA RESORT SUITES 5* \u0410\u041b\u0410\u041d\u0418\u042f \u0422\u0423\u0420\u0426\u0418\u042f"},"content":{"rendered":"<p>\u041a\u0443\u0440\u043e\u0440\u0442\u043d\u044b\u0439 \u0441\u043f\u0430-\u043e\u0442\u0435\u043b\u044c Rubi Platinum and Suites \u0440\u0430\u0441\u043f\u043e\u043b\u043e\u0436\u0435\u043d \u043d\u0430 \u0431\u0435\u0440\u0435\u0433\u0443 \u043c\u043e\u0440\u044f. \u041a \u0443\u0441\u043b\u0443\u0433\u0430\u043c \u0433\u043e\u0441\u0442\u0435\u0439 \u0447\u0430\u0441\u0442\u043d\u044b\u0439 \u043f\u043b\u044f\u0436 \u0432 \u0447\u0430\u0441\u0442\u043d\u043e\u0439 \u0431\u0443\u0445\u0442\u0435, \u043a\u0440\u044b\u0442\u044b\u0439 \u0438 \u043e\u0442\u043a\u0440\u044b\u0442\u044b\u0439 \u0431\u0430\u0441\u0441\u0435\u0439\u043d\u044b, \u0442\u0435\u043d\u043d\u0438\u0441\u043d\u044b\u0435 \u043a\u043e\u0440\u0442\u044b \u0438 \u0441\u043f\u0430-\u0446\u0435\u043d\u0442\u0440. \u041d\u043e\u043c\u0435\u0440\u0430 \u043e\u0442\u0435\u043b\u044f Rubi Platinum \u043e\u0441\u043d\u0430\u0449\u0435\u043d\u044b \u0442\u0435\u043b\u0435\u0432\u0438\u0437\u043e\u0440\u043e\u043c \u0441 \u043f\u043b\u043e\u0441\u043a\u0438\u043c \u044d\u043a\u0440\u0430\u043d\u043e\u043c \u0438 \u0441\u043f\u0443\u0442\u043d\u0438\u043a\u043e\u0432\u044b\u043c\u0438 \u043a\u0430\u043d\u0430\u043b\u0430\u043c\u0438, \u0430 \u0442\u0430\u043a\u0436\u0435 Wi-Fi. \u0418\u0437 \u043d\u0435\u043a\u043e\u0442\u043e\u0440\u044b\u0445 \u043d\u043e\u043c\u0435\u0440\u043e\u0432 \u043e\u0442\u043a\u0440\u044b\u0432\u0430\u0435\u0442\u0441\u044f \u0432\u0438\u0434 \u043d\u0430 \u043c\u043e\u0440\u0435 \u0438\u043b\u0438 \u0431\u0430\u0441\u0441\u0435\u0439\u043d. \u0412 \u043e\u0442\u0435\u043b\u0435 Rubi Platinum Spa Resort &amp; Suites \u043a \u0432\u0430\u0448\u0438\u043c \u0443\u0441\u043b\u0443\u0433\u0430\u043c \u0448\u0438\u0440\u043e\u043a\u0438\u0439 \u0432\u044b\u0431\u043e\u0440 \u0431\u0430\u0440\u043e\u0432 \u0438 \u0440\u0435\u0441\u0442\u043e\u0440\u0430\u043d\u043e\u0432 \u043d\u0430 \u043b\u044e\u0431\u043e\u0439 \u0432\u043a\u0443\u0441. \u0411\u043e\u043b\u044c\u0448\u0430\u044f \u0437\u0435\u043b\u0435\u043d\u0430\u044f \u0442\u0435\u0440\u0440\u0438\u0442\u043e\u0440\u0438\u044f \u0441\u0434\u0435\u043b\u0430\u0435\u0442 \u0432\u0430\u0448 \u043e\u0442\u0434\u044b\u0445 \u043f\u0440\u0435\u043a\u0440\u0430\u0441\u043d\u044b\u043c \u0438 \u044f\u0440\u043a\u0438\u043c.<\/p>","protected":false},"excerpt":{"rendered":"<p>Rubi Platinum and Suites Resort &amp; Spa este situat pe malul m\u0103rii. Ofer\u0103 o plaj\u0103 privat\u0103 \u00eentr-un golf privat, precum \u0219i piscine interioare \u0219i \u00een aer liber, terenuri de tenis \u0219i un centru spa. Camerele de la Rubi Platinum sunt dotate cu TV cu ecran plat cu canale prin satelit \u0219i Wi-Fi. Unele camere ofer\u0103 [&hellip;]<\/p>\n","protected":false},"featured_media":10282,"template":"","meta":[],"product_brand":[],"product_cat":[32,28],"product_tag":[],"class_list":{"0":"post-10275","1":"product","2":"type-product","3":"status-publish","4":"has-post-thumbnail","6":"brw_countries-turcia","7":"brw_destinatie-mare","8":"product_cat-children","9":"product_cat-family","11":"first","12":"instock","13":"sale","14":"shipping-taxable","15":"purchasable","16":"product-type-ovabrw_car_rental"},"_links":{"self":[{"href":"https:\/\/glossar.travel\/ru\/wp-json\/wp\/v2\/product\/10275","targetHints":{"allow":["GET"]}}],"collection":[{"href":"https:\/\/glossar.travel\/ru\/wp-json\/wp\/v2\/product"}],"about":[{"href":"https:\/\/glossar.travel\/ru\/wp-json\/wp\/v2\/types\/product"}],"version-history":[{"count":0,"href":"https:\/\/glossar.travel\/ru\/wp-json\/wp\/v2\/product\/10275\/revisions"}],"wp:featuredmedia":[{"embeddable":true,"href":"https:\/\/glossar.travel\/ru\/wp-json\/wp\/v2\/media\/10282"}],"wp:attachment":[{"href":"https:\/\/glossar.travel\/ru\/wp-json\/wp\/v2\/media?parent=10275"}],"wp:term":[{"taxonomy":"product_brand","embeddable":true,"href":"https:\/\/glossar.travel\/ru\/wp-json\/wp\/v2\/product_brand?post=10275"},{"taxonomy":"product_cat","embeddable":true,"href":"https:\/\/glossar.travel\/ru\/wp-json\/wp\/v2\/product_cat?post=10275"},{"taxonomy":"product_tag","embeddable":true,"href":"https:\/\/glossar.travel\/ru\/wp-json\/wp\/v2\/product_tag?post=10275"}],"curies":[{"name":"wp","href":"https:\/\/api.w.org\/{rel}","templated":true}]}}