{"id":10213,"date":"2025-10-20T14:03:34","date_gmt":"2025-10-20T14:03:34","guid":{"rendered":"https:\/\/glossar.travel\/?post_type=product&#038;p=10213"},"modified":"2026-01-14T08:17:41","modified_gmt":"2026-01-14T08:17:41","slug":"ana-hotels-sport-4-poiana-brasov-romania","status":"publish","type":"product","link":"https:\/\/glossar.travel\/ru\/product\/ana-hotels-sport-4-poiana-brasov-romania\/","title":{"rendered":"\u041e\u0442\u0435\u043b\u0438 SPORT 4* POIANA BRA\u015eOV \u0420\u0443\u043c\u044b\u043d\u0438\u044f"},"content":{"rendered":"<p>\u0427\u0435\u0442\u044b\u0440\u0435\u0445\u0437\u0432\u0435\u0437\u0434\u043e\u0447\u043d\u044b\u0439 \u043e\u0442\u0435\u043b\u044c Ana Hotels Sport, \u043e\u0442\u043c\u0435\u0447\u0435\u043d\u043d\u044b\u0439 \u043d\u0430\u0433\u0440\u0430\u0434\u0430\u043c\u0438 \u0437\u0430 \u0432\u044b\u0441\u043e\u0447\u0430\u0439\u0448\u0438\u0439 \u0443\u0440\u043e\u0432\u0435\u043d\u044c \u043e\u0431\u0441\u043b\u0443\u0436\u0438\u0432\u0430\u043d\u0438\u044f, \u0440\u0430\u0434 \u043f\u0440\u0438\u0432\u0435\u0442\u0441\u0442\u0432\u043e\u0432\u0430\u0442\u044c \u0433\u043e\u0441\u0442\u0435\u0439, \u043f\u0440\u0438\u0435\u0437\u0436\u0430\u044e\u0449\u0438\u0445 \u043d\u0430 \u043e\u0442\u0434\u044b\u0445 \u0438\u043b\u0438 \u0434\u0435\u043b\u043e\u0432\u044b\u0435 \u043c\u0435\u0440\u043e\u043f\u0440\u0438\u044f\u0442\u0438\u044f.\u00a0<a href=\"https:\/\/www.anahotels.ro\/ro\/sport\/contacteaza-ne\">\u0437\u0430\u043c\u0435\u0447\u0430\u0442\u0435\u043b\u044c\u043d\u043e\u0435 \u043c\u0435\u0441\u0442\u043e<\/a>\u00a0\u0440\u0430\u0441\u043f\u043e\u043b\u043e\u0436\u0435\u043d \u0432 \u041f\u043e\u044f\u043d\u0430 \u0411\u0440\u0430\u0448\u043e\u0432, \u0420\u0443\u043c\u044b\u043d\u0438\u044f \u2013 \u0432 \u043d\u0435\u0441\u043a\u043e\u043b\u044c\u043a\u0438\u0445 \u0448\u0430\u0433\u0430\u0445 \u043e\u0442 \u0433\u043e\u0440\u043d\u043e\u043b\u044b\u0436\u043d\u044b\u0445 \u0441\u043a\u043b\u043e\u043d\u043e\u0432 \u0438 \u043d\u0435\u0434\u0430\u043b\u0435\u043a\u043e \u043e\u0442 \u0437\u0430\u043c\u043a\u0430 \u0411\u0440\u0430\u043d \u0438 \u0434\u0440\u0443\u0433\u0438\u0445 \u0438\u0437\u0432\u0435\u0441\u0442\u043d\u044b\u0445\u00a0<a href=\"https:\/\/www.anahotels.ro\/ro\/sport\/obiective-turistice\">\u0442\u0443\u0440\u0438\u0441\u0442\u0438\u0447\u0435\u0441\u043a\u0438\u0435 \u0434\u043e\u0441\u0442\u043e\u043f\u0440\u0438\u043c\u0435\u0447\u0430\u0442\u0435\u043b\u044c\u043d\u043e\u0441\u0442\u0438<\/a>\u00a0\u0438\u0437 \u0422\u0440\u0430\u043d\u0441\u0438\u043b\u044c\u0432\u0430\u043d\u0438\u0438.<\/p>\n<p><a href=\"https:\/\/www.anahotels.ro\/ro\/sport\/camere-apartamente\">\u041a\u043e\u043c\u043d\u0430\u0442\u044b \u0438 \u0430\u043f\u0430\u0440\u0442\u0430\u043c\u0435\u043d\u0442\u044b<\/a>\u00a0\u0418\u0437 \u044d\u043b\u0435\u0433\u0430\u043d\u0442\u043d\u044b\u0445 \u043d\u043e\u043c\u0435\u0440\u043e\u0432 \u043e\u0442\u043a\u0440\u044b\u0432\u0430\u0435\u0442\u0441\u044f \u043f\u043e\u0442\u0440\u044f\u0441\u0430\u044e\u0449\u0438\u0439 \u0432\u0438\u0434 \u043d\u0430 \u043a\u0443\u0440\u043e\u0440\u0442 \u041f\u043e\u044f\u043d\u0430-\u0411\u0440\u0430\u0448\u043e\u0432 \u0438 \u043e\u043a\u0440\u0435\u0441\u0442\u043d\u044b\u0435 \u043b\u0435\u0441\u0430.\u00a0<a href=\"https:\/\/www.anahotels.ro\/ro\/sport\/restaurante-baruri\/restaurant-altitude\">\u0420\u0435\u0441\u0442\u043e\u0440\u0430\u043d Altitude<\/a>, \u043e\u0434\u0438\u043d \u0438\u0437 \u0441\u0430\u043c\u044b\u0445 \u043f\u043e\u043f\u0443\u043b\u044f\u0440\u043d\u044b\u0445 \u0440\u0435\u0441\u0442\u043e\u0440\u0430\u043d\u043e\u0432 \u0432 \u041f\u043e\u044f\u043d\u0430-\u0411\u0440\u0430\u0448\u043e\u0432\u0435, \u0436\u0434\u0435\u0442 \u0432\u0430\u0441 \u0441 \u0438\u0437\u044b\u0441\u043a\u0430\u043d\u043d\u044b\u043c\u0438 \u0431\u043b\u044e\u0434\u0430\u043c\u0438 \u0438 \u0442\u0435\u0440\u0440\u0430\u0441\u043e\u0439 \u0441 \u043f\u043e\u0442\u0440\u044f\u0441\u0430\u044e\u0449\u0438\u043c \u0432\u0438\u0434\u043e\u043c.\u00a0<a href=\"https:\/\/www.anahotels.ro\/ro\/sport\/restaurante-baruri\/lobby-bar\">\u041b\u043e\u0431\u0431\u0438-\u0431\u0430\u0440<\/a>\u00a0\u042d\u0442\u043e \u0438\u0434\u0435\u0430\u043b\u044c\u043d\u043e\u0435 \u043c\u0435\u0441\u0442\u043e, \u0447\u0442\u043e\u0431\u044b \u043d\u0430\u0441\u043b\u0430\u0434\u0438\u0442\u044c\u0441\u044f \u0430\u0440\u043e\u043c\u0430\u0442\u043d\u044b\u043c \u043a\u043e\u0444\u0435 \u0438\u043b\u0438 \u0438\u0437\u044b\u0441\u043a\u0430\u043d\u043d\u044b\u043c \u043a\u043e\u043a\u0442\u0435\u0439\u043b\u0435\u043c \u043f\u043e\u0441\u043b\u0435 \u0434\u043d\u044f, \u043f\u0440\u043e\u0432\u0435\u0434\u0435\u043d\u043d\u043e\u0433\u043e \u043d\u0430 \u0441\u043a\u043b\u043e\u043d\u0430\u0445.<\/p>\n<p>\u0412\u0430\u0441 \u0436\u0434\u0435\u0442 \u043f\u043e\u043b\u043d\u043e\u0435 \u0440\u0430\u0441\u0441\u043b\u0430\u0431\u043b\u0435\u043d\u0438\u0435 \u0432\u00a0<a href=\"https:\/\/www.anahotels.ro\/ro\/sport\/spa\">\u0410\u043d\u0430 \u0421\u043f\u0430<\/a>, \u0438\u0437\u0432\u0435\u0441\u0442\u043d\u044b\u0439 \u0421\u041f\u0410 \u0432 \u0411\u0440\u0430\u0448\u043e\u0432\u0435 \u0438 \u041f\u043e\u044f\u043d\u0430-\u0411\u0440\u0430\u0448\u043e\u0432\u0435, \u043d\u0430\u0448\u0435 \u0441\u0432\u044f\u0442\u0438\u043b\u0438\u0449\u0435 \u0437\u0434\u043e\u0440\u043e\u0432\u044c\u044f \u0438 \u0432\u043e\u0441\u0441\u0442\u0430\u043d\u043e\u0432\u043b\u0435\u043d\u0438\u044f, \u0433\u0434\u0435 \u0432\u044b \u043c\u043e\u0436\u0435\u0442\u0435 \u043f\u043e\u0431\u0430\u043b\u043e\u0432\u0430\u0442\u044c \u0441\u0435\u0431\u044f \u043c\u0430\u0441\u0441\u0430\u0436\u0435\u043c, \u0440\u0438\u0442\u0443\u0430\u043b\u0430\u043c\u0438 \u0434\u043b\u044f \u0442\u0435\u043b\u0430, \u0433\u0438\u0434\u0440\u043e\u0442\u0435\u0440\u0430\u043f\u0438\u0435\u0439 \u0438 \u043c\u043d\u043e\u0433\u0438\u043c\u0438 \u0434\u0440\u0443\u0433\u0438\u043c\u0438 \u0432\u043e\u0441\u0441\u0442\u0430\u043d\u0430\u0432\u043b\u0438\u0432\u0430\u044e\u0449\u0438\u043c\u0438 \u043f\u0440\u043e\u0446\u0435\u0434\u0443\u0440\u0430\u043c\u0438 \u0438\u043b\u0438 \u0440\u0430\u0441\u0441\u043b\u0430\u0431\u0438\u0442\u044c\u0441\u044f \u0432 \u043a\u0440\u044b\u0442\u043e\u043c \u0431\u0430\u0441\u0441\u0435\u0439\u043d\u0435, \u0434\u0436\u0430\u043a\u0443\u0437\u0438 \u0438 \u0441\u0430\u0443\u043d\u0430\u0445.<\/p>\n<p>\u0414\u043b\u044f \u043b\u044e\u0431\u0438\u0442\u0435\u043b\u0435\u0439 \u0437\u0438\u043c\u043d\u0438\u0445 \u0432\u0438\u0434\u043e\u0432 \u0441\u043f\u043e\u0440\u0442\u0430,\u00a0<a href=\"https:\/\/www.anahotels.ro\/ro\/sport\/atractii-turistice\/ana-ski-snowboard-school\">\u0428\u043a\u043e\u043b\u0430 \u043a\u0430\u0442\u0430\u043d\u0438\u044f \u043d\u0430 \u043b\u044b\u0436\u0430\u0445 \u0438 \u0441\u043d\u043e\u0443\u0431\u043e\u0440\u0434\u0435 Ana<\/a>, \u043e\u0434\u043d\u0430 \u0438\u0437 \u0441\u0430\u043c\u044b\u0445 \u0438\u0437\u0432\u0435\u0441\u0442\u043d\u044b\u0445 \u0433\u043e\u0440\u043d\u043e\u043b\u044b\u0436\u043d\u044b\u0445 \u0448\u043a\u043e\u043b \u0432 \u041f\u043e\u044f\u043d\u0430-\u0411\u0440\u0430\u0448\u043e\u0432\u0435, \u043f\u0440\u0435\u0434\u043b\u0430\u0433\u0430\u0435\u0442 \u043a\u0443\u0440\u0441\u044b \u043a\u0430\u0442\u0430\u043d\u0438\u044f \u043d\u0430 \u043b\u044b\u0436\u0430\u0445 \u0434\u043b\u044f \u0432\u0441\u0435\u0445 \u0443\u0440\u043e\u0432\u043d\u0435\u0439.<\/p>\n<p>\u041d\u0435\u0437\u0430\u0432\u0438\u0441\u0438\u043c\u043e \u043e\u0442 \u0442\u043e\u0433\u043e, \u043a\u043e\u0433\u0434\u0430 \u0432\u044b \u0440\u0435\u0448\u0438\u0442\u0435 \u043f\u0440\u0438\u0435\u0445\u0430\u0442\u044c \u043a \u043d\u0430\u043c, \u0431\u0443\u0434\u044c\u0442\u0435 \u0443\u0432\u0435\u0440\u0435\u043d\u044b, \u0447\u0442\u043e \u0432\u0430\u0448\u0435 \u043f\u0440\u0435\u0431\u044b\u0432\u0430\u043d\u0438\u0435 \u0432 \u043e\u0442\u0435\u043b\u0435 Ana Hotels Sport Poiana Bra\u0219ov \u0441\u0442\u0430\u043d\u0435\u0442 \u043d\u0435\u0437\u0430\u0431\u044b\u0432\u0430\u0435\u043c\u044b\u043c. \u0412\u044b\u0431\u0435\u0440\u0438\u0442\u0435 \u043f\u0440\u043e\u0436\u0438\u0432\u0430\u043d\u0438\u0435 \u0432 \u041f\u043e\u044f\u043d\u0430-\u0411\u0440\u0430\u0448\u043e\u0432\u0435 \u043f\u0440\u044f\u043c\u043e \u0441\u0435\u0439\u0447\u0430\u0441 \u0438 \u043d\u0430\u0441\u043b\u0430\u0434\u0438\u0442\u0435\u0441\u044c \u043e\u0442\u043f\u0443\u0441\u043a\u043e\u043c \u0432\u0430\u0448\u0435\u0439 \u043c\u0435\u0447\u0442\u044b!<\/p>","protected":false},"excerpt":{"rendered":"<p>Hotelul de 4 stele Ana Hotels Sport, premiat pentru servicii de top, \u00ee\u0219i \u00eent\u00e2mpin\u0103 oaspe\u021bii veni\u021bi \u00een vacan\u021b\u0103 sau pentru evenimente business cu\u00a0o loca\u021bie remarcabil\u0103\u00a0situat\u0103 \u00een Poiana Bra\u015fov, Rom\u00e2nia \u2013 la c\u00e2\u021biva pa\u0219i de p\u00e2rtiile de ski \u0219i la o scurt\u0103 distan\u021b\u0103 de Castelul Bran sau de alte faimoase\u00a0obiective turistice\u00a0din Transilvania. Camerele \u0219i apartamentele\u00a0elegante ofer\u0103 [&hellip;]<\/p>\n","protected":false},"featured_media":10218,"template":"","meta":[],"product_brand":[],"product_cat":[28],"product_tag":[],"class_list":{"0":"post-10213","1":"product","2":"type-product","3":"status-publish","4":"has-post-thumbnail","6":"brw_countries-romania","7":"brw_destinatie-munte","8":"brw_continent-europa","9":"product_cat-family","11":"first","12":"instock","13":"sale","14":"shipping-taxable","15":"purchasable","16":"product-type-ovabrw_car_rental"},"_links":{"self":[{"href":"https:\/\/glossar.travel\/ru\/wp-json\/wp\/v2\/product\/10213","targetHints":{"allow":["GET"]}}],"collection":[{"href":"https:\/\/glossar.travel\/ru\/wp-json\/wp\/v2\/product"}],"about":[{"href":"https:\/\/glossar.travel\/ru\/wp-json\/wp\/v2\/types\/product"}],"version-history":[{"count":2,"href":"https:\/\/glossar.travel\/ru\/wp-json\/wp\/v2\/product\/10213\/revisions"}],"predecessor-version":[{"id":11426,"href":"https:\/\/glossar.travel\/ru\/wp-json\/wp\/v2\/product\/10213\/revisions\/11426"}],"wp:featuredmedia":[{"embeddable":true,"href":"https:\/\/glossar.travel\/ru\/wp-json\/wp\/v2\/media\/10218"}],"wp:attachment":[{"href":"https:\/\/glossar.travel\/ru\/wp-json\/wp\/v2\/media?parent=10213"}],"wp:term":[{"taxonomy":"product_brand","embeddable":true,"href":"https:\/\/glossar.travel\/ru\/wp-json\/wp\/v2\/product_brand?post=10213"},{"taxonomy":"product_cat","embeddable":true,"href":"https:\/\/glossar.travel\/ru\/wp-json\/wp\/v2\/product_cat?post=10213"},{"taxonomy":"product_tag","embeddable":true,"href":"https:\/\/glossar.travel\/ru\/wp-json\/wp\/v2\/product_tag?post=10213"}],"curies":[{"name":"wp","href":"https:\/\/api.w.org\/{rel}","templated":true}]}}