{"id":10078,"date":"2025-10-17T14:50:17","date_gmt":"2025-10-17T14:50:17","guid":{"rendered":"https:\/\/glossar.travel\/?post_type=product&#038;p=10078"},"modified":"2026-01-14T11:24:41","modified_gmt":"2026-01-14T11:24:41","slug":"kurumba-maldives-5","status":"publish","type":"product","link":"https:\/\/glossar.travel\/ru\/product\/kurumba-maldives-5\/","title":{"rendered":"\u041a\u0443\u0440\u0443\u043c\u0431\u0430 \u041c\u0430\u043b\u044c\u0434\u0438\u0432\u044b 5*"},"content":{"rendered":"<p>\u041e\u0442\u0435\u043b\u044c \u0441 \u0448\u0438\u043a\u0430\u0440\u043d\u044b\u043c \u0440\u0438\u0444\u043e\u043c, \u0440\u0430\u0441\u043f\u043e\u043b\u043e\u0436\u0435\u043d\u043d\u044b\u0439 \u0441\u043e\u0432\u0441\u0435\u043c \u0440\u044f\u0434\u043e\u043c \u0441 \u043f\u043b\u044f\u0436\u0435\u043c. \u0425\u043e\u0440\u043e\u0448\u0438\u0435 \u043d\u043e\u043c\u0435\u0440\u0430, \u043e\u0442\u043b\u0438\u0447\u043d\u043e\u0435 \u043f\u0438\u0442\u0430\u043d\u0438\u0435 \u0438 \u043e\u0431\u0441\u043b\u0443\u0436\u0438\u0432\u0430\u043d\u0438\u0435. \u0411\u043e\u043b\u044c\u0448\u043e\u0435 \u043a\u043e\u043b\u0438\u0447\u0435\u0441\u0442\u0432\u043e \u0440\u0435\u0441\u0442\u043e\u0440\u0430\u043d\u043e\u0432 \u0441 \u043a\u0443\u0445\u043d\u0435\u0439 \u0441\u043e \u0432\u0441\u0435\u0433\u043e \u043c\u0438\u0440\u0430. \u0420\u0430\u0441\u043f\u043e\u043b\u043e\u0436\u0435\u043d \u043d\u0435\u0434\u0430\u043b\u0435\u043a\u043e \u043e\u0442 \u0430\u044d\u0440\u043e\u043f\u043e\u0440\u0442\u0430, \u043d\u043e \u044d\u0442\u043e \u0441\u043e\u0432\u0435\u0440\u0448\u0435\u043d\u043d\u043e \u043d\u0435 \u043c\u0435\u0448\u0430\u0435\u0442 \u043e\u0442\u0434\u044b\u0445\u0443. \u041f\u043e \u043f\u0435\u0440\u0438\u043c\u0435\u0442\u0440\u0443 \u043e\u0441\u0442\u0440\u043e\u0432\u0430 \u0440\u0430\u0441\u043f\u043e\u043b\u043e\u0436\u0435\u043d\u044b \u0438\u0441\u043a\u0443\u0441\u0441\u0442\u0432\u0435\u043d\u043d\u044b\u0435 \u043f\u0438\u0440\u0441\u044b. \u041e\u0447\u0435\u043d\u044c \u0437\u0435\u043b\u0435\u043d\u044b\u0439 \u043e\u0441\u0442\u0440\u043e\u0432. \u041e\u0434\u043d\u0430 \u0438\u0437 \u043b\u0443\u0447\u0448\u0438\u0445 \u0434\u0438\u0441\u043a\u043e\u0442\u0435\u043a \u043d\u0430 \u041c\u0430\u043b\u044c\u0434\u0438\u0432\u0430\u0445. \u0410\u043a\u0442\u0438\u0432\u043d\u0430\u044f \u0432\u0435\u0447\u0435\u0440\u043d\u044f\u044f \u043f\u0440\u043e\u0433\u0440\u0430\u043c\u043c\u0430 \u0438 \u0448\u0438\u0440\u043e\u043a\u0438\u0439 \u0432\u044b\u0431\u043e\u0440 \u0440\u0430\u0437\u0432\u043b\u0435\u0447\u0435\u043d\u0438\u0439. \u041f\u043e\u0434\u0445\u043e\u0434\u0438\u0442 \u0434\u043b\u044f \u043b\u044e\u0431\u043e\u0433\u043e \u0442\u0438\u043f\u0430 \u043f\u0443\u0442\u0435\u0448\u0435\u0441\u0442\u0432\u0435\u043d\u043d\u0438\u043a\u043e\u0432. \u0418\u043d\u0444\u0440\u0430\u0441\u0442\u0440\u0443\u043a\u0442\u0443\u0440\u0430 \u043e\u0447\u0435\u043d\u044c \u0440\u0430\u0437\u0432\u0438\u0442\u0430. \u041f\u0435\u0440\u0432\u044b\u0439 \u043e\u0442\u0435\u043b\u044c \u043a\u0430\u0442\u0435\u0433\u043e\u0440\u0438\u0438 5*, \u043e\u0442\u043a\u0440\u044b\u0432\u0448\u0438\u0439\u0441\u044f \u043d\u0430 \u041c\u0430\u043b\u044c\u0434\u0438\u0432\u0430\u0445. \u041a \u0443\u0441\u043b\u0443\u0433\u0430\u043c \u0433\u043e\u0441\u0442\u0435\u0439 \u0431\u0435\u0441\u043f\u043b\u0430\u0442\u043d\u044b\u0439 Wi-Fi \u0432\u043e \u0432\u0441\u0435\u0445 \u043d\u043e\u043c\u0435\u0440\u0430\u0445, 8 \u0440\u0435\u0441\u0442\u043e\u0440\u0430\u043d\u043e\u0432 \u0438 3 \u0431\u0430\u0440\u0430.<\/p>","protected":false},"excerpt":{"rendered":"<p>Un hotel cu un recif \u0219ic, situat foarte aproape de plaj\u0103. Camere bune, mancare si servicii excelente. Un num\u0103r mare de restaurante cu preparate din toat\u0103 lumea. Este situat in apropierea aeroportului, dar proximitatea nu interfereaza deloc cu restul. Diguri artificiale sunt amplasate de-a lungul perimetrului insulei. O insul\u0103 foarte verde. Una dintre cele mai [&hellip;]<\/p>\n","protected":false},"featured_media":10088,"template":"","meta":[],"product_brand":[],"product_cat":[28],"product_tag":[],"class_list":{"0":"post-10078","1":"product","2":"type-product","3":"status-publish","4":"has-post-thumbnail","6":"brw_countries-maldive","7":"brw_destinatie-insule","8":"product_cat-family","10":"first","11":"instock","12":"sale","13":"shipping-taxable","14":"purchasable","15":"product-type-ovabrw_car_rental"},"_links":{"self":[{"href":"https:\/\/glossar.travel\/ru\/wp-json\/wp\/v2\/product\/10078","targetHints":{"allow":["GET"]}}],"collection":[{"href":"https:\/\/glossar.travel\/ru\/wp-json\/wp\/v2\/product"}],"about":[{"href":"https:\/\/glossar.travel\/ru\/wp-json\/wp\/v2\/types\/product"}],"version-history":[{"count":1,"href":"https:\/\/glossar.travel\/ru\/wp-json\/wp\/v2\/product\/10078\/revisions"}],"predecessor-version":[{"id":10115,"href":"https:\/\/glossar.travel\/ru\/wp-json\/wp\/v2\/product\/10078\/revisions\/10115"}],"wp:featuredmedia":[{"embeddable":true,"href":"https:\/\/glossar.travel\/ru\/wp-json\/wp\/v2\/media\/10088"}],"wp:attachment":[{"href":"https:\/\/glossar.travel\/ru\/wp-json\/wp\/v2\/media?parent=10078"}],"wp:term":[{"taxonomy":"product_brand","embeddable":true,"href":"https:\/\/glossar.travel\/ru\/wp-json\/wp\/v2\/product_brand?post=10078"},{"taxonomy":"product_cat","embeddable":true,"href":"https:\/\/glossar.travel\/ru\/wp-json\/wp\/v2\/product_cat?post=10078"},{"taxonomy":"product_tag","embeddable":true,"href":"https:\/\/glossar.travel\/ru\/wp-json\/wp\/v2\/product_tag?post=10078"}],"curies":[{"name":"wp","href":"https:\/\/api.w.org\/{rel}","templated":true}]}}