{"id":10012,"date":"2025-10-17T11:18:30","date_gmt":"2025-10-17T11:18:30","guid":{"rendered":"https:\/\/glossar.travel\/?post_type=product&#038;p=10012"},"modified":"2025-12-16T13:03:08","modified_gmt":"2025-12-16T13:03:08","slug":"doubletree-by-hilton-sharks-bay-mountain-side-4-egipt","status":"publish","type":"product","link":"https:\/\/glossar.travel\/ru\/product\/doubletree-by-hilton-sharks-bay-mountain-side-4-egipt\/","title":{"rendered":"Doubletree By Hilton Sharks Bay (Mountain Side) 4* \u0415\u0433\u0438\u043f\u0435\u0442"},"content":{"rendered":"<p>\u041e\u0442\u0435\u043b\u044c Doubletree By Hilton Sharks Bay \u0440\u0430\u0441\u043f\u043e\u043b\u043e\u0436\u0435\u043d \u0432 \u0436\u0438\u0432\u043e\u043f\u0438\u0441\u043d\u043e\u043c \u0440\u0430\u0439\u043e\u043d\u0435 \u0428\u0430\u0440\u043c-\u044d\u043b\u044c-\u0428\u0435\u0439\u0445\/\u0428\u0430\u0440\u043a\u0441-\u0411\u044d\u0439 \u0432 \u0440\u0430\u0439\u043e\u043d\u0435 \u0420\u0430\u0441-\u041d\u0430\u0441\u0440\u0430\u043d\u0438 \u0428\u0430\u0440\u043a\u0441-\u0411\u044d\u0439, \u043f\u0440\u043e\u0432\u0438\u043d\u0446\u0438\u044f \u042e\u0436\u043d\u044b\u0439 \u0421\u0438\u043d\u0430\u0439. \u041e\u043d \u0438\u0434\u0435\u0430\u043b\u044c\u043d\u043e \u043f\u043e\u0434\u0445\u043e\u0434\u0438\u0442 \u0434\u043b\u044f \u0441\u043f\u043e\u043a\u043e\u0439\u043d\u043e\u0433\u043e \u043e\u0442\u0434\u044b\u0445\u0430 \u0438 \u0437\u043d\u0430\u043a\u043e\u043c\u0441\u0442\u0432\u0430 \u0441 \u043c\u0435\u0441\u0442\u043d\u044b\u043c\u0438 \u0434\u043e\u0441\u0442\u043e\u043f\u0440\u0438\u043c\u0435\u0447\u0430\u0442\u0435\u043b\u044c\u043d\u043e\u0441\u0442\u044f\u043c\u0438.<\/p>\n<p>\u041e\u0442\u0435\u043b\u044c \u0440\u0430\u0441\u043f\u043e\u043b\u0430\u0433\u0430\u0435\u0442 \u044d\u043b\u0435\u0433\u0430\u043d\u0442\u043d\u044b\u043c\u0438 \u0438 \u043a\u043e\u043c\u0444\u043e\u0440\u0442\u0430\u0431\u0435\u043b\u044c\u043d\u044b\u043c\u0438 \u043d\u043e\u043c\u0435\u0440\u0430\u043c\u0438, \u043e\u0441\u043d\u0430\u0449\u0435\u043d\u043d\u044b\u043c\u0438 \u0432\u0441\u0435\u043c\u0438 \u0441\u043e\u0432\u0440\u0435\u043c\u0435\u043d\u043d\u044b\u043c\u0438 \u0443\u0434\u043e\u0431\u0441\u0442\u0432\u0430\u043c\u0438, \u0432\u043a\u043b\u044e\u0447\u0430\u044f \u043a\u043e\u043d\u0434\u0438\u0446\u0438\u043e\u043d\u0435\u0440, \u0442\u0435\u043b\u0435\u0432\u0438\u0437\u043e\u0440 \u0441 \u043f\u043b\u043e\u0441\u043a\u0438\u043c \u044d\u043a\u0440\u0430\u043d\u043e\u043c, \u043c\u0438\u043d\u0438-\u0431\u0430\u0440 \u0438 \u0441\u043e\u0431\u0441\u0442\u0432\u0435\u043d\u043d\u044b\u0439 \u0431\u0430\u043b\u043a\u043e\u043d \u0441 \u0432\u0438\u0434\u043e\u043c \u043d\u0430 \u041a\u0440\u0430\u0441\u043d\u043e\u0435 \u043c\u043e\u0440\u0435 \u0438\u043b\u0438 \u0442\u0440\u043e\u043f\u0438\u0447\u0435\u0441\u043a\u0438\u0435 \u0441\u0430\u0434\u044b.<\/p>\n<p>\u0413\u043e\u0441\u0442\u0438 \u043c\u043e\u0433\u0443\u0442 \u043e\u0442\u0434\u043e\u0445\u043d\u0443\u0442\u044c \u0443 \u0431\u0430\u0441\u0441\u0435\u0439\u043d\u0430 \u0438\u043b\u0438 \u043d\u0430 \u0447\u0430\u0441\u0442\u043d\u043e\u043c \u043f\u043b\u044f\u0436\u0435 \u043e\u0442\u0435\u043b\u044f, \u0433\u0434\u0435 \u043f\u0440\u0435\u0434\u043b\u0430\u0433\u0430\u044e\u0442\u0441\u044f \u0440\u0430\u0437\u043d\u043e\u043e\u0431\u0440\u0430\u0437\u043d\u044b\u0435 \u0432\u043e\u0434\u043d\u044b\u0435 \u0432\u0438\u0434\u044b \u0441\u043f\u043e\u0440\u0442\u0430 \u0438 \u0440\u0430\u0437\u0432\u043b\u0435\u0447\u0435\u043d\u0438\u044f. \u041a \u0443\u0441\u043b\u0443\u0433\u0430\u043c \u0433\u043e\u0441\u0442\u0435\u0439 \u0442\u0430\u043a\u0436\u0435 \u0444\u0438\u0442\u043d\u0435\u0441-\u0446\u0435\u043d\u0442\u0440, \u0442\u0435\u043d\u043d\u0438\u0441\u043d\u044b\u0439 \u043a\u043e\u0440\u0442 \u0438 \u043f\u0440\u043e\u043a\u0430\u0442 \u0432\u0435\u043b\u043e\u0441\u0438\u043f\u0435\u0434\u043e\u0432.<\/p>\n<p>\u0412 \u043e\u0442\u0435\u043b\u0435 \u0442\u0430\u043a\u0436\u0435 \u0435\u0441\u0442\u044c \u043d\u0435\u0441\u043a\u043e\u043b\u044c\u043a\u043e \u0440\u0435\u0441\u0442\u043e\u0440\u0430\u043d\u043e\u0432, \u0432\u043a\u043b\u044e\u0447\u0430\u044f \u0433\u043b\u0430\u0432\u043d\u044b\u0439 \u0440\u0435\u0441\u0442\u043e\u0440\u0430\u043d \u0438\u043d\u0442\u0435\u0440\u043d\u0430\u0446\u0438\u043e\u043d\u0430\u043b\u044c\u043d\u043e\u0439 \u043a\u0443\u0445\u043d\u0438, \u0438\u0442\u0430\u043b\u044c\u044f\u043d\u0441\u043a\u0438\u0439 \u0440\u0435\u0441\u0442\u043e\u0440\u0430\u043d \u0438 \u043a\u0430\u0444\u0435 \u0431\u044b\u0441\u0442\u0440\u043e\u0433\u043e \u043f\u0438\u0442\u0430\u043d\u0438\u044f. \u0413\u043e\u0441\u0442\u0438 \u043c\u043e\u0433\u0443\u0442 \u0437\u0430\u043a\u0430\u0437\u0430\u0442\u044c \u043f\u0440\u043e\u0445\u043b\u0430\u0434\u0438\u0442\u0435\u043b\u044c\u043d\u044b\u0435 \u043d\u0430\u043f\u0438\u0442\u043a\u0438 \u0432 \u0434\u0432\u0443\u0445 \u0431\u043b\u0438\u0437\u043b\u0435\u0436\u0430\u0449\u0438\u0445 \u0431\u0430\u0440\u0430\u0445.<\/p>\n<p>\u041e\u0442\u0435\u043b\u044c Doubletree By Hilton Sharks Bay, \u0440\u0430\u0441\u043f\u043e\u043b\u043e\u0436\u0435\u043d\u043d\u044b\u0439 \u0432 \u0438\u0434\u0435\u0430\u043b\u044c\u043d\u043e\u043c \u043c\u0435\u0441\u0442\u0435 \u0434\u043b\u044f \u0437\u0430\u043d\u044f\u0442\u0438\u0439 \u0434\u0430\u0439\u0432\u0438\u043d\u0433\u043e\u043c, \u0441\u043d\u043e\u0440\u043a\u0435\u043b\u0438\u043d\u0433\u043e\u043c \u0438 \u0434\u0440\u0443\u0433\u0438\u043c\u0438 \u043f\u043e\u0434\u0432\u043e\u0434\u043d\u044b\u043c\u0438 \u0432\u0438\u0434\u0430\u043c\u0438 \u0441\u043f\u043e\u0440\u0442\u0430, \u043f\u0440\u0435\u0434\u043b\u0430\u0433\u0430\u0435\u0442 \u0443\u043d\u0438\u043a\u0430\u043b\u044c\u043d\u044b\u0435 \u0432\u043e\u0437\u043c\u043e\u0436\u043d\u043e\u0441\u0442\u0438 \u0434\u043b\u044f \u0438\u0441\u0441\u043b\u0435\u0434\u043e\u0432\u0430\u043d\u0438\u044f \u043a\u043e\u0440\u0430\u043b\u043b\u043e\u0432\u044b\u0445 \u0440\u0438\u0444\u043e\u0432 \u0438 \u043d\u0435\u0432\u0435\u0440\u043e\u044f\u0442\u043d\u043e\u0439 \u043c\u043e\u0440\u0441\u043a\u043e\u0439 \u0436\u0438\u0437\u043d\u0438 \u041a\u0440\u0430\u0441\u043d\u043e\u0433\u043e \u043c\u043e\u0440\u044f.<\/p>\n<p>\u042d\u0442\u043e \u0438\u0434\u0435\u0430\u043b\u044c\u043d\u043e\u0435 \u043c\u0435\u0441\u0442\u043e \u0434\u043b\u044f \u0441\u043f\u043e\u043a\u043e\u0439\u043d\u043e\u0433\u043e \u0438 \u043f\u043e\u043b\u043d\u043e\u0433\u043e \u043f\u0440\u0438\u043a\u043b\u044e\u0447\u0435\u043d\u0438\u0439 \u043e\u0442\u043f\u0443\u0441\u043a\u0430 \u043d\u0430 \u043e\u0436\u0438\u0432\u043b\u0435\u043d\u043d\u043e\u043c \u0438 \u044f\u0440\u043a\u043e\u043c \u043a\u0443\u0440\u043e\u0440\u0442\u0435 \u0428\u0430\u0440\u043c-\u044d\u043b\u044c-\u0428\u0435\u0439\u0445.<\/p>\n<p>\u0423\u0434\u043e\u0431\u043d\u043e\u0435 \u0440\u0430\u0441\u043f\u043e\u043b\u043e\u0436\u0435\u043d\u0438\u0435 \u043e\u0442\u0435\u043b\u044f Doubletree By Hilton Sharks Bay \u043f\u0440\u0435\u0434\u043e\u0441\u0442\u0430\u0432\u043b\u044f\u0435\u0442 \u043f\u0440\u0435\u043a\u0440\u0430\u0441\u043d\u044b\u0435 \u0432\u043e\u0437\u043c\u043e\u0436\u043d\u043e\u0441\u0442\u0438 \u0434\u043b\u044f \u0438\u0437\u0443\u0447\u0435\u043d\u0438\u044f \u0431\u043b\u0438\u0437\u043b\u0435\u0436\u0430\u0449\u0438\u0445 \u0434\u043e\u0441\u0442\u043e\u043f\u0440\u0438\u043c\u0435\u0447\u0430\u0442\u0435\u043b\u044c\u043d\u043e\u0441\u0442\u0435\u0439, \u0442\u0430\u043a\u0438\u0445 \u043a\u0430\u043a \u043d\u0430\u0446\u0438\u043e\u043d\u0430\u043b\u044c\u043d\u044b\u0439 \u043f\u0430\u0440\u043a \u0420\u0430\u0441-\u041c\u0443\u0445\u0430\u043c\u043c\u0435\u0434, \u043e\u0441\u0442\u0440\u043e\u0432 \u0422\u0438\u0440\u0430\u043d \u0438 \u041a\u0440\u0430\u0441\u043d\u043e\u0435 \u043c\u043e\u0440\u0435, \u043a\u043e\u0442\u043e\u0440\u044b\u0435 \u043d\u0430\u0445\u043e\u0434\u044f\u0442\u0441\u044f \u0432 \u043d\u0435\u0441\u043a\u043e\u043b\u044c\u043a\u0438\u0445 \u043c\u0438\u043d\u0443\u0442\u0430\u0445 \u0435\u0437\u0434\u044b.<\/p>","protected":false},"excerpt":{"rendered":"<p>Hotelul Doubletree By Hilton Sharks Bay este situat \u00eentr-o zon\u0103 pitoreasc\u0103 din Egipt, \u00een Sharm El Sheikh \/ Sharks Bay, \u00een Ra&#8217;s Nasrani Sharks Bay, South Sinai Governorate. Este o alegere perfect\u0103 pentru o vacan\u021b\u0103 relaxant\u0103 \u0219i pentru a explora atrac\u021biile locale. Hotelul are camere elegante \u0219i confortabile, dotate cu toate facilit\u0103\u021bile moderne, inclusiv aer [&hellip;]<\/p>\n","protected":false},"featured_media":10015,"template":"","meta":[],"product_brand":[],"product_cat":[28],"product_tag":[],"class_list":{"0":"post-10012","1":"product","2":"type-product","3":"status-publish","4":"has-post-thumbnail","6":"brw_countries-egipt","7":"brw_destinatie-mare","8":"product_cat-family","10":"first","11":"instock","12":"sale","13":"shipping-taxable","14":"purchasable","15":"product-type-ovabrw_car_rental"},"_links":{"self":[{"href":"https:\/\/glossar.travel\/ru\/wp-json\/wp\/v2\/product\/10012","targetHints":{"allow":["GET"]}}],"collection":[{"href":"https:\/\/glossar.travel\/ru\/wp-json\/wp\/v2\/product"}],"about":[{"href":"https:\/\/glossar.travel\/ru\/wp-json\/wp\/v2\/types\/product"}],"version-history":[{"count":1,"href":"https:\/\/glossar.travel\/ru\/wp-json\/wp\/v2\/product\/10012\/revisions"}],"predecessor-version":[{"id":10020,"href":"https:\/\/glossar.travel\/ru\/wp-json\/wp\/v2\/product\/10012\/revisions\/10020"}],"wp:featuredmedia":[{"embeddable":true,"href":"https:\/\/glossar.travel\/ru\/wp-json\/wp\/v2\/media\/10015"}],"wp:attachment":[{"href":"https:\/\/glossar.travel\/ru\/wp-json\/wp\/v2\/media?parent=10012"}],"wp:term":[{"taxonomy":"product_brand","embeddable":true,"href":"https:\/\/glossar.travel\/ru\/wp-json\/wp\/v2\/product_brand?post=10012"},{"taxonomy":"product_cat","embeddable":true,"href":"https:\/\/glossar.travel\/ru\/wp-json\/wp\/v2\/product_cat?post=10012"},{"taxonomy":"product_tag","embeddable":true,"href":"https:\/\/glossar.travel\/ru\/wp-json\/wp\/v2\/product_tag?post=10012"}],"curies":[{"name":"wp","href":"https:\/\/api.w.org\/{rel}","templated":true}]}}