{"id":11556,"date":"2026-01-29T13:15:11","date_gmt":"2026-01-29T13:15:11","guid":{"rendered":"https:\/\/glossar.travel\/?post_type=product&#038;p=11556"},"modified":"2026-01-29T13:15:11","modified_gmt":"2026-01-29T13:15:11","slug":"kuda-villingili-resort-maldives-5","status":"publish","type":"product","link":"https:\/\/glossar.travel\/en\/product\/kuda-villingili-resort-maldives-5\/","title":{"rendered":"Kuda Villingili Resort Maldives 5*"},"content":{"rendered":"<h5 style=\"text-align: left\" data-start=\"108\" data-end=\"384\"><strong>Kuda Villingili Resort Maldives este un resort de lux pe o insul\u0103 privat\u0103 situat\u0103 \u00een North Mal\u00e9 Atoll, \u00een Maldive \u2014 o destina\u021bie renumit\u0103 pentru plajele spectaculoase, lagunele cristaline \u0219i ospitalitatea tropical\u0103 de \u00eenalt nivel.<\/strong><\/h5>\n<h5 style=\"text-align: left\" data-start=\"108\" data-end=\"384\"><strong>\ud83d\udccd Loca\u021bie &amp; Acces:\u00a0 \u00a0 \u00a0 \u00a0 \u00a0 \u00a0 \u00a0 \u00a0 \u00a0 \u00a0 \u00a0 \u00a0 \u00a0 \u00a0 \u00a0 \u00a0 \u00a0 \u00a0 \u00a0 \u00a0 \u00a0 \u00a0 \u00a0 \u00a0 \u00a0 \u00a0 \u00a0 \u00a0 \u00a0 \u00a0 \u00a0 \u00a0 \u00a0 \u00a0 \u00a0 \u00a0 \u00a0 \u00a0 \u00a0 \u00a0 \u00a0 \u00a0 \u00a0 \u00a0 \u00a0 \u00a0 \u00a0 \u00a0 \u00a0 \u00a0 \u00a0 \u00a0 \u00a0 \u00a0 \u00a0 \u00a0 \u00a0 \u00a0 \u00a0 \u00a0 \u00a0 \u00a0 \u00a0 \u00a0 \u00a0 \u00a0 \u00a0 \u00a0 \u00a0 \u00a0 \u00a0 \u00a0 \u00a0 \u00a0 \u00a0 \u00a0 \u00a0 \u00a0 \u00a0 \u00a0 \u00a0 \u00a0 \u00a0 \u00a0 \u00a0 \u00a0 \u00a0 \u00a0 \u00a0 \u00a0 \u00a0 \u00a0 \u00a0 \u00a0 \u00a0 \u00a0 \u00a0 \u00a0 \u00a0 \u00a0 \u00a0 \u00a0 \u00a0 \u00a0 \u00a0 \u00a0 \u00a0 \u00a0 \u00a0 \u00a0 \u00a0 \u00a0 \u00a0 \u00a0 \u00a0 \u00a0 \u00a0 \u00a0 \u00a0 \u00a0 \u00a0 \u00a0 \u00a0 \u00a0 &#8211; <\/strong><strong>Resortul se afl\u0103 \u00een atollul North Mal\u00e9, la aproximativ 30 de minute cu barca rapid\u0103 de Aeroportul Interna\u021bional Velana (MLE).\u00a0 \u00a0 \u00a0 \u00a0 \u00a0 \u00a0 \u00a0 \u00a0 \u00a0 \u00a0 \u00a0 \u00a0 \u00a0 \u00a0 \u00a0 \u00a0 &#8211; <\/strong><strong>Insula este accesibil\u0103 exclusiv pentru oaspe\u021bi, iar transferurile sunt organizate de hotel (gratuit pentru sejururi de 3 nop\u021bi sau mai mult, \u00een majoritatea ofertelor).<\/strong><\/h5>\n<hr data-start=\"800\" data-end=\"803\" \/>\n<h5 style=\"text-align: left\" data-start=\"805\" data-end=\"837\"><strong>\ud83c\udfdd\ufe0f Cazare \u2013 Ville &amp; Suite<\/strong><\/h5>\n<h5 style=\"text-align: left\" data-start=\"838\" data-end=\"916\"><strong>Resortul ofer\u0103 aproximativ 75 de unit\u0103\u021bi de cazare moderne \u0219i spa\u021bioase:<\/strong><\/h5>\n<ul style=\"text-align: left\" data-start=\"917\" data-end=\"1425\">\n<li data-start=\"917\" data-end=\"1031\">\n<h5 data-start=\"919\" data-end=\"1031\"><strong>Vile pe plaj\u0103 cu piscin\u0103 privat\u0103 \u2013 ideale pentru cupluri \u0219i familii.<\/strong><\/h5>\n<\/li>\n<li data-start=\"1032\" data-end=\"1149\">\n<h5 data-start=\"1034\" data-end=\"1149\"><strong>Vile peste ap\u0103 cu piscin\u0103 privat\u0103 \u2013 trezire cu vedere direct\u0103 la ocean.<\/strong><\/h5>\n<\/li>\n<li data-start=\"1150\" data-end=\"1425\">\n<h5 data-start=\"1152\" data-end=\"1425\"><strong>Re\u0219edin\u021be de familie \u2013 p\u00e2n\u0103 la 3\u20134 dormitoare, potrivite pentru grupuri \u0219i familii mari. <\/strong><br data-start=\"1282\" data-end=\"1285\" \/><strong>Camerele combin\u0103 designul contemporan cu elemente locale \u0219i ferestre panoramice spre mare sau gr\u0103din\u0103.<\/strong><\/h5>\n<\/li>\n<\/ul>\n<hr data-start=\"1427\" data-end=\"1430\" \/>\n<h5 style=\"text-align: left\" data-start=\"1432\" data-end=\"1462\"><strong>\ud83c\udf7d\ufe0f Gastronomie &amp; Baruri<\/strong><\/h5>\n<h5 style=\"text-align: left\" data-start=\"1463\" data-end=\"1549\"><strong>Resortul ofer\u0103 o experien\u021b\u0103 culinar\u0103 divers\u0103 cu mai multe restaurante \u0219i baruri:<\/strong><\/h5>\n<ul style=\"text-align: left\" data-start=\"1550\" data-end=\"1976\">\n<li data-start=\"1550\" data-end=\"1737\">\n<h5 data-start=\"1552\" data-end=\"1737\"><strong>7 restaurante cu buc\u0103t\u0103rii interna\u021bionale \u2014 inclusiv Nikkei (japonez-peruvian), italian-mediteranean, thailandez-chinez \u0219i Indian-arabic.<\/strong><\/h5>\n<\/li>\n<li data-start=\"1738\" data-end=\"1851\">\n<h5 data-start=\"1740\" data-end=\"1851\"><strong>3 baruri, inclusiv un lounge dedicat whisky-ului \u0219i trabucurilor.<\/strong><\/h5>\n<\/li>\n<li data-start=\"1852\" data-end=\"1976\">\n<h5 data-start=\"1854\" data-end=\"1976\"><strong>Op\u021biuni speciale precum dineuri romantice pe plaj\u0103 sau cine private l\u00e2ng\u0103 piscin\u0103.<\/strong><\/h5>\n<\/li>\n<\/ul>\n<hr data-start=\"1978\" data-end=\"1981\" \/>\n<h5 style=\"text-align: left\" data-start=\"1983\" data-end=\"2018\"><strong>\ud83c\udfca\u200d\u2642\ufe0f Facilit\u0103\u021bi &amp; Activit\u0103\u021bi<\/strong><\/h5>\n<ul style=\"text-align: left\" data-start=\"2019\" data-end=\"2679\">\n<li data-start=\"2019\" data-end=\"2167\">\n<h5 data-start=\"2021\" data-end=\"2167\"><strong>Piscina principal\u0103 de 150 m \u2014 una dintre cele mai lungi din Maldive, cu jacuzzi \u0219i zone de relaxare.<\/strong><\/h5>\n<\/li>\n<li data-start=\"2168\" data-end=\"2267\">\n<h5 data-start=\"2170\" data-end=\"2267\"><strong>Plaj\u0103 privat\u0103 \u0219i lagun\u0103 perfect\u0103 pentru snorkeling.<\/strong><\/h5>\n<\/li>\n<li data-start=\"2268\" data-end=\"2443\">\n<h5 data-start=\"2270\" data-end=\"2443\"><strong>Sporturi \u0219i recreere: surf la surf-spotul faimos Chickens\u2019 Break, tenis, padel, voleibol\u0103, futsal, caiac, SUP \u0219i dive center.<\/strong><\/h5>\n<\/li>\n<li data-start=\"2444\" data-end=\"2568\">\n<h5 data-start=\"2446\" data-end=\"2568\"><strong>Wellness \u0219i spa: pavilioane de tratament, yoga, piscin\u0103 cu zon\u0103 de relaxare.<\/strong><\/h5>\n<\/li>\n<li data-start=\"2569\" data-end=\"2679\">\n<h5 data-start=\"2571\" data-end=\"2679\"><strong>Club pentru copii, activit\u0103\u021bi \u0219i divertisment pentru toate v\u00e2rstele.<\/strong><\/h5>\n<\/li>\n<\/ul>\n<hr data-start=\"2681\" data-end=\"2684\" \/>\n<h5 style=\"text-align: left\" data-start=\"2686\" data-end=\"2715\"><strong>\u2b50 Experien\u021ba oaspe\u021bilor<\/strong><\/h5>\n<h5 style=\"text-align: left\" data-start=\"2716\" data-end=\"2752\"><strong>Recenziile general vorbesc despre:<\/strong><\/h5>\n<ul style=\"text-align: left\" data-start=\"2753\" data-end=\"3113\">\n<li data-start=\"2753\" data-end=\"2842\">\n<h5 data-start=\"2755\" data-end=\"2842\"><strong>Serviciu excelent \u0219i ospitalitate de top.<\/strong><\/h5>\n<\/li>\n<li data-start=\"2843\" data-end=\"2983\">\n<h5 data-start=\"2845\" data-end=\"2983\"><strong>Vile spa\u021bioase \u0219i confort deosebit, potrivite pentru cupluri, familii \u0219i cu ocazii speciale.<\/strong><\/h5>\n<\/li>\n<li data-start=\"2984\" data-end=\"3113\">\n<h5 data-start=\"2986\" data-end=\"3113\"><strong>Diversitatea buc\u0103t\u0103riilor \u0219i calitatea gastronomiei sunt apreciate de mul\u021bi vizitatori.<\/strong><\/h5>\n<\/li>\n<\/ul>\n<hr data-start=\"3115\" data-end=\"3118\" \/>\n<h5 style=\"text-align: left\" data-start=\"3120\" data-end=\"3147\"><strong>\ud83d\udca1 Alte detalii utile<\/strong><\/h5>\n<ul data-start=\"3148\" data-end=\"3636\">\n<li style=\"text-align: left\" data-start=\"3148\" data-end=\"3334\">\n<h5 data-start=\"3150\" data-end=\"3334\"><strong>Multe oferte includ transfer de la\/la aeroport pentru sejururi de minim 3 nop\u021bi; pentru sejururi mai scurte poate exista cost suplimentar.<\/strong><\/h5>\n<\/li>\n<li style=\"text-align: left\" data-start=\"3335\" data-end=\"3493\">\n<h5 data-start=\"3337\" data-end=\"3493\"><strong>Se practic\u0103 politica de Green Tax (tax\u0103 turistic\u0103 local\u0103) pe noapte, neincluse de obicei \u00een tariful de cazare.<\/strong><\/h5>\n<\/li>\n<li data-start=\"3494\" data-end=\"3636\">\n<h5 style=\"text-align: left\" data-start=\"3496\" data-end=\"3636\"><strong>Resortul este potrivit at\u00e2t pentru vacan\u021be romantice, c\u00e2t \u0219i pentru familii sau grupuri de prieteni.<\/strong><\/h5>\n<\/li>\n<\/ul>","protected":false},"excerpt":{"rendered":"<p>Kuda Villingili Resort Maldives este un resort de lux pe o insul\u0103 privat\u0103 situat\u0103 \u00een North Mal\u00e9 Atoll, \u00een Maldive \u2014 o destina\u021bie renumit\u0103 pentru plajele spectaculoase, lagunele cristaline \u0219i ospitalitatea tropical\u0103 de \u00eenalt nivel. \ud83d\udccd Loca\u021bie &amp; Acces:\u00a0 \u00a0 \u00a0 \u00a0 \u00a0 \u00a0 \u00a0 \u00a0 \u00a0 \u00a0 \u00a0 \u00a0 \u00a0 \u00a0 \u00a0 \u00a0 \u00a0 [&hellip;]<\/p>\n","protected":false},"featured_media":11567,"template":"","meta":[],"product_brand":[],"product_cat":[28],"product_tag":[],"class_list":{"0":"post-11556","1":"product","2":"type-product","3":"status-publish","4":"has-post-thumbnail","6":"brw_countries-maldive","7":"brw_destinatie-insule","8":"product_cat-family","10":"first","11":"instock","12":"shipping-taxable","13":"purchasable","14":"product-type-ovabrw_car_rental"},"_links":{"self":[{"href":"https:\/\/glossar.travel\/en\/wp-json\/wp\/v2\/product\/11556","targetHints":{"allow":["GET"]}}],"collection":[{"href":"https:\/\/glossar.travel\/en\/wp-json\/wp\/v2\/product"}],"about":[{"href":"https:\/\/glossar.travel\/en\/wp-json\/wp\/v2\/types\/product"}],"version-history":[{"count":2,"href":"https:\/\/glossar.travel\/en\/wp-json\/wp\/v2\/product\/11556\/revisions"}],"predecessor-version":[{"id":11574,"href":"https:\/\/glossar.travel\/en\/wp-json\/wp\/v2\/product\/11556\/revisions\/11574"}],"wp:featuredmedia":[{"embeddable":true,"href":"https:\/\/glossar.travel\/en\/wp-json\/wp\/v2\/media\/11567"}],"wp:attachment":[{"href":"https:\/\/glossar.travel\/en\/wp-json\/wp\/v2\/media?parent=11556"}],"wp:term":[{"taxonomy":"product_brand","embeddable":true,"href":"https:\/\/glossar.travel\/en\/wp-json\/wp\/v2\/product_brand?post=11556"},{"taxonomy":"product_cat","embeddable":true,"href":"https:\/\/glossar.travel\/en\/wp-json\/wp\/v2\/product_cat?post=11556"},{"taxonomy":"product_tag","embeddable":true,"href":"https:\/\/glossar.travel\/en\/wp-json\/wp\/v2\/product_tag?post=11556"}],"curies":[{"name":"wp","href":"https:\/\/api.w.org\/{rel}","templated":true}]}}