{"id":11538,"date":"2026-01-29T10:32:39","date_gmt":"2026-01-29T10:32:39","guid":{"rendered":"https:\/\/glossar.travel\/?post_type=product&#038;p=11538"},"modified":"2026-01-29T10:32:39","modified_gmt":"2026-01-29T10:32:39","slug":"so-maldives-5","status":"publish","type":"product","link":"https:\/\/glossar.travel\/en\/product\/so-maldives-5\/","title":{"rendered":"SO\/ Maldives 5*"},"content":{"rendered":"<p>SO\/ Maldives se afl\u0103 pe malul m\u0103rii \u00een South Mal\u00e9 Atoll \u0219i ofer\u0103 cazare de 5 stele, o gr\u0103din\u0103, o zon\u0103 de plaj\u0103 privat\u0103 \u0219i un lounge comun. Printre facilit\u0103\u021bile disponibile la aceast\u0103 proprietate se num\u0103r\u0103 room-service \u0219i un serviciu de concierge, precum \u0219i WiFi gratuit \u00een \u00eentreaga proprietate. Acest complex ofer\u0103 o piscin\u0103 \u00een aer liber, un centru de fitness, divertisment de sear\u0103 \u0219i un club pentru copii. Acest complex pune la dispozi\u021bie camere care includ aer condi\u021bionat, un birou, o cafetier\u0103, un minibar, o cutie de valori, un televizor cu ecran plat, o teras\u0103 \u0219i o baie proprie cu bideu. Baia proprie ofer\u0103 un du\u0219, articole de toalet\u0103 gratuite \u0219i un usc\u0103tor de p\u0103r. La SO\/ Maldives, fiecare camer\u0103 include lenjerie de pat \u0219i prosoape. La proprietate pute\u021bi savura un mic dejun tip bufet, continental sau englezesc\/irlandez complet. SO\/ Maldives are un restaurant care serve\u0219te m\u00e2nc\u0103ruri din buc\u0103t\u0103ria indian\u0103, indonezian\u0103 \u0219i mediteranean\u0103. La cerere, sunt disponibile \u0219i preparate vegetariene, halal \u0219i vegane. Acest complex ofer\u0103 o gam\u0103 larg\u0103 de facilit\u0103\u021bi de wellness, printre care o saun\u0103 \u0219i o cad\u0103 cu hidromasaj. \u00cen South Mal\u00e9 Atoll \u0219i \u00een \u00eemprejurimi, oaspe\u021bii caza\u021bi la SO\/ Maldives pot desf\u0103\u0219ura diverse activit\u0103\u021bi, printre care ciclism. Personalul de la recep\u021bie, vorbitor de arab\u0103, danez\u0103, german\u0103 \u0219i englez\u0103 britanic\u0103, v\u0103 st\u0103 la dispozi\u021bie la orice or\u0103 pentru a v\u0103 oferi informa\u021bii.<\/p>","protected":false},"excerpt":{"rendered":"<p>SO\/ Maldives se afl\u0103 pe malul m\u0103rii \u00een South Mal\u00e9 Atoll \u0219i ofer\u0103 cazare de 5 stele, o gr\u0103din\u0103, o zon\u0103 de plaj\u0103 privat\u0103 \u0219i un lounge comun. Printre facilit\u0103\u021bile disponibile la aceast\u0103 proprietate se num\u0103r\u0103 room-service \u0219i un serviciu de concierge, precum \u0219i WiFi gratuit \u00een \u00eentreaga proprietate. Acest complex ofer\u0103 o piscin\u0103 \u00een [&hellip;]<\/p>\n","protected":false},"featured_media":11544,"template":"","meta":[],"product_brand":[],"product_cat":[28],"product_tag":[],"class_list":{"0":"post-11538","1":"product","2":"type-product","3":"status-publish","4":"has-post-thumbnail","6":"brw_countries-maldive","7":"brw_destinatie-insule","8":"product_cat-family","10":"first","11":"instock","12":"shipping-taxable","13":"purchasable","14":"product-type-ovabrw_car_rental"},"_links":{"self":[{"href":"https:\/\/glossar.travel\/en\/wp-json\/wp\/v2\/product\/11538","targetHints":{"allow":["GET"]}}],"collection":[{"href":"https:\/\/glossar.travel\/en\/wp-json\/wp\/v2\/product"}],"about":[{"href":"https:\/\/glossar.travel\/en\/wp-json\/wp\/v2\/types\/product"}],"version-history":[{"count":1,"href":"https:\/\/glossar.travel\/en\/wp-json\/wp\/v2\/product\/11538\/revisions"}],"predecessor-version":[{"id":11545,"href":"https:\/\/glossar.travel\/en\/wp-json\/wp\/v2\/product\/11538\/revisions\/11545"}],"wp:featuredmedia":[{"embeddable":true,"href":"https:\/\/glossar.travel\/en\/wp-json\/wp\/v2\/media\/11544"}],"wp:attachment":[{"href":"https:\/\/glossar.travel\/en\/wp-json\/wp\/v2\/media?parent=11538"}],"wp:term":[{"taxonomy":"product_brand","embeddable":true,"href":"https:\/\/glossar.travel\/en\/wp-json\/wp\/v2\/product_brand?post=11538"},{"taxonomy":"product_cat","embeddable":true,"href":"https:\/\/glossar.travel\/en\/wp-json\/wp\/v2\/product_cat?post=11538"},{"taxonomy":"product_tag","embeddable":true,"href":"https:\/\/glossar.travel\/en\/wp-json\/wp\/v2\/product_tag?post=11538"}],"curies":[{"name":"wp","href":"https:\/\/api.w.org\/{rel}","templated":true}]}}