{"id":11503,"date":"2026-01-29T09:29:46","date_gmt":"2026-01-29T09:29:46","guid":{"rendered":"https:\/\/glossar.travel\/?post_type=product&#038;p=11503"},"modified":"2026-01-29T09:29:46","modified_gmt":"2026-01-29T09:29:46","slug":"velassaru-maldives-5","status":"publish","type":"product","link":"https:\/\/glossar.travel\/en\/product\/velassaru-maldives-5\/","title":{"rendered":"Velassaru Maldives 5*"},"content":{"rendered":"<p>Un resort de lux situat \u00een atolul Male Sud din Maldive. Resortul se m\u00e2ndre\u0219te cu plaje uimitoare cu nisip alb, ap\u0103 cristalin\u0103 \u0219i vegeta\u021bie tropical\u0103 luxuriant\u0103. Ofer\u0103 diferite tipuri de cazare: de la vile luxoase pe ap\u0103 la suite cu vedere la plaj\u0103, toate cu un design modern \u0219i facilit\u0103\u021bi. Sta\u021biunea ofer\u0103 oaspe\u021bilor o gam\u0103 larg\u0103 de activit\u0103\u021bi de agrement, inclusiv snorkeling, scufund\u0103ri, sporturi nautice \u0219i jocuri pe plaj\u0103. De asemenea, sta\u021biunea dispune de un centru spa, un centru de fitness, o piscin\u0103 \u00een aer liber, o gam\u0103 larg\u0103 de restaurante, precum \u0219i baruri, ceea ce o face locul ideal pentru cupluri, familii sau c\u0103l\u0103tori individuali care caut\u0103 o vacan\u021b\u0103 luxoas\u0103 \u0219i lini\u0219tit\u0103 \u00een Maldive.<\/p>\n<p>&nbsp;<\/p>","protected":false},"excerpt":{"rendered":"<p>Un resort de lux situat \u00een atolul Male Sud din Maldive. Resortul se m\u00e2ndre\u0219te cu plaje uimitoare cu nisip alb, ap\u0103 cristalin\u0103 \u0219i vegeta\u021bie tropical\u0103 luxuriant\u0103. Ofer\u0103 diferite tipuri de cazare: de la vile luxoase pe ap\u0103 la suite cu vedere la plaj\u0103, toate cu un design modern \u0219i facilit\u0103\u021bi. Sta\u021biunea ofer\u0103 oaspe\u021bilor o gam\u0103 [&hellip;]<\/p>\n","protected":false},"featured_media":11509,"template":"","meta":[],"product_brand":[],"product_cat":[28],"product_tag":[],"class_list":{"0":"post-11503","1":"product","2":"type-product","3":"status-publish","4":"has-post-thumbnail","6":"brw_countries-maldive","7":"brw_destinatie-insule","8":"product_cat-family","10":"first","11":"instock","12":"shipping-taxable","13":"purchasable","14":"product-type-ovabrw_car_rental"},"_links":{"self":[{"href":"https:\/\/glossar.travel\/en\/wp-json\/wp\/v2\/product\/11503","targetHints":{"allow":["GET"]}}],"collection":[{"href":"https:\/\/glossar.travel\/en\/wp-json\/wp\/v2\/product"}],"about":[{"href":"https:\/\/glossar.travel\/en\/wp-json\/wp\/v2\/types\/product"}],"version-history":[{"count":1,"href":"https:\/\/glossar.travel\/en\/wp-json\/wp\/v2\/product\/11503\/revisions"}],"predecessor-version":[{"id":11511,"href":"https:\/\/glossar.travel\/en\/wp-json\/wp\/v2\/product\/11503\/revisions\/11511"}],"wp:featuredmedia":[{"embeddable":true,"href":"https:\/\/glossar.travel\/en\/wp-json\/wp\/v2\/media\/11509"}],"wp:attachment":[{"href":"https:\/\/glossar.travel\/en\/wp-json\/wp\/v2\/media?parent=11503"}],"wp:term":[{"taxonomy":"product_brand","embeddable":true,"href":"https:\/\/glossar.travel\/en\/wp-json\/wp\/v2\/product_brand?post=11503"},{"taxonomy":"product_cat","embeddable":true,"href":"https:\/\/glossar.travel\/en\/wp-json\/wp\/v2\/product_cat?post=11503"},{"taxonomy":"product_tag","embeddable":true,"href":"https:\/\/glossar.travel\/en\/wp-json\/wp\/v2\/product_tag?post=11503"}],"curies":[{"name":"wp","href":"https:\/\/api.w.org\/{rel}","templated":true}]}}