{"id":11144,"date":"2025-11-06T14:21:23","date_gmt":"2025-11-06T14:21:23","guid":{"rendered":"https:\/\/glossar.travel\/?post_type=product&#038;p=11144"},"modified":"2026-01-14T09:43:28","modified_gmt":"2026-01-14T09:43:28","slug":"melia-zanzibar-5-tanzania","status":"publish","type":"product","link":"https:\/\/glossar.travel\/en\/product\/melia-zanzibar-5-tanzania\/","title":{"rendered":"Melia Zanzibar 5* Tanzania"},"content":{"rendered":"<p>A versatile hotel built in 2005, owned by the Melia chain, with a high level of service, a large territory (40 acres), spacious rooms, there is where to go outside the territory. Five restaurants and four bars in different parts of the hotel, each with its own unique atmosphere and individual design, allowing you to change the environment depending on your mood. Among other things, here you can make your vacation active, because this hotel has its own tennis court, a gymnasium, a beach volleyball court and all the necessary equipment for surfing, diving and kayaking.<br \/>\nTHE LEVEL<br \/>\nThe hotel has designated a separate adults-only area, &quot;The LEVEL.&quot; It includes superior room categories that feature a separate reception, lounge, pool, and a separate beach area. THE LEVEL by Gabi Beach<\/p>","protected":false},"excerpt":{"rendered":"<p>Un hotel versatil construit \u00een 2005, de\u021binut de lan\u021bul Melia, cu un nivel ridicat de servicii, un teritoriu \u00eentins (40 de acri), camere spa\u021bioase, exist\u0103 unde s\u0103 mergi \u00een afara teritoriului. Cinci restaurante \u0219i patru baruri \u00een diferite p\u0103r\u021bi ale hotelului, fiecare cu propria sa atmosfer\u0103 unic\u0103 \u0219i design individual, permi\u021b\u00e2ndu-v\u0103 s\u0103 schimba\u021bi mediul \u00een [&hellip;]<\/p>\n","protected":false},"featured_media":11152,"template":"","meta":[],"product_brand":[],"product_cat":[28],"product_tag":[],"class_list":{"0":"post-11144","1":"product","2":"type-product","3":"status-publish","4":"has-post-thumbnail","6":"brw_countries-zanzibar","7":"brw_destinatie-insule","8":"product_cat-family","10":"first","11":"instock","12":"shipping-taxable","13":"purchasable","14":"product-type-ovabrw_car_rental"},"_links":{"self":[{"href":"https:\/\/glossar.travel\/en\/wp-json\/wp\/v2\/product\/11144","targetHints":{"allow":["GET"]}}],"collection":[{"href":"https:\/\/glossar.travel\/en\/wp-json\/wp\/v2\/product"}],"about":[{"href":"https:\/\/glossar.travel\/en\/wp-json\/wp\/v2\/types\/product"}],"version-history":[{"count":0,"href":"https:\/\/glossar.travel\/en\/wp-json\/wp\/v2\/product\/11144\/revisions"}],"wp:featuredmedia":[{"embeddable":true,"href":"https:\/\/glossar.travel\/en\/wp-json\/wp\/v2\/media\/11152"}],"wp:attachment":[{"href":"https:\/\/glossar.travel\/en\/wp-json\/wp\/v2\/media?parent=11144"}],"wp:term":[{"taxonomy":"product_brand","embeddable":true,"href":"https:\/\/glossar.travel\/en\/wp-json\/wp\/v2\/product_brand?post=11144"},{"taxonomy":"product_cat","embeddable":true,"href":"https:\/\/glossar.travel\/en\/wp-json\/wp\/v2\/product_cat?post=11144"},{"taxonomy":"product_tag","embeddable":true,"href":"https:\/\/glossar.travel\/en\/wp-json\/wp\/v2\/product_tag?post=11144"}],"curies":[{"name":"wp","href":"https:\/\/api.w.org\/{rel}","templated":true}]}}